{"id":850,"date":"2026-05-07T07:35:28","date_gmt":"2026-05-07T07:35:28","guid":{"rendered":"https:\/\/www.vesnahotelnhatrang.com\/?page_id=850"},"modified":"2026-05-07T07:42:06","modified_gmt":"2026-05-07T07:42:06","slug":"chinh-sach-bao-mat","status":"publish","type":"page","link":"https:\/\/www.vesnahotelnhatrang.com\/vi\/chinh-sach-bao-mat\/","title":{"rendered":"Ch\u00ednh s\u00e1ch b\u1ea3o m\u1eadt"},"content":{"rendered":"<section class=\"text-token-text-primary w-full focus:outline-none [--shadow-height:45px] has-data-writing-block:pointer-events-none has-data-writing-block:-mt-(--shadow-height) has-data-writing-block:pt-(--shadow-height) [&amp;:has([data-writing-block])&gt;*]:pointer-events-auto [content-visibility:auto] supports-[content-visibility:auto]:[contain-intrinsic-size:auto_100lvh] R6Vx5W_threadScrollVars scroll-mb-[calc(var(--scroll-root-safe-area-inset-bottom,0px)+var(--thread-response-height))] scroll-mt-[calc(var(--header-height)+min(200px,max(70px,20svh)))]\" dir=\"auto\" data-turn-id=\"request-WEB:b3845a22-9f5f-4a6d-8da2-212e67124d12-8\" data-testid=\"conversation-turn-18\" data-scroll-anchor=\"false\" data-turn=\"assistant\">\n<div class=\"text-base my-auto mx-auto pb-10 [--thread-content-margin:var(--thread-content-margin-xs,calc(var(--spacing)*4))] @w-sm\/main:[--thread-content-margin:var(--thread-content-margin-sm,calc(var(--spacing)*6))] @w-lg\/main:[--thread-content-margin:var(--thread-content-margin-lg,calc(var(--spacing)*16))] px-(--thread-content-margin)\">\n<div class=\"[--thread-content-max-width:40rem] @w-lg\/main:[--thread-content-max-width:48rem] mx-auto max-w-(--thread-content-max-width) flex-1 group\/turn-messages focus-visible:outline-hidden relative flex w-full min-w-0 flex-col agent-turn\">\n<div class=\"flex max-w-full flex-col gap-4 grow\">\n<div class=\"min-h-8 text-message relative flex w-full flex-col items-end gap-2 text-start break-words whitespace-normal outline-none keyboard-focused:focus-ring [.text-message+&amp;]:mt-1\" dir=\"auto\" data-message-author-role=\"assistant\" data-message-id=\"df39b204-3b87-4431-9bfa-af7e6c88537d\" data-message-model-slug=\"gpt-5-3-mini\" data-turn-start-message=\"true\">\n<div class=\"flex w-full flex-col gap-1 empty:hidden\">\n<div class=\"markdown prose dark:prose-invert wrap-break-word w-full light markdown-new-styling\">\n<p data-section-id=\"cylbmg\" data-start=\"170\" data-end=\"193\"><strong>1. Gi\u1edbi thi\u1ec7u chung<\/strong><\/p>\n<p data-start=\"195\" data-end=\"531\">T\u1ea1i Vesna Hotel Nha Trang, ch\u00fang t\u00f4i lu\u00f4n \u0111\u1eb7t y\u1ebfu t\u1ed1 b\u1ea3o m\u1eadt v\u00e0 quy\u1ec1n ri\u00eang t\u01b0 c\u1ee7a kh\u00e1ch h\u00e0ng l\u00ean h\u00e0ng \u0111\u1ea7u trong qu\u00e1 tr\u00ecnh cung c\u1ea5p d\u1ecbch v\u1ee5. Ch\u00ednh s\u00e1ch b\u1ea3o m\u1eadt n\u00e0y \u0111\u01b0\u1ee3c x\u00e2y d\u1ef1ng nh\u1eb1m gi\u00fap kh\u00e1ch h\u00e0ng hi\u1ec3u r\u00f5 c\u00e1ch th\u1ee9c ch\u00fang t\u00f4i thu th\u1eadp, s\u1eed d\u1ee5ng, l\u01b0u tr\u1eef v\u00e0 b\u1ea3o v\u1ec7 d\u1eef li\u1ec7u c\u00e1 nh\u00e2n khi truy c\u1eadp website ho\u1eb7c s\u1eed d\u1ee5ng c\u00e1c d\u1ecbch v\u1ee5 li\u00ean quan.<\/p>\n<p data-start=\"533\" data-end=\"726\">Khi ti\u1ebfp t\u1ee5c s\u1eed d\u1ee5ng website, b\u1ea1n \u0111\u01b0\u1ee3c xem l\u00e0 \u0111\u00e3 \u0111\u1ed3ng \u00fd v\u1edbi c\u00e1c n\u1ed9i dung trong ch\u00ednh s\u00e1ch n\u00e0y. Tr\u01b0\u1eddng h\u1ee3p kh\u00f4ng \u0111\u1ed3ng \u00fd, vui l\u00f2ng ng\u1eebng s\u1eed d\u1ee5ng website ho\u1eb7c li\u00ean h\u1ec7 v\u1edbi ch\u00fang t\u00f4i \u0111\u1ec3 \u0111\u01b0\u1ee3c h\u1ed7 tr\u1ee3.<\/p>\n<hr data-start=\"728\" data-end=\"731\" \/>\n<p data-section-id=\"6htf51\" data-start=\"733\" data-end=\"755\"><strong>2. Ph\u1ea1m vi \u00e1p d\u1ee5ng<\/strong><\/p>\n<p data-start=\"757\" data-end=\"992\">Ch\u00ednh s\u00e1ch n\u00e0y \u00e1p d\u1ee5ng cho to\u00e0n b\u1ed9 ng\u01b0\u1eddi d\u00f9ng truy c\u1eadp website c\u1ee7a Vesna Hotel Nha Trang, kh\u00e1ch h\u00e0ng th\u1ef1c hi\u1ec7n \u0111\u1eb7t ph\u00f2ng tr\u1ef1c tuy\u1ebfn, ng\u01b0\u1eddi \u0111\u0103ng k\u00fd nh\u1eadn th\u00f4ng tin khuy\u1ebfn m\u00e3i, c\u0169ng nh\u01b0 c\u00e1c \u0111\u1ed1i t\u00e1c c\u00f3 li\u00ean quan \u0111\u1ebfn h\u1ec7 th\u1ed1ng c\u1ee7a ch\u00fang t\u00f4i.<\/p>\n<p data-start=\"994\" data-end=\"1107\">Ch\u00ednh s\u00e1ch n\u00e0y kh\u00f4ng \u00e1p d\u1ee5ng \u0111\u1ed1i v\u1edbi c\u00e1c website ho\u1eb7c d\u1ecbch v\u1ee5 c\u1ee7a b\u00ean th\u1ee9 ba \u0111\u01b0\u1ee3c li\u00ean k\u1ebft t\u1eeb website ch\u00ednh th\u1ee9c.<\/p>\n<hr data-start=\"1109\" data-end=\"1112\" \/>\n<p data-section-id=\"1tzx7h\" data-start=\"1114\" data-end=\"1149\"><strong>3. Th\u00f4ng tin ch\u00fang t\u00f4i thu th\u1eadp<\/strong><\/p>\n<p data-section-id=\"1m0yocw\" data-start=\"1151\" data-end=\"1178\"><strong>3.1. Th\u00f4ng tin c\u00e1 nh\u00e2n<\/strong><\/p>\n<p data-start=\"1180\" data-end=\"1345\">Ch\u00fang t\u00f4i c\u00f3 th\u1ec3 thu th\u1eadp c\u00e1c th\u00f4ng tin bao g\u1ed3m h\u1ecd t\u00ean, s\u1ed1 \u0111i\u1ec7n tho\u1ea1i, email, \u0111\u1ecba ch\u1ec9 li\u00ean h\u1ec7, qu\u1ed1c t\u1ecbch v\u00e0 th\u00f4ng tin thanh to\u00e1n khi kh\u00e1ch h\u00e0ng \u0111\u1eb7t ph\u00f2ng tr\u1ef1c tuy\u1ebfn.<\/p>\n<p data-section-id=\"3w81tl\" data-start=\"1347\" data-end=\"1375\"><strong>3.2. Th\u00f4ng tin k\u1ef9 thu\u1eadt<\/strong><\/p>\n<p data-start=\"1377\" data-end=\"1542\">C\u00e1c d\u1eef li\u1ec7u nh\u01b0 \u0111\u1ecba ch\u1ec9 IP, lo\u1ea1i thi\u1ebft b\u1ecb truy c\u1eadp, tr\u00ecnh duy\u1ec7t s\u1eed d\u1ee5ng v\u00e0 h\u00e0nh vi t\u01b0\u01a1ng t\u00e1c tr\u00ean website c\u00f3 th\u1ec3 \u0111\u01b0\u1ee3c ghi nh\u1eadn nh\u1eb1m c\u1ea3i thi\u1ec7n tr\u1ea3i nghi\u1ec7m ng\u01b0\u1eddi d\u00f9ng.<\/p>\n<p data-section-id=\"16xn5g4\" data-start=\"1544\" data-end=\"1583\"><strong>3.3. Ngu\u1ed3n th\u00f4ng tin t\u1eeb b\u00ean th\u1ee9 ba<\/strong><\/p>\n<p data-start=\"1585\" data-end=\"1749\">Trong m\u1ed9t s\u1ed1 tr\u01b0\u1eddng h\u1ee3p, ch\u00fang t\u00f4i c\u00f3 th\u1ec3 ti\u1ebfp nh\u1eadn th\u00f4ng tin t\u1eeb c\u00e1c n\u1ec1n t\u1ea3ng \u0111\u1eb7t ph\u00f2ng, \u0111\u1ed1i t\u00e1c du l\u1ecbch ho\u1eb7c m\u1ea1ng x\u00e3 h\u1ed9i khi kh\u00e1ch h\u00e0ng t\u01b0\u01a1ng t\u00e1c qua c\u00e1c k\u00eanh n\u00e0y.<\/p>\n<hr data-start=\"1751\" data-end=\"1754\" \/>\n<p data-section-id=\"1a642eh\" data-start=\"1756\" data-end=\"1789\"><strong>4. M\u1ee5c \u0111\u00edch s\u1eed d\u1ee5ng th\u00f4ng tin<\/strong><\/p>\n<p data-start=\"1791\" data-end=\"1928\">Th\u00f4ng tin c\u00e1 nh\u00e2n \u0111\u01b0\u1ee3c s\u1eed d\u1ee5ng nh\u1eb1m x\u1eed l\u00fd \u0111\u1eb7t ph\u00f2ng, x\u00e1c nh\u1eadn d\u1ecbch v\u1ee5, h\u1ed7 tr\u1ee3 thanh to\u00e1n v\u00e0 cung c\u1ea5p c\u00e1c th\u00f4ng tin li\u00ean quan \u0111\u1ebfn l\u01b0u tr\u00fa.<\/p>\n<p data-start=\"1930\" data-end=\"2099\">Ngo\u00e0i ra, d\u1eef li\u1ec7u c\u0169ng gi\u00fap ch\u00fang t\u00f4i c\u1ea3i thi\u1ec7n ch\u1ea5t l\u01b0\u1ee3ng d\u1ecbch v\u1ee5, t\u1ed1i \u01b0u tr\u1ea3i nghi\u1ec7m kh\u00e1ch h\u00e0ng, g\u1eedi th\u00f4ng tin \u01b0u \u0111\u00e3i (khi \u0111\u01b0\u1ee3c s\u1ef1 \u0111\u1ed3ng \u00fd) v\u00e0 \u0111\u1ea3m b\u1ea3o an to\u00e0n h\u1ec7 th\u1ed1ng.<\/p>\n<hr data-start=\"2101\" data-end=\"2104\" \/>\n<p data-section-id=\"vn60uf\" data-start=\"2106\" data-end=\"2142\"><strong>5. Cookies v\u00e0 c\u00f4ng ngh\u1ec7 theo d\u00f5i<\/strong><\/p>\n<p data-start=\"2144\" data-end=\"2284\">Website c\u1ee7a Vesna Hotel Nha Trang s\u1eed d\u1ee5ng cookies \u0111\u1ec3 ghi nh\u1edb th\u00f4ng tin truy c\u1eadp, t\u1ed1i \u01b0u tr\u1ea3i nghi\u1ec7m ng\u01b0\u1eddi d\u00f9ng v\u00e0 ph\u00e2n t\u00edch h\u00e0nh vi s\u1eed d\u1ee5ng.<\/p>\n<p data-start=\"2286\" data-end=\"2400\">Ng\u01b0\u1eddi d\u00f9ng c\u00f3 th\u1ec3 \u0111i\u1ec1u ch\u1ec9nh c\u00e0i \u0111\u1eb7t tr\u00ecnh duy\u1ec7t \u0111\u1ec3 t\u1eeb ch\u1ed1i cookies, tuy nhi\u00ean m\u1ed9t s\u1ed1 t\u00ednh n\u0103ng c\u00f3 th\u1ec3 b\u1ecb h\u1ea1n ch\u1ebf.<\/p>\n<hr data-start=\"2402\" data-end=\"2405\" \/>\n<p data-section-id=\"1uembka\" data-start=\"2407\" data-end=\"2431\"><strong>6. Chia s\u1ebb th\u00f4ng tin<\/strong><\/p>\n<p data-start=\"2433\" data-end=\"2555\">Ch\u00fang t\u00f4i cam k\u1ebft kh\u00f4ng mua b\u00e1n ho\u1eb7c trao \u0111\u1ed5i d\u1eef li\u1ec7u c\u00e1 nh\u00e2n c\u1ee7a kh\u00e1ch h\u00e0ng v\u1edbi b\u00ean th\u1ee9 ba, ngo\u1ea1i tr\u1eeb c\u00e1c tr\u01b0\u1eddng h\u1ee3p sau:<\/p>\n<ul data-start=\"2557\" data-end=\"2791\">\n<li data-section-id=\"1fu093z\" data-start=\"2557\" data-end=\"2592\">Khi c\u00f3 s\u1ef1 \u0111\u1ed3ng \u00fd t\u1eeb kh\u00e1ch h\u00e0ng.<\/li>\n<li data-section-id=\"136j2ge\" data-start=\"2593\" data-end=\"2636\">Khi \u0111\u01b0\u1ee3c y\u00eau c\u1ea7u b\u1edfi c\u01a1 quan ph\u00e1p lu\u1eadt.<\/li>\n<li data-section-id=\"b7cgmc\" data-start=\"2637\" data-end=\"2719\">Khi c\u1ea7n chia s\u1ebb v\u1edbi \u0111\u1ed1i t\u00e1c \u0111\u1ec3 ho\u00e0n t\u1ea5t d\u1ecbch v\u1ee5 nh\u01b0 thanh to\u00e1n ho\u1eb7c \u0111\u1eb7t ph\u00f2ng.<\/li>\n<li data-section-id=\"d7plsm\" data-start=\"2720\" data-end=\"2791\">Khi c\u1ea7n b\u1ea3o v\u1ec7 quy\u1ec1n v\u00e0 l\u1ee3i \u00edch h\u1ee3p ph\u00e1p c\u1ee7a Vesna Hotel Nha Trang.<\/li>\n<\/ul>\n<hr data-start=\"2793\" data-end=\"2796\" \/>\n<p data-section-id=\"1qvwupm\" data-start=\"2798\" data-end=\"2822\"><strong>7. B\u1ea3o m\u1eadt th\u00f4ng tin<\/strong><\/p>\n<p data-start=\"2824\" data-end=\"2991\">Ch\u00fang t\u00f4i \u00e1p d\u1ee5ng nhi\u1ec1u bi\u1ec7n ph\u00e1p b\u1ea3o m\u1eadt nh\u01b0 m\u00e3 h\u00f3a d\u1eef li\u1ec7u, h\u1ec7 th\u1ed1ng t\u01b0\u1eddng l\u1eeda, ki\u1ec3m so\u00e1t truy c\u1eadp n\u1ed9i b\u1ed9 v\u00e0 c\u01a1 ch\u1ebf l\u01b0u tr\u1eef an to\u00e0n nh\u1eb1m b\u1ea3o v\u1ec7 th\u00f4ng tin kh\u00e1ch h\u00e0ng.<\/p>\n<p data-start=\"2993\" data-end=\"3136\">Tuy nhi\u00ean, kh\u00f4ng c\u00f3 h\u1ec7 th\u1ed1ng n\u00e0o tr\u00ean Internet \u0111\u1ea3m b\u1ea3o an to\u00e0n tuy\u1ec7t \u0111\u1ed1i, v\u00ec v\u1eady ch\u00fang t\u00f4i kh\u00f4ng th\u1ec3 cam k\u1ebft b\u1ea3o m\u1eadt 100% trong m\u1ecdi tr\u01b0\u1eddng h\u1ee3p.<\/p>\n<hr data-start=\"3138\" data-end=\"3141\" \/>\n<p data-section-id=\"10t2ko\" data-start=\"3143\" data-end=\"3175\"><strong>8. Th\u1eddi gian l\u01b0u tr\u1eef d\u1eef li\u1ec7u<\/strong><\/p>\n<p data-start=\"3177\" data-end=\"3365\">D\u1eef li\u1ec7u c\u00e1 nh\u00e2n s\u1ebd \u0111\u01b0\u1ee3c l\u01b0u gi\u1eef trong kho\u1ea3ng th\u1eddi gian c\u1ea7n thi\u1ebft \u0111\u1ec3 ph\u1ee5c v\u1ee5 m\u1ee5c \u0111\u00edch cung c\u1ea5p d\u1ecbch v\u1ee5 ho\u1eb7c theo quy \u0111\u1ecbnh ph\u00e1p lu\u1eadt hi\u1ec7n h\u00e0nh, ho\u1eb7c cho \u0111\u1ebfn khi kh\u00e1ch h\u00e0ng c\u00f3 y\u00eau c\u1ea7u x\u00f3a b\u1ecf.<\/p>\n<hr data-start=\"3367\" data-end=\"3370\" \/>\n<p data-section-id=\"u7xrfn\" data-start=\"3372\" data-end=\"3399\"><strong>9. Quy\u1ec1n c\u1ee7a kh\u00e1ch h\u00e0ng<\/strong><\/p>\n<p data-start=\"3401\" data-end=\"3495\">Kh\u00e1ch h\u00e0ng c\u00f3 quy\u1ec1n truy c\u1eadp, ch\u1ec9nh s\u1eeda, c\u1eadp nh\u1eadt ho\u1eb7c y\u00eau c\u1ea7u x\u00f3a th\u00f4ng tin c\u00e1 nh\u00e2n c\u1ee7a m\u00ecnh.<\/p>\n<p data-start=\"3497\" data-end=\"3609\">Ngo\u00e0i ra, kh\u00e1ch h\u00e0ng c\u00f3 th\u1ec3 t\u1eeb ch\u1ed1i nh\u1eadn th\u00f4ng tin ti\u1ebfp th\u1ecb ho\u1eb7c g\u1eedi khi\u1ebfu n\u1ea1i li\u00ean quan \u0111\u1ebfn vi\u1ec7c x\u1eed l\u00fd d\u1eef li\u1ec7u.<\/p>\n<hr data-start=\"3611\" data-end=\"3614\" \/>\n<p data-section-id=\"vlwppx\" data-start=\"3616\" data-end=\"3643\"><strong>10. Li\u00ean k\u1ebft b\u00ean th\u1ee9 ba<\/strong><\/p>\n<p data-start=\"3645\" data-end=\"3823\">Website c\u1ee7a ch\u00fang t\u00f4i c\u00f3 th\u1ec3 ch\u1ee9a c\u00e1c li\u00ean k\u1ebft \u0111\u1ebfn website kh\u00e1c. Vesna Hotel Nha Trang kh\u00f4ng ch\u1ecbu tr\u00e1ch nhi\u1ec7m v\u1ec1 n\u1ed9i dung ho\u1eb7c ch\u00ednh s\u00e1ch b\u1ea3o m\u1eadt c\u1ee7a c\u00e1c trang web b\u00ean ngo\u00e0i n\u00e0y.<\/p>\n<hr data-start=\"3825\" data-end=\"3828\" \/>\n<p data-section-id=\"al89ml\" data-start=\"3830\" data-end=\"3861\"><strong>11. B\u1ea3o v\u1ec7 th\u00f4ng tin tr\u1ebb em<\/strong><\/p>\n<p data-start=\"3863\" data-end=\"4038\">Ch\u00fang t\u00f4i kh\u00f4ng ch\u1ee7 \u0111\u00edch thu th\u1eadp d\u1eef li\u1ec7u t\u1eeb ng\u01b0\u1eddi d\u00f9ng d\u01b0\u1edbi 16 tu\u1ed5i. N\u1ebfu ph\u00e1t hi\u1ec7n th\u00f4ng tin li\u00ean quan \u0111\u1ebfn tr\u1ebb em, d\u1eef li\u1ec7u s\u1ebd \u0111\u01b0\u1ee3c x\u00f3a kh\u1ecfi h\u1ec7 th\u1ed1ng trong th\u1eddi gian s\u1edbm nh\u1ea5t.<\/p>\n<hr data-start=\"4040\" data-end=\"4043\" \/>\n<p data-section-id=\"3vvpjy\" data-start=\"4045\" data-end=\"4072\"><strong>12. C\u1eadp nh\u1eadt ch\u00ednh s\u00e1ch<\/strong><\/p>\n<p data-start=\"4074\" data-end=\"4243\">Ch\u00ednh s\u00e1ch b\u1ea3o m\u1eadt c\u00f3 th\u1ec3 \u0111\u01b0\u1ee3c \u0111i\u1ec1u ch\u1ec9nh theo th\u1eddi gian \u0111\u1ec3 ph\u00f9 h\u1ee3p v\u1edbi quy \u0111\u1ecbnh ph\u00e1p lu\u1eadt v\u00e0 ho\u1ea1t \u0111\u1ed9ng kinh doanh. M\u1ecdi thay \u0111\u1ed5i s\u1ebd \u0111\u01b0\u1ee3c c\u1eadp nh\u1eadt c\u00f4ng khai tr\u00ean website.<\/p>\n<hr data-start=\"4245\" data-end=\"4248\" \/>\n<p data-section-id=\"lbthy3\" data-start=\"4250\" data-end=\"4275\"><strong>13. Th\u00f4ng tin li\u00ean h\u1ec7<\/strong><\/p>\n<p data-start=\"4277\" data-end=\"4440\"><strong>Vesna Hotel Nha Trang<\/strong><br data-start=\"4298\" data-end=\"4301\" \/>Email: <a class=\"decorated-link cursor-pointer\" rel=\"noopener\" data-start=\"4308\" data-end=\"4335\">info@vesnahotelnhatrang.com<\/a><br data-start=\"4335\" data-end=\"4338\" \/>\u0110i\u1ec7n tho\u1ea1i: +84 (0) 2583 88 5858<br data-start=\"4369\" data-end=\"4372\" \/>\u0110\u1ecba ch\u1ec9: 100 Tr\u1ea7n Ph\u00fa, Ph\u01b0\u1eddng Nha Trang, T\u1ec9nh Kh\u00e1nh H\u00f2a, Vi\u1ec7t Nam.<\/p>\n<hr data-start=\"4442\" data-end=\"4445\" \/>\n<p data-section-id=\"abqmrf\" data-start=\"4447\" data-end=\"4476\"><strong>14. Cam k\u1ebft c\u1ee7a ch\u00fang t\u00f4i.<\/strong><\/p>\n<p data-start=\"4478\" data-end=\"4621\">\u2022 Vesna Hotel Nha Trang cam k\u1ebft b\u1ea3o v\u1ec7 tuy\u1ec7t \u0111\u1ed1i quy\u1ec1n ri\u00eang t\u01b0 c\u1ee7a kh\u00e1ch h\u00e0ng, \u0111\u1ea3m b\u1ea3o vi\u1ec7c s\u1eed d\u1ee5ng d\u1eef li\u1ec7u minh b\u1ea1ch, r\u00f5 r\u00e0ng v\u00e0 \u0111\u00fang m\u1ee5c \u0111\u00edch.<\/p>\n<p data-start=\"4623\" data-end=\"4763\">\u2022 Ch\u00fang t\u00f4i kh\u00f4ng ng\u1eebng c\u1ea3i ti\u1ebfn h\u1ec7 th\u1ed1ng b\u1ea3o m\u1eadt nh\u1eb1m \u0111\u00e1p \u1ee9ng c\u00e1c ti\u00eau chu\u1ea9n an to\u00e0n hi\u1ec7n \u0111\u1ea1i v\u00e0 tu\u00e2n th\u1ee7 \u0111\u1ea7y \u0111\u1ee7 quy \u0111\u1ecbnh ph\u00e1p lu\u1eadt Vi\u1ec7t Nam.<\/p>\n<p data-start=\"4765\" data-end=\"4936\">\u2022 Trong th\u1eddi \u0111\u1ea1i s\u1ed1, quy\u1ec1n ri\u00eang t\u01b0 \u0111\u00f3ng vai tr\u00f2 v\u00f4 c\u00f9ng quan tr\u1ecdng, v\u00ec v\u1eady m\u1ecdi ho\u1ea1t \u0111\u1ed9ng x\u1eed l\u00fd d\u1eef li\u1ec7u \u0111\u1ec1u \u0111\u01b0\u1ee3c th\u1ef1c hi\u1ec7n c\u00f3 ki\u1ec3m so\u00e1t v\u00e0 d\u1ef1a tr\u00ean s\u1ef1 \u0111\u1ed3ng \u00fd c\u1ee7a kh\u00e1ch h\u00e0ng.<\/p>\n<p data-start=\"4938\" data-end=\"5084\">\u2022 Kh\u00e1ch h\u00e0ng c\u0169ng c\u00f3 to\u00e0n quy\u1ec1n ki\u1ec3m so\u00e1t th\u00f4ng tin c\u00e1 nh\u00e2n c\u1ee7a m\u00ecnh th\u00f4ng qua c\u00e1c quy\u1ec1n truy c\u1eadp, ch\u1ec9nh s\u1eeda ho\u1eb7c y\u00eau c\u1ea7u x\u00f3a d\u1eef li\u1ec7u khi c\u1ea7n thi\u1ebft.<\/p>\n<p data-start=\"5086\" data-end=\"5315\" data-is-last-node=\"\" data-is-only-node=\"\">\u2022 Vesna Hotel Nha Trang kh\u00f4ng ch\u1ec9 mang \u0111\u1ebfn tr\u1ea3i nghi\u1ec7m l\u01b0u tr\u00fa ch\u1ea5t l\u01b0\u1ee3ng m\u00e0 c\u00f2n \u0111\u1ea3m b\u1ea3o s\u1ef1 an t\u00e2m tuy\u1ec7t \u0111\u1ed1i v\u1ec1 b\u1ea3o m\u1eadt th\u00f4ng tin. Ch\u00fang t\u00f4i tin r\u1eb1ng s\u1ef1 minh b\u1ea1ch v\u00e0 tr\u00e1ch nhi\u1ec7m l\u00e0 n\u1ec1n t\u1ea3ng t\u1ea1o n\u00ean ni\u1ec1m tin b\u1ec1n v\u1eefng v\u1edbi kh\u00e1ch h\u00e0ng.<\/p>\n<\/div>\n<\/div>\n<\/div>\n<\/div>\n<p class=\"z-0 flex min-h-[46px] justify-start\">\n<div class=\"text-center\"><\/div>\n<\/div>\n<\/div>\n<\/section>\n<p class=\"pointer-events-none -mt-px h-px translate-y-[calc(var(--scroll-root-safe-area-inset-bottom)-14*var(--spacing))]\" aria-hidden=\"true\">\n","protected":false},"excerpt":{"rendered":"<p>1. Gi\u1edbi thi\u1ec7u chung T\u1ea1i Vesna Hotel Nha Trang, ch\u00fang t\u00f4i lu\u00f4n \u0111\u1eb7t y\u1ebfu t\u1ed1 b\u1ea3o m\u1eadt v\u00e0 quy\u1ec1n ri\u00eang t\u01b0 c\u1ee7a kh\u00e1ch h\u00e0ng l\u00ean h\u00e0ng \u0111\u1ea7u trong qu\u00e1 tr\u00ecnh cung c\u1ea5p d\u1ecbch v\u1ee5. Ch\u00ednh s\u00e1ch b\u1ea3o m\u1eadt n\u00e0y \u0111\u01b0\u1ee3c x\u00e2y d\u1ef1ng nh\u1eb1m gi\u00fap kh\u00e1ch h\u00e0ng hi\u1ec3u r\u00f5 c\u00e1ch th\u1ee9c ch\u00fang t\u00f4i thu th\u1eadp, s\u1eed [&hellip;]<\/p>\n","protected":false},"author":271,"featured_media":0,"parent":0,"menu_order":0,"comment_status":"closed","ping_status":"closed","template":"","meta":{"footnotes":""},"yoast_head":"<!-- This site is optimized with the Yoast SEO plugin v22.3 - https:\/\/yoast.com\/wordpress\/plugins\/seo\/ -->\n<title>Ch\u00ednh s\u00e1ch b\u1ea3o m\u1eadt - Vesna Hotel Nha Trang<\/title>\n<meta name=\"robots\" content=\"index, follow, max-snippet:-1, max-image-preview:large, max-video-preview:-1\" \/>\n<link rel=\"canonical\" href=\"https:\/\/www.vesnahotelnhatrang.com\/vi\/chinh-sach-bao-mat\/\" \/>\n<meta property=\"og:locale\" content=\"vi_VN\" \/>\n<meta property=\"og:type\" content=\"article\" \/>\n<meta property=\"og:title\" content=\"Ch\u00ednh s\u00e1ch b\u1ea3o m\u1eadt - Vesna Hotel Nha Trang\" \/>\n<meta property=\"og:description\" content=\"1. Gi\u1edbi thi\u1ec7u chung T\u1ea1i Vesna Hotel Nha Trang, ch\u00fang t\u00f4i lu\u00f4n \u0111\u1eb7t y\u1ebfu t\u1ed1 b\u1ea3o m\u1eadt v\u00e0 quy\u1ec1n ri\u00eang t\u01b0 c\u1ee7a kh\u00e1ch h\u00e0ng l\u00ean h\u00e0ng \u0111\u1ea7u trong qu\u00e1 tr\u00ecnh cung c\u1ea5p d\u1ecbch v\u1ee5. Ch\u00ednh s\u00e1ch b\u1ea3o m\u1eadt n\u00e0y \u0111\u01b0\u1ee3c x\u00e2y d\u1ef1ng nh\u1eb1m gi\u00fap kh\u00e1ch h\u00e0ng hi\u1ec3u r\u00f5 c\u00e1ch th\u1ee9c ch\u00fang t\u00f4i thu th\u1eadp, s\u1eed [&hellip;]\" \/>\n<meta property=\"og:url\" content=\"https:\/\/www.vesnahotelnhatrang.com\/vi\/chinh-sach-bao-mat\/\" \/>\n<meta property=\"og:site_name\" content=\"Vesna Hotel Nha Trang\" \/>\n<meta property=\"article:modified_time\" content=\"2026-05-07T07:42:06+00:00\" \/>\n<meta name=\"twitter:card\" content=\"summary_large_image\" \/>\n<meta name=\"twitter:label1\" content=\"Est. reading time\" \/>\n\t<meta name=\"twitter:data1\" content=\"5 minutes\" \/>\n<script type=\"application\/ld+json\" class=\"yoast-schema-graph\">{\"@context\":\"https:\/\/schema.org\",\"@graph\":[{\"@type\":\"WebPage\",\"@id\":\"https:\/\/www.vesnahotelnhatrang.com\/vi\/chinh-sach-bao-mat\/\",\"url\":\"https:\/\/www.vesnahotelnhatrang.com\/vi\/chinh-sach-bao-mat\/\",\"name\":\"Ch\u00ednh s\u00e1ch b\u1ea3o m\u1eadt - Vesna Hotel Nha Trang\",\"isPartOf\":{\"@id\":\"https:\/\/www.vesnahotelnhatrang.com\/vi\/#website\"},\"datePublished\":\"2026-05-07T07:35:28+00:00\",\"dateModified\":\"2026-05-07T07:42:06+00:00\",\"breadcrumb\":{\"@id\":\"https:\/\/www.vesnahotelnhatrang.com\/vi\/chinh-sach-bao-mat\/#breadcrumb\"},\"inLanguage\":\"vi-VN\",\"potentialAction\":[{\"@type\":\"ReadAction\",\"target\":[\"https:\/\/www.vesnahotelnhatrang.com\/vi\/chinh-sach-bao-mat\/\"]}]},{\"@type\":\"BreadcrumbList\",\"@id\":\"https:\/\/www.vesnahotelnhatrang.com\/vi\/chinh-sach-bao-mat\/#breadcrumb\",\"itemListElement\":[{\"@type\":\"ListItem\",\"position\":1,\"name\":\"Home\",\"item\":\"https:\/\/www.vesnahotelnhatrang.com\/vi\/\"},{\"@type\":\"ListItem\",\"position\":2,\"name\":\"Ch\u00ednh s\u00e1ch b\u1ea3o m\u1eadt\"}]},{\"@type\":\"WebSite\",\"@id\":\"https:\/\/www.vesnahotelnhatrang.com\/vi\/#website\",\"url\":\"https:\/\/www.vesnahotelnhatrang.com\/vi\/\",\"name\":\"Vesna hotel Nha Trang\",\"description\":\"\",\"potentialAction\":[{\"@type\":\"SearchAction\",\"target\":{\"@type\":\"EntryPoint\",\"urlTemplate\":\"https:\/\/www.vesnahotelnhatrang.com\/vi\/?s={search_term_string}\"},\"query-input\":\"required name=search_term_string\"}],\"inLanguage\":\"vi-VN\"}]}<\/script>\n<!-- \/ Yoast SEO plugin. -->","yoast_head_json":{"title":"Ch\u00ednh s\u00e1ch b\u1ea3o m\u1eadt - Vesna Hotel Nha Trang","robots":{"index":"index","follow":"follow","max-snippet":"max-snippet:-1","max-image-preview":"max-image-preview:large","max-video-preview":"max-video-preview:-1"},"canonical":"https:\/\/www.vesnahotelnhatrang.com\/vi\/chinh-sach-bao-mat\/","og_locale":"vi_VN","og_type":"article","og_title":"Ch\u00ednh s\u00e1ch b\u1ea3o m\u1eadt - Vesna Hotel Nha Trang","og_description":"1. Gi\u1edbi thi\u1ec7u chung T\u1ea1i Vesna Hotel Nha Trang, ch\u00fang t\u00f4i lu\u00f4n \u0111\u1eb7t y\u1ebfu t\u1ed1 b\u1ea3o m\u1eadt v\u00e0 quy\u1ec1n ri\u00eang t\u01b0 c\u1ee7a kh\u00e1ch h\u00e0ng l\u00ean h\u00e0ng \u0111\u1ea7u trong qu\u00e1 tr\u00ecnh cung c\u1ea5p d\u1ecbch v\u1ee5. Ch\u00ednh s\u00e1ch b\u1ea3o m\u1eadt n\u00e0y \u0111\u01b0\u1ee3c x\u00e2y d\u1ef1ng nh\u1eb1m gi\u00fap kh\u00e1ch h\u00e0ng hi\u1ec3u r\u00f5 c\u00e1ch th\u1ee9c ch\u00fang t\u00f4i thu th\u1eadp, s\u1eed [&hellip;]","og_url":"https:\/\/www.vesnahotelnhatrang.com\/vi\/chinh-sach-bao-mat\/","og_site_name":"Vesna Hotel Nha Trang","article_modified_time":"2026-05-07T07:42:06+00:00","twitter_card":"summary_large_image","twitter_misc":{"Est. reading time":"5 minutes"},"schema":{"@context":"https:\/\/schema.org","@graph":[{"@type":"WebPage","@id":"https:\/\/www.vesnahotelnhatrang.com\/vi\/chinh-sach-bao-mat\/","url":"https:\/\/www.vesnahotelnhatrang.com\/vi\/chinh-sach-bao-mat\/","name":"Ch\u00ednh s\u00e1ch b\u1ea3o m\u1eadt - Vesna Hotel Nha Trang","isPartOf":{"@id":"https:\/\/www.vesnahotelnhatrang.com\/vi\/#website"},"datePublished":"2026-05-07T07:35:28+00:00","dateModified":"2026-05-07T07:42:06+00:00","breadcrumb":{"@id":"https:\/\/www.vesnahotelnhatrang.com\/vi\/chinh-sach-bao-mat\/#breadcrumb"},"inLanguage":"vi-VN","potentialAction":[{"@type":"ReadAction","target":["https:\/\/www.vesnahotelnhatrang.com\/vi\/chinh-sach-bao-mat\/"]}]},{"@type":"BreadcrumbList","@id":"https:\/\/www.vesnahotelnhatrang.com\/vi\/chinh-sach-bao-mat\/#breadcrumb","itemListElement":[{"@type":"ListItem","position":1,"name":"Home","item":"https:\/\/www.vesnahotelnhatrang.com\/vi\/"},{"@type":"ListItem","position":2,"name":"Ch\u00ednh s\u00e1ch b\u1ea3o m\u1eadt"}]},{"@type":"WebSite","@id":"https:\/\/www.vesnahotelnhatrang.com\/vi\/#website","url":"https:\/\/www.vesnahotelnhatrang.com\/vi\/","name":"Vesna hotel Nha Trang","description":"","potentialAction":[{"@type":"SearchAction","target":{"@type":"EntryPoint","urlTemplate":"https:\/\/www.vesnahotelnhatrang.com\/vi\/?s={search_term_string}"},"query-input":"required name=search_term_string"}],"inLanguage":"vi-VN"}]}},"acf":[],"_links":{"self":[{"href":"https:\/\/www.vesnahotelnhatrang.com\/vi\/wp-json\/wp\/v2\/pages\/850"}],"collection":[{"href":"https:\/\/www.vesnahotelnhatrang.com\/vi\/wp-json\/wp\/v2\/pages"}],"about":[{"href":"https:\/\/www.vesnahotelnhatrang.com\/vi\/wp-json\/wp\/v2\/types\/page"}],"author":[{"embeddable":true,"href":"https:\/\/www.vesnahotelnhatrang.com\/vi\/wp-json\/wp\/v2\/users\/271"}],"replies":[{"embeddable":true,"href":"https:\/\/www.vesnahotelnhatrang.com\/vi\/wp-json\/wp\/v2\/comments?post=850"}],"version-history":[{"count":0,"href":"https:\/\/www.vesnahotelnhatrang.com\/vi\/wp-json\/wp\/v2\/pages\/850\/revisions"}],"wp:attachment":[{"href":"https:\/\/www.vesnahotelnhatrang.com\/vi\/wp-json\/wp\/v2\/media?parent=850"}],"curies":[{"name":"wp","href":"https:\/\/api.w.org\/{rel}","templated":true}]}}