{"id":842,"date":"2026-05-07T06:46:44","date_gmt":"2026-05-07T06:46:44","guid":{"rendered":"https:\/\/www.vesnahotelnhatrang.com\/terms-conditions\/"},"modified":"2026-05-07T07:48:36","modified_gmt":"2026-05-07T07:48:36","slug":"terms-conditions","status":"publish","type":"page","link":"https:\/\/www.vesnahotelnhatrang.com\/vi\/terms-conditions\/","title":{"rendered":"\u0110i\u1ec1u kho\u1ea3n v\u00e0 \u0111i\u1ec1u ki\u1ec7n"},"content":{"rendered":"<p><strong>1. Gi\u1edbi thi\u1ec7u<\/strong><\/p>\n<p>Ch\u00e0o m\u1eebng qu\u00fd kh\u00e1ch \u0111\u1ebfn v\u1edbi Vesna Hotel Nha Trang. C\u00e1c \u0110i\u1ec1u Kho\u1ea3n &amp; \u0110i\u1ec1u Ki\u1ec7n Chung n\u00e0y quy \u0111\u1ecbnh vi\u1ec7c truy c\u1eadp v\u00e0 s\u1eed d\u1ee5ng website c\u1ee7a ch\u00fang t\u00f4i c\u0169ng nh\u01b0 c\u00e1c d\u1ecbch v\u1ee5 do kh\u00e1ch s\u1ea1n cung c\u1ea5p. Khi truy c\u1eadp website ho\u1eb7c th\u1ef1c hi\u1ec7n \u0111\u1eb7t ph\u00f2ng, qu\u00fd kh\u00e1ch \u0111\u1ed3ng \u00fd tu\u00e2n th\u1ee7 v\u00e0 b\u1ecb r\u00e0ng bu\u1ed9c b\u1edfi c\u00e1c \u0111i\u1ec1u kho\u1ea3n n\u00e0y.<\/p>\n<p>N\u1ebfu qu\u00fd kh\u00e1ch kh\u00f4ng \u0111\u1ed3ng \u00fd v\u1edbi b\u1ea5t k\u1ef3 n\u1ed9i dung n\u00e0o trong \u0110i\u1ec1u Kho\u1ea3n &amp; \u0110i\u1ec1u Ki\u1ec7n n\u00e0y, vui l\u00f2ng kh\u00f4ng s\u1eed d\u1ee5ng website ho\u1eb7c d\u1ecbch v\u1ee5 c\u1ee7a ch\u00fang t\u00f4i.<\/p>\n<hr \/>\n<p><strong>2. \u0110\u1ecbnh ngh\u0129a<\/strong><\/p>\n<p>\u201cKh\u00e1ch s\u1ea1n\u201d \u0111\u1ec1 c\u1eadp \u0111\u1ebfn Vesna Hotel Nha Trang.<br \/>\n\u201cKh\u00e1ch h\u00e0ng\u201d \/ \u201cKh\u00e1ch l\u01b0u tr\u00fa\u201d \u0111\u1ec1 c\u1eadp \u0111\u1ebfn b\u1ea5t k\u1ef3 c\u00e1 nh\u00e2n ho\u1eb7c t\u1ed5 ch\u1ee9c n\u00e0o s\u1eed d\u1ee5ng d\u1ecbch v\u1ee5 c\u1ee7a ch\u00fang t\u00f4i.<br \/>\n\u201cWebsite\u201d \u0111\u1ec1 c\u1eadp \u0111\u1ebfn website ch\u00ednh th\u1ee9c c\u1ee7a Vesna Hotel Nha Trang.<br \/>\n\u201cD\u1ecbch v\u1ee5\u201d bao g\u1ed3m l\u01b0u tr\u00fa, \u1ea9m th\u1ef1c v\u00e0 c\u00e1c ti\u1ec7n \u00edch kh\u00e1c do kh\u00e1ch s\u1ea1n cung c\u1ea5p.<\/p>\n<hr \/>\n<p><strong>3. Ph\u1ea1m vi \u00e1p d\u1ee5ng<\/strong><\/p>\n<p>C\u00e1c \u0110i\u1ec1u Kho\u1ea3n &amp; \u0110i\u1ec1u Ki\u1ec7n n\u00e0y \u00e1p d\u1ee5ng cho:<\/p>\n<p>Vi\u1ec7c truy c\u1eadp v\u00e0 s\u1eed d\u1ee5ng website.<br \/>\n\u0110\u1eb7t ph\u00f2ng tr\u1ef1c tuy\u1ebfn.<br \/>\n\u0110\u1eb7t ph\u00f2ng tr\u1ef1c ti\u1ebfp qua \u0111i\u1ec7n tho\u1ea1i, email ho\u1eb7c \u0111\u1ed1i t\u00e1c.<br \/>\nT\u1ea5t c\u1ea3 d\u1ecbch v\u1ee5 \u0111\u01b0\u1ee3c cung c\u1ea5p t\u1ea1i Vesna Hotel Nha Trang.<\/p>\n<hr \/>\n<p><strong>4. S\u1eed d\u1ee5ng website<\/strong><\/p>\n<p>Khi s\u1eed d\u1ee5ng website c\u1ee7a ch\u00fang t\u00f4i, qu\u00fd kh\u00e1ch \u0111\u1ed3ng \u00fd:<\/p>\n<p>Cung c\u1ea5p th\u00f4ng tin ch\u00ednh x\u00e1c v\u00e0 \u0111\u1ea7y \u0111\u1ee7.<br \/>\nKh\u00f4ng s\u1eed d\u1ee5ng website cho m\u1ee5c \u0111\u00edch tr\u00e1i ph\u00e1p lu\u1eadt.<br \/>\nKh\u00f4ng can thi\u1ec7p v\u00e0o ho\u1ea1t \u0111\u1ed9ng ho\u1eb7c b\u1ea3o m\u1eadt c\u1ee7a website.<br \/>\nKh\u00f4ng sao ch\u00e9p, ph\u00e2n ph\u1ed1i ho\u1eb7c khai th\u00e1c n\u1ed9i dung website khi ch\u01b0a \u0111\u01b0\u1ee3c cho ph\u00e9p.<\/p>\n<p>Ch\u00fang t\u00f4i c\u00f3 quy\u1ec1n t\u1ea1m ng\u1eebng ho\u1eb7c ch\u1ea5m d\u1ee9t quy\u1ec1n truy c\u1eadp n\u1ebfu ph\u00e1t hi\u1ec7n h\u00e0nh vi s\u1eed d\u1ee5ng sai m\u1ee5c \u0111\u00edch.<\/p>\n<hr \/>\n<p><strong>5. \u0110\u1eb7t ph\u00f2ng v\u00e0 x\u00e1c nh\u1eadn \u0111\u1eb7t ph\u00f2ng<\/strong><br \/>\n5.1. X\u00e1c nh\u1eadn \u0111\u1eb7t ph\u00f2ng<\/p>\n<p>M\u1ecdi \u0111\u1eb7t ph\u00f2ng \u0111\u1ec1u ph\u1ee5 thu\u1ed9c v\u00e0o t\u00ecnh tr\u1ea1ng ph\u00f2ng tr\u1ed1ng. \u0110\u1eb7t ph\u00f2ng ch\u1ec9 \u0111\u01b0\u1ee3c x\u00e1c nh\u1eadn khi qu\u00fd kh\u00e1ch nh\u1eadn \u0111\u01b0\u1ee3c email x\u00e1c nh\u1eadn ho\u1eb7c th\u00f4ng b\u00e1o ch\u00ednh th\u1ee9c t\u1eeb ch\u00fang t\u00f4i.<\/p>\n<p>5.2. Th\u00f4ng tin b\u1eaft bu\u1ed9c<\/p>\n<p>Kh\u00e1ch h\u00e0ng ph\u1ea3i cung c\u1ea5p th\u00f4ng tin c\u00e1 nh\u00e2n v\u00e0 thanh to\u00e1n ch\u00ednh x\u00e1c khi th\u1ef1c hi\u1ec7n \u0111\u1eb7t ph\u00f2ng.<\/p>\n<p>5.3. Y\u00eau c\u1ea7u \u0111\u1eb7c bi\u1ec7t<\/p>\n<p>C\u00e1c y\u00eau c\u1ea7u \u0111\u1eb7c bi\u1ec7t (v\u00ed d\u1ee5: lo\u1ea1i ph\u00f2ng y\u00eau th\u00edch, nh\u1eadn ph\u00f2ng s\u1edbm) s\u1ebd ph\u1ee5 thu\u1ed9c v\u00e0o t\u00ecnh tr\u1ea1ng s\u1eb5n c\u00f3 v\u00e0 kh\u00f4ng \u0111\u01b0\u1ee3c \u0111\u1ea3m b\u1ea3o.<\/p>\n<hr \/>\n<p><strong>6. Gi\u00e1 c\u1ea3 v\u00e0 thanh to\u00e1n<\/strong><br \/>\nT\u1ea5t c\u1ea3 m\u1ee9c gi\u00e1 \u0111\u01b0\u1ee3c ni\u00eam y\u1ebft b\u1eb1ng \u0110\u1ed3ng Vi\u1ec7t Nam (VND), tr\u1eeb khi c\u00f3 quy \u0111\u1ecbnh kh\u00e1c.<br \/>\nGi\u00e1 ph\u00f2ng c\u00f3 th\u1ec3 thay \u0111\u1ed5i t\u00f9y theo m\u00f9a, t\u00ecnh tr\u1ea1ng ph\u00f2ng v\u00e0 ch\u01b0\u01a1ng tr\u00ecnh \u01b0u \u0111\u00e3i.<br \/>\nC\u00f3 th\u1ec3 y\u00eau c\u1ea7u thanh to\u00e1n to\u00e0n b\u1ed9 ho\u1eb7c m\u1ed9t ph\u1ea7n t\u1ea1i th\u1eddi \u0111i\u1ec3m \u0111\u1eb7t ph\u00f2ng.<br \/>\nCh\u00fang t\u00f4i ch\u1ea5p nh\u1eadn nhi\u1ec1u ph\u01b0\u01a1ng th\u1ee9c thanh to\u00e1n bao g\u1ed3m th\u1ebb t\u00edn d\u1ee5ng v\u00e0 chuy\u1ec3n kho\u1ea3n ng\u00e2n h\u00e0ng.<\/p>\n<p>Kh\u00e1ch s\u1ea1n c\u00f3 quy\u1ec1n \u0111i\u1ec1u ch\u1ec9nh gi\u00e1 ho\u1eb7c s\u1eeda l\u1ed7i hi\u1ec3n th\u1ecb b\u1ea5t k\u1ef3 l\u00fac n\u00e0o.<\/p>\n<hr \/>\n<p><strong>7. Ch\u00ednh s\u00e1ch h\u1ee7y v\u00e0 thay \u0111\u1ed5i \u0111\u1eb7t ph\u00f2ng<\/strong><\/p>\n<p>Ch\u00ednh s\u00e1ch h\u1ee7y v\u00e0 thay \u0111\u1ed5i c\u00f3 th\u1ec3 kh\u00e1c nhau t\u00f9y theo g\u00f3i gi\u00e1 ho\u1eb7c ch\u01b0\u01a1ng tr\u00ecnh khuy\u1ebfn m\u00e3i \u0111\u01b0\u1ee3c l\u1ef1a ch\u1ecdn.<\/p>\n<p>C\u00f3 th\u1ec3 \u00e1p d\u1ee5ng mi\u1ec5n ph\u00ed h\u1ee7y trong th\u1eddi gian quy \u0111\u1ecbnh.<br \/>\nH\u1ee7y mu\u1ed9n ho\u1eb7c kh\u00f4ng \u0111\u1ebfn nh\u1eadn ph\u00f2ng c\u00f3 th\u1ec3 ph\u00e1t sinh ph\u00ed.<br \/>\nM\u1ecdi thay \u0111\u1ed5i \u0111\u1eb7t ph\u00f2ng ph\u1ee5 thu\u1ed9c v\u00e0o t\u00ecnh tr\u1ea1ng ph\u00f2ng tr\u1ed1ng.<\/p>\n<p>Kh\u00e1ch h\u00e0ng n\u00ean xem k\u1ef9 c\u00e1c \u0111i\u1ec1u ki\u1ec7n c\u1ee5 th\u1ec3 t\u1ea1i th\u1eddi \u0111i\u1ec3m \u0111\u1eb7t ph\u00f2ng.<\/p>\n<hr \/>\n<p>8. Nh\u1eadn ph\u00f2ng v\u00e0 tr\u1ea3 ph\u00f2ng<br \/>\n\u2022 Gi\u1edd nh\u1eadn ph\u00f2ng: T\u1eeb 15:00<br \/>\n\u2022 Gi\u1edd tr\u1ea3 ph\u00f2ng: Tr\u01b0\u1edbc 12:00<\/p>\n<p>Nh\u1eadn ph\u00f2ng s\u1edbm ho\u1eb7c tr\u1ea3 ph\u00f2ng mu\u1ed9n c\u00f3 th\u1ec3 ph\u00e1t sinh ph\u1ee5 ph\u00ed v\u00e0 ph\u1ee5 thu\u1ed9c v\u00e0o t\u00ecnh tr\u1ea1ng ph\u00f2ng.<\/p>\n<p>Kh\u00e1ch l\u01b0u tr\u00fa ph\u1ea3i xu\u1ea5t tr\u00ecnh gi\u1ea5y t\u1edd t\u00f9y th\u00e2n h\u1ee3p l\u1ec7 khi nh\u1eadn ph\u00f2ng.<\/p>\n<hr \/>\n<p><strong>9. Tr\u00e1ch nhi\u1ec7m c\u1ee7a kh\u00e1ch l\u01b0u tr\u00fa<\/strong><\/p>\n<p>Kh\u00e1ch l\u01b0u tr\u00fa \u0111\u1ed3ng \u00fd:<\/p>\n<p>Tu\u00e2n th\u1ee7 c\u00e1c ch\u00ednh s\u00e1ch v\u00e0 quy \u0111\u1ecbnh c\u1ee7a kh\u00e1ch s\u1ea1n.<br \/>\nT\u00f4n tr\u1ecdng kh\u00e1ch kh\u00e1c v\u00e0 nh\u00e2n vi\u00ean kh\u00e1ch s\u1ea1n.<br \/>\nGi\u1eef g\u00ecn t\u00e0i s\u1ea3n c\u1ee7a kh\u00e1ch s\u1ea1n.<br \/>\nCh\u1ecbu tr\u00e1ch nhi\u1ec7m \u0111\u1ed1i v\u1edbi m\u1ecdi thi\u1ec7t h\u1ea1i g\u00e2y ra trong th\u1eddi gian l\u01b0u tr\u00fa.<\/p>\n<p>Kh\u00e1ch s\u1ea1n c\u00f3 quy\u1ec1n t\u1eeb ch\u1ed1i ph\u1ee5c v\u1ee5 \u0111\u1ed1i v\u1edbi c\u00e1c tr\u01b0\u1eddng h\u1ee3p vi ph\u1ea1m quy \u0111\u1ecbnh ho\u1eb7c c\u00f3 h\u00e0nh vi kh\u00f4ng ph\u00f9 h\u1ee3p.<\/p>\n<hr \/>\n<p><strong>10. Quy\u1ec1n c\u1ee7a kh\u00e1ch s\u1ea1n<\/strong><\/p>\n<p>Vesna Hotel Nha Trang c\u00f3 quy\u1ec1n:<\/p>\n<p>T\u1eeb ch\u1ed1i ho\u1eb7c h\u1ee7y \u0111\u1eb7t ph\u00f2ng trong m\u1ed9t s\u1ed1 tr\u01b0\u1eddng h\u1ee3p nh\u1ea5t \u0111\u1ecbnh.<br \/>\nThay \u0111\u1ed5i ho\u1eb7c ng\u1eebng cung c\u1ea5p d\u1ecbch v\u1ee5 m\u00e0 kh\u00f4ng c\u1ea7n b\u00e1o tr\u01b0\u1edbc.<br \/>\nY\u00eau c\u1ea7u kh\u00e1ch r\u1eddi kh\u1ecfi kh\u00e1ch s\u1ea1n n\u1ebfu c\u00f3 h\u00e0nh vi vi ph\u1ea1m quy \u0111\u1ecbnh.<br \/>\nThu ph\u00ed \u0111\u1ed1i v\u1edbi thi\u1ec7t h\u1ea1i ho\u1eb7c c\u00e1c d\u1ecbch v\u1ee5 ph\u00e1t sinh.<\/p>\n<hr \/>\n<p><strong>11. Gi\u1edbi h\u1ea1n tr\u00e1ch nhi\u1ec7m<\/strong><\/p>\n<p>Trong ph\u1ea1m vi ph\u00e1p lu\u1eadt cho ph\u00e9p, Vesna Hotel Nha Trang s\u1ebd kh\u00f4ng ch\u1ecbu tr\u00e1ch nhi\u1ec7m \u0111\u1ed1i v\u1edbi:<\/p>\n<p>M\u1ea5t m\u00e1t ho\u1eb7c h\u01b0 h\u1ecfng t\u00e0i s\u1ea3n c\u00e1 nh\u00e2n.<br \/>\nGi\u00e1n \u0111o\u1ea1n do c\u00e1c s\u1ef1 ki\u1ec7n b\u1ea5t kh\u1ea3 kh\u00e1ng (thi\u00ean tai, d\u1ecbch b\u1ec7nh, v.v.).<br \/>\nC\u00e1c s\u1ef1 c\u1ed1 k\u1ef9 thu\u1eadt ngo\u00e0i t\u1ea7m ki\u1ec3m so\u00e1t c\u1ee7a ch\u00fang t\u00f4i.<\/p>\n<p>Kh\u00e1ch l\u01b0u tr\u00fa \u0111\u01b0\u1ee3c khuy\u1ebfn kh\u00edch s\u1eed d\u1ee5ng k\u00e9t an to\u00e0n trong ph\u00f2ng \u0111\u1ec3 b\u1ea3o qu\u1ea3n t\u00e0i s\u1ea3n gi\u00e1 tr\u1ecb.<\/p>\n<hr \/>\n<p><strong>12. Quy\u1ec1n ri\u00eang t\u01b0 v\u00e0 b\u1ea3o v\u1ec7 d\u1eef li\u1ec7u<\/strong><\/p>\n<p>Th\u00f4ng tin kh\u00e1ch h\u00e0ng \u0111\u01b0\u1ee3c x\u1eed l\u00fd theo Ch\u00ednh S\u00e1ch Quy\u1ec1n Ri\u00eang T\u01b0 c\u1ee7a ch\u00fang t\u00f4i. Khi s\u1eed d\u1ee5ng d\u1ecbch v\u1ee5, qu\u00fd kh\u00e1ch \u0111\u1ed3ng \u00fd v\u1edbi vi\u1ec7c thu th\u1eadp v\u00e0 s\u1eed d\u1ee5ng th\u00f4ng tin theo ch\u00ednh s\u00e1ch n\u00e0y.<\/p>\n<p><strong>13. Quy\u1ec1n s\u1edf h\u1eefu tr\u00ed tu\u1ec7<\/strong><\/p>\n<p>T\u1ea5t c\u1ea3 n\u1ed9i dung tr\u00ean website, bao g\u1ed3m v\u0103n b\u1ea3n, h\u00ecnh \u1ea3nh, logo v\u00e0 thi\u1ebft k\u1ebf, thu\u1ed9c s\u1edf h\u1eefu c\u1ee7a Vesna Hotel Nha Trang v\u00e0 \u0111\u01b0\u1ee3c b\u1ea3o v\u1ec7 theo lu\u1eadt s\u1edf h\u1eefu tr\u00ed tu\u1ec7.<\/p>\n<p>M\u1ecdi h\u00e0nh vi s\u1eed d\u1ee5ng tr\u00e1i ph\u00e9p \u0111\u1ec1u b\u1ecb nghi\u00eam c\u1ea5m.<\/p>\n<p><strong>14. D\u1ecbch v\u1ee5 b\u00ean th\u1ee9 ba<\/strong><\/p>\n<p>Website c\u1ee7a ch\u00fang t\u00f4i c\u00f3 th\u1ec3 bao g\u1ed3m li\u00ean k\u1ebft ho\u1eb7c t\u00edch h\u1ee3p v\u1edbi c\u00e1c d\u1ecbch v\u1ee5 b\u00ean th\u1ee9 ba. Ch\u00fang t\u00f4i kh\u00f4ng ch\u1ecbu tr\u00e1ch nhi\u1ec7m v\u1ec1 n\u1ed9i dung, ch\u00ednh s\u00e1ch ho\u1eb7c hi\u1ec7u su\u1ea5t c\u1ee7a c\u00e1c d\u1ecbch v\u1ee5 \u0111\u00f3.<\/p>\n<p><strong>15. B\u1ea5t kh\u1ea3 kh\u00e1ng<\/strong><\/p>\n<p>Kh\u00e1ch s\u1ea1n s\u1ebd kh\u00f4ng ch\u1ecbu tr\u00e1ch nhi\u1ec7m \u0111\u1ed1i v\u1edbi vi\u1ec7c ch\u1eadm tr\u1ec5 ho\u1eb7c kh\u00f4ng th\u1ec3 th\u1ef1c hi\u1ec7n ngh\u0129a v\u1ee5 do c\u00e1c s\u1ef1 ki\u1ec7n ngo\u00e0i t\u1ea7m ki\u1ec3m so\u00e1t h\u1ee3p l\u00fd, bao g\u1ed3m nh\u01b0ng kh\u00f4ng gi\u1edbi h\u1ea1n \u1edf thi\u00ean tai, h\u00e0nh \u0111\u1ed9ng c\u1ee7a ch\u00ednh ph\u1ee7 ho\u1eb7c s\u1ef1 c\u1ed1 k\u1ef9 thu\u1eadt.<\/p>\n<p><strong>16. S\u1eeda \u0111\u1ed5i \u0111i\u1ec1u kho\u1ea3n<\/strong><\/p>\n<p>C\u00e1c \u0110i\u1ec1u Kho\u1ea3n &amp; \u0110i\u1ec1u Ki\u1ec7n n\u00e0y c\u00f3 th\u1ec3 \u0111\u01b0\u1ee3c c\u1eadp nh\u1eadt b\u1ea5t k\u1ef3 l\u00fac n\u00e0o m\u00e0 kh\u00f4ng c\u1ea7n th\u00f4ng b\u00e1o tr\u01b0\u1edbc. Vi\u1ec7c ti\u1ebfp t\u1ee5c s\u1eed d\u1ee5ng website ho\u1eb7c d\u1ecbch v\u1ee5 \u0111\u1ed3ng ngh\u0129a v\u1edbi vi\u1ec7c qu\u00fd kh\u00e1ch ch\u1ea5p nh\u1eadn c\u00e1c \u0111i\u1ec1u kho\u1ea3n \u0111\u00e3 \u0111\u01b0\u1ee3c c\u1eadp nh\u1eadt.<\/p>\n<p><strong>17. Lu\u1eadt \u0111i\u1ec1u ch\u1ec9nh<\/strong><\/p>\n<p>C\u00e1c \u0110i\u1ec1u Kho\u1ea3n &amp; \u0110i\u1ec1u Ki\u1ec7n n\u00e0y \u0111\u01b0\u1ee3c \u0111i\u1ec1u ch\u1ec9nh theo ph\u00e1p lu\u1eadt Vi\u1ec7t Nam. M\u1ecdi tranh ch\u1ea5p ph\u00e1t sinh s\u1ebd \u0111\u01b0\u1ee3c gi\u1ea3i quy\u1ebft theo quy \u0111\u1ecbnh ph\u00e1p lu\u1eadt Vi\u1ec7t Nam.<\/p>\n<p><strong>18. Th\u00f4ng tin li\u00ean h\u1ec7<\/strong><\/p>\n<p>\u0110\u1ed1i v\u1edbi m\u1ecdi th\u1eafc m\u1eafc li\u00ean quan \u0111\u1ebfn \u0110i\u1ec1u Kho\u1ea3n &amp; \u0110i\u1ec1u Ki\u1ec7n, vui l\u00f2ng li\u00ean h\u1ec7:<\/p>\n<p><strong>Vesna Hotel Nha Trang<\/strong><br \/>\nEmail: info@vesnahotelnhatrang.com<\/p>\n<p>Hotline: +84 (0) 2583 88 5858<br \/>\n\u0110\u1ecba ch\u1ec9: 100 Tr\u1ea7n Ph\u00fa, ph\u01b0\u1eddng Nha Trang, t\u1ec9nh Kh\u00e1nh H\u00f2a, Vi\u1ec7t Nam<\/p>\n<p><strong>19. Cam k\u1ebft c\u1ee7a ch\u00fang t\u00f4i<\/strong><\/p>\n<p>Ch\u00fang t\u00f4i cam k\u1ebft cung c\u1ea5p c\u00e1c \u0111i\u1ec1u kho\u1ea3n minh b\u1ea1ch, c\u00f4ng b\u1eb1ng v\u00e0 th\u00e2n thi\u1ec7n v\u1edbi kh\u00e1ch h\u00e0ng nh\u1eb1m mang \u0111\u1ebfn tr\u1ea3i nghi\u1ec7m l\u01b0u tr\u00fa thu\u1eadn ti\u1ec7n v\u00e0 \u0111\u00e1ng tin c\u1eady t\u1ea1i Vesna Hotel Nha Trang.<\/p>\n<p>Vesna Hotel Nha Trang l\u00e0 kh\u00e1ch s\u1ea1n cao c\u1ea5p t\u1ecda l\u1ea1c t\u1ea1i th\u00e0nh ph\u1ed1 bi\u1ec3n s\u00f4i \u0111\u1ed9ng Nha Trang, mang \u0111\u1ebfn s\u1ef1 k\u1ebft h\u1ee3p tinh t\u1ebf gi\u1eefa ti\u1ec7n nghi hi\u1ec7n \u0111\u1ea1i, thi\u1ebft k\u1ebf sang tr\u1ecdng v\u00e0 d\u1ecbch v\u1ee5 hi\u1ebfu kh\u00e1ch chuy\u00ean nghi\u1ec7p. C\u00e1c \u0110i\u1ec1u Kho\u1ea3n &amp; \u0110i\u1ec1u Ki\u1ec7n Chung n\u00e0y \u0111\u01b0\u1ee3c x\u00e2y d\u1ef1ng nh\u1eb1m t\u1ea1o ra m\u1ed9t khu\u00f4n kh\u1ed5 r\u00f5 r\u00e0ng cho kh\u00e1ch h\u00e0ng khi s\u1eed d\u1ee5ng website v\u00e0 d\u1ecbch v\u1ee5 c\u1ee7a kh\u00e1ch s\u1ea1n. Th\u00f4ng qua vi\u1ec7c thi\u1ebft l\u1eadp c\u00e1c quy \u0111\u1ecbnh minh b\u1ea1ch v\u1ec1 \u0111\u1eb7t ph\u00f2ng, thanh to\u00e1n, h\u1ee7y ph\u00f2ng v\u00e0 tr\u00e1ch nhi\u1ec7m c\u1ee7a kh\u00e1ch l\u01b0u tr\u00fa, ch\u00fang t\u00f4i mong mu\u1ed1n mang \u0111\u1ebfn tr\u1ea3i nghi\u1ec7m thu\u1eadn ti\u1ec7n v\u00e0 \u0111\u00e1ng tin c\u1eady cho m\u1ecdi du kh\u00e1ch. H\u1ec7 th\u1ed1ng \u0111\u1eb7t ph\u00f2ng c\u1ee7a ch\u00fang t\u00f4i \u0111\u01b0\u1ee3c t\u1ed1i \u01b0u h\u00f3a v\u1ec1 t\u00ednh ti\u1ec7n l\u1ee3i v\u00e0 b\u1ea3o m\u1eadt, gi\u00fap kh\u00e1ch h\u00e0ng d\u1ec5 d\u00e0ng \u0111\u1eb7t ph\u00f2ng v\u00e0 ti\u1ebfp c\u1eadn c\u00e1c \u01b0u \u0111\u00e3i h\u1ea5p d\u1eabn.<\/p>\n<p>Ch\u00fang t\u00f4i hi\u1ec3u r\u1eb1ng t\u00ednh linh ho\u1ea1t l\u00e0 y\u1ebfu t\u1ed1 quan tr\u1ecdng, v\u00ec v\u1eady c\u00e1c ch\u00ednh s\u00e1ch \u0111\u01b0\u1ee3c x\u00e2y d\u1ef1ng nh\u1eb1m \u0111\u00e1p \u1ee9ng \u0111a d\u1ea1ng nhu c\u1ea7u du l\u1ecbch trong khi v\u1eabn \u0111\u1ea3m b\u1ea3o hi\u1ec7u qu\u1ea3 v\u1eadn h\u00e0nh. D\u00f9 qu\u00fd kh\u00e1ch \u0111i du l\u1ecbch ngh\u1ec9 d\u01b0\u1ee1ng hay c\u00f4ng t\u00e1c, Vesna Hotel Nha Trang lu\u00f4n n\u1ed7 l\u1ef1c mang \u0111\u1ebfn tr\u1ea3i nghi\u1ec7m \u0111\u1ed3ng nh\u1ea5t v\u00e0 ch\u1ea5t l\u01b0\u1ee3ng cao. Cam k\u1ebft c\u1ee7a ch\u00fang t\u00f4i kh\u00f4ng ch\u1ec9 d\u1eebng l\u1ea1i \u1edf d\u1ecbch v\u1ee5 l\u01b0u tr\u00fa m\u00e0 c\u00f2n m\u1edf r\u1ed9ng \u0111\u1ebfn \u1ea9m th\u1ef1c v\u00e0 c\u00e1c ti\u1ec7n \u00edch gi\u1ea3i tr\u00ed, v\u1edbi m\u1ecdi ti\u00eau chu\u1ea9n \u0111\u01b0\u1ee3c thi\u1ebft l\u1eadp r\u00f5 r\u00e0ng nh\u1eb1m \u0111\u1ea3m b\u1ea3o s\u1ef1 an to\u00e0n, tho\u1ea3i m\u00e1i v\u00e0 h\u00e0i l\u00f2ng cho kh\u00e1ch h\u00e0ng.<\/p>\n<p>V\u1edbi \u0111\u1ecbnh h\u01b0\u1edbng chuy\u00ean nghi\u1ec7p v\u00e0 minh b\u1ea1ch, Vesna Hotel Nha Trang cam k\u1ebft x\u00e2y d\u1ef1ng c\u00e1c \u0111i\u1ec1u kho\u1ea3n d\u1ec5 hi\u1ec3u v\u00e0 ph\u00f9 h\u1ee3p v\u1edbi ti\u00eau chu\u1ea9n ng\u00e0nh kh\u00e1ch s\u1ea1n qu\u1ed1c t\u1ebf. Ch\u00fang t\u00f4i khuy\u1ebfn kh\u00edch kh\u00e1ch h\u00e0ng \u0111\u1ecdc k\u1ef9 c\u00e1c \u0110i\u1ec1u Kho\u1ea3n &amp; \u0110i\u1ec1u Ki\u1ec7n \u0111\u1ec3 c\u00f3 \u0111\u1ea7y \u0111\u1ee7 th\u00f4ng tin v\u00e0 t\u1eadn h\u01b0\u1edfng k\u1ef3 ngh\u1ec9 tr\u1ecdn v\u1eb9n, an t\u00e2m.<\/p>\n","protected":false},"excerpt":{"rendered":"<p>1. Gi\u1edbi thi\u1ec7u Ch\u00e0o m\u1eebng qu\u00fd kh\u00e1ch \u0111\u1ebfn v\u1edbi Vesna Hotel Nha Trang. C\u00e1c \u0110i\u1ec1u Kho\u1ea3n &amp; \u0110i\u1ec1u Ki\u1ec7n Chung n\u00e0y quy \u0111\u1ecbnh vi\u1ec7c truy c\u1eadp v\u00e0 s\u1eed d\u1ee5ng website c\u1ee7a ch\u00fang t\u00f4i c\u0169ng nh\u01b0 c\u00e1c d\u1ecbch v\u1ee5 do kh\u00e1ch s\u1ea1n cung c\u1ea5p. Khi truy c\u1eadp website ho\u1eb7c th\u1ef1c hi\u1ec7n \u0111\u1eb7t ph\u00f2ng, qu\u00fd kh\u00e1ch \u0111\u1ed3ng [&hellip;]<\/p>\n","protected":false},"author":271,"featured_media":0,"parent":0,"menu_order":0,"comment_status":"closed","ping_status":"closed","template":"","meta":{"footnotes":""},"yoast_head":"<!-- This site is optimized with the Yoast SEO plugin v22.3 - https:\/\/yoast.com\/wordpress\/plugins\/seo\/ -->\n<title>\u0110i\u1ec1u kho\u1ea3n v\u00e0 \u0111i\u1ec1u ki\u1ec7n - Vesna Hotel Nha Trang<\/title>\n<meta name=\"robots\" content=\"index, follow, max-snippet:-1, max-image-preview:large, max-video-preview:-1\" \/>\n<link rel=\"canonical\" href=\"https:\/\/www.vesnahotelnhatrang.com\/vi\/terms-conditions\/\" \/>\n<meta property=\"og:locale\" content=\"vi_VN\" \/>\n<meta property=\"og:type\" content=\"article\" \/>\n<meta property=\"og:title\" content=\"\u0110i\u1ec1u kho\u1ea3n v\u00e0 \u0111i\u1ec1u ki\u1ec7n - Vesna Hotel Nha Trang\" \/>\n<meta property=\"og:description\" content=\"1. Gi\u1edbi thi\u1ec7u Ch\u00e0o m\u1eebng qu\u00fd kh\u00e1ch \u0111\u1ebfn v\u1edbi Vesna Hotel Nha Trang. C\u00e1c \u0110i\u1ec1u Kho\u1ea3n &amp; \u0110i\u1ec1u Ki\u1ec7n Chung n\u00e0y quy \u0111\u1ecbnh vi\u1ec7c truy c\u1eadp v\u00e0 s\u1eed d\u1ee5ng website c\u1ee7a ch\u00fang t\u00f4i c\u0169ng nh\u01b0 c\u00e1c d\u1ecbch v\u1ee5 do kh\u00e1ch s\u1ea1n cung c\u1ea5p. Khi truy c\u1eadp website ho\u1eb7c th\u1ef1c hi\u1ec7n \u0111\u1eb7t ph\u00f2ng, qu\u00fd kh\u00e1ch \u0111\u1ed3ng [&hellip;]\" \/>\n<meta property=\"og:url\" content=\"https:\/\/www.vesnahotelnhatrang.com\/vi\/terms-conditions\/\" \/>\n<meta property=\"og:site_name\" content=\"Vesna Hotel Nha Trang\" \/>\n<meta property=\"article:modified_time\" content=\"2026-05-07T07:48:36+00:00\" \/>\n<meta name=\"twitter:card\" content=\"summary_large_image\" \/>\n<meta name=\"twitter:label1\" content=\"Est. reading time\" \/>\n\t<meta name=\"twitter:data1\" content=\"7 minutes\" \/>\n<script type=\"application\/ld+json\" class=\"yoast-schema-graph\">{\"@context\":\"https:\/\/schema.org\",\"@graph\":[{\"@type\":\"WebPage\",\"@id\":\"https:\/\/www.vesnahotelnhatrang.com\/vi\/terms-conditions\/\",\"url\":\"https:\/\/www.vesnahotelnhatrang.com\/vi\/terms-conditions\/\",\"name\":\"\u0110i\u1ec1u kho\u1ea3n v\u00e0 \u0111i\u1ec1u ki\u1ec7n - Vesna Hotel Nha Trang\",\"isPartOf\":{\"@id\":\"https:\/\/www.vesnahotelnhatrang.com\/vi\/#website\"},\"datePublished\":\"2026-05-07T06:46:44+00:00\",\"dateModified\":\"2026-05-07T07:48:36+00:00\",\"breadcrumb\":{\"@id\":\"https:\/\/www.vesnahotelnhatrang.com\/vi\/terms-conditions\/#breadcrumb\"},\"inLanguage\":\"vi-VN\",\"potentialAction\":[{\"@type\":\"ReadAction\",\"target\":[\"https:\/\/www.vesnahotelnhatrang.com\/vi\/terms-conditions\/\"]}]},{\"@type\":\"BreadcrumbList\",\"@id\":\"https:\/\/www.vesnahotelnhatrang.com\/vi\/terms-conditions\/#breadcrumb\",\"itemListElement\":[{\"@type\":\"ListItem\",\"position\":1,\"name\":\"Home\",\"item\":\"https:\/\/www.vesnahotelnhatrang.com\/vi\/\"},{\"@type\":\"ListItem\",\"position\":2,\"name\":\"\u0110i\u1ec1u kho\u1ea3n v\u00e0 \u0111i\u1ec1u ki\u1ec7n\"}]},{\"@type\":\"WebSite\",\"@id\":\"https:\/\/www.vesnahotelnhatrang.com\/vi\/#website\",\"url\":\"https:\/\/www.vesnahotelnhatrang.com\/vi\/\",\"name\":\"Vesna hotel Nha Trang\",\"description\":\"\",\"potentialAction\":[{\"@type\":\"SearchAction\",\"target\":{\"@type\":\"EntryPoint\",\"urlTemplate\":\"https:\/\/www.vesnahotelnhatrang.com\/vi\/?s={search_term_string}\"},\"query-input\":\"required name=search_term_string\"}],\"inLanguage\":\"vi-VN\"}]}<\/script>\n<!-- \/ Yoast SEO plugin. -->","yoast_head_json":{"title":"\u0110i\u1ec1u kho\u1ea3n v\u00e0 \u0111i\u1ec1u ki\u1ec7n - Vesna Hotel Nha Trang","robots":{"index":"index","follow":"follow","max-snippet":"max-snippet:-1","max-image-preview":"max-image-preview:large","max-video-preview":"max-video-preview:-1"},"canonical":"https:\/\/www.vesnahotelnhatrang.com\/vi\/terms-conditions\/","og_locale":"vi_VN","og_type":"article","og_title":"\u0110i\u1ec1u kho\u1ea3n v\u00e0 \u0111i\u1ec1u ki\u1ec7n - Vesna Hotel Nha Trang","og_description":"1. Gi\u1edbi thi\u1ec7u Ch\u00e0o m\u1eebng qu\u00fd kh\u00e1ch \u0111\u1ebfn v\u1edbi Vesna Hotel Nha Trang. C\u00e1c \u0110i\u1ec1u Kho\u1ea3n &amp; \u0110i\u1ec1u Ki\u1ec7n Chung n\u00e0y quy \u0111\u1ecbnh vi\u1ec7c truy c\u1eadp v\u00e0 s\u1eed d\u1ee5ng website c\u1ee7a ch\u00fang t\u00f4i c\u0169ng nh\u01b0 c\u00e1c d\u1ecbch v\u1ee5 do kh\u00e1ch s\u1ea1n cung c\u1ea5p. Khi truy c\u1eadp website ho\u1eb7c th\u1ef1c hi\u1ec7n \u0111\u1eb7t ph\u00f2ng, qu\u00fd kh\u00e1ch \u0111\u1ed3ng [&hellip;]","og_url":"https:\/\/www.vesnahotelnhatrang.com\/vi\/terms-conditions\/","og_site_name":"Vesna Hotel Nha Trang","article_modified_time":"2026-05-07T07:48:36+00:00","twitter_card":"summary_large_image","twitter_misc":{"Est. reading time":"7 minutes"},"schema":{"@context":"https:\/\/schema.org","@graph":[{"@type":"WebPage","@id":"https:\/\/www.vesnahotelnhatrang.com\/vi\/terms-conditions\/","url":"https:\/\/www.vesnahotelnhatrang.com\/vi\/terms-conditions\/","name":"\u0110i\u1ec1u kho\u1ea3n v\u00e0 \u0111i\u1ec1u ki\u1ec7n - Vesna Hotel Nha Trang","isPartOf":{"@id":"https:\/\/www.vesnahotelnhatrang.com\/vi\/#website"},"datePublished":"2026-05-07T06:46:44+00:00","dateModified":"2026-05-07T07:48:36+00:00","breadcrumb":{"@id":"https:\/\/www.vesnahotelnhatrang.com\/vi\/terms-conditions\/#breadcrumb"},"inLanguage":"vi-VN","potentialAction":[{"@type":"ReadAction","target":["https:\/\/www.vesnahotelnhatrang.com\/vi\/terms-conditions\/"]}]},{"@type":"BreadcrumbList","@id":"https:\/\/www.vesnahotelnhatrang.com\/vi\/terms-conditions\/#breadcrumb","itemListElement":[{"@type":"ListItem","position":1,"name":"Home","item":"https:\/\/www.vesnahotelnhatrang.com\/vi\/"},{"@type":"ListItem","position":2,"name":"\u0110i\u1ec1u kho\u1ea3n v\u00e0 \u0111i\u1ec1u ki\u1ec7n"}]},{"@type":"WebSite","@id":"https:\/\/www.vesnahotelnhatrang.com\/vi\/#website","url":"https:\/\/www.vesnahotelnhatrang.com\/vi\/","name":"Vesna hotel Nha Trang","description":"","potentialAction":[{"@type":"SearchAction","target":{"@type":"EntryPoint","urlTemplate":"https:\/\/www.vesnahotelnhatrang.com\/vi\/?s={search_term_string}"},"query-input":"required name=search_term_string"}],"inLanguage":"vi-VN"}]}},"acf":[],"_links":{"self":[{"href":"https:\/\/www.vesnahotelnhatrang.com\/vi\/wp-json\/wp\/v2\/pages\/842"}],"collection":[{"href":"https:\/\/www.vesnahotelnhatrang.com\/vi\/wp-json\/wp\/v2\/pages"}],"about":[{"href":"https:\/\/www.vesnahotelnhatrang.com\/vi\/wp-json\/wp\/v2\/types\/page"}],"author":[{"embeddable":true,"href":"https:\/\/www.vesnahotelnhatrang.com\/vi\/wp-json\/wp\/v2\/users\/271"}],"replies":[{"embeddable":true,"href":"https:\/\/www.vesnahotelnhatrang.com\/vi\/wp-json\/wp\/v2\/comments?post=842"}],"version-history":[{"count":0,"href":"https:\/\/www.vesnahotelnhatrang.com\/vi\/wp-json\/wp\/v2\/pages\/842\/revisions"}],"wp:attachment":[{"href":"https:\/\/www.vesnahotelnhatrang.com\/vi\/wp-json\/wp\/v2\/media?parent=842"}],"curies":[{"name":"wp","href":"https:\/\/api.w.org\/{rel}","templated":true}]}}