{"id":830,"date":"2026-05-06T04:10:28","date_gmt":"2026-05-06T04:10:28","guid":{"rendered":"https:\/\/www.vesnahotelnhatrang.com\/location\/po-nagar-cham-towers\/"},"modified":"2026-05-06T07:05:57","modified_gmt":"2026-05-06T07:05:57","slug":"po-nagar-cham-towers","status":"publish","type":"page","link":"https:\/\/www.vesnahotelnhatrang.com\/vi\/location\/po-nagar-cham-towers\/","title":{"rendered":"Th\u00e1p B\u00e0 Po-Na-Gar &#8211; \u0110i\u1ec3m \u0111\u1ebfn \u0111\u1eadm d\u1ea5u \u1ea5n v\u0103n h\u00f3a"},"content":{"rendered":"<section class=\"text-token-text-primary w-full focus:outline-none [--shadow-height:45px] has-data-writing-block:pointer-events-none has-data-writing-block:-mt-(--shadow-height) has-data-writing-block:pt-(--shadow-height) [&amp;:has([data-writing-block])&gt;*]:pointer-events-auto [content-visibility:auto] supports-[content-visibility:auto]:[contain-intrinsic-size:auto_100lvh] R6Vx5W_threadScrollVars scroll-mb-[calc(var(--scroll-root-safe-area-inset-bottom,0px)+var(--thread-response-height))] scroll-mt-[calc(var(--header-height)+min(200px,max(70px,20svh)))]\" dir=\"auto\" data-turn-id=\"request-WEB:b590a6bb-5fe9-46ab-9883-134007f1f106-1\" data-testid=\"conversation-turn-4\" data-scroll-anchor=\"false\" data-turn=\"assistant\">\n<div class=\"text-base my-auto mx-auto pb-10 [--thread-content-margin:var(--thread-content-margin-xs,calc(var(--spacing)*4))] @w-sm\/main:[--thread-content-margin:var(--thread-content-margin-sm,calc(var(--spacing)*6))] @w-lg\/main:[--thread-content-margin:var(--thread-content-margin-lg,calc(var(--spacing)*16))] px-(--thread-content-margin)\">\n<div class=\"[--thread-content-max-width:40rem] @w-lg\/main:[--thread-content-max-width:48rem] mx-auto max-w-(--thread-content-max-width) flex-1 group\/turn-messages focus-visible:outline-hidden relative flex w-full min-w-0 flex-col agent-turn\">\n<div class=\"flex max-w-full flex-col gap-4 grow\">\n<div class=\"min-h-8 text-message relative flex w-full flex-col items-end gap-2 text-start break-words whitespace-normal outline-none keyboard-focused:focus-ring [.text-message+&amp;]:mt-1\" dir=\"auto\" data-message-author-role=\"assistant\" data-message-id=\"a64abeb0-5255-49dd-bc1e-b7ec0dc8dc50\" data-message-model-slug=\"gpt-5-3\" data-turn-start-message=\"true\">\n<div class=\"flex w-full flex-col gap-1 empty:hidden\">\n<div class=\"markdown prose dark:prose-invert w-full wrap-break-word light markdown-new-styling\">\n<p data-start=\"0\" data-end=\"522\" data-is-last-node=\"\" data-is-only-node=\"\">T\u1ecda l\u1ea1c t\u1ea1i th\u00e0nh ph\u1ed1 Nha Trang, t\u1ec9nh Kh\u00e1nh H\u00f2a, n\u01a1i h\u1ed9i t\u1ee5 nhi\u1ec1u danh lam th\u1eafng c\u1ea3nh v\u00e0 di t\u00edch l\u1ecbch s\u1eed, qu\u1ea7n th\u1ec3 Th\u00e1p B\u00e0 Ponagar n\u1ed5i b\u1eadt nh\u01b0 m\u1ed9t bi\u1ec3u t\u01b0\u1ee3ng l\u00e2u \u0111\u1eddi v\u00e0 gi\u00e0u gi\u00e1 tr\u1ecb v\u0103n h\u00f3a. Tr\u1ea3i qua h\u01a1n m\u1ed9t thi\u00ean ni\u00ean k\u1ef7 t\u1ed3n t\u1ea1i, c\u00f4ng tr\u00ecnh kh\u00f4ng ch\u1ec9 g\u00e2y \u1ea5n t\u01b0\u1ee3ng b\u1edfi ki\u1ebfn tr\u00fac \u0111\u1ed9c \u0111\u00e1o m\u00e0 c\u00f2n ph\u1ea3n \u00e1nh s\u00e2u s\u1eafc d\u1ea5u \u1ea5n c\u1ee7a n\u1ec1n v\u0103n minh c\u1ed5 x\u01b0a. Ch\u00ednh v\u00ec v\u1eady, Th\u00e1p B\u00e0 Ponagar lu\u00f4n l\u00e0 \u0111i\u1ec3m d\u1eebng ch\u00e2n h\u1ea5p d\u1eabn, thu h\u00fat \u0111\u00f4ng \u0111\u1ea3o du kh\u00e1ch trong v\u00e0 ngo\u00e0i n\u01b0\u1edbc.<\/p>\n<p data-start=\"0\" data-end=\"522\" data-is-last-node=\"\" data-is-only-node=\"\"><img loading=\"lazy\" decoding=\"async\" class=\"wp-image-834 aligncenter\" src=\"https:\/\/www.vesnahotelnhatrang.com\/wp-content\/uploads\/sites\/144\/2026\/05\/createtravel-tv-8QzLXq2R6a0-unsplash-1-300x225.jpg\" alt=\"\" width=\"680\" height=\"510\" srcset=\"https:\/\/www.vesnahotelnhatrang.com\/wp-content\/uploads\/sites\/144\/2026\/05\/createtravel-tv-8QzLXq2R6a0-unsplash-1-300x225.jpg 300w, https:\/\/www.vesnahotelnhatrang.com\/wp-content\/uploads\/sites\/144\/2026\/05\/createtravel-tv-8QzLXq2R6a0-unsplash-1-1024x769.jpg 1024w, https:\/\/www.vesnahotelnhatrang.com\/wp-content\/uploads\/sites\/144\/2026\/05\/createtravel-tv-8QzLXq2R6a0-unsplash-1-768x577.jpg 768w, https:\/\/www.vesnahotelnhatrang.com\/wp-content\/uploads\/sites\/144\/2026\/05\/createtravel-tv-8QzLXq2R6a0-unsplash-1-200x150.jpg 200w, https:\/\/www.vesnahotelnhatrang.com\/wp-content\/uploads\/sites\/144\/2026\/05\/createtravel-tv-8QzLXq2R6a0-unsplash-1-600x451.jpg 600w, https:\/\/www.vesnahotelnhatrang.com\/wp-content\/uploads\/sites\/144\/2026\/05\/createtravel-tv-8QzLXq2R6a0-unsplash-1-1000x751.jpg 1000w, https:\/\/www.vesnahotelnhatrang.com\/wp-content\/uploads\/sites\/144\/2026\/05\/createtravel-tv-8QzLXq2R6a0-unsplash-1.jpg 1200w\" sizes=\"(max-width: 680px) 100vw, 680px\" \/><\/p>\n<p data-start=\"0\" data-end=\"522\" data-is-last-node=\"\" data-is-only-node=\"\">\n<\/div>\n<\/div>\n<\/div>\n<\/div>\n<div class=\"z-0 flex min-h-[46px] justify-start\">C\u00e1ch trung t\u00e2m th\u00e0nh ph\u1ed1 kho\u1ea3ng 2 km v\u1ec1 ph\u00eda b\u1eafc, nay thu\u1ed9c ph\u01b0\u1eddng Nha Trang. T\u00ean g\u1ecdi &#8220;Th\u00e1p Po Nagar&#8221; \u0111\u01b0\u1ee3c d\u00f9ng \u0111\u1ec3 ch\u1ec9 chung c\u1ea3 c\u00f4ng tr\u00ecnh ki\u1ebfn tr\u00fac n\u00e0y, nh\u01b0ng th\u1ef1c ra n\u00f3 l\u00e0 t\u00ean c\u1ee7a ng\u1ecdn th\u00e1p l\u1edbn nh\u1ea5t cao kho\u1ea3ng 23 m\u00e9t. Ng\u00f4i \u0111\u1ec1n n\u00e0y \u0111\u01b0\u1ee3c x\u00e2y d\u1ef1ng trong th\u1eddi k\u1ef3 \u0111\u1ea1o Hindu (\u1ea4n \u0110\u1ed9 gi\u00e1o) \u0111ang c\u01b0\u1eddng th\u1ecbnh khi Ch\u0103m pa trong giai \u0111o\u1ea1n c\u00f3 t\u00ean g\u1ecdi l\u00e0 Ho\u00e0n V\u01b0\u01a1ng Qu\u1ed1c. V\u00ec th\u1ebf t\u01b0\u1ee3ng n\u1eef th\u1ea7n c\u00f3 h\u00ecnh d\u1ea1ng c\u1ee7a Uma, v\u1ee3 c\u1ee7a Shiva.<\/div>\n<\/div>\n<div><\/div>\n<div class=\"[--thread-content-max-width:40rem] @w-lg\/main:[--thread-content-max-width:48rem] mx-auto max-w-(--thread-content-max-width) flex-1 group\/turn-messages focus-visible:outline-hidden relative flex w-full min-w-0 flex-col agent-turn\">\n<div>Th\u00e1p B\u00e0 Ponagar, c\u00f2n \u0111\u01b0\u1ee3c bi\u1ebft \u0111\u1ebfn v\u1edbi t\u00ean g\u1ecdi Th\u00e1p B\u00e0 hay Thi\u00ean Y Th\u00e1nh Th\u00e1p, t\u1ecda l\u1ea1c tr\u00ean \u0111\u1ed3i C\u00f9 Lao, b\u00ean d\u00f2ng s\u00f4ng C\u00e1i hi\u1ec1n h\u00f2a gi\u1eefa l\u00f2ng th\u00e0nh ph\u1ed1 bi\u1ec3n Nha Trang. T\u1eeb v\u1ecb tr\u00ed n\u00e0y, h\u01b0\u1edbng \u0110\u00f4ng m\u1edf ra khung c\u1ea3nh c\u1eeda bi\u1ec3n nh\u1ed9n nh\u1ecbp v\u1edbi nhi\u1ec1u t\u00e0u thuy\u1ec1n neo \u0111\u1eadu.<\/div>\n<\/div>\n<\/div>\n<\/section>\n<p data-start=\"0\" data-end=\"155\">Th\u00e1p B\u00e0 Ponagar n\u1eb1m kh\u00e1 g\u1ea7n trung t\u00e2m Nha Trang, ch\u1ec9 kho\u1ea3ng 3 km, n\u00ean b\u1ea1n c\u00f3 th\u1ec3 d\u1ec5 d\u00e0ng di chuy\u1ec3n b\u1eb1ng xe m\u00e1y ho\u1eb7c taxi \u0111\u1ec3 ti\u1ebft ki\u1ec7m th\u1eddi gian v\u00e0 chi ph\u00ed. L\u1ed9 tr\u00ecnh thu\u1eadn ti\u1ec7n nh\u1ea5t l\u00e0 t\u1eeb trung t\u00e2m, b\u1ea1n \u0111i ra \u0111\u01b0\u1eddng Tr\u1ea7n Ph\u00fa, ti\u1ebfp t\u1ee5c ch\u1ea1y th\u1eb3ng \u0111\u1ebfn c\u1ea7u Tr\u1ea7n Ph\u00fa. Sau khi qua c\u1ea7u, r\u1ebd tr\u00e1i v\u00e0o \u0111\u01b0\u1eddng Th\u00e1p B\u00e0 v\u00e0 \u0111i th\u1eb3ng \u0111\u1ebfn cu\u1ed1i \u0111\u01b0\u1eddng. T\u1ea1i \u0111\u00e2y, b\u1ea1n s\u1ebd d\u1ec5 d\u00e0ng nh\u1eadn ra khu di t\u00edch v\u1edbi b\u1ea3ng ch\u1ec9 d\u1eabn l\u1edbn c\u1ee7a Th\u00e1p B\u00e0 Ponagar.<\/p>\n<p style=\"text-align: center\" data-start=\"0\" data-end=\"155\"><img loading=\"lazy\" decoding=\"async\" class=\"alignnone wp-image-833\" src=\"https:\/\/www.vesnahotelnhatrang.com\/wp-content\/uploads\/sites\/144\/2026\/05\/duy-thanh-nguyen-MnrGJE7wCSM-unsplash-1-300x200.jpg\" alt=\"\" width=\"694\" height=\"463\" srcset=\"https:\/\/www.vesnahotelnhatrang.com\/wp-content\/uploads\/sites\/144\/2026\/05\/duy-thanh-nguyen-MnrGJE7wCSM-unsplash-1-300x200.jpg 300w, https:\/\/www.vesnahotelnhatrang.com\/wp-content\/uploads\/sites\/144\/2026\/05\/duy-thanh-nguyen-MnrGJE7wCSM-unsplash-1-1024x683.jpg 1024w, https:\/\/www.vesnahotelnhatrang.com\/wp-content\/uploads\/sites\/144\/2026\/05\/duy-thanh-nguyen-MnrGJE7wCSM-unsplash-1-768x512.jpg 768w, https:\/\/www.vesnahotelnhatrang.com\/wp-content\/uploads\/sites\/144\/2026\/05\/duy-thanh-nguyen-MnrGJE7wCSM-unsplash-1-1536x1024.jpg 1536w, https:\/\/www.vesnahotelnhatrang.com\/wp-content\/uploads\/sites\/144\/2026\/05\/duy-thanh-nguyen-MnrGJE7wCSM-unsplash-1-2048x1366.jpg 2048w, https:\/\/www.vesnahotelnhatrang.com\/wp-content\/uploads\/sites\/144\/2026\/05\/duy-thanh-nguyen-MnrGJE7wCSM-unsplash-1-200x133.jpg 200w, https:\/\/www.vesnahotelnhatrang.com\/wp-content\/uploads\/sites\/144\/2026\/05\/duy-thanh-nguyen-MnrGJE7wCSM-unsplash-1-600x400.jpg 600w, https:\/\/www.vesnahotelnhatrang.com\/wp-content\/uploads\/sites\/144\/2026\/05\/duy-thanh-nguyen-MnrGJE7wCSM-unsplash-1-1000x667.jpg 1000w\" sizes=\"(max-width: 694px) 100vw, 694px\" \/><\/p>\n<p data-start=\"0\" data-end=\"155\"><strong>Nh\u1eefng l\u01b0u \u00fd khi tham quan Th\u00e1p B\u00e0 Po-na-gar:<\/strong><\/p>\n<p data-start=\"0\" data-end=\"155\">\u2022 \u0110\u00e2y l\u00e0 khu v\u1ef1c mang \u00fd ngh\u0129a t\u00e2m linh s\u00e2u s\u1eafc, v\u00ec v\u1eady du kh\u00e1ch c\u1ea7n gi\u1eef th\u00e1i \u0111\u1ed9 t\u00f4n tr\u1ecdng, tr\u00e1nh nh\u1eefng l\u1eddi n\u00f3i thi\u1ebfu nghi\u00eam t\u00fac li\u00ean quan \u0111\u1ebfn v\u1ecb n\u1eef th\u1ea7n \u0111\u01b0\u1ee3c th\u1edd ph\u1ee5ng.<br \/>\n\u2022 Kh\u00f4ng n\u00ean mang \u0111\u1ed3 \u0103n, th\u1ee9c u\u1ed1ng t\u1eeb b\u00ean ngo\u00e0i v\u00e0o b\u00ean trong khu di t\u00edch v\u00e0 lu\u00f4n gi\u1eef g\u00ecn v\u1ec7 sinh chung, tuy\u1ec7t \u0111\u1ed1i kh\u00f4ng x\u1ea3 r\u00e1c.<br \/>\n\u2022 \u0110\u1ec3 chuy\u1ebfn tham quan th\u00eam d\u1ec5 ch\u1ecbu, b\u1ea1n n\u00ean chu\u1ea9n b\u1ecb s\u1eb5n kem ch\u1ed1ng n\u1eafng v\u00e0 mang theo m\u0169, \u00f4 ho\u1eb7c k\u00ednh r\u00e2m khi th\u1eddi ti\u1ebft n\u1eafng n\u00f3ng.<br \/>\n\u2022 Khi v\u00e0o khu th\u1edd t\u1ef1 \u0111\u1ec3 d\u00e2ng h\u01b0\u01a1ng, h\u00e3y l\u1ef1a ch\u1ecdn trang ph\u1ee5c l\u1ecbch s\u1ef1, k\u00edn \u0111\u00e1o. Trong tr\u01b0\u1eddng h\u1ee3p trang ph\u1ee5c ch\u01b0a ph\u00f9 h\u1ee3p, b\u1ea1n c\u00f3 th\u1ec3 m\u01b0\u1ee3n \u00e1o cho\u00e0ng t\u1ea1i khu v\u1ef1c th\u00e1p ch\u00ednh \u0111\u1ec3 s\u1eed d\u1ee5ng t\u1ea1m th\u1eddi.<br \/>\n\u2022 Tr\u01b0\u1edbc khi tham quan, h\u00e3y d\u00e0nh th\u1eddi gian \u0111\u1ecdc k\u1ef9 c\u00e1c quy \u0111\u1ecbnh v\u00e0 b\u1ea3ng h\u01b0\u1edbng d\u1eabn trong khu\u00f4n vi\u00ean \u0111\u1ec3 th\u1ec3 hi\u1ec7n \u00fd th\u1ee9c v\u0103n minh c\u1ee7a m\u1ed7i du kh\u00e1ch.<\/p>\n<p style=\"text-align: center\" data-start=\"0\" data-end=\"155\"><img loading=\"lazy\" decoding=\"async\" class=\"alignnone wp-image-835\" src=\"https:\/\/www.vesnahotelnhatrang.com\/wp-content\/uploads\/sites\/144\/2026\/05\/d95f875877d47d4e2204639c3ee5fc47-210x300.png\" alt=\"\" width=\"576\" height=\"823\" srcset=\"https:\/\/www.vesnahotelnhatrang.com\/wp-content\/uploads\/sites\/144\/2026\/05\/d95f875877d47d4e2204639c3ee5fc47-210x300.png 210w, https:\/\/www.vesnahotelnhatrang.com\/wp-content\/uploads\/sites\/144\/2026\/05\/d95f875877d47d4e2204639c3ee5fc47-717x1024.png 717w, https:\/\/www.vesnahotelnhatrang.com\/wp-content\/uploads\/sites\/144\/2026\/05\/d95f875877d47d4e2204639c3ee5fc47-768x1097.png 768w, https:\/\/www.vesnahotelnhatrang.com\/wp-content\/uploads\/sites\/144\/2026\/05\/d95f875877d47d4e2204639c3ee5fc47-1075x1536.png 1075w, https:\/\/www.vesnahotelnhatrang.com\/wp-content\/uploads\/sites\/144\/2026\/05\/d95f875877d47d4e2204639c3ee5fc47-200x286.png 200w, https:\/\/www.vesnahotelnhatrang.com\/wp-content\/uploads\/sites\/144\/2026\/05\/d95f875877d47d4e2204639c3ee5fc47-600x857.png 600w, https:\/\/www.vesnahotelnhatrang.com\/wp-content\/uploads\/sites\/144\/2026\/05\/d95f875877d47d4e2204639c3ee5fc47-1000x1429.png 1000w, https:\/\/www.vesnahotelnhatrang.com\/wp-content\/uploads\/sites\/144\/2026\/05\/d95f875877d47d4e2204639c3ee5fc47.png 1400w\" sizes=\"(max-width: 576px) 100vw, 576px\" \/><\/p>\n<p data-start=\"0\" data-end=\"155\">Th\u00e1p B\u00e0 Ponagar Nha Trang l\u00e0 \u0111i\u1ec3m d\u1eebng ch\u00e2n \u0111\u1ea7y cu\u1ed1n h\u00fat, n\u01a1i du kh\u00e1ch kh\u00f4ng ch\u1ec9 chi\u00eam ng\u01b0\u1ee1ng n\u00e9t ki\u1ebfn tr\u00fac \u0111\u1ed9c \u0111\u00e1o c\u1ee7a ng\u01b0\u1eddi Ch\u0103m m\u00e0 c\u00f2n c\u00f3 d\u1ecbp kh\u00e1m ph\u00e1 chi\u1ec1u s\u00e2u v\u0103n h\u00f3a th\u00f4ng qua c\u00e1c nghi l\u1ec5 v\u00e0 l\u1ec5 h\u1ed9i truy\u1ec1n th\u1ed1ng \u0111\u01b0\u1ee3c g\u00ecn gi\u1eef qua nhi\u1ec1u th\u1ebf h\u1ec7. N\u1ebfu c\u00f3 d\u1ecbp \u0111\u1ebfn Nha Trang, \u0111\u1eebng qu\u00ean \u0111\u01b0a \u0111\u1ecba danh n\u00e0y v\u00e0o h\u00e0nh tr\u00ecnh c\u1ee7a m\u00ecnh \u0111\u1ec3 chuy\u1ebfn \u0111i th\u00eam tr\u1ecdn v\u1eb9n v\u00e0 \u0111\u00e1ng nh\u1edb.<\/p>\n","protected":false},"excerpt":{"rendered":"<p>T\u1ecda l\u1ea1c t\u1ea1i th\u00e0nh ph\u1ed1 Nha Trang, t\u1ec9nh Kh\u00e1nh H\u00f2a, n\u01a1i h\u1ed9i t\u1ee5 nhi\u1ec1u danh lam th\u1eafng c\u1ea3nh v\u00e0 di t\u00edch l\u1ecbch s\u1eed, qu\u1ea7n th\u1ec3 Th\u00e1p B\u00e0 Ponagar n\u1ed5i b\u1eadt nh\u01b0 m\u1ed9t bi\u1ec3u t\u01b0\u1ee3ng l\u00e2u \u0111\u1eddi v\u00e0 gi\u00e0u gi\u00e1 tr\u1ecb v\u0103n h\u00f3a. Tr\u1ea3i qua h\u01a1n m\u1ed9t thi\u00ean ni\u00ean k\u1ef7 t\u1ed3n t\u1ea1i, c\u00f4ng tr\u00ecnh kh\u00f4ng ch\u1ec9 [&hellip;]<\/p>\n","protected":false},"author":271,"featured_media":828,"parent":210,"menu_order":0,"comment_status":"closed","ping_status":"closed","template":"template-single-offer.php","meta":{"footnotes":""},"yoast_head":"<!-- This site is optimized with the Yoast SEO plugin v22.3 - https:\/\/yoast.com\/wordpress\/plugins\/seo\/ -->\n<title>Th\u00e1p B\u00e0 Po-Na-Gar - \u0110i\u1ec3m \u0111\u1ebfn \u0111\u1eadm d\u1ea5u \u1ea5n v\u0103n h\u00f3a - Vesna Hotel Nha Trang<\/title>\n<meta name=\"robots\" content=\"index, follow, max-snippet:-1, max-image-preview:large, max-video-preview:-1\" \/>\n<link rel=\"canonical\" href=\"https:\/\/www.vesnahotelnhatrang.com\/vi\/location\/po-nagar-cham-towers\/\" \/>\n<meta property=\"og:locale\" content=\"vi_VN\" \/>\n<meta property=\"og:type\" content=\"article\" \/>\n<meta property=\"og:title\" content=\"Th\u00e1p B\u00e0 Po-Na-Gar - \u0110i\u1ec3m \u0111\u1ebfn \u0111\u1eadm d\u1ea5u \u1ea5n v\u0103n h\u00f3a - Vesna Hotel Nha Trang\" \/>\n<meta property=\"og:description\" content=\"T\u1ecda l\u1ea1c t\u1ea1i th\u00e0nh ph\u1ed1 Nha Trang, t\u1ec9nh Kh\u00e1nh H\u00f2a, n\u01a1i h\u1ed9i t\u1ee5 nhi\u1ec1u danh lam th\u1eafng c\u1ea3nh v\u00e0 di t\u00edch l\u1ecbch s\u1eed, qu\u1ea7n th\u1ec3 Th\u00e1p B\u00e0 Ponagar n\u1ed5i b\u1eadt nh\u01b0 m\u1ed9t bi\u1ec3u t\u01b0\u1ee3ng l\u00e2u \u0111\u1eddi v\u00e0 gi\u00e0u gi\u00e1 tr\u1ecb v\u0103n h\u00f3a. Tr\u1ea3i qua h\u01a1n m\u1ed9t thi\u00ean ni\u00ean k\u1ef7 t\u1ed3n t\u1ea1i, c\u00f4ng tr\u00ecnh kh\u00f4ng ch\u1ec9 [&hellip;]\" \/>\n<meta property=\"og:url\" content=\"https:\/\/www.vesnahotelnhatrang.com\/vi\/location\/po-nagar-cham-towers\/\" \/>\n<meta property=\"og:site_name\" content=\"Vesna Hotel Nha Trang\" \/>\n<meta property=\"article:modified_time\" content=\"2026-05-06T07:05:57+00:00\" \/>\n<meta property=\"og:image\" content=\"https:\/\/www.vesnahotelnhatrang.com\/wp-content\/uploads\/sites\/144\/2026\/05\/duy-thanh-nguyen-MnrGJE7wCSM-unsplash.jpg\" \/>\n\t<meta property=\"og:image:width\" content=\"2200\" \/>\n\t<meta property=\"og:image:height\" content=\"1467\" \/>\n\t<meta property=\"og:image:type\" content=\"image\/jpeg\" \/>\n<meta name=\"twitter:card\" content=\"summary_large_image\" \/>\n<meta name=\"twitter:label1\" content=\"Est. reading time\" \/>\n\t<meta name=\"twitter:data1\" content=\"4 minutes\" \/>\n<script type=\"application\/ld+json\" class=\"yoast-schema-graph\">{\"@context\":\"https:\/\/schema.org\",\"@graph\":[{\"@type\":\"WebPage\",\"@id\":\"https:\/\/www.vesnahotelnhatrang.com\/vi\/location\/po-nagar-cham-towers\/\",\"url\":\"https:\/\/www.vesnahotelnhatrang.com\/vi\/location\/po-nagar-cham-towers\/\",\"name\":\"Th\u00e1p B\u00e0 Po-Na-Gar - \u0110i\u1ec3m \u0111\u1ebfn \u0111\u1eadm d\u1ea5u \u1ea5n v\u0103n h\u00f3a - Vesna Hotel Nha Trang\",\"isPartOf\":{\"@id\":\"https:\/\/www.vesnahotelnhatrang.com\/vi\/#website\"},\"primaryImageOfPage\":{\"@id\":\"https:\/\/www.vesnahotelnhatrang.com\/vi\/location\/po-nagar-cham-towers\/#primaryimage\"},\"image\":{\"@id\":\"https:\/\/www.vesnahotelnhatrang.com\/vi\/location\/po-nagar-cham-towers\/#primaryimage\"},\"thumbnailUrl\":\"https:\/\/www.vesnahotelnhatrang.com\/wp-content\/uploads\/sites\/144\/2026\/05\/duy-thanh-nguyen-MnrGJE7wCSM-unsplash.jpg\",\"datePublished\":\"2026-05-06T04:10:28+00:00\",\"dateModified\":\"2026-05-06T07:05:57+00:00\",\"breadcrumb\":{\"@id\":\"https:\/\/www.vesnahotelnhatrang.com\/vi\/location\/po-nagar-cham-towers\/#breadcrumb\"},\"inLanguage\":\"vi-VN\",\"potentialAction\":[{\"@type\":\"ReadAction\",\"target\":[\"https:\/\/www.vesnahotelnhatrang.com\/vi\/location\/po-nagar-cham-towers\/\"]}]},{\"@type\":\"ImageObject\",\"inLanguage\":\"vi-VN\",\"@id\":\"https:\/\/www.vesnahotelnhatrang.com\/vi\/location\/po-nagar-cham-towers\/#primaryimage\",\"url\":\"https:\/\/www.vesnahotelnhatrang.com\/wp-content\/uploads\/sites\/144\/2026\/05\/duy-thanh-nguyen-MnrGJE7wCSM-unsplash.jpg\",\"contentUrl\":\"https:\/\/www.vesnahotelnhatrang.com\/wp-content\/uploads\/sites\/144\/2026\/05\/duy-thanh-nguyen-MnrGJE7wCSM-unsplash.jpg\",\"width\":2200,\"height\":1467},{\"@type\":\"BreadcrumbList\",\"@id\":\"https:\/\/www.vesnahotelnhatrang.com\/vi\/location\/po-nagar-cham-towers\/#breadcrumb\",\"itemListElement\":[{\"@type\":\"ListItem\",\"position\":1,\"name\":\"Home\",\"item\":\"https:\/\/www.vesnahotelnhatrang.com\/vi\/\"},{\"@type\":\"ListItem\",\"position\":2,\"name\":\"\u0110\u1ebfn v\u1edbi ch\u00fang t\u00f4i\",\"item\":\"https:\/\/www.vesnahotelnhatrang.com\/vi\/location\/\"},{\"@type\":\"ListItem\",\"position\":3,\"name\":\"Th\u00e1p B\u00e0 Po-Na-Gar &#8211; \u0110i\u1ec3m \u0111\u1ebfn \u0111\u1eadm d\u1ea5u \u1ea5n v\u0103n h\u00f3a\"}]},{\"@type\":\"WebSite\",\"@id\":\"https:\/\/www.vesnahotelnhatrang.com\/vi\/#website\",\"url\":\"https:\/\/www.vesnahotelnhatrang.com\/vi\/\",\"name\":\"Vesna hotel Nha Trang\",\"description\":\"\",\"potentialAction\":[{\"@type\":\"SearchAction\",\"target\":{\"@type\":\"EntryPoint\",\"urlTemplate\":\"https:\/\/www.vesnahotelnhatrang.com\/vi\/?s={search_term_string}\"},\"query-input\":\"required name=search_term_string\"}],\"inLanguage\":\"vi-VN\"}]}<\/script>\n<!-- \/ Yoast SEO plugin. -->","yoast_head_json":{"title":"Th\u00e1p B\u00e0 Po-Na-Gar - \u0110i\u1ec3m \u0111\u1ebfn \u0111\u1eadm d\u1ea5u \u1ea5n v\u0103n h\u00f3a - Vesna Hotel Nha Trang","robots":{"index":"index","follow":"follow","max-snippet":"max-snippet:-1","max-image-preview":"max-image-preview:large","max-video-preview":"max-video-preview:-1"},"canonical":"https:\/\/www.vesnahotelnhatrang.com\/vi\/location\/po-nagar-cham-towers\/","og_locale":"vi_VN","og_type":"article","og_title":"Th\u00e1p B\u00e0 Po-Na-Gar - \u0110i\u1ec3m \u0111\u1ebfn \u0111\u1eadm d\u1ea5u \u1ea5n v\u0103n h\u00f3a - Vesna Hotel Nha Trang","og_description":"T\u1ecda l\u1ea1c t\u1ea1i th\u00e0nh ph\u1ed1 Nha Trang, t\u1ec9nh Kh\u00e1nh H\u00f2a, n\u01a1i h\u1ed9i t\u1ee5 nhi\u1ec1u danh lam th\u1eafng c\u1ea3nh v\u00e0 di t\u00edch l\u1ecbch s\u1eed, qu\u1ea7n th\u1ec3 Th\u00e1p B\u00e0 Ponagar n\u1ed5i b\u1eadt nh\u01b0 m\u1ed9t bi\u1ec3u t\u01b0\u1ee3ng l\u00e2u \u0111\u1eddi v\u00e0 gi\u00e0u gi\u00e1 tr\u1ecb v\u0103n h\u00f3a. Tr\u1ea3i qua h\u01a1n m\u1ed9t thi\u00ean ni\u00ean k\u1ef7 t\u1ed3n t\u1ea1i, c\u00f4ng tr\u00ecnh kh\u00f4ng ch\u1ec9 [&hellip;]","og_url":"https:\/\/www.vesnahotelnhatrang.com\/vi\/location\/po-nagar-cham-towers\/","og_site_name":"Vesna Hotel Nha Trang","article_modified_time":"2026-05-06T07:05:57+00:00","og_image":[{"width":2200,"height":1467,"url":"https:\/\/www.vesnahotelnhatrang.com\/wp-content\/uploads\/sites\/144\/2026\/05\/duy-thanh-nguyen-MnrGJE7wCSM-unsplash.jpg","type":"image\/jpeg"}],"twitter_card":"summary_large_image","twitter_misc":{"Est. reading time":"4 minutes"},"schema":{"@context":"https:\/\/schema.org","@graph":[{"@type":"WebPage","@id":"https:\/\/www.vesnahotelnhatrang.com\/vi\/location\/po-nagar-cham-towers\/","url":"https:\/\/www.vesnahotelnhatrang.com\/vi\/location\/po-nagar-cham-towers\/","name":"Th\u00e1p B\u00e0 Po-Na-Gar - \u0110i\u1ec3m \u0111\u1ebfn \u0111\u1eadm d\u1ea5u \u1ea5n v\u0103n h\u00f3a - Vesna Hotel Nha Trang","isPartOf":{"@id":"https:\/\/www.vesnahotelnhatrang.com\/vi\/#website"},"primaryImageOfPage":{"@id":"https:\/\/www.vesnahotelnhatrang.com\/vi\/location\/po-nagar-cham-towers\/#primaryimage"},"image":{"@id":"https:\/\/www.vesnahotelnhatrang.com\/vi\/location\/po-nagar-cham-towers\/#primaryimage"},"thumbnailUrl":"https:\/\/www.vesnahotelnhatrang.com\/wp-content\/uploads\/sites\/144\/2026\/05\/duy-thanh-nguyen-MnrGJE7wCSM-unsplash.jpg","datePublished":"2026-05-06T04:10:28+00:00","dateModified":"2026-05-06T07:05:57+00:00","breadcrumb":{"@id":"https:\/\/www.vesnahotelnhatrang.com\/vi\/location\/po-nagar-cham-towers\/#breadcrumb"},"inLanguage":"vi-VN","potentialAction":[{"@type":"ReadAction","target":["https:\/\/www.vesnahotelnhatrang.com\/vi\/location\/po-nagar-cham-towers\/"]}]},{"@type":"ImageObject","inLanguage":"vi-VN","@id":"https:\/\/www.vesnahotelnhatrang.com\/vi\/location\/po-nagar-cham-towers\/#primaryimage","url":"https:\/\/www.vesnahotelnhatrang.com\/wp-content\/uploads\/sites\/144\/2026\/05\/duy-thanh-nguyen-MnrGJE7wCSM-unsplash.jpg","contentUrl":"https:\/\/www.vesnahotelnhatrang.com\/wp-content\/uploads\/sites\/144\/2026\/05\/duy-thanh-nguyen-MnrGJE7wCSM-unsplash.jpg","width":2200,"height":1467},{"@type":"BreadcrumbList","@id":"https:\/\/www.vesnahotelnhatrang.com\/vi\/location\/po-nagar-cham-towers\/#breadcrumb","itemListElement":[{"@type":"ListItem","position":1,"name":"Home","item":"https:\/\/www.vesnahotelnhatrang.com\/vi\/"},{"@type":"ListItem","position":2,"name":"\u0110\u1ebfn v\u1edbi ch\u00fang t\u00f4i","item":"https:\/\/www.vesnahotelnhatrang.com\/vi\/location\/"},{"@type":"ListItem","position":3,"name":"Th\u00e1p B\u00e0 Po-Na-Gar &#8211; \u0110i\u1ec3m \u0111\u1ebfn \u0111\u1eadm d\u1ea5u \u1ea5n v\u0103n h\u00f3a"}]},{"@type":"WebSite","@id":"https:\/\/www.vesnahotelnhatrang.com\/vi\/#website","url":"https:\/\/www.vesnahotelnhatrang.com\/vi\/","name":"Vesna hotel Nha Trang","description":"","potentialAction":[{"@type":"SearchAction","target":{"@type":"EntryPoint","urlTemplate":"https:\/\/www.vesnahotelnhatrang.com\/vi\/?s={search_term_string}"},"query-input":"required name=search_term_string"}],"inLanguage":"vi-VN"}]}},"acf":[],"_links":{"self":[{"href":"https:\/\/www.vesnahotelnhatrang.com\/vi\/wp-json\/wp\/v2\/pages\/830"}],"collection":[{"href":"https:\/\/www.vesnahotelnhatrang.com\/vi\/wp-json\/wp\/v2\/pages"}],"about":[{"href":"https:\/\/www.vesnahotelnhatrang.com\/vi\/wp-json\/wp\/v2\/types\/page"}],"author":[{"embeddable":true,"href":"https:\/\/www.vesnahotelnhatrang.com\/vi\/wp-json\/wp\/v2\/users\/271"}],"replies":[{"embeddable":true,"href":"https:\/\/www.vesnahotelnhatrang.com\/vi\/wp-json\/wp\/v2\/comments?post=830"}],"version-history":[{"count":0,"href":"https:\/\/www.vesnahotelnhatrang.com\/vi\/wp-json\/wp\/v2\/pages\/830\/revisions"}],"up":[{"embeddable":true,"href":"https:\/\/www.vesnahotelnhatrang.com\/vi\/wp-json\/wp\/v2\/pages\/210"}],"wp:featuredmedia":[{"embeddable":true,"href":"https:\/\/www.vesnahotelnhatrang.com\/vi\/wp-json\/wp\/v2\/media\/828"}],"wp:attachment":[{"href":"https:\/\/www.vesnahotelnhatrang.com\/vi\/wp-json\/wp\/v2\/media?parent=830"}],"curies":[{"name":"wp","href":"https:\/\/api.w.org\/{rel}","templated":true}]}}