{"id":821,"date":"2026-04-29T10:10:48","date_gmt":"2026-04-29T10:10:48","guid":{"rendered":"https:\/\/www.vesnahotelnhatrang.com\/dining\/"},"modified":"2026-04-29T17:32:57","modified_gmt":"2026-04-29T17:32:57","slug":"dining","status":"publish","type":"page","link":"https:\/\/www.vesnahotelnhatrang.com\/vi\/uu-dai\/dining\/","title":{"rendered":"\u1ea8m th\u1ef1c"},"content":{"rendered":"<p style=\"text-align: center\" data-start=\"84\" data-end=\"388\">Kh\u00e1m ph\u00e1 h\u00e0nh tr\u00ecnh \u1ea9m th\u1ef1c \u0111\u1ea7y c\u1ea3m h\u1ee9ng v\u1edbi c\u00e1c \u01b0u \u0111\u00e3i \u0111\u1eb7c bi\u1ec7t t\u1ea1i Vesna Hotel Nha Trang, n\u01a1i h\u1ed9i t\u1ee5 tinh hoa \u1ea9m th\u1ef1c \u0111\u1ecba ph\u01b0\u01a1ng v\u00e0 qu\u1ed1c t\u1ebf trong kh\u00f4ng gian sang tr\u1ecdng, tinh t\u1ebf. M\u1ed7i m\u00f3n \u0103n \u0111\u01b0\u1ee3c ch\u1ebf bi\u1ebfn t\u1ec9 m\u1ec9 t\u1eeb ngu\u1ed3n nguy\u00ean li\u1ec7u t\u01b0\u01a1i ngon, mang \u0111\u1ebfn tr\u1ea3i nghi\u1ec7m v\u1ecb gi\u00e1c tr\u1ecdn v\u1eb9n cho m\u1ecdi th\u1ef1c kh\u00e1ch.<\/p>\n<p style=\"text-align: center\" data-start=\"390\" data-end=\"757\">V\u1edbi \u0111a d\u1ea1ng ch\u01b0\u01a1ng tr\u00ecnh \u01b0u \u0111\u00e3i h\u1ea5p d\u1eabn, t\u1eeb buffet s\u00e1ng phong ph\u00fa, set menu \u0111\u1eb7c bi\u1ec7t \u0111\u1ebfn c\u00e1c combo \u1ea9m th\u1ef1c theo m\u00f9a, kh\u00e1ch l\u01b0u tr\u00fa c\u00f3 th\u1ec3 t\u1eadn h\u01b0\u1edfng nh\u1eefng b\u1eefa \u0103n ch\u1ea5t l\u01b0\u1ee3ng v\u1edbi m\u1ee9c gi\u00e1 \u01b0u \u0111\u00e3i. \u0110\u00e2y kh\u00f4ng ch\u1ec9 l\u00e0 c\u01a1 h\u1ed9i \u0111\u1ec3 th\u01b0\u1edfng th\u1ee9c \u1ea9m th\u1ef1c \u0111\u1eb7c s\u1eafc m\u00e0 c\u00f2n l\u00e0 c\u00e1ch ho\u00e0n h\u1ea3o \u0111\u1ec3 n\u00e2ng t\u1ea7m tr\u1ea3i nghi\u1ec7m ngh\u1ec9 d\u01b0\u1ee1ng, t\u1eadn h\u01b0\u1edfng nh\u1eefng kho\u1ea3nh kh\u1eafc \u0111\u00e1ng nh\u1edb b\u00ean gia \u0111\u00ecnh v\u00e0 b\u1ea1n b\u00e8.<\/p>\n","protected":false},"excerpt":{"rendered":"<p>Kh\u00e1m ph\u00e1 h\u00e0nh tr\u00ecnh \u1ea9m th\u1ef1c \u0111\u1ea7y c\u1ea3m h\u1ee9ng v\u1edbi c\u00e1c \u01b0u \u0111\u00e3i \u0111\u1eb7c bi\u1ec7t t\u1ea1i Vesna Hotel Nha Trang, n\u01a1i h\u1ed9i t\u1ee5 tinh hoa \u1ea9m th\u1ef1c \u0111\u1ecba ph\u01b0\u01a1ng v\u00e0 qu\u1ed1c t\u1ebf trong kh\u00f4ng gian sang tr\u1ecdng, tinh t\u1ebf. M\u1ed7i m\u00f3n \u0103n \u0111\u01b0\u1ee3c ch\u1ebf bi\u1ebfn t\u1ec9 m\u1ec9 t\u1eeb ngu\u1ed3n nguy\u00ean li\u1ec7u t\u01b0\u01a1i ngon, mang \u0111\u1ebfn [&hellip;]<\/p>\n","protected":false},"author":271,"featured_media":434,"parent":570,"menu_order":0,"comment_status":"closed","ping_status":"closed","template":"template-offers.php","meta":{"footnotes":""},"yoast_head":"<!-- This site is optimized with the Yoast SEO plugin v22.3 - https:\/\/yoast.com\/wordpress\/plugins\/seo\/ -->\n<title>\u1ea8m th\u1ef1c - Vesna Hotel Nha Trang<\/title>\n<meta name=\"robots\" content=\"index, follow, max-snippet:-1, max-image-preview:large, max-video-preview:-1\" \/>\n<link rel=\"canonical\" href=\"https:\/\/www.vesnahotelnhatrang.com\/vi\/uu-dai\/dining\/\" \/>\n<meta property=\"og:locale\" content=\"vi_VN\" \/>\n<meta property=\"og:type\" content=\"article\" \/>\n<meta property=\"og:title\" content=\"\u1ea8m th\u1ef1c - Vesna Hotel Nha Trang\" \/>\n<meta property=\"og:description\" content=\"Kh\u00e1m ph\u00e1 h\u00e0nh tr\u00ecnh \u1ea9m th\u1ef1c \u0111\u1ea7y c\u1ea3m h\u1ee9ng v\u1edbi c\u00e1c \u01b0u \u0111\u00e3i \u0111\u1eb7c bi\u1ec7t t\u1ea1i Vesna Hotel Nha Trang, n\u01a1i h\u1ed9i t\u1ee5 tinh hoa \u1ea9m th\u1ef1c \u0111\u1ecba ph\u01b0\u01a1ng v\u00e0 qu\u1ed1c t\u1ebf trong kh\u00f4ng gian sang tr\u1ecdng, tinh t\u1ebf. M\u1ed7i m\u00f3n \u0103n \u0111\u01b0\u1ee3c ch\u1ebf bi\u1ebfn t\u1ec9 m\u1ec9 t\u1eeb ngu\u1ed3n nguy\u00ean li\u1ec7u t\u01b0\u01a1i ngon, mang \u0111\u1ebfn [&hellip;]\" \/>\n<meta property=\"og:url\" content=\"https:\/\/www.vesnahotelnhatrang.com\/vi\/uu-dai\/dining\/\" \/>\n<meta property=\"og:site_name\" content=\"Vesna Hotel Nha Trang\" \/>\n<meta property=\"article:modified_time\" content=\"2026-04-29T17:32:57+00:00\" \/>\n<meta property=\"og:image\" content=\"https:\/\/www.vesnahotelnhatrang.com\/wp-content\/uploads\/sites\/144\/2026\/04\/ST_06185.jpg\" \/>\n\t<meta property=\"og:image:width\" content=\"2200\" \/>\n\t<meta property=\"og:image:height\" content=\"2200\" \/>\n\t<meta property=\"og:image:type\" content=\"image\/jpeg\" \/>\n<meta name=\"twitter:card\" content=\"summary_large_image\" \/>\n<meta name=\"twitter:label1\" content=\"Est. reading time\" \/>\n\t<meta name=\"twitter:data1\" content=\"1 minute\" \/>\n<script type=\"application\/ld+json\" class=\"yoast-schema-graph\">{\"@context\":\"https:\/\/schema.org\",\"@graph\":[{\"@type\":\"WebPage\",\"@id\":\"https:\/\/www.vesnahotelnhatrang.com\/vi\/uu-dai\/dining\/\",\"url\":\"https:\/\/www.vesnahotelnhatrang.com\/vi\/uu-dai\/dining\/\",\"name\":\"\u1ea8m th\u1ef1c - Vesna Hotel Nha Trang\",\"isPartOf\":{\"@id\":\"https:\/\/www.vesnahotelnhatrang.com\/vi\/#website\"},\"primaryImageOfPage\":{\"@id\":\"https:\/\/www.vesnahotelnhatrang.com\/vi\/uu-dai\/dining\/#primaryimage\"},\"image\":{\"@id\":\"https:\/\/www.vesnahotelnhatrang.com\/vi\/uu-dai\/dining\/#primaryimage\"},\"thumbnailUrl\":\"https:\/\/www.vesnahotelnhatrang.com\/wp-content\/uploads\/sites\/144\/2026\/04\/ST_06185.jpg\",\"datePublished\":\"2026-04-29T10:10:48+00:00\",\"dateModified\":\"2026-04-29T17:32:57+00:00\",\"breadcrumb\":{\"@id\":\"https:\/\/www.vesnahotelnhatrang.com\/vi\/uu-dai\/dining\/#breadcrumb\"},\"inLanguage\":\"vi-VN\",\"potentialAction\":[{\"@type\":\"ReadAction\",\"target\":[\"https:\/\/www.vesnahotelnhatrang.com\/vi\/uu-dai\/dining\/\"]}]},{\"@type\":\"ImageObject\",\"inLanguage\":\"vi-VN\",\"@id\":\"https:\/\/www.vesnahotelnhatrang.com\/vi\/uu-dai\/dining\/#primaryimage\",\"url\":\"https:\/\/www.vesnahotelnhatrang.com\/wp-content\/uploads\/sites\/144\/2026\/04\/ST_06185.jpg\",\"contentUrl\":\"https:\/\/www.vesnahotelnhatrang.com\/wp-content\/uploads\/sites\/144\/2026\/04\/ST_06185.jpg\",\"width\":2200,\"height\":2200},{\"@type\":\"BreadcrumbList\",\"@id\":\"https:\/\/www.vesnahotelnhatrang.com\/vi\/uu-dai\/dining\/#breadcrumb\",\"itemListElement\":[{\"@type\":\"ListItem\",\"position\":1,\"name\":\"Home\",\"item\":\"https:\/\/www.vesnahotelnhatrang.com\/vi\/\"},{\"@type\":\"ListItem\",\"position\":2,\"name\":\"Ch\u01b0\u01a1ng tr\u00ecnh khuy\u1ebfn m\u00e3i\",\"item\":\"https:\/\/www.vesnahotelnhatrang.com\/vi\/uu-dai\/\"},{\"@type\":\"ListItem\",\"position\":3,\"name\":\"\u1ea8m th\u1ef1c\"}]},{\"@type\":\"WebSite\",\"@id\":\"https:\/\/www.vesnahotelnhatrang.com\/vi\/#website\",\"url\":\"https:\/\/www.vesnahotelnhatrang.com\/vi\/\",\"name\":\"Vesna hotel Nha Trang\",\"description\":\"\",\"potentialAction\":[{\"@type\":\"SearchAction\",\"target\":{\"@type\":\"EntryPoint\",\"urlTemplate\":\"https:\/\/www.vesnahotelnhatrang.com\/vi\/?s={search_term_string}\"},\"query-input\":\"required name=search_term_string\"}],\"inLanguage\":\"vi-VN\"}]}<\/script>\n<!-- \/ Yoast SEO plugin. -->","yoast_head_json":{"title":"\u1ea8m th\u1ef1c - Vesna Hotel Nha Trang","robots":{"index":"index","follow":"follow","max-snippet":"max-snippet:-1","max-image-preview":"max-image-preview:large","max-video-preview":"max-video-preview:-1"},"canonical":"https:\/\/www.vesnahotelnhatrang.com\/vi\/uu-dai\/dining\/","og_locale":"vi_VN","og_type":"article","og_title":"\u1ea8m th\u1ef1c - Vesna Hotel Nha Trang","og_description":"Kh\u00e1m ph\u00e1 h\u00e0nh tr\u00ecnh \u1ea9m th\u1ef1c \u0111\u1ea7y c\u1ea3m h\u1ee9ng v\u1edbi c\u00e1c \u01b0u \u0111\u00e3i \u0111\u1eb7c bi\u1ec7t t\u1ea1i Vesna Hotel Nha Trang, n\u01a1i h\u1ed9i t\u1ee5 tinh hoa \u1ea9m th\u1ef1c \u0111\u1ecba ph\u01b0\u01a1ng v\u00e0 qu\u1ed1c t\u1ebf trong kh\u00f4ng gian sang tr\u1ecdng, tinh t\u1ebf. M\u1ed7i m\u00f3n \u0103n \u0111\u01b0\u1ee3c ch\u1ebf bi\u1ebfn t\u1ec9 m\u1ec9 t\u1eeb ngu\u1ed3n nguy\u00ean li\u1ec7u t\u01b0\u01a1i ngon, mang \u0111\u1ebfn [&hellip;]","og_url":"https:\/\/www.vesnahotelnhatrang.com\/vi\/uu-dai\/dining\/","og_site_name":"Vesna Hotel Nha Trang","article_modified_time":"2026-04-29T17:32:57+00:00","og_image":[{"width":2200,"height":2200,"url":"https:\/\/www.vesnahotelnhatrang.com\/wp-content\/uploads\/sites\/144\/2026\/04\/ST_06185.jpg","type":"image\/jpeg"}],"twitter_card":"summary_large_image","twitter_misc":{"Est. reading time":"1 minute"},"schema":{"@context":"https:\/\/schema.org","@graph":[{"@type":"WebPage","@id":"https:\/\/www.vesnahotelnhatrang.com\/vi\/uu-dai\/dining\/","url":"https:\/\/www.vesnahotelnhatrang.com\/vi\/uu-dai\/dining\/","name":"\u1ea8m th\u1ef1c - Vesna Hotel Nha Trang","isPartOf":{"@id":"https:\/\/www.vesnahotelnhatrang.com\/vi\/#website"},"primaryImageOfPage":{"@id":"https:\/\/www.vesnahotelnhatrang.com\/vi\/uu-dai\/dining\/#primaryimage"},"image":{"@id":"https:\/\/www.vesnahotelnhatrang.com\/vi\/uu-dai\/dining\/#primaryimage"},"thumbnailUrl":"https:\/\/www.vesnahotelnhatrang.com\/wp-content\/uploads\/sites\/144\/2026\/04\/ST_06185.jpg","datePublished":"2026-04-29T10:10:48+00:00","dateModified":"2026-04-29T17:32:57+00:00","breadcrumb":{"@id":"https:\/\/www.vesnahotelnhatrang.com\/vi\/uu-dai\/dining\/#breadcrumb"},"inLanguage":"vi-VN","potentialAction":[{"@type":"ReadAction","target":["https:\/\/www.vesnahotelnhatrang.com\/vi\/uu-dai\/dining\/"]}]},{"@type":"ImageObject","inLanguage":"vi-VN","@id":"https:\/\/www.vesnahotelnhatrang.com\/vi\/uu-dai\/dining\/#primaryimage","url":"https:\/\/www.vesnahotelnhatrang.com\/wp-content\/uploads\/sites\/144\/2026\/04\/ST_06185.jpg","contentUrl":"https:\/\/www.vesnahotelnhatrang.com\/wp-content\/uploads\/sites\/144\/2026\/04\/ST_06185.jpg","width":2200,"height":2200},{"@type":"BreadcrumbList","@id":"https:\/\/www.vesnahotelnhatrang.com\/vi\/uu-dai\/dining\/#breadcrumb","itemListElement":[{"@type":"ListItem","position":1,"name":"Home","item":"https:\/\/www.vesnahotelnhatrang.com\/vi\/"},{"@type":"ListItem","position":2,"name":"Ch\u01b0\u01a1ng tr\u00ecnh khuy\u1ebfn m\u00e3i","item":"https:\/\/www.vesnahotelnhatrang.com\/vi\/uu-dai\/"},{"@type":"ListItem","position":3,"name":"\u1ea8m th\u1ef1c"}]},{"@type":"WebSite","@id":"https:\/\/www.vesnahotelnhatrang.com\/vi\/#website","url":"https:\/\/www.vesnahotelnhatrang.com\/vi\/","name":"Vesna hotel Nha Trang","description":"","potentialAction":[{"@type":"SearchAction","target":{"@type":"EntryPoint","urlTemplate":"https:\/\/www.vesnahotelnhatrang.com\/vi\/?s={search_term_string}"},"query-input":"required name=search_term_string"}],"inLanguage":"vi-VN"}]}},"acf":[],"_links":{"self":[{"href":"https:\/\/www.vesnahotelnhatrang.com\/vi\/wp-json\/wp\/v2\/pages\/821"}],"collection":[{"href":"https:\/\/www.vesnahotelnhatrang.com\/vi\/wp-json\/wp\/v2\/pages"}],"about":[{"href":"https:\/\/www.vesnahotelnhatrang.com\/vi\/wp-json\/wp\/v2\/types\/page"}],"author":[{"embeddable":true,"href":"https:\/\/www.vesnahotelnhatrang.com\/vi\/wp-json\/wp\/v2\/users\/271"}],"replies":[{"embeddable":true,"href":"https:\/\/www.vesnahotelnhatrang.com\/vi\/wp-json\/wp\/v2\/comments?post=821"}],"version-history":[{"count":0,"href":"https:\/\/www.vesnahotelnhatrang.com\/vi\/wp-json\/wp\/v2\/pages\/821\/revisions"}],"up":[{"embeddable":true,"href":"https:\/\/www.vesnahotelnhatrang.com\/vi\/wp-json\/wp\/v2\/pages\/570"}],"wp:featuredmedia":[{"embeddable":true,"href":"https:\/\/www.vesnahotelnhatrang.com\/vi\/wp-json\/wp\/v2\/media\/434"}],"wp:attachment":[{"href":"https:\/\/www.vesnahotelnhatrang.com\/vi\/wp-json\/wp\/v2\/media?parent=821"}],"curies":[{"name":"wp","href":"https:\/\/api.w.org\/{rel}","templated":true}]}}