{"id":815,"date":"2026-04-29T09:53:11","date_gmt":"2026-04-29T09:53:11","guid":{"rendered":"https:\/\/www.vesnahotelnhatrang.com\/?page_id=815"},"modified":"2026-04-29T17:34:51","modified_gmt":"2026-04-29T17:34:51","slug":"luu-tru","status":"publish","type":"page","link":"https:\/\/www.vesnahotelnhatrang.com\/vi\/uu-dai\/luu-tru\/","title":{"rendered":"L\u01b0u tr\u00fa"},"content":{"rendered":"<p style=\"text-align: center\" data-start=\"70\" data-end=\"376\">T\u1eadn h\u01b0\u1edfng k\u1ef3 ngh\u1ec9 tr\u1ecdn v\u1eb9n v\u1edbi c\u00e1c \u01b0u \u0111\u00e3i g\u00f3i ph\u00f2ng h\u1ea5p d\u1eabn t\u1ea1i Vesna Hotel Nha Trang, n\u01a1i mang \u0111\u1ebfn kh\u00f4ng gian l\u01b0u tr\u00fa hi\u1ec7n \u0111\u1ea1i, ti\u1ec7n nghi c\u00f9ng t\u1ea7m nh\u00ecn tuy\u1ec7t \u0111\u1eb9p h\u01b0\u1edbng bi\u1ec3n. C\u00e1c g\u00f3i ph\u00f2ng \u0111\u01b0\u1ee3c thi\u1ebft k\u1ebf linh ho\u1ea1t, ph\u00f9 h\u1ee3p v\u1edbi nhi\u1ec1u nhu c\u1ea7u t\u1eeb ngh\u1ec9 d\u01b0\u1ee1ng th\u01b0 gi\u00e3n, du l\u1ecbch gia \u0111\u00ecnh \u0111\u1ebfn k\u1ef3 ngh\u1ec9 l\u00e3ng m\u1ea1n.<\/p>\n<p style=\"text-align: center\" data-start=\"378\" data-end=\"735\">V\u1edbi nhi\u1ec1u ch\u01b0\u01a1ng tr\u00ecnh \u01b0u \u0111\u00e3i \u0111\u1eb7c bi\u1ec7t, kh\u00e1ch l\u01b0u tr\u00fa kh\u00f4ng ch\u1ec9 nh\u1eadn \u0111\u01b0\u1ee3c m\u1ee9c gi\u00e1 t\u1ed1t h\u01a1n m\u00e0 c\u00f2n \u0111\u01b0\u1ee3c t\u1eadn h\u01b0\u1edfng c\u00e1c quy\u1ec1n l\u1ee3i \u0111i k\u00e8m nh\u01b0 buffet s\u00e1ng, d\u1ecbch v\u1ee5 spa, \u1ea9m th\u1ef1c ho\u1eb7c c\u00e1c tr\u1ea3i nghi\u1ec7m \u0111\u1ed9c quy\u1ec1n t\u1ea1i kh\u00e1ch s\u1ea1n. \u0110\u00e2y l\u00e0 l\u1ef1a ch\u1ecdn l\u00fd t\u01b0\u1edfng \u0111\u1ec3 b\u1ea1n n\u00e2ng t\u1ea7m k\u1ef3 ngh\u1ec9, t\u1eadn h\u01b0\u1edfng s\u1ef1 tho\u1ea3i m\u00e1i v\u00e0 t\u1ea1o n\u00ean nh\u1eefng kho\u1ea3nh kh\u1eafc \u0111\u00e1ng nh\u1edb t\u1ea1i th\u00e0nh ph\u1ed1 bi\u1ec3n Nha Trang.<\/p>\n","protected":false},"excerpt":{"rendered":"<p>T\u1eadn h\u01b0\u1edfng k\u1ef3 ngh\u1ec9 tr\u1ecdn v\u1eb9n v\u1edbi c\u00e1c \u01b0u \u0111\u00e3i g\u00f3i ph\u00f2ng h\u1ea5p d\u1eabn t\u1ea1i Vesna Hotel Nha Trang, n\u01a1i mang \u0111\u1ebfn kh\u00f4ng gian l\u01b0u tr\u00fa hi\u1ec7n \u0111\u1ea1i, ti\u1ec7n nghi c\u00f9ng t\u1ea7m nh\u00ecn tuy\u1ec7t \u0111\u1eb9p h\u01b0\u1edbng bi\u1ec3n. C\u00e1c g\u00f3i ph\u00f2ng \u0111\u01b0\u1ee3c thi\u1ebft k\u1ebf linh ho\u1ea1t, ph\u00f9 h\u1ee3p v\u1edbi nhi\u1ec1u nhu c\u1ea7u t\u1eeb ngh\u1ec9 d\u01b0\u1ee1ng th\u01b0 [&hellip;]<\/p>\n","protected":false},"author":271,"featured_media":439,"parent":570,"menu_order":0,"comment_status":"closed","ping_status":"closed","template":"template-offers.php","meta":{"footnotes":""},"yoast_head":"<!-- This site is optimized with the Yoast SEO plugin v22.3 - https:\/\/yoast.com\/wordpress\/plugins\/seo\/ -->\n<title>L\u01b0u tr\u00fa - Vesna Hotel Nha Trang<\/title>\n<meta name=\"robots\" content=\"index, follow, max-snippet:-1, max-image-preview:large, max-video-preview:-1\" \/>\n<link rel=\"canonical\" href=\"https:\/\/www.vesnahotelnhatrang.com\/vi\/uu-dai\/luu-tru\/\" \/>\n<meta property=\"og:locale\" content=\"vi_VN\" \/>\n<meta property=\"og:type\" content=\"article\" \/>\n<meta property=\"og:title\" content=\"L\u01b0u tr\u00fa - Vesna Hotel Nha Trang\" \/>\n<meta property=\"og:description\" content=\"T\u1eadn h\u01b0\u1edfng k\u1ef3 ngh\u1ec9 tr\u1ecdn v\u1eb9n v\u1edbi c\u00e1c \u01b0u \u0111\u00e3i g\u00f3i ph\u00f2ng h\u1ea5p d\u1eabn t\u1ea1i Vesna Hotel Nha Trang, n\u01a1i mang \u0111\u1ebfn kh\u00f4ng gian l\u01b0u tr\u00fa hi\u1ec7n \u0111\u1ea1i, ti\u1ec7n nghi c\u00f9ng t\u1ea7m nh\u00ecn tuy\u1ec7t \u0111\u1eb9p h\u01b0\u1edbng bi\u1ec3n. C\u00e1c g\u00f3i ph\u00f2ng \u0111\u01b0\u1ee3c thi\u1ebft k\u1ebf linh ho\u1ea1t, ph\u00f9 h\u1ee3p v\u1edbi nhi\u1ec1u nhu c\u1ea7u t\u1eeb ngh\u1ec9 d\u01b0\u1ee1ng th\u01b0 [&hellip;]\" \/>\n<meta property=\"og:url\" content=\"https:\/\/www.vesnahotelnhatrang.com\/vi\/uu-dai\/luu-tru\/\" \/>\n<meta property=\"og:site_name\" content=\"Vesna Hotel Nha Trang\" \/>\n<meta property=\"article:modified_time\" content=\"2026-04-29T17:34:51+00:00\" \/>\n<meta property=\"og:image\" content=\"https:\/\/www.vesnahotelnhatrang.com\/wp-content\/uploads\/sites\/144\/2026\/04\/Vesna_12-1-e1775096906891.jpg\" \/>\n\t<meta property=\"og:image:width\" content=\"2200\" \/>\n\t<meta property=\"og:image:height\" content=\"1228\" \/>\n\t<meta property=\"og:image:type\" content=\"image\/jpeg\" \/>\n<meta name=\"twitter:card\" content=\"summary_large_image\" \/>\n<meta name=\"twitter:label1\" content=\"Est. reading time\" \/>\n\t<meta name=\"twitter:data1\" content=\"1 minute\" \/>\n<script type=\"application\/ld+json\" class=\"yoast-schema-graph\">{\"@context\":\"https:\/\/schema.org\",\"@graph\":[{\"@type\":\"WebPage\",\"@id\":\"https:\/\/www.vesnahotelnhatrang.com\/vi\/uu-dai\/luu-tru\/\",\"url\":\"https:\/\/www.vesnahotelnhatrang.com\/vi\/uu-dai\/luu-tru\/\",\"name\":\"L\u01b0u tr\u00fa - Vesna Hotel Nha Trang\",\"isPartOf\":{\"@id\":\"https:\/\/www.vesnahotelnhatrang.com\/vi\/#website\"},\"primaryImageOfPage\":{\"@id\":\"https:\/\/www.vesnahotelnhatrang.com\/vi\/uu-dai\/luu-tru\/#primaryimage\"},\"image\":{\"@id\":\"https:\/\/www.vesnahotelnhatrang.com\/vi\/uu-dai\/luu-tru\/#primaryimage\"},\"thumbnailUrl\":\"https:\/\/www.vesnahotelnhatrang.com\/wp-content\/uploads\/sites\/144\/2026\/04\/Vesna_12-1-e1775096906891.jpg\",\"datePublished\":\"2026-04-29T09:53:11+00:00\",\"dateModified\":\"2026-04-29T17:34:51+00:00\",\"breadcrumb\":{\"@id\":\"https:\/\/www.vesnahotelnhatrang.com\/vi\/uu-dai\/luu-tru\/#breadcrumb\"},\"inLanguage\":\"vi-VN\",\"potentialAction\":[{\"@type\":\"ReadAction\",\"target\":[\"https:\/\/www.vesnahotelnhatrang.com\/vi\/uu-dai\/luu-tru\/\"]}]},{\"@type\":\"ImageObject\",\"inLanguage\":\"vi-VN\",\"@id\":\"https:\/\/www.vesnahotelnhatrang.com\/vi\/uu-dai\/luu-tru\/#primaryimage\",\"url\":\"https:\/\/www.vesnahotelnhatrang.com\/wp-content\/uploads\/sites\/144\/2026\/04\/Vesna_12-1-e1775096906891.jpg\",\"contentUrl\":\"https:\/\/www.vesnahotelnhatrang.com\/wp-content\/uploads\/sites\/144\/2026\/04\/Vesna_12-1-e1775096906891.jpg\",\"width\":2200,\"height\":1228},{\"@type\":\"BreadcrumbList\",\"@id\":\"https:\/\/www.vesnahotelnhatrang.com\/vi\/uu-dai\/luu-tru\/#breadcrumb\",\"itemListElement\":[{\"@type\":\"ListItem\",\"position\":1,\"name\":\"Home\",\"item\":\"https:\/\/www.vesnahotelnhatrang.com\/vi\/\"},{\"@type\":\"ListItem\",\"position\":2,\"name\":\"Ch\u01b0\u01a1ng tr\u00ecnh khuy\u1ebfn m\u00e3i\",\"item\":\"https:\/\/www.vesnahotelnhatrang.com\/vi\/uu-dai\/\"},{\"@type\":\"ListItem\",\"position\":3,\"name\":\"L\u01b0u tr\u00fa\"}]},{\"@type\":\"WebSite\",\"@id\":\"https:\/\/www.vesnahotelnhatrang.com\/vi\/#website\",\"url\":\"https:\/\/www.vesnahotelnhatrang.com\/vi\/\",\"name\":\"Vesna hotel Nha Trang\",\"description\":\"\",\"potentialAction\":[{\"@type\":\"SearchAction\",\"target\":{\"@type\":\"EntryPoint\",\"urlTemplate\":\"https:\/\/www.vesnahotelnhatrang.com\/vi\/?s={search_term_string}\"},\"query-input\":\"required name=search_term_string\"}],\"inLanguage\":\"vi-VN\"}]}<\/script>\n<!-- \/ Yoast SEO plugin. -->","yoast_head_json":{"title":"L\u01b0u tr\u00fa - Vesna Hotel Nha Trang","robots":{"index":"index","follow":"follow","max-snippet":"max-snippet:-1","max-image-preview":"max-image-preview:large","max-video-preview":"max-video-preview:-1"},"canonical":"https:\/\/www.vesnahotelnhatrang.com\/vi\/uu-dai\/luu-tru\/","og_locale":"vi_VN","og_type":"article","og_title":"L\u01b0u tr\u00fa - Vesna Hotel Nha Trang","og_description":"T\u1eadn h\u01b0\u1edfng k\u1ef3 ngh\u1ec9 tr\u1ecdn v\u1eb9n v\u1edbi c\u00e1c \u01b0u \u0111\u00e3i g\u00f3i ph\u00f2ng h\u1ea5p d\u1eabn t\u1ea1i Vesna Hotel Nha Trang, n\u01a1i mang \u0111\u1ebfn kh\u00f4ng gian l\u01b0u tr\u00fa hi\u1ec7n \u0111\u1ea1i, ti\u1ec7n nghi c\u00f9ng t\u1ea7m nh\u00ecn tuy\u1ec7t \u0111\u1eb9p h\u01b0\u1edbng bi\u1ec3n. C\u00e1c g\u00f3i ph\u00f2ng \u0111\u01b0\u1ee3c thi\u1ebft k\u1ebf linh ho\u1ea1t, ph\u00f9 h\u1ee3p v\u1edbi nhi\u1ec1u nhu c\u1ea7u t\u1eeb ngh\u1ec9 d\u01b0\u1ee1ng th\u01b0 [&hellip;]","og_url":"https:\/\/www.vesnahotelnhatrang.com\/vi\/uu-dai\/luu-tru\/","og_site_name":"Vesna Hotel Nha Trang","article_modified_time":"2026-04-29T17:34:51+00:00","og_image":[{"width":2200,"height":1228,"url":"https:\/\/www.vesnahotelnhatrang.com\/wp-content\/uploads\/sites\/144\/2026\/04\/Vesna_12-1-e1775096906891.jpg","type":"image\/jpeg"}],"twitter_card":"summary_large_image","twitter_misc":{"Est. reading time":"1 minute"},"schema":{"@context":"https:\/\/schema.org","@graph":[{"@type":"WebPage","@id":"https:\/\/www.vesnahotelnhatrang.com\/vi\/uu-dai\/luu-tru\/","url":"https:\/\/www.vesnahotelnhatrang.com\/vi\/uu-dai\/luu-tru\/","name":"L\u01b0u tr\u00fa - Vesna Hotel Nha Trang","isPartOf":{"@id":"https:\/\/www.vesnahotelnhatrang.com\/vi\/#website"},"primaryImageOfPage":{"@id":"https:\/\/www.vesnahotelnhatrang.com\/vi\/uu-dai\/luu-tru\/#primaryimage"},"image":{"@id":"https:\/\/www.vesnahotelnhatrang.com\/vi\/uu-dai\/luu-tru\/#primaryimage"},"thumbnailUrl":"https:\/\/www.vesnahotelnhatrang.com\/wp-content\/uploads\/sites\/144\/2026\/04\/Vesna_12-1-e1775096906891.jpg","datePublished":"2026-04-29T09:53:11+00:00","dateModified":"2026-04-29T17:34:51+00:00","breadcrumb":{"@id":"https:\/\/www.vesnahotelnhatrang.com\/vi\/uu-dai\/luu-tru\/#breadcrumb"},"inLanguage":"vi-VN","potentialAction":[{"@type":"ReadAction","target":["https:\/\/www.vesnahotelnhatrang.com\/vi\/uu-dai\/luu-tru\/"]}]},{"@type":"ImageObject","inLanguage":"vi-VN","@id":"https:\/\/www.vesnahotelnhatrang.com\/vi\/uu-dai\/luu-tru\/#primaryimage","url":"https:\/\/www.vesnahotelnhatrang.com\/wp-content\/uploads\/sites\/144\/2026\/04\/Vesna_12-1-e1775096906891.jpg","contentUrl":"https:\/\/www.vesnahotelnhatrang.com\/wp-content\/uploads\/sites\/144\/2026\/04\/Vesna_12-1-e1775096906891.jpg","width":2200,"height":1228},{"@type":"BreadcrumbList","@id":"https:\/\/www.vesnahotelnhatrang.com\/vi\/uu-dai\/luu-tru\/#breadcrumb","itemListElement":[{"@type":"ListItem","position":1,"name":"Home","item":"https:\/\/www.vesnahotelnhatrang.com\/vi\/"},{"@type":"ListItem","position":2,"name":"Ch\u01b0\u01a1ng tr\u00ecnh khuy\u1ebfn m\u00e3i","item":"https:\/\/www.vesnahotelnhatrang.com\/vi\/uu-dai\/"},{"@type":"ListItem","position":3,"name":"L\u01b0u tr\u00fa"}]},{"@type":"WebSite","@id":"https:\/\/www.vesnahotelnhatrang.com\/vi\/#website","url":"https:\/\/www.vesnahotelnhatrang.com\/vi\/","name":"Vesna hotel Nha Trang","description":"","potentialAction":[{"@type":"SearchAction","target":{"@type":"EntryPoint","urlTemplate":"https:\/\/www.vesnahotelnhatrang.com\/vi\/?s={search_term_string}"},"query-input":"required name=search_term_string"}],"inLanguage":"vi-VN"}]}},"acf":[],"_links":{"self":[{"href":"https:\/\/www.vesnahotelnhatrang.com\/vi\/wp-json\/wp\/v2\/pages\/815"}],"collection":[{"href":"https:\/\/www.vesnahotelnhatrang.com\/vi\/wp-json\/wp\/v2\/pages"}],"about":[{"href":"https:\/\/www.vesnahotelnhatrang.com\/vi\/wp-json\/wp\/v2\/types\/page"}],"author":[{"embeddable":true,"href":"https:\/\/www.vesnahotelnhatrang.com\/vi\/wp-json\/wp\/v2\/users\/271"}],"replies":[{"embeddable":true,"href":"https:\/\/www.vesnahotelnhatrang.com\/vi\/wp-json\/wp\/v2\/comments?post=815"}],"version-history":[{"count":0,"href":"https:\/\/www.vesnahotelnhatrang.com\/vi\/wp-json\/wp\/v2\/pages\/815\/revisions"}],"up":[{"embeddable":true,"href":"https:\/\/www.vesnahotelnhatrang.com\/vi\/wp-json\/wp\/v2\/pages\/570"}],"wp:featuredmedia":[{"embeddable":true,"href":"https:\/\/www.vesnahotelnhatrang.com\/vi\/wp-json\/wp\/v2\/media\/439"}],"wp:attachment":[{"href":"https:\/\/www.vesnahotelnhatrang.com\/vi\/wp-json\/wp\/v2\/media?parent=815"}],"curies":[{"name":"wp","href":"https:\/\/api.w.org\/{rel}","templated":true}]}}