{"id":811,"date":"2026-04-29T09:36:38","date_gmt":"2026-04-29T09:36:38","guid":{"rendered":"https:\/\/www.vesnahotelnhatrang.com\/spa\/"},"modified":"2026-04-29T17:31:16","modified_gmt":"2026-04-29T17:31:16","slug":"spa","status":"publish","type":"page","link":"https:\/\/www.vesnahotelnhatrang.com\/vi\/uu-dai\/spa\/","title":{"rendered":"Tr\u1ecb li\u1ec7u"},"content":{"rendered":"<p style=\"text-align: center\" data-start=\"110\" data-end=\"465\">T\u1eadn h\u01b0\u1edfng nh\u1eefng ph\u00fat gi\u00e2y th\u01b0 gi\u00e3n tr\u1ecdn v\u1eb9n v\u1edbi c\u00e1c \u01b0u \u0111\u00e3i spa \u0111\u1eb7c bi\u1ec7t t\u1ea1i Vesna Hotel Nha Trang, n\u01a1i mang \u0111\u1ebfn h\u00e0nh tr\u00ecnh ch\u0103m s\u00f3c s\u1ee9c kh\u1ecfe v\u00e0 s\u1eafc \u0111\u1eb9p to\u00e0n di\u1ec7n. L\u1ea5y c\u1ea3m h\u1ee9ng t\u1eeb s\u1ef1 c\u00e2n b\u1eb1ng gi\u1eefa c\u01a1 th\u1ec3 v\u00e0 tinh th\u1ea7n, c\u00e1c li\u1ec7u tr\u00ecnh t\u1ea1i spa \u0111\u01b0\u1ee3c thi\u1ebft k\u1ebf nh\u1eb1m gi\u00fap b\u1ea1n gi\u1ea3i t\u1ecfa c\u0103ng th\u1eb3ng, t\u00e1i t\u1ea1o n\u0103ng l\u01b0\u1ee3ng v\u00e0 nu\u00f4i d\u01b0\u1ee1ng v\u1ebb \u0111\u1eb9p t\u1ef1 nhi\u00ean t\u1eeb b\u00ean trong.<\/p>\n<p style=\"text-align: center\" data-start=\"467\" data-end=\"783\">V\u1edbi nhi\u1ec1u ch\u01b0\u01a1ng tr\u00ecnh \u01b0u \u0111\u00e3i h\u1ea5p d\u1eabn, kh\u00e1ch l\u01b0u tr\u00fa c\u00f3 c\u01a1 h\u1ed9i tr\u1ea3i nghi\u1ec7m c\u00e1c d\u1ecbch v\u1ee5 massage, x\u00f4ng h\u01a1i v\u00e0 ch\u0103m s\u00f3c da cao c\u1ea5p v\u1edbi m\u1ee9c gi\u00e1 \u01b0u \u0111\u00e3i h\u01a1n bao gi\u1edd h\u1ebft. \u0110\u00e2y ch\u00ednh l\u00e0 l\u1ef1a ch\u1ecdn l\u00fd t\u01b0\u1edfng \u0111\u1ec3 b\u1ea1n n\u00e2ng t\u1ea7m k\u1ef3 ngh\u1ec9, t\u1eadn h\u01b0\u1edfng s\u1ef1 th\u01b0 th\u00e1i v\u00e0 ph\u1ee5c h\u1ed3i n\u0103ng l\u01b0\u1ee3ng trong kh\u00f4ng gian y\u00ean t\u0129nh, ri\u00eang t\u01b0 v\u00e0 \u0111\u1ea7y tinh t\u1ebf.<\/p>\n","protected":false},"excerpt":{"rendered":"<p>T\u1eadn h\u01b0\u1edfng nh\u1eefng ph\u00fat gi\u00e2y th\u01b0 gi\u00e3n tr\u1ecdn v\u1eb9n v\u1edbi c\u00e1c \u01b0u \u0111\u00e3i spa \u0111\u1eb7c bi\u1ec7t t\u1ea1i Vesna Hotel Nha Trang, n\u01a1i mang \u0111\u1ebfn h\u00e0nh tr\u00ecnh ch\u0103m s\u00f3c s\u1ee9c kh\u1ecfe v\u00e0 s\u1eafc \u0111\u1eb9p to\u00e0n di\u1ec7n. L\u1ea5y c\u1ea3m h\u1ee9ng t\u1eeb s\u1ef1 c\u00e2n b\u1eb1ng gi\u1eefa c\u01a1 th\u1ec3 v\u00e0 tinh th\u1ea7n, c\u00e1c li\u1ec7u tr\u00ecnh t\u1ea1i spa \u0111\u01b0\u1ee3c thi\u1ebft [&hellip;]<\/p>\n","protected":false},"author":271,"featured_media":782,"parent":570,"menu_order":0,"comment_status":"closed","ping_status":"closed","template":"template-offers.php","meta":{"footnotes":""},"yoast_head":"<!-- This site is optimized with the Yoast SEO plugin v22.3 - https:\/\/yoast.com\/wordpress\/plugins\/seo\/ -->\n<title>Tr\u1ecb li\u1ec7u - Vesna Hotel Nha Trang<\/title>\n<meta name=\"robots\" content=\"index, follow, max-snippet:-1, max-image-preview:large, max-video-preview:-1\" \/>\n<link rel=\"canonical\" href=\"https:\/\/www.vesnahotelnhatrang.com\/vi\/uu-dai\/spa\/\" \/>\n<meta property=\"og:locale\" content=\"vi_VN\" \/>\n<meta property=\"og:type\" content=\"article\" \/>\n<meta property=\"og:title\" content=\"Tr\u1ecb li\u1ec7u - Vesna Hotel Nha Trang\" \/>\n<meta property=\"og:description\" content=\"T\u1eadn h\u01b0\u1edfng nh\u1eefng ph\u00fat gi\u00e2y th\u01b0 gi\u00e3n tr\u1ecdn v\u1eb9n v\u1edbi c\u00e1c \u01b0u \u0111\u00e3i spa \u0111\u1eb7c bi\u1ec7t t\u1ea1i Vesna Hotel Nha Trang, n\u01a1i mang \u0111\u1ebfn h\u00e0nh tr\u00ecnh ch\u0103m s\u00f3c s\u1ee9c kh\u1ecfe v\u00e0 s\u1eafc \u0111\u1eb9p to\u00e0n di\u1ec7n. L\u1ea5y c\u1ea3m h\u1ee9ng t\u1eeb s\u1ef1 c\u00e2n b\u1eb1ng gi\u1eefa c\u01a1 th\u1ec3 v\u00e0 tinh th\u1ea7n, c\u00e1c li\u1ec7u tr\u00ecnh t\u1ea1i spa \u0111\u01b0\u1ee3c thi\u1ebft [&hellip;]\" \/>\n<meta property=\"og:url\" content=\"https:\/\/www.vesnahotelnhatrang.com\/vi\/uu-dai\/spa\/\" \/>\n<meta property=\"og:site_name\" content=\"Vesna Hotel Nha Trang\" \/>\n<meta property=\"article:modified_time\" content=\"2026-04-29T17:31:16+00:00\" \/>\n<meta property=\"og:image\" content=\"https:\/\/www.vesnahotelnhatrang.com\/wp-content\/uploads\/sites\/144\/2026\/04\/e4a7fea5e51e242723967ed27ef7f5dd.jpg\" \/>\n\t<meta property=\"og:image:width\" content=\"1199\" \/>\n\t<meta property=\"og:image:height\" content=\"800\" \/>\n\t<meta property=\"og:image:type\" content=\"image\/jpeg\" \/>\n<meta name=\"twitter:card\" content=\"summary_large_image\" \/>\n<meta name=\"twitter:label1\" content=\"Est. reading time\" \/>\n\t<meta name=\"twitter:data1\" content=\"1 minute\" \/>\n<script type=\"application\/ld+json\" class=\"yoast-schema-graph\">{\"@context\":\"https:\/\/schema.org\",\"@graph\":[{\"@type\":\"WebPage\",\"@id\":\"https:\/\/www.vesnahotelnhatrang.com\/vi\/uu-dai\/spa\/\",\"url\":\"https:\/\/www.vesnahotelnhatrang.com\/vi\/uu-dai\/spa\/\",\"name\":\"Tr\u1ecb li\u1ec7u - Vesna Hotel Nha Trang\",\"isPartOf\":{\"@id\":\"https:\/\/www.vesnahotelnhatrang.com\/vi\/#website\"},\"primaryImageOfPage\":{\"@id\":\"https:\/\/www.vesnahotelnhatrang.com\/vi\/uu-dai\/spa\/#primaryimage\"},\"image\":{\"@id\":\"https:\/\/www.vesnahotelnhatrang.com\/vi\/uu-dai\/spa\/#primaryimage\"},\"thumbnailUrl\":\"https:\/\/www.vesnahotelnhatrang.com\/wp-content\/uploads\/sites\/144\/2026\/04\/e4a7fea5e51e242723967ed27ef7f5dd.jpg\",\"datePublished\":\"2026-04-29T09:36:38+00:00\",\"dateModified\":\"2026-04-29T17:31:16+00:00\",\"breadcrumb\":{\"@id\":\"https:\/\/www.vesnahotelnhatrang.com\/vi\/uu-dai\/spa\/#breadcrumb\"},\"inLanguage\":\"vi-VN\",\"potentialAction\":[{\"@type\":\"ReadAction\",\"target\":[\"https:\/\/www.vesnahotelnhatrang.com\/vi\/uu-dai\/spa\/\"]}]},{\"@type\":\"ImageObject\",\"inLanguage\":\"vi-VN\",\"@id\":\"https:\/\/www.vesnahotelnhatrang.com\/vi\/uu-dai\/spa\/#primaryimage\",\"url\":\"https:\/\/www.vesnahotelnhatrang.com\/wp-content\/uploads\/sites\/144\/2026\/04\/e4a7fea5e51e242723967ed27ef7f5dd.jpg\",\"contentUrl\":\"https:\/\/www.vesnahotelnhatrang.com\/wp-content\/uploads\/sites\/144\/2026\/04\/e4a7fea5e51e242723967ed27ef7f5dd.jpg\",\"width\":1199,\"height\":800},{\"@type\":\"BreadcrumbList\",\"@id\":\"https:\/\/www.vesnahotelnhatrang.com\/vi\/uu-dai\/spa\/#breadcrumb\",\"itemListElement\":[{\"@type\":\"ListItem\",\"position\":1,\"name\":\"Home\",\"item\":\"https:\/\/www.vesnahotelnhatrang.com\/vi\/\"},{\"@type\":\"ListItem\",\"position\":2,\"name\":\"Ch\u01b0\u01a1ng tr\u00ecnh khuy\u1ebfn m\u00e3i\",\"item\":\"https:\/\/www.vesnahotelnhatrang.com\/vi\/uu-dai\/\"},{\"@type\":\"ListItem\",\"position\":3,\"name\":\"Tr\u1ecb li\u1ec7u\"}]},{\"@type\":\"WebSite\",\"@id\":\"https:\/\/www.vesnahotelnhatrang.com\/vi\/#website\",\"url\":\"https:\/\/www.vesnahotelnhatrang.com\/vi\/\",\"name\":\"Vesna hotel Nha Trang\",\"description\":\"\",\"potentialAction\":[{\"@type\":\"SearchAction\",\"target\":{\"@type\":\"EntryPoint\",\"urlTemplate\":\"https:\/\/www.vesnahotelnhatrang.com\/vi\/?s={search_term_string}\"},\"query-input\":\"required name=search_term_string\"}],\"inLanguage\":\"vi-VN\"}]}<\/script>\n<!-- \/ Yoast SEO plugin. -->","yoast_head_json":{"title":"Tr\u1ecb li\u1ec7u - Vesna Hotel Nha Trang","robots":{"index":"index","follow":"follow","max-snippet":"max-snippet:-1","max-image-preview":"max-image-preview:large","max-video-preview":"max-video-preview:-1"},"canonical":"https:\/\/www.vesnahotelnhatrang.com\/vi\/uu-dai\/spa\/","og_locale":"vi_VN","og_type":"article","og_title":"Tr\u1ecb li\u1ec7u - Vesna Hotel Nha Trang","og_description":"T\u1eadn h\u01b0\u1edfng nh\u1eefng ph\u00fat gi\u00e2y th\u01b0 gi\u00e3n tr\u1ecdn v\u1eb9n v\u1edbi c\u00e1c \u01b0u \u0111\u00e3i spa \u0111\u1eb7c bi\u1ec7t t\u1ea1i Vesna Hotel Nha Trang, n\u01a1i mang \u0111\u1ebfn h\u00e0nh tr\u00ecnh ch\u0103m s\u00f3c s\u1ee9c kh\u1ecfe v\u00e0 s\u1eafc \u0111\u1eb9p to\u00e0n di\u1ec7n. L\u1ea5y c\u1ea3m h\u1ee9ng t\u1eeb s\u1ef1 c\u00e2n b\u1eb1ng gi\u1eefa c\u01a1 th\u1ec3 v\u00e0 tinh th\u1ea7n, c\u00e1c li\u1ec7u tr\u00ecnh t\u1ea1i spa \u0111\u01b0\u1ee3c thi\u1ebft [&hellip;]","og_url":"https:\/\/www.vesnahotelnhatrang.com\/vi\/uu-dai\/spa\/","og_site_name":"Vesna Hotel Nha Trang","article_modified_time":"2026-04-29T17:31:16+00:00","og_image":[{"width":1199,"height":800,"url":"https:\/\/www.vesnahotelnhatrang.com\/wp-content\/uploads\/sites\/144\/2026\/04\/e4a7fea5e51e242723967ed27ef7f5dd.jpg","type":"image\/jpeg"}],"twitter_card":"summary_large_image","twitter_misc":{"Est. reading time":"1 minute"},"schema":{"@context":"https:\/\/schema.org","@graph":[{"@type":"WebPage","@id":"https:\/\/www.vesnahotelnhatrang.com\/vi\/uu-dai\/spa\/","url":"https:\/\/www.vesnahotelnhatrang.com\/vi\/uu-dai\/spa\/","name":"Tr\u1ecb li\u1ec7u - Vesna Hotel Nha Trang","isPartOf":{"@id":"https:\/\/www.vesnahotelnhatrang.com\/vi\/#website"},"primaryImageOfPage":{"@id":"https:\/\/www.vesnahotelnhatrang.com\/vi\/uu-dai\/spa\/#primaryimage"},"image":{"@id":"https:\/\/www.vesnahotelnhatrang.com\/vi\/uu-dai\/spa\/#primaryimage"},"thumbnailUrl":"https:\/\/www.vesnahotelnhatrang.com\/wp-content\/uploads\/sites\/144\/2026\/04\/e4a7fea5e51e242723967ed27ef7f5dd.jpg","datePublished":"2026-04-29T09:36:38+00:00","dateModified":"2026-04-29T17:31:16+00:00","breadcrumb":{"@id":"https:\/\/www.vesnahotelnhatrang.com\/vi\/uu-dai\/spa\/#breadcrumb"},"inLanguage":"vi-VN","potentialAction":[{"@type":"ReadAction","target":["https:\/\/www.vesnahotelnhatrang.com\/vi\/uu-dai\/spa\/"]}]},{"@type":"ImageObject","inLanguage":"vi-VN","@id":"https:\/\/www.vesnahotelnhatrang.com\/vi\/uu-dai\/spa\/#primaryimage","url":"https:\/\/www.vesnahotelnhatrang.com\/wp-content\/uploads\/sites\/144\/2026\/04\/e4a7fea5e51e242723967ed27ef7f5dd.jpg","contentUrl":"https:\/\/www.vesnahotelnhatrang.com\/wp-content\/uploads\/sites\/144\/2026\/04\/e4a7fea5e51e242723967ed27ef7f5dd.jpg","width":1199,"height":800},{"@type":"BreadcrumbList","@id":"https:\/\/www.vesnahotelnhatrang.com\/vi\/uu-dai\/spa\/#breadcrumb","itemListElement":[{"@type":"ListItem","position":1,"name":"Home","item":"https:\/\/www.vesnahotelnhatrang.com\/vi\/"},{"@type":"ListItem","position":2,"name":"Ch\u01b0\u01a1ng tr\u00ecnh khuy\u1ebfn m\u00e3i","item":"https:\/\/www.vesnahotelnhatrang.com\/vi\/uu-dai\/"},{"@type":"ListItem","position":3,"name":"Tr\u1ecb li\u1ec7u"}]},{"@type":"WebSite","@id":"https:\/\/www.vesnahotelnhatrang.com\/vi\/#website","url":"https:\/\/www.vesnahotelnhatrang.com\/vi\/","name":"Vesna hotel Nha Trang","description":"","potentialAction":[{"@type":"SearchAction","target":{"@type":"EntryPoint","urlTemplate":"https:\/\/www.vesnahotelnhatrang.com\/vi\/?s={search_term_string}"},"query-input":"required name=search_term_string"}],"inLanguage":"vi-VN"}]}},"acf":[],"_links":{"self":[{"href":"https:\/\/www.vesnahotelnhatrang.com\/vi\/wp-json\/wp\/v2\/pages\/811"}],"collection":[{"href":"https:\/\/www.vesnahotelnhatrang.com\/vi\/wp-json\/wp\/v2\/pages"}],"about":[{"href":"https:\/\/www.vesnahotelnhatrang.com\/vi\/wp-json\/wp\/v2\/types\/page"}],"author":[{"embeddable":true,"href":"https:\/\/www.vesnahotelnhatrang.com\/vi\/wp-json\/wp\/v2\/users\/271"}],"replies":[{"embeddable":true,"href":"https:\/\/www.vesnahotelnhatrang.com\/vi\/wp-json\/wp\/v2\/comments?post=811"}],"version-history":[{"count":0,"href":"https:\/\/www.vesnahotelnhatrang.com\/vi\/wp-json\/wp\/v2\/pages\/811\/revisions"}],"up":[{"embeddable":true,"href":"https:\/\/www.vesnahotelnhatrang.com\/vi\/wp-json\/wp\/v2\/pages\/570"}],"wp:featuredmedia":[{"embeddable":true,"href":"https:\/\/www.vesnahotelnhatrang.com\/vi\/wp-json\/wp\/v2\/media\/782"}],"wp:attachment":[{"href":"https:\/\/www.vesnahotelnhatrang.com\/vi\/wp-json\/wp\/v2\/media?parent=811"}],"curies":[{"name":"wp","href":"https:\/\/api.w.org\/{rel}","templated":true}]}}