{"id":662,"date":"2026-04-23T06:11:47","date_gmt":"2026-04-23T06:11:47","guid":{"rendered":"https:\/\/www.vesnahotelnhatrang.com\/?page_id=662"},"modified":"2026-04-23T07:13:53","modified_gmt":"2026-04-23T07:13:53","slug":"combo-pizza","status":"publish","type":"page","link":"https:\/\/www.vesnahotelnhatrang.com\/vi\/uu-dai\/combo-pizza\/","title":{"rendered":"Th\u01b0\u1edfng th\u1ee9c Combo Pizza"},"content":{"rendered":"<p style=\"text-align: center\"><strong>Combo Pizza \u2013 Tr\u1ecdn v\u1ecb ngon, tr\u1ecdn kho\u1ea3nh kh\u1eafc<\/strong><\/p>\n<p style=\"text-align: center\">Vesna mang \u0111\u1ebfn combo pizza v\u1edbi \u0111a d\u1ea1ng h\u01b0\u01a1ng v\u1ecb, t\u1eeb c\u1ed5 \u0111i\u1ec3n \u0111\u1ebfn hi\u1ec7n \u0111\u1ea1i, mang \u0111\u1ebfn s\u1ef1 b\u00f9ng n\u1ed5 v\u1ecb gi\u00e1c trong t\u1eebng mi\u1ebfng b\u00e1nh.<\/p>\n<p style=\"text-align: center\">Combo bao g\u1ed3m: pizza t\u1ef1 ch\u1ecdn, khoai t\u00e2y chi\u00ean v\u00e0ng gi\u00f2n v\u00e0 n\u01b0\u1edbc ng\u1ecdt c\u00f3 gas m\u00e1t l\u1ea1nh, t\u1ea1o n\u00ean b\u1eefa \u0103n tr\u00f2n v\u1ecb, d\u1ec5 th\u01b0\u1edfng th\u1ee9c v\u00e0 ph\u00f9 h\u1ee3p m\u1ecdi kho\u1ea3nh kh\u1eafc th\u01b0 gi\u00e3n trong k\u1ef3 ngh\u1ec9.<\/p>\n<p style=\"text-align: center\">C\u00e1c h\u01b0\u01a1ng v\u1ecb Pizza c\u00f3 trong th\u1ef1c \u0111\u01a1n: <strong>Pizza Hawaiian |Pizza Peperoni |Pizza Grilled chicken and shiitake mushroom |Pizza Seafood |Pizza Beef with Sauce Korean<\/strong><\/p>\n<p style=\"text-align: center\">C\u00f9ng nhau t\u1eadn h\u01b0\u1edfng h\u01b0\u01a1ng v\u1ecb pizza chu\u1ea9n \u00dd ngay t\u1ea1i ph\u00f2ng c\u1ee7a b\u1ea1n!<\/p>\n<p style=\"text-align: center\">Combo 1: G\u1ed3m 1 Pizza v\u00e0 1 Khoai t\u00e2y chi\u00ean, gi\u00e1 ch\u1ec9 249,000 VND<\/p>\n<p style=\"text-align: center\">Combo 2: G\u1ed3m 1 Pizza, 1 Khoai t\u00e2y chi\u00ean v\u00e0 1 n\u01b0\u1edbc ng\u1ecdt, gi\u00e1 ch\u1ec9 259,000 VND<\/p>\n","protected":false},"excerpt":{"rendered":"<p>Combo Pizza \u2013 Tr\u1ecdn v\u1ecb ngon, tr\u1ecdn kho\u1ea3nh kh\u1eafc Vesna mang \u0111\u1ebfn combo pizza v\u1edbi \u0111a d\u1ea1ng h\u01b0\u01a1ng v\u1ecb, t\u1eeb c\u1ed5 \u0111i\u1ec3n \u0111\u1ebfn hi\u1ec7n \u0111\u1ea1i, mang \u0111\u1ebfn s\u1ef1 b\u00f9ng n\u1ed5 v\u1ecb gi\u00e1c trong t\u1eebng mi\u1ebfng b\u00e1nh. Combo bao g\u1ed3m: pizza t\u1ef1 ch\u1ecdn, khoai t\u00e2y chi\u00ean v\u00e0ng gi\u00f2n v\u00e0 n\u01b0\u1edbc ng\u1ecdt c\u00f3 gas m\u00e1t l\u1ea1nh, t\u1ea1o [&hellip;]<\/p>\n","protected":false},"author":271,"featured_media":669,"parent":570,"menu_order":0,"comment_status":"closed","ping_status":"closed","template":"template-single-offer.php","meta":{"footnotes":""},"yoast_head":"<!-- This site is optimized with the Yoast SEO plugin v22.3 - https:\/\/yoast.com\/wordpress\/plugins\/seo\/ -->\n<title>Th\u01b0\u1edfng th\u1ee9c Combo Pizza - Vesna Hotel Nha Trang<\/title>\n<meta name=\"description\" content=\"Kh\u00e1m ph\u00e1 combo pizza Vesna v\u1edbi \u0111a d\u1ea1ng h\u01b0\u01a1ng v\u1ecb, khoai t\u00e2y chi\u00ean v\u00e0 n\u01b0\u1edbc ng\u1ecdt, th\u01b0\u1edfng th\u1ee9c tr\u1ecdn v\u1ecb t\u1ea1i ph\u00f2ng.\" \/>\n<meta name=\"robots\" content=\"index, follow, max-snippet:-1, max-image-preview:large, max-video-preview:-1\" \/>\n<link rel=\"canonical\" href=\"https:\/\/www.vesnahotelnhatrang.com\/vi\/uu-dai\/combo-pizza\/\" \/>\n<meta property=\"og:locale\" content=\"vi_VN\" \/>\n<meta property=\"og:type\" content=\"article\" \/>\n<meta property=\"og:title\" content=\"Th\u01b0\u1edfng th\u1ee9c Combo Pizza - Vesna Hotel Nha Trang\" \/>\n<meta property=\"og:description\" content=\"Kh\u00e1m ph\u00e1 combo pizza Vesna v\u1edbi \u0111a d\u1ea1ng h\u01b0\u01a1ng v\u1ecb, khoai t\u00e2y chi\u00ean v\u00e0 n\u01b0\u1edbc ng\u1ecdt, th\u01b0\u1edfng th\u1ee9c tr\u1ecdn v\u1ecb t\u1ea1i ph\u00f2ng.\" \/>\n<meta property=\"og:url\" content=\"https:\/\/www.vesnahotelnhatrang.com\/vi\/uu-dai\/combo-pizza\/\" \/>\n<meta property=\"og:site_name\" content=\"Vesna Hotel Nha Trang\" \/>\n<meta property=\"article:modified_time\" content=\"2026-04-23T07:13:53+00:00\" \/>\n<meta property=\"og:image\" content=\"https:\/\/www.vesnahotelnhatrang.com\/wp-content\/uploads\/sites\/144\/2026\/04\/2c76df7e32b6baf724bb14a44ab75de2.jpg\" \/>\n\t<meta property=\"og:image:width\" content=\"800\" \/>\n\t<meta property=\"og:image:height\" content=\"1200\" \/>\n\t<meta property=\"og:image:type\" content=\"image\/jpeg\" \/>\n<meta name=\"twitter:card\" content=\"summary_large_image\" \/>\n<meta name=\"twitter:label1\" content=\"Est. reading time\" \/>\n\t<meta name=\"twitter:data1\" content=\"1 minute\" \/>\n<script type=\"application\/ld+json\" class=\"yoast-schema-graph\">{\"@context\":\"https:\/\/schema.org\",\"@graph\":[{\"@type\":\"WebPage\",\"@id\":\"https:\/\/www.vesnahotelnhatrang.com\/vi\/uu-dai\/combo-pizza\/\",\"url\":\"https:\/\/www.vesnahotelnhatrang.com\/vi\/uu-dai\/combo-pizza\/\",\"name\":\"Th\u01b0\u1edfng th\u1ee9c Combo Pizza - Vesna Hotel Nha Trang\",\"isPartOf\":{\"@id\":\"https:\/\/www.vesnahotelnhatrang.com\/vi\/#website\"},\"primaryImageOfPage\":{\"@id\":\"https:\/\/www.vesnahotelnhatrang.com\/vi\/uu-dai\/combo-pizza\/#primaryimage\"},\"image\":{\"@id\":\"https:\/\/www.vesnahotelnhatrang.com\/vi\/uu-dai\/combo-pizza\/#primaryimage\"},\"thumbnailUrl\":\"https:\/\/www.vesnahotelnhatrang.com\/wp-content\/uploads\/sites\/144\/2026\/04\/2c76df7e32b6baf724bb14a44ab75de2.jpg\",\"datePublished\":\"2026-04-23T06:11:47+00:00\",\"dateModified\":\"2026-04-23T07:13:53+00:00\",\"description\":\"Kh\u00e1m ph\u00e1 combo pizza Vesna v\u1edbi \u0111a d\u1ea1ng h\u01b0\u01a1ng v\u1ecb, khoai t\u00e2y chi\u00ean v\u00e0 n\u01b0\u1edbc ng\u1ecdt, th\u01b0\u1edfng th\u1ee9c tr\u1ecdn v\u1ecb t\u1ea1i ph\u00f2ng.\",\"breadcrumb\":{\"@id\":\"https:\/\/www.vesnahotelnhatrang.com\/vi\/uu-dai\/combo-pizza\/#breadcrumb\"},\"inLanguage\":\"vi-VN\",\"potentialAction\":[{\"@type\":\"ReadAction\",\"target\":[\"https:\/\/www.vesnahotelnhatrang.com\/vi\/uu-dai\/combo-pizza\/\"]}]},{\"@type\":\"ImageObject\",\"inLanguage\":\"vi-VN\",\"@id\":\"https:\/\/www.vesnahotelnhatrang.com\/vi\/uu-dai\/combo-pizza\/#primaryimage\",\"url\":\"https:\/\/www.vesnahotelnhatrang.com\/wp-content\/uploads\/sites\/144\/2026\/04\/2c76df7e32b6baf724bb14a44ab75de2.jpg\",\"contentUrl\":\"https:\/\/www.vesnahotelnhatrang.com\/wp-content\/uploads\/sites\/144\/2026\/04\/2c76df7e32b6baf724bb14a44ab75de2.jpg\",\"width\":800,\"height\":1200},{\"@type\":\"BreadcrumbList\",\"@id\":\"https:\/\/www.vesnahotelnhatrang.com\/vi\/uu-dai\/combo-pizza\/#breadcrumb\",\"itemListElement\":[{\"@type\":\"ListItem\",\"position\":1,\"name\":\"Home\",\"item\":\"https:\/\/www.vesnahotelnhatrang.com\/vi\/\"},{\"@type\":\"ListItem\",\"position\":2,\"name\":\"Ch\u01b0\u01a1ng tr\u00ecnh khuy\u1ebfn m\u00e3i\",\"item\":\"https:\/\/www.vesnahotelnhatrang.com\/vi\/uu-dai\/\"},{\"@type\":\"ListItem\",\"position\":3,\"name\":\"Th\u01b0\u1edfng th\u1ee9c Combo Pizza\"}]},{\"@type\":\"WebSite\",\"@id\":\"https:\/\/www.vesnahotelnhatrang.com\/vi\/#website\",\"url\":\"https:\/\/www.vesnahotelnhatrang.com\/vi\/\",\"name\":\"Vesna hotel Nha Trang\",\"description\":\"\",\"potentialAction\":[{\"@type\":\"SearchAction\",\"target\":{\"@type\":\"EntryPoint\",\"urlTemplate\":\"https:\/\/www.vesnahotelnhatrang.com\/vi\/?s={search_term_string}\"},\"query-input\":\"required name=search_term_string\"}],\"inLanguage\":\"vi-VN\"}]}<\/script>\n<!-- \/ Yoast SEO plugin. -->","yoast_head_json":{"title":"Th\u01b0\u1edfng th\u1ee9c Combo Pizza - Vesna Hotel Nha Trang","description":"Kh\u00e1m ph\u00e1 combo pizza Vesna v\u1edbi \u0111a d\u1ea1ng h\u01b0\u01a1ng v\u1ecb, khoai t\u00e2y chi\u00ean v\u00e0 n\u01b0\u1edbc ng\u1ecdt, th\u01b0\u1edfng th\u1ee9c tr\u1ecdn v\u1ecb t\u1ea1i ph\u00f2ng.","robots":{"index":"index","follow":"follow","max-snippet":"max-snippet:-1","max-image-preview":"max-image-preview:large","max-video-preview":"max-video-preview:-1"},"canonical":"https:\/\/www.vesnahotelnhatrang.com\/vi\/uu-dai\/combo-pizza\/","og_locale":"vi_VN","og_type":"article","og_title":"Th\u01b0\u1edfng th\u1ee9c Combo Pizza - Vesna Hotel Nha Trang","og_description":"Kh\u00e1m ph\u00e1 combo pizza Vesna v\u1edbi \u0111a d\u1ea1ng h\u01b0\u01a1ng v\u1ecb, khoai t\u00e2y chi\u00ean v\u00e0 n\u01b0\u1edbc ng\u1ecdt, th\u01b0\u1edfng th\u1ee9c tr\u1ecdn v\u1ecb t\u1ea1i ph\u00f2ng.","og_url":"https:\/\/www.vesnahotelnhatrang.com\/vi\/uu-dai\/combo-pizza\/","og_site_name":"Vesna Hotel Nha Trang","article_modified_time":"2026-04-23T07:13:53+00:00","og_image":[{"width":800,"height":1200,"url":"https:\/\/www.vesnahotelnhatrang.com\/wp-content\/uploads\/sites\/144\/2026\/04\/2c76df7e32b6baf724bb14a44ab75de2.jpg","type":"image\/jpeg"}],"twitter_card":"summary_large_image","twitter_misc":{"Est. reading time":"1 minute"},"schema":{"@context":"https:\/\/schema.org","@graph":[{"@type":"WebPage","@id":"https:\/\/www.vesnahotelnhatrang.com\/vi\/uu-dai\/combo-pizza\/","url":"https:\/\/www.vesnahotelnhatrang.com\/vi\/uu-dai\/combo-pizza\/","name":"Th\u01b0\u1edfng th\u1ee9c Combo Pizza - Vesna Hotel Nha Trang","isPartOf":{"@id":"https:\/\/www.vesnahotelnhatrang.com\/vi\/#website"},"primaryImageOfPage":{"@id":"https:\/\/www.vesnahotelnhatrang.com\/vi\/uu-dai\/combo-pizza\/#primaryimage"},"image":{"@id":"https:\/\/www.vesnahotelnhatrang.com\/vi\/uu-dai\/combo-pizza\/#primaryimage"},"thumbnailUrl":"https:\/\/www.vesnahotelnhatrang.com\/wp-content\/uploads\/sites\/144\/2026\/04\/2c76df7e32b6baf724bb14a44ab75de2.jpg","datePublished":"2026-04-23T06:11:47+00:00","dateModified":"2026-04-23T07:13:53+00:00","description":"Kh\u00e1m ph\u00e1 combo pizza Vesna v\u1edbi \u0111a d\u1ea1ng h\u01b0\u01a1ng v\u1ecb, khoai t\u00e2y chi\u00ean v\u00e0 n\u01b0\u1edbc ng\u1ecdt, th\u01b0\u1edfng th\u1ee9c tr\u1ecdn v\u1ecb t\u1ea1i ph\u00f2ng.","breadcrumb":{"@id":"https:\/\/www.vesnahotelnhatrang.com\/vi\/uu-dai\/combo-pizza\/#breadcrumb"},"inLanguage":"vi-VN","potentialAction":[{"@type":"ReadAction","target":["https:\/\/www.vesnahotelnhatrang.com\/vi\/uu-dai\/combo-pizza\/"]}]},{"@type":"ImageObject","inLanguage":"vi-VN","@id":"https:\/\/www.vesnahotelnhatrang.com\/vi\/uu-dai\/combo-pizza\/#primaryimage","url":"https:\/\/www.vesnahotelnhatrang.com\/wp-content\/uploads\/sites\/144\/2026\/04\/2c76df7e32b6baf724bb14a44ab75de2.jpg","contentUrl":"https:\/\/www.vesnahotelnhatrang.com\/wp-content\/uploads\/sites\/144\/2026\/04\/2c76df7e32b6baf724bb14a44ab75de2.jpg","width":800,"height":1200},{"@type":"BreadcrumbList","@id":"https:\/\/www.vesnahotelnhatrang.com\/vi\/uu-dai\/combo-pizza\/#breadcrumb","itemListElement":[{"@type":"ListItem","position":1,"name":"Home","item":"https:\/\/www.vesnahotelnhatrang.com\/vi\/"},{"@type":"ListItem","position":2,"name":"Ch\u01b0\u01a1ng tr\u00ecnh khuy\u1ebfn m\u00e3i","item":"https:\/\/www.vesnahotelnhatrang.com\/vi\/uu-dai\/"},{"@type":"ListItem","position":3,"name":"Th\u01b0\u1edfng th\u1ee9c Combo Pizza"}]},{"@type":"WebSite","@id":"https:\/\/www.vesnahotelnhatrang.com\/vi\/#website","url":"https:\/\/www.vesnahotelnhatrang.com\/vi\/","name":"Vesna hotel Nha Trang","description":"","potentialAction":[{"@type":"SearchAction","target":{"@type":"EntryPoint","urlTemplate":"https:\/\/www.vesnahotelnhatrang.com\/vi\/?s={search_term_string}"},"query-input":"required name=search_term_string"}],"inLanguage":"vi-VN"}]}},"acf":[],"_links":{"self":[{"href":"https:\/\/www.vesnahotelnhatrang.com\/vi\/wp-json\/wp\/v2\/pages\/662"}],"collection":[{"href":"https:\/\/www.vesnahotelnhatrang.com\/vi\/wp-json\/wp\/v2\/pages"}],"about":[{"href":"https:\/\/www.vesnahotelnhatrang.com\/vi\/wp-json\/wp\/v2\/types\/page"}],"author":[{"embeddable":true,"href":"https:\/\/www.vesnahotelnhatrang.com\/vi\/wp-json\/wp\/v2\/users\/271"}],"replies":[{"embeddable":true,"href":"https:\/\/www.vesnahotelnhatrang.com\/vi\/wp-json\/wp\/v2\/comments?post=662"}],"version-history":[{"count":0,"href":"https:\/\/www.vesnahotelnhatrang.com\/vi\/wp-json\/wp\/v2\/pages\/662\/revisions"}],"up":[{"embeddable":true,"href":"https:\/\/www.vesnahotelnhatrang.com\/vi\/wp-json\/wp\/v2\/pages\/570"}],"wp:featuredmedia":[{"embeddable":true,"href":"https:\/\/www.vesnahotelnhatrang.com\/vi\/wp-json\/wp\/v2\/media\/669"}],"wp:attachment":[{"href":"https:\/\/www.vesnahotelnhatrang.com\/vi\/wp-json\/wp\/v2\/media?parent=662"}],"curies":[{"name":"wp","href":"https:\/\/api.w.org\/{rel}","templated":true}]}}