{"id":652,"date":"2026-04-23T06:00:36","date_gmt":"2026-04-23T06:00:36","guid":{"rendered":"https:\/\/www.vesnahotelnhatrang.com\/?page_id=652"},"modified":"2026-04-23T08:49:27","modified_gmt":"2026-04-23T08:49:27","slug":"family-package","status":"publish","type":"page","link":"https:\/\/www.vesnahotelnhatrang.com\/vi\/uu-dai\/family-package\/","title":{"rendered":"Summer Family Package Ch\u1ec9 t\u1eeb 2,610,000 VN\u0110"},"content":{"rendered":"<p style=\"text-align: center\"><span style=\"font-weight: 400\">Vesna Hotel Nha Trang mang \u0111\u1ebfn l\u1ef1a ch\u1ecdn l\u01b0u tr\u00fa l\u00fd t\u01b0\u1edfng d\u00e0nh cho gia \u0111\u00ecnh 4 kh\u00e1ch v\u1edbi g\u00f3i ngh\u1ec9 d\u01b0\u1ee1ng 2 ng\u00e0y 1 \u0111\u00eam, \u0111\u01b0\u1ee3c thi\u1ebft k\u1ebf nh\u1eb1m t\u1ed1i \u01b0u s\u1ef1 tho\u1ea3i m\u00e1i, ti\u1ec7n nghi v\u00e0 t\u1ea1o tr\u1ea3i nghi\u1ec7m k\u1ebft n\u1ed1i gi\u1eefa c\u00e1c th\u00e0nh vi\u00ean.<\/span><\/p>\n<p style=\"text-align: center\"><span style=\"font-weight: 400\">B\u00ean c\u1ea1nh kh\u00f4ng gian ngh\u1ec9 ng\u01a1i, g\u00f3i ph\u00f2ng c\u00f2n c\u00f3 ho\u1ea1t \u0111\u1ed9ng tr\u1ea3i nghi\u1ec7m \u1ea9m th\u1ef1c v\u00e0 th\u01b0 gi\u00e3n kh\u00e1c. Th\u1ef1c kh\u00e1ch \u0111\u01b0\u1ee3c ph\u1ee5c v\u1ee5 b\u1eefa s\u00e1ng phong ph\u00fa m\u1ed7i ng\u00e0y, c\u00f9ng c\u00e1c ti\u1ec7n \u00edch \u0111i k\u00e8m nh\u01b0 \u0111\u1ed3 u\u1ed1ng t\u1ea1i Vesna Seaside Caf\u00e9 v\u00e0 b\u1eefa \u0103n theo phong c\u00e1ch Vi\u1ec7t Nam, t\u1ea1o n\u00ean s\u1ef1 c\u00e2n b\u1eb1ng gi\u1eefa ti\u1ec7n nghi v\u00e0 th\u01b0\u1edfng th\u1ee9c.<\/span><\/p>\n<p style=\"text-align: center\"><strong>Chi ti\u1ebft ch\u01b0\u01a1ng tr\u00ecnh:<\/strong><\/p>\n<p style=\"text-align: center\"><span style=\"font-weight: 400\">\u2022 01 \u0111\u00eam l\u01b0u tr\u00fa t\u1ea1i ph\u00f2ng Deluxe Quad (4 kh\u00e1ch)<\/span><\/p>\n<p style=\"text-align: center\"><span style=\"font-weight: 400\">\u2022 Mi\u1ec5n ph\u00ed buffet s\u00e1ng cho 4 kh\u00e1ch\u00a0<\/span><\/p>\n<p style=\"text-align: center\"><span style=\"font-weight: 400\">\u2022 T\u1eb7ng 2 ly caf\u00e9 &amp; 2 ly n\u01b0\u1edbc \u00e9p t\u1ea1i Vesna Seaside Caf\u00e9\u00a0<\/span><\/p>\n<p style=\"text-align: center\"><span style=\"font-weight: 400\">\u2022 T\u1eb7ng 01 b\u1eefa c\u01a1m Vi\u1ec7t Nam cho 4 kh\u00e1ch (tr\u01b0a ho\u1eb7c t\u1ed1i)\u00a0<\/span><\/p>\n<p style=\"text-align: center\"><span style=\"font-weight: 400\">\u2022 T\u1eb7ng 4 voucher Spa 60\u2019 (150,000\/voucher)\u00a0<\/span><\/p>\n<p style=\"text-align: center\"><span style=\"font-weight: 400\">\u2022 Mi\u1ec5n ph\u00ed 2 tr\u1ebb d\u01b0\u1edbi 6 tu\u1ed5i \u1edf c\u00f9ng ph\u00f2ng<\/span><\/p>\n<p style=\"text-align: center\" data-start=\"121\" data-end=\"213\">\u2022 Gi\u00e1 \u01b0u \u0111\u00e3i v\u00f4 c\u00f9ng h\u1ea5p d\u1eabn: Ch\u1ec9 2,610,000 VND<\/p>\n<p style=\"text-align: center\"><strong>\u0110i\u1ec1u ki\u1ec7n v\u00e0 \u0111i\u1ec1u kho\u1ea3n \u0111\u1eb7t ph\u00f2ng:<\/strong><\/p>\n<p style=\"text-align: center\"><span style=\"font-weight: 400\">\u2022 Ph\u1ee5 thu tr\u1ebb em t\u1eeb 6 \u0111\u1ebfn 11 tu\u1ed5i: 200,000 VN\u0110\/ tr\u1ebb\/ \u0111\u00eam .<\/span><\/p>\n<p style=\"text-align: center\"><span style=\"font-weight: 400\">\u2022 Ph\u1ee5 thu ng\u01b0\u1eddi l\u1edbn tr\u00ean 11 tu\u1ed5i (kh\u00f4ng th\u00eam gi\u01b0\u1eddng ph\u1ee5): 300,000\/ng\u01b0\u1eddi\/\u0111\u00eam.<\/span><\/p>\n<p style=\"text-align: center\"><span style=\"font-weight: 400\">\u2022 Ph\u1ee5 thu l\u1ec5 t\u1ebft: 200,000 VN\u0110\/ ph\u00f2ng\/ \u0111\u00eam (\u00e1p d\u1ee5ng t\u1eeb m\u00f9ng 2 \u0111\u1ebfn h\u1ebft m\u00f9ng 5 T\u1ebft Nguy\u00ean \u0110\u00e1n v\u00e0 c\u00e1c ng\u00e0y l\u1ec5 l\u1edbn trong n\u0103m).<\/span><\/p>\n<p style=\"text-align: center\" data-start=\"121\" data-end=\"213\">\n<p style=\"text-align: center\"><span style=\"font-weight: 400\">V\u1edbi d\u1ecbch v\u1ee5 ti\u00eau chu\u1ea9n cao v\u00e0 s\u1ef1 ch\u0103m ch\u00fat trong t\u1eebng chi ti\u1ebft, Vesna Hotel Nha Trang h\u01b0\u1edbng \u0111\u1ebfn vi\u1ec7c mang l\u1ea1i m\u1ed9t k\u1ef3 ngh\u1ec9 tr\u1ecdn v\u1eb9n, tho\u1ea3i m\u00e1i v\u00e0 \u0111\u00e1ng nh\u1edb cho m\u1ecdi gia \u0111\u00ecnh khi \u0111\u1ebfn v\u1edbi th\u00e0nh ph\u1ed1 bi\u1ec3n.<\/span><\/p>\n<p style=\"text-align: center\" data-start=\"121\" data-end=\"213\">\n<p style=\"text-align: center\"><span style=\"font-weight: 400\">Li\u00ean h\u1ec7 ngay \u0111\u1ec3 \u0111\u01b0\u1ee3c t\u01b0 v\u1ea5n chi ti\u1ebft ch\u01b0\u01a1ng tr\u00ecnh.<\/span><\/p>\n<p>&nbsp;<\/p>\n","protected":false},"excerpt":{"rendered":"<p>Vesna Hotel Nha Trang mang \u0111\u1ebfn l\u1ef1a ch\u1ecdn l\u01b0u tr\u00fa l\u00fd t\u01b0\u1edfng d\u00e0nh cho gia \u0111\u00ecnh 4 kh\u00e1ch v\u1edbi g\u00f3i ngh\u1ec9 d\u01b0\u1ee1ng 2 ng\u00e0y 1 \u0111\u00eam, \u0111\u01b0\u1ee3c thi\u1ebft k\u1ebf nh\u1eb1m t\u1ed1i \u01b0u s\u1ef1 tho\u1ea3i m\u00e1i, ti\u1ec7n nghi v\u00e0 t\u1ea1o tr\u1ea3i nghi\u1ec7m k\u1ebft n\u1ed1i gi\u1eefa c\u00e1c th\u00e0nh vi\u00ean. B\u00ean c\u1ea1nh kh\u00f4ng gian ngh\u1ec9 ng\u01a1i, g\u00f3i ph\u00f2ng [&hellip;]<\/p>\n","protected":false},"author":271,"featured_media":654,"parent":570,"menu_order":0,"comment_status":"closed","ping_status":"closed","template":"template-single-offer.php","meta":{"footnotes":""},"yoast_head":"<!-- This site is optimized with the Yoast SEO plugin v22.3 - https:\/\/yoast.com\/wordpress\/plugins\/seo\/ -->\n<title>Summer Family Package Ch\u1ec9 t\u1eeb 2,610,000 VN\u0110 - Vesna Hotel Nha Trang<\/title>\n<meta name=\"description\" content=\"G\u00f3i ngh\u1ec9 d\u01b0\u1ee1ng gia \u0111\u00ecnh 2 ng\u00e0y 1 \u0111\u00eam t\u1ea1i Vesna Hotel Nha Trang v\u1edbi ti\u1ec7n nghi cao c\u1ea5p, \u1ea9m th\u1ef1c \u0111a d\u1ea1ng v\u00e0 tr\u1ea3i nghi\u1ec7m th\u01b0 gi\u00e3n tr\u1ecdn v\u1eb9n ch\u1ec9 t\u1eeb 2,610,000 VN\u0110\" \/>\n<meta name=\"robots\" content=\"index, follow, max-snippet:-1, max-image-preview:large, max-video-preview:-1\" \/>\n<link rel=\"canonical\" href=\"https:\/\/www.vesnahotelnhatrang.com\/vi\/uu-dai\/family-package\/\" \/>\n<meta property=\"og:locale\" content=\"vi_VN\" \/>\n<meta property=\"og:type\" content=\"article\" \/>\n<meta property=\"og:title\" content=\"Summer Family Package Ch\u1ec9 t\u1eeb 2,610,000 VN\u0110 - Vesna Hotel Nha Trang\" \/>\n<meta property=\"og:description\" content=\"G\u00f3i ngh\u1ec9 d\u01b0\u1ee1ng gia \u0111\u00ecnh 2 ng\u00e0y 1 \u0111\u00eam t\u1ea1i Vesna Hotel Nha Trang v\u1edbi ti\u1ec7n nghi cao c\u1ea5p, \u1ea9m th\u1ef1c \u0111a d\u1ea1ng v\u00e0 tr\u1ea3i nghi\u1ec7m th\u01b0 gi\u00e3n tr\u1ecdn v\u1eb9n ch\u1ec9 t\u1eeb 2,610,000 VN\u0110\" \/>\n<meta property=\"og:url\" content=\"https:\/\/www.vesnahotelnhatrang.com\/vi\/uu-dai\/family-package\/\" \/>\n<meta property=\"og:site_name\" content=\"Vesna Hotel Nha Trang\" \/>\n<meta property=\"article:modified_time\" content=\"2026-04-23T08:49:27+00:00\" \/>\n<meta property=\"og:image\" content=\"https:\/\/www.vesnahotelnhatrang.com\/wp-content\/uploads\/sites\/144\/2026\/04\/Deluxe-Quart_11460.jpg\" \/>\n\t<meta property=\"og:image:width\" content=\"2200\" \/>\n\t<meta property=\"og:image:height\" content=\"1467\" \/>\n\t<meta property=\"og:image:type\" content=\"image\/jpeg\" \/>\n<meta name=\"twitter:card\" content=\"summary_large_image\" \/>\n<meta name=\"twitter:label1\" content=\"Est. reading time\" \/>\n\t<meta name=\"twitter:data1\" content=\"2 minutes\" \/>\n<script type=\"application\/ld+json\" class=\"yoast-schema-graph\">{\"@context\":\"https:\/\/schema.org\",\"@graph\":[{\"@type\":\"WebPage\",\"@id\":\"https:\/\/www.vesnahotelnhatrang.com\/vi\/uu-dai\/family-package\/\",\"url\":\"https:\/\/www.vesnahotelnhatrang.com\/vi\/uu-dai\/family-package\/\",\"name\":\"Summer Family Package Ch\u1ec9 t\u1eeb 2,610,000 VN\u0110 - Vesna Hotel Nha Trang\",\"isPartOf\":{\"@id\":\"https:\/\/www.vesnahotelnhatrang.com\/vi\/#website\"},\"primaryImageOfPage\":{\"@id\":\"https:\/\/www.vesnahotelnhatrang.com\/vi\/uu-dai\/family-package\/#primaryimage\"},\"image\":{\"@id\":\"https:\/\/www.vesnahotelnhatrang.com\/vi\/uu-dai\/family-package\/#primaryimage\"},\"thumbnailUrl\":\"https:\/\/www.vesnahotelnhatrang.com\/wp-content\/uploads\/sites\/144\/2026\/04\/Deluxe-Quart_11460.jpg\",\"datePublished\":\"2026-04-23T06:00:36+00:00\",\"dateModified\":\"2026-04-23T08:49:27+00:00\",\"description\":\"G\u00f3i ngh\u1ec9 d\u01b0\u1ee1ng gia \u0111\u00ecnh 2 ng\u00e0y 1 \u0111\u00eam t\u1ea1i Vesna Hotel Nha Trang v\u1edbi ti\u1ec7n nghi cao c\u1ea5p, \u1ea9m th\u1ef1c \u0111a d\u1ea1ng v\u00e0 tr\u1ea3i nghi\u1ec7m th\u01b0 gi\u00e3n tr\u1ecdn v\u1eb9n ch\u1ec9 t\u1eeb 2,610,000 VN\u0110\",\"breadcrumb\":{\"@id\":\"https:\/\/www.vesnahotelnhatrang.com\/vi\/uu-dai\/family-package\/#breadcrumb\"},\"inLanguage\":\"vi-VN\",\"potentialAction\":[{\"@type\":\"ReadAction\",\"target\":[\"https:\/\/www.vesnahotelnhatrang.com\/vi\/uu-dai\/family-package\/\"]}]},{\"@type\":\"ImageObject\",\"inLanguage\":\"vi-VN\",\"@id\":\"https:\/\/www.vesnahotelnhatrang.com\/vi\/uu-dai\/family-package\/#primaryimage\",\"url\":\"https:\/\/www.vesnahotelnhatrang.com\/wp-content\/uploads\/sites\/144\/2026\/04\/Deluxe-Quart_11460.jpg\",\"contentUrl\":\"https:\/\/www.vesnahotelnhatrang.com\/wp-content\/uploads\/sites\/144\/2026\/04\/Deluxe-Quart_11460.jpg\",\"width\":2200,\"height\":1467},{\"@type\":\"BreadcrumbList\",\"@id\":\"https:\/\/www.vesnahotelnhatrang.com\/vi\/uu-dai\/family-package\/#breadcrumb\",\"itemListElement\":[{\"@type\":\"ListItem\",\"position\":1,\"name\":\"Home\",\"item\":\"https:\/\/www.vesnahotelnhatrang.com\/vi\/\"},{\"@type\":\"ListItem\",\"position\":2,\"name\":\"Ch\u01b0\u01a1ng tr\u00ecnh khuy\u1ebfn m\u00e3i\",\"item\":\"https:\/\/www.vesnahotelnhatrang.com\/vi\/uu-dai\/\"},{\"@type\":\"ListItem\",\"position\":3,\"name\":\"Summer Family Package Ch\u1ec9 t\u1eeb 2,610,000 VN\u0110\"}]},{\"@type\":\"WebSite\",\"@id\":\"https:\/\/www.vesnahotelnhatrang.com\/vi\/#website\",\"url\":\"https:\/\/www.vesnahotelnhatrang.com\/vi\/\",\"name\":\"Vesna hotel Nha Trang\",\"description\":\"\",\"potentialAction\":[{\"@type\":\"SearchAction\",\"target\":{\"@type\":\"EntryPoint\",\"urlTemplate\":\"https:\/\/www.vesnahotelnhatrang.com\/vi\/?s={search_term_string}\"},\"query-input\":\"required name=search_term_string\"}],\"inLanguage\":\"vi-VN\"}]}<\/script>\n<!-- \/ Yoast SEO plugin. -->","yoast_head_json":{"title":"Summer Family Package Ch\u1ec9 t\u1eeb 2,610,000 VN\u0110 - Vesna Hotel Nha Trang","description":"G\u00f3i ngh\u1ec9 d\u01b0\u1ee1ng gia \u0111\u00ecnh 2 ng\u00e0y 1 \u0111\u00eam t\u1ea1i Vesna Hotel Nha Trang v\u1edbi ti\u1ec7n nghi cao c\u1ea5p, \u1ea9m th\u1ef1c \u0111a d\u1ea1ng v\u00e0 tr\u1ea3i nghi\u1ec7m th\u01b0 gi\u00e3n tr\u1ecdn v\u1eb9n ch\u1ec9 t\u1eeb 2,610,000 VN\u0110","robots":{"index":"index","follow":"follow","max-snippet":"max-snippet:-1","max-image-preview":"max-image-preview:large","max-video-preview":"max-video-preview:-1"},"canonical":"https:\/\/www.vesnahotelnhatrang.com\/vi\/uu-dai\/family-package\/","og_locale":"vi_VN","og_type":"article","og_title":"Summer Family Package Ch\u1ec9 t\u1eeb 2,610,000 VN\u0110 - Vesna Hotel Nha Trang","og_description":"G\u00f3i ngh\u1ec9 d\u01b0\u1ee1ng gia \u0111\u00ecnh 2 ng\u00e0y 1 \u0111\u00eam t\u1ea1i Vesna Hotel Nha Trang v\u1edbi ti\u1ec7n nghi cao c\u1ea5p, \u1ea9m th\u1ef1c \u0111a d\u1ea1ng v\u00e0 tr\u1ea3i nghi\u1ec7m th\u01b0 gi\u00e3n tr\u1ecdn v\u1eb9n ch\u1ec9 t\u1eeb 2,610,000 VN\u0110","og_url":"https:\/\/www.vesnahotelnhatrang.com\/vi\/uu-dai\/family-package\/","og_site_name":"Vesna Hotel Nha Trang","article_modified_time":"2026-04-23T08:49:27+00:00","og_image":[{"width":2200,"height":1467,"url":"https:\/\/www.vesnahotelnhatrang.com\/wp-content\/uploads\/sites\/144\/2026\/04\/Deluxe-Quart_11460.jpg","type":"image\/jpeg"}],"twitter_card":"summary_large_image","twitter_misc":{"Est. reading time":"2 minutes"},"schema":{"@context":"https:\/\/schema.org","@graph":[{"@type":"WebPage","@id":"https:\/\/www.vesnahotelnhatrang.com\/vi\/uu-dai\/family-package\/","url":"https:\/\/www.vesnahotelnhatrang.com\/vi\/uu-dai\/family-package\/","name":"Summer Family Package Ch\u1ec9 t\u1eeb 2,610,000 VN\u0110 - Vesna Hotel Nha Trang","isPartOf":{"@id":"https:\/\/www.vesnahotelnhatrang.com\/vi\/#website"},"primaryImageOfPage":{"@id":"https:\/\/www.vesnahotelnhatrang.com\/vi\/uu-dai\/family-package\/#primaryimage"},"image":{"@id":"https:\/\/www.vesnahotelnhatrang.com\/vi\/uu-dai\/family-package\/#primaryimage"},"thumbnailUrl":"https:\/\/www.vesnahotelnhatrang.com\/wp-content\/uploads\/sites\/144\/2026\/04\/Deluxe-Quart_11460.jpg","datePublished":"2026-04-23T06:00:36+00:00","dateModified":"2026-04-23T08:49:27+00:00","description":"G\u00f3i ngh\u1ec9 d\u01b0\u1ee1ng gia \u0111\u00ecnh 2 ng\u00e0y 1 \u0111\u00eam t\u1ea1i Vesna Hotel Nha Trang v\u1edbi ti\u1ec7n nghi cao c\u1ea5p, \u1ea9m th\u1ef1c \u0111a d\u1ea1ng v\u00e0 tr\u1ea3i nghi\u1ec7m th\u01b0 gi\u00e3n tr\u1ecdn v\u1eb9n ch\u1ec9 t\u1eeb 2,610,000 VN\u0110","breadcrumb":{"@id":"https:\/\/www.vesnahotelnhatrang.com\/vi\/uu-dai\/family-package\/#breadcrumb"},"inLanguage":"vi-VN","potentialAction":[{"@type":"ReadAction","target":["https:\/\/www.vesnahotelnhatrang.com\/vi\/uu-dai\/family-package\/"]}]},{"@type":"ImageObject","inLanguage":"vi-VN","@id":"https:\/\/www.vesnahotelnhatrang.com\/vi\/uu-dai\/family-package\/#primaryimage","url":"https:\/\/www.vesnahotelnhatrang.com\/wp-content\/uploads\/sites\/144\/2026\/04\/Deluxe-Quart_11460.jpg","contentUrl":"https:\/\/www.vesnahotelnhatrang.com\/wp-content\/uploads\/sites\/144\/2026\/04\/Deluxe-Quart_11460.jpg","width":2200,"height":1467},{"@type":"BreadcrumbList","@id":"https:\/\/www.vesnahotelnhatrang.com\/vi\/uu-dai\/family-package\/#breadcrumb","itemListElement":[{"@type":"ListItem","position":1,"name":"Home","item":"https:\/\/www.vesnahotelnhatrang.com\/vi\/"},{"@type":"ListItem","position":2,"name":"Ch\u01b0\u01a1ng tr\u00ecnh khuy\u1ebfn m\u00e3i","item":"https:\/\/www.vesnahotelnhatrang.com\/vi\/uu-dai\/"},{"@type":"ListItem","position":3,"name":"Summer Family Package Ch\u1ec9 t\u1eeb 2,610,000 VN\u0110"}]},{"@type":"WebSite","@id":"https:\/\/www.vesnahotelnhatrang.com\/vi\/#website","url":"https:\/\/www.vesnahotelnhatrang.com\/vi\/","name":"Vesna hotel Nha Trang","description":"","potentialAction":[{"@type":"SearchAction","target":{"@type":"EntryPoint","urlTemplate":"https:\/\/www.vesnahotelnhatrang.com\/vi\/?s={search_term_string}"},"query-input":"required name=search_term_string"}],"inLanguage":"vi-VN"}]}},"acf":[],"_links":{"self":[{"href":"https:\/\/www.vesnahotelnhatrang.com\/vi\/wp-json\/wp\/v2\/pages\/652"}],"collection":[{"href":"https:\/\/www.vesnahotelnhatrang.com\/vi\/wp-json\/wp\/v2\/pages"}],"about":[{"href":"https:\/\/www.vesnahotelnhatrang.com\/vi\/wp-json\/wp\/v2\/types\/page"}],"author":[{"embeddable":true,"href":"https:\/\/www.vesnahotelnhatrang.com\/vi\/wp-json\/wp\/v2\/users\/271"}],"replies":[{"embeddable":true,"href":"https:\/\/www.vesnahotelnhatrang.com\/vi\/wp-json\/wp\/v2\/comments?post=652"}],"version-history":[{"count":0,"href":"https:\/\/www.vesnahotelnhatrang.com\/vi\/wp-json\/wp\/v2\/pages\/652\/revisions"}],"up":[{"embeddable":true,"href":"https:\/\/www.vesnahotelnhatrang.com\/vi\/wp-json\/wp\/v2\/pages\/570"}],"wp:featuredmedia":[{"embeddable":true,"href":"https:\/\/www.vesnahotelnhatrang.com\/vi\/wp-json\/wp\/v2\/media\/654"}],"wp:attachment":[{"href":"https:\/\/www.vesnahotelnhatrang.com\/vi\/wp-json\/wp\/v2\/media?parent=652"}],"curies":[{"name":"wp","href":"https:\/\/api.w.org\/{rel}","templated":true}]}}