{"id":645,"date":"2026-04-23T05:50:36","date_gmt":"2026-04-23T05:50:36","guid":{"rendered":"https:\/\/www.vesnahotelnhatrang.com\/wellness-spa-center\/644-2\/"},"modified":"2026-04-29T08:21:38","modified_gmt":"2026-04-29T08:21:38","slug":"644-2","status":"publish","type":"page","link":"https:\/\/www.vesnahotelnhatrang.com\/vi\/wellness-spa-center\/644-2\/","title":{"rendered":"\u01afu \u0111\u00e3i Spa: G\u00f3i Thi\u00ean \u0111\u01b0\u1eddng t\u00ecnh y\u00eau"},"content":{"rendered":"<p style=\"text-align: left\">M\u1ed7i li\u1ec7u tr\u00ecnh t\u1ea1i Blue Sea Spa kh\u00f4ng ch\u1ec9 l\u00e0 m\u1ed9t kho\u1ea3nh kh\u1eafc th\u01b0 gi\u00e3n \u0111\u01a1n thu\u1ea7n \u2013 m\u00e0 l\u00e0 m\u1ed9t h\u00e0nh tr\u00ecnh ch\u0103m s\u00f3c chuy\u00ean s\u00e2u, nu\u00f4i d\u01b0\u1ee1ng c\u01a1 th\u1ec3, xoa d\u1ecbu t\u00e2m tr\u00ed v\u00e0 \u0111\u00e1nh th\u1ee9c m\u1ecdi gi\u00e1c quan c\u1ee7a b\u1ea1n.<br \/>\nG\u00f3i ch\u0103m s\u00f3c to\u00e0n di\u1ec7n \u201cThi\u00ean \u0111\u01b0\u1eddng t\u00ecnh y\u00eau\u201d bao g\u1ed3m:<\/p>\n<p style=\"text-align: left\">\u2022 Th\u01b0 gi\u00e3n to\u00e0n th\u00e2n b\u1eb1ng tinh d\u1ea7u (th\u1eddi l\u01b0\u1ee3ng 60 ph\u00fat).<\/p>\n<p style=\"text-align: left\">\u2022 Ch\u0103m s\u00f3c th\u01b0 gi\u00e3n cho da m\u1eb7t (th\u1eddi l\u01b0\u1ee3ng 60 ph\u00fat).<\/p>\n<div id=\"yui_3_5_0_4_1776923395390_697\" style=\"text-align: left\"><b id=\"yui_3_5_0_4_1776923395390_696\"><i id=\"yui_3_5_0_4_1776923395390_695\">Gi\u00e1 d\u1ecbch v\u1ee5: 790.000 VND net\/kh\u00e1ch<\/i><\/b><\/div>\n<div id=\"yui_3_5_0_4_1776923395390_721\" style=\"text-align: left\"><b><i><br \/>\n<\/i><\/b>T\u1ea1i Blue Spa, ch\u00fang t\u00f4i ch\u1ec9 s\u1eed d\u1ee5ng c\u00e1c s\u1ea3n ph\u1ea9m v\u00e0 chi\u1ebft xu\u1ea5t t\u1eeb thi\u00ean nhi\u00ean, gi\u00e0u d\u01b0\u1ee1ng ch\u1ea5t, \u0111\u1ea3m b\u1ea3o an to\u00e0n v\u00e0 mang l\u1ea1i hi\u1ec7u qu\u1ea3 t\u1ed1i \u01b0u cho l\u00e0n da c\u0169ng nh\u01b0 s\u1ee9c kh\u1ecfe t\u1ed5ng th\u1ec3 c\u1ee7a b\u1ea1n.<br \/>\nH\u00e3y li\u00ean h\u1ec7 v\u1edbi ch\u00fang t\u00f4i ngay h\u00f4m nay \u0111\u1ec3 \u0111\u1eb7t l\u1ecbch v\u00e0 b\u1eaft \u0111\u1ea7u h\u00e0nh tr\u00ecnh th\u01b0 gi\u00e3n tr\u1ecdn v\u1eb9n d\u00e0nh ri\u00eang cho b\u1ea1n!<\/div>\n<p style=\"text-align: left\">\n","protected":false},"excerpt":{"rendered":"<p>M\u1ed7i li\u1ec7u tr\u00ecnh t\u1ea1i Blue Sea Spa kh\u00f4ng ch\u1ec9 l\u00e0 m\u1ed9t kho\u1ea3nh kh\u1eafc th\u01b0 gi\u00e3n \u0111\u01a1n thu\u1ea7n \u2013 m\u00e0 l\u00e0 m\u1ed9t h\u00e0nh tr\u00ecnh ch\u0103m s\u00f3c chuy\u00ean s\u00e2u, nu\u00f4i d\u01b0\u1ee1ng c\u01a1 th\u1ec3, xoa d\u1ecbu t\u00e2m tr\u00ed v\u00e0 \u0111\u00e1nh th\u1ee9c m\u1ecdi gi\u00e1c quan c\u1ee7a b\u1ea1n. G\u00f3i ch\u0103m s\u00f3c to\u00e0n di\u1ec7n \u201cThi\u00ean \u0111\u01b0\u1eddng t\u00ecnh y\u00eau\u201d bao g\u1ed3m: \u2022 [&hellip;]<\/p>\n","protected":false},"author":271,"featured_media":782,"parent":193,"menu_order":0,"comment_status":"closed","ping_status":"closed","template":"template-spa.php","meta":{"footnotes":""},"yoast_head":"<!-- This site is optimized with the Yoast SEO plugin v22.3 - https:\/\/yoast.com\/wordpress\/plugins\/seo\/ -->\n<title>\u01afu \u0111\u00e3i Spa: G\u00f3i Thi\u00ean \u0111\u01b0\u1eddng t\u00ecnh y\u00eau - Vesna Hotel Nha Trang<\/title>\n<meta name=\"description\" content=\"Kh\u00e1m ph\u00e1 g\u00f3i \u201cThi\u00ean \u0111\u01b0\u1eddng t\u00ecnh y\u00eau\u201d t\u1ea1i Hera Spa v\u1edbi massage to\u00e0n th\u00e2n v\u00e0 ch\u0103m s\u00f3c da m\u1eb7t 120 ph\u00fat v\u1edbi m\u1ee9c gi\u00e1 c\u1ef1c \u01b0u \u0111\u00e3i\" \/>\n<meta name=\"robots\" content=\"index, follow, max-snippet:-1, max-image-preview:large, max-video-preview:-1\" \/>\n<link rel=\"canonical\" href=\"https:\/\/www.vesnahotelnhatrang.com\/vi\/wellness-spa-center\/644-2\/\" \/>\n<meta property=\"og:locale\" content=\"vi_VN\" \/>\n<meta property=\"og:type\" content=\"article\" \/>\n<meta property=\"og:title\" content=\"\u01afu \u0111\u00e3i Spa: G\u00f3i Thi\u00ean \u0111\u01b0\u1eddng t\u00ecnh y\u00eau - Vesna Hotel Nha Trang\" \/>\n<meta property=\"og:description\" content=\"Kh\u00e1m ph\u00e1 g\u00f3i \u201cThi\u00ean \u0111\u01b0\u1eddng t\u00ecnh y\u00eau\u201d t\u1ea1i Hera Spa v\u1edbi massage to\u00e0n th\u00e2n v\u00e0 ch\u0103m s\u00f3c da m\u1eb7t 120 ph\u00fat v\u1edbi m\u1ee9c gi\u00e1 c\u1ef1c \u01b0u \u0111\u00e3i\" \/>\n<meta property=\"og:url\" content=\"https:\/\/www.vesnahotelnhatrang.com\/vi\/wellness-spa-center\/644-2\/\" \/>\n<meta property=\"og:site_name\" content=\"Vesna Hotel Nha Trang\" \/>\n<meta property=\"article:modified_time\" content=\"2026-04-29T08:21:38+00:00\" \/>\n<meta property=\"og:image\" content=\"https:\/\/www.vesnahotelnhatrang.com\/wp-content\/uploads\/sites\/144\/2026\/04\/e4a7fea5e51e242723967ed27ef7f5dd.jpg\" \/>\n\t<meta property=\"og:image:width\" content=\"1199\" \/>\n\t<meta property=\"og:image:height\" content=\"800\" \/>\n\t<meta property=\"og:image:type\" content=\"image\/jpeg\" \/>\n<meta name=\"twitter:card\" content=\"summary_large_image\" \/>\n<meta name=\"twitter:label1\" content=\"Est. reading time\" \/>\n\t<meta name=\"twitter:data1\" content=\"1 minute\" \/>\n<script type=\"application\/ld+json\" class=\"yoast-schema-graph\">{\"@context\":\"https:\/\/schema.org\",\"@graph\":[{\"@type\":\"WebPage\",\"@id\":\"https:\/\/www.vesnahotelnhatrang.com\/vi\/wellness-spa-center\/644-2\/\",\"url\":\"https:\/\/www.vesnahotelnhatrang.com\/vi\/wellness-spa-center\/644-2\/\",\"name\":\"\u01afu \u0111\u00e3i Spa: G\u00f3i Thi\u00ean \u0111\u01b0\u1eddng t\u00ecnh y\u00eau - Vesna Hotel Nha Trang\",\"isPartOf\":{\"@id\":\"https:\/\/www.vesnahotelnhatrang.com\/vi\/#website\"},\"primaryImageOfPage\":{\"@id\":\"https:\/\/www.vesnahotelnhatrang.com\/vi\/wellness-spa-center\/644-2\/#primaryimage\"},\"image\":{\"@id\":\"https:\/\/www.vesnahotelnhatrang.com\/vi\/wellness-spa-center\/644-2\/#primaryimage\"},\"thumbnailUrl\":\"https:\/\/www.vesnahotelnhatrang.com\/wp-content\/uploads\/sites\/144\/2026\/04\/e4a7fea5e51e242723967ed27ef7f5dd.jpg\",\"datePublished\":\"2026-04-23T05:50:36+00:00\",\"dateModified\":\"2026-04-29T08:21:38+00:00\",\"description\":\"Kh\u00e1m ph\u00e1 g\u00f3i \u201cThi\u00ean \u0111\u01b0\u1eddng t\u00ecnh y\u00eau\u201d t\u1ea1i Hera Spa v\u1edbi massage to\u00e0n th\u00e2n v\u00e0 ch\u0103m s\u00f3c da m\u1eb7t 120 ph\u00fat v\u1edbi m\u1ee9c gi\u00e1 c\u1ef1c \u01b0u \u0111\u00e3i\",\"breadcrumb\":{\"@id\":\"https:\/\/www.vesnahotelnhatrang.com\/vi\/wellness-spa-center\/644-2\/#breadcrumb\"},\"inLanguage\":\"vi-VN\",\"potentialAction\":[{\"@type\":\"ReadAction\",\"target\":[\"https:\/\/www.vesnahotelnhatrang.com\/vi\/wellness-spa-center\/644-2\/\"]}]},{\"@type\":\"ImageObject\",\"inLanguage\":\"vi-VN\",\"@id\":\"https:\/\/www.vesnahotelnhatrang.com\/vi\/wellness-spa-center\/644-2\/#primaryimage\",\"url\":\"https:\/\/www.vesnahotelnhatrang.com\/wp-content\/uploads\/sites\/144\/2026\/04\/e4a7fea5e51e242723967ed27ef7f5dd.jpg\",\"contentUrl\":\"https:\/\/www.vesnahotelnhatrang.com\/wp-content\/uploads\/sites\/144\/2026\/04\/e4a7fea5e51e242723967ed27ef7f5dd.jpg\",\"width\":1199,\"height\":800},{\"@type\":\"BreadcrumbList\",\"@id\":\"https:\/\/www.vesnahotelnhatrang.com\/vi\/wellness-spa-center\/644-2\/#breadcrumb\",\"itemListElement\":[{\"@type\":\"ListItem\",\"position\":1,\"name\":\"Home\",\"item\":\"https:\/\/www.vesnahotelnhatrang.com\/vi\/\"},{\"@type\":\"ListItem\",\"position\":2,\"name\":\"Th\u01b0 gi\u00e3n v\u00e0 t\u00e1i t\u1ea1o n\u0103ng l\u01b0\u1ee3ng\",\"item\":\"https:\/\/www.vesnahotelnhatrang.com\/vi\/wellness-spa-center\/\"},{\"@type\":\"ListItem\",\"position\":3,\"name\":\"\u01afu \u0111\u00e3i Spa: G\u00f3i Thi\u00ean \u0111\u01b0\u1eddng t\u00ecnh y\u00eau\"}]},{\"@type\":\"WebSite\",\"@id\":\"https:\/\/www.vesnahotelnhatrang.com\/vi\/#website\",\"url\":\"https:\/\/www.vesnahotelnhatrang.com\/vi\/\",\"name\":\"Vesna hotel Nha Trang\",\"description\":\"\",\"potentialAction\":[{\"@type\":\"SearchAction\",\"target\":{\"@type\":\"EntryPoint\",\"urlTemplate\":\"https:\/\/www.vesnahotelnhatrang.com\/vi\/?s={search_term_string}\"},\"query-input\":\"required name=search_term_string\"}],\"inLanguage\":\"vi-VN\"}]}<\/script>\n<!-- \/ Yoast SEO plugin. -->","yoast_head_json":{"title":"\u01afu \u0111\u00e3i Spa: G\u00f3i Thi\u00ean \u0111\u01b0\u1eddng t\u00ecnh y\u00eau - Vesna Hotel Nha Trang","description":"Kh\u00e1m ph\u00e1 g\u00f3i \u201cThi\u00ean \u0111\u01b0\u1eddng t\u00ecnh y\u00eau\u201d t\u1ea1i Hera Spa v\u1edbi massage to\u00e0n th\u00e2n v\u00e0 ch\u0103m s\u00f3c da m\u1eb7t 120 ph\u00fat v\u1edbi m\u1ee9c gi\u00e1 c\u1ef1c \u01b0u \u0111\u00e3i","robots":{"index":"index","follow":"follow","max-snippet":"max-snippet:-1","max-image-preview":"max-image-preview:large","max-video-preview":"max-video-preview:-1"},"canonical":"https:\/\/www.vesnahotelnhatrang.com\/vi\/wellness-spa-center\/644-2\/","og_locale":"vi_VN","og_type":"article","og_title":"\u01afu \u0111\u00e3i Spa: G\u00f3i Thi\u00ean \u0111\u01b0\u1eddng t\u00ecnh y\u00eau - Vesna Hotel Nha Trang","og_description":"Kh\u00e1m ph\u00e1 g\u00f3i \u201cThi\u00ean \u0111\u01b0\u1eddng t\u00ecnh y\u00eau\u201d t\u1ea1i Hera Spa v\u1edbi massage to\u00e0n th\u00e2n v\u00e0 ch\u0103m s\u00f3c da m\u1eb7t 120 ph\u00fat v\u1edbi m\u1ee9c gi\u00e1 c\u1ef1c \u01b0u \u0111\u00e3i","og_url":"https:\/\/www.vesnahotelnhatrang.com\/vi\/wellness-spa-center\/644-2\/","og_site_name":"Vesna Hotel Nha Trang","article_modified_time":"2026-04-29T08:21:38+00:00","og_image":[{"width":1199,"height":800,"url":"https:\/\/www.vesnahotelnhatrang.com\/wp-content\/uploads\/sites\/144\/2026\/04\/e4a7fea5e51e242723967ed27ef7f5dd.jpg","type":"image\/jpeg"}],"twitter_card":"summary_large_image","twitter_misc":{"Est. reading time":"1 minute"},"schema":{"@context":"https:\/\/schema.org","@graph":[{"@type":"WebPage","@id":"https:\/\/www.vesnahotelnhatrang.com\/vi\/wellness-spa-center\/644-2\/","url":"https:\/\/www.vesnahotelnhatrang.com\/vi\/wellness-spa-center\/644-2\/","name":"\u01afu \u0111\u00e3i Spa: G\u00f3i Thi\u00ean \u0111\u01b0\u1eddng t\u00ecnh y\u00eau - Vesna Hotel Nha Trang","isPartOf":{"@id":"https:\/\/www.vesnahotelnhatrang.com\/vi\/#website"},"primaryImageOfPage":{"@id":"https:\/\/www.vesnahotelnhatrang.com\/vi\/wellness-spa-center\/644-2\/#primaryimage"},"image":{"@id":"https:\/\/www.vesnahotelnhatrang.com\/vi\/wellness-spa-center\/644-2\/#primaryimage"},"thumbnailUrl":"https:\/\/www.vesnahotelnhatrang.com\/wp-content\/uploads\/sites\/144\/2026\/04\/e4a7fea5e51e242723967ed27ef7f5dd.jpg","datePublished":"2026-04-23T05:50:36+00:00","dateModified":"2026-04-29T08:21:38+00:00","description":"Kh\u00e1m ph\u00e1 g\u00f3i \u201cThi\u00ean \u0111\u01b0\u1eddng t\u00ecnh y\u00eau\u201d t\u1ea1i Hera Spa v\u1edbi massage to\u00e0n th\u00e2n v\u00e0 ch\u0103m s\u00f3c da m\u1eb7t 120 ph\u00fat v\u1edbi m\u1ee9c gi\u00e1 c\u1ef1c \u01b0u \u0111\u00e3i","breadcrumb":{"@id":"https:\/\/www.vesnahotelnhatrang.com\/vi\/wellness-spa-center\/644-2\/#breadcrumb"},"inLanguage":"vi-VN","potentialAction":[{"@type":"ReadAction","target":["https:\/\/www.vesnahotelnhatrang.com\/vi\/wellness-spa-center\/644-2\/"]}]},{"@type":"ImageObject","inLanguage":"vi-VN","@id":"https:\/\/www.vesnahotelnhatrang.com\/vi\/wellness-spa-center\/644-2\/#primaryimage","url":"https:\/\/www.vesnahotelnhatrang.com\/wp-content\/uploads\/sites\/144\/2026\/04\/e4a7fea5e51e242723967ed27ef7f5dd.jpg","contentUrl":"https:\/\/www.vesnahotelnhatrang.com\/wp-content\/uploads\/sites\/144\/2026\/04\/e4a7fea5e51e242723967ed27ef7f5dd.jpg","width":1199,"height":800},{"@type":"BreadcrumbList","@id":"https:\/\/www.vesnahotelnhatrang.com\/vi\/wellness-spa-center\/644-2\/#breadcrumb","itemListElement":[{"@type":"ListItem","position":1,"name":"Home","item":"https:\/\/www.vesnahotelnhatrang.com\/vi\/"},{"@type":"ListItem","position":2,"name":"Th\u01b0 gi\u00e3n v\u00e0 t\u00e1i t\u1ea1o n\u0103ng l\u01b0\u1ee3ng","item":"https:\/\/www.vesnahotelnhatrang.com\/vi\/wellness-spa-center\/"},{"@type":"ListItem","position":3,"name":"\u01afu \u0111\u00e3i Spa: G\u00f3i Thi\u00ean \u0111\u01b0\u1eddng t\u00ecnh y\u00eau"}]},{"@type":"WebSite","@id":"https:\/\/www.vesnahotelnhatrang.com\/vi\/#website","url":"https:\/\/www.vesnahotelnhatrang.com\/vi\/","name":"Vesna hotel Nha Trang","description":"","potentialAction":[{"@type":"SearchAction","target":{"@type":"EntryPoint","urlTemplate":"https:\/\/www.vesnahotelnhatrang.com\/vi\/?s={search_term_string}"},"query-input":"required name=search_term_string"}],"inLanguage":"vi-VN"}]}},"acf":[],"_links":{"self":[{"href":"https:\/\/www.vesnahotelnhatrang.com\/vi\/wp-json\/wp\/v2\/pages\/645"}],"collection":[{"href":"https:\/\/www.vesnahotelnhatrang.com\/vi\/wp-json\/wp\/v2\/pages"}],"about":[{"href":"https:\/\/www.vesnahotelnhatrang.com\/vi\/wp-json\/wp\/v2\/types\/page"}],"author":[{"embeddable":true,"href":"https:\/\/www.vesnahotelnhatrang.com\/vi\/wp-json\/wp\/v2\/users\/271"}],"replies":[{"embeddable":true,"href":"https:\/\/www.vesnahotelnhatrang.com\/vi\/wp-json\/wp\/v2\/comments?post=645"}],"version-history":[{"count":0,"href":"https:\/\/www.vesnahotelnhatrang.com\/vi\/wp-json\/wp\/v2\/pages\/645\/revisions"}],"up":[{"embeddable":true,"href":"https:\/\/www.vesnahotelnhatrang.com\/vi\/wp-json\/wp\/v2\/pages\/193"}],"wp:featuredmedia":[{"embeddable":true,"href":"https:\/\/www.vesnahotelnhatrang.com\/vi\/wp-json\/wp\/v2\/media\/782"}],"wp:attachment":[{"href":"https:\/\/www.vesnahotelnhatrang.com\/vi\/wp-json\/wp\/v2\/media?parent=645"}],"curies":[{"name":"wp","href":"https:\/\/api.w.org\/{rel}","templated":true}]}}