{"id":636,"date":"2026-04-23T03:30:21","date_gmt":"2026-04-23T03:30:21","guid":{"rendered":"https:\/\/www.vesnahotelnhatrang.com\/?page_id=636"},"modified":"2026-04-23T05:58:58","modified_gmt":"2026-04-23T05:58:58","slug":"636-2","status":"publish","type":"page","link":"https:\/\/www.vesnahotelnhatrang.com\/vi\/wellness-spa-center\/636-2\/","title":{"rendered":"\u01afu \u0111\u00e3i d\u1ecbch v\u1ee5 Spa: Giai \u0111i\u1ec7u Vi\u1ec7t"},"content":{"rendered":"<p style=\"text-align: center\"><strong>G\u00f3i tr\u1ecb li\u1ec7u &#8220;Giai \u0111i\u1ec7u Vi\u1ec7t&#8221; \u2013 N\u01a1i m\u1ecdi gi\u00e1c quan \u0111\u01b0\u1ee3c \u0111\u00e1nh th\u1ee9c<\/strong><\/p>\n<div id=\"yui_3_5_0_4_1776914970719_693\" style=\"text-align: center\">M\u1ed7i li\u1ec7u tr\u00ecnh t\u1ea1i Blue Spa kh\u00f4ng ch\u1ec9 \u0111\u01a1n thu\u1ea7n l\u00e0 kho\u1ea3nh kh\u1eafc th\u01b0 gi\u00e3n m\u00e0 c\u00f2n l\u00e0 m\u1ed9t h\u00e0nh tr\u00ecnh \u0111\u1eafm ch\u00ecm s\u00e2u s\u1eafc, nu\u00f4i d\u01b0\u1ee1ng c\u01a1 th\u1ec3, xoa d\u1ecbu t\u00e2m tr\u00ed v\u00e0 \u0111\u00e1nh th\u1ee9c m\u1ecdi gi\u00e1c quan c\u1ee7a b\u1ea1n.<\/div>\n<div><\/div>\n<div style=\"text-align: center\">G\u00f3i d\u1ecbch v\u1ee5 \u201cGiai \u0111i\u1ec7u Vi\u1ec7t Nam\u201d to\u00e0n di\u1ec7n c\u1ee7a ch\u00fang t\u00f4i bao g\u1ed3m:<br \/>\n\u2022 Massage to\u00e0n th\u00e2n b\u1eb1ng tinh d\u1ea7u (60 ph\u00fat)<\/div>\n<div style=\"text-align: center\">\u2022 Li\u1ec7u ph\u00e1p th\u01b0 gi\u00e3n \u0111\u1ea7u &#8211; vai &#8211; c\u1ed5 (30 ph\u00fat)<\/div>\n<div style=\"text-align: center\">Gi\u00e1 \u01b0u \u0111\u00e3i \u0111\u1eb7c bi\u1ec7t d\u00e0nh cho kh\u00e1ch l\u01b0u tr\u00fa t\u1ea1i kh\u00e1ch s\u1ea1n: <b><i>Ch\u1ec9 690.000 VND (<\/i><\/b>ch\u01b0a bao g\u1ed3m thu\u1ebf) m\u1ed7i ng\u01b0\u1eddi<\/div>\n<div><\/div>\n<div id=\"yui_3_5_0_4_1776914970719_717\" style=\"text-align: center\">T\u1ea1i Blue Spa, ch\u00fang t\u00f4i ch\u1ec9 s\u1eed d\u1ee5ng c\u00e1c s\u1ea3n ph\u1ea9m t\u1ef1 nhi\u00ean \u0111\u1ec3 \u0111\u1ea3m b\u1ea3o an to\u00e0n \u0111\u1ed3ng th\u1eddi mang l\u1ea1i k\u1ebft qu\u1ea3 t\u1ed1i \u01b0u cho l\u00e0n da v\u00e0 s\u1ee9c kh\u1ecfe t\u1ed5ng th\u1ec3 c\u1ee7a b\u1ea1n.<\/div>\n<div><\/div>\n<div id=\"yui_3_5_0_4_1776914970719_719\" style=\"text-align: center\">H\u00e3y li\u00ean h\u1ec7 v\u1edbi ch\u00fang t\u00f4i ngay h\u00f4m nay \u0111\u1ec3 \u0111\u1eb7t l\u1ecbch h\u1eb9n v\u00e0 b\u1eaft \u0111\u1ea7u h\u00e0nh tr\u00ecnh th\u01b0 gi\u00e3n tuy\u1ec7t \u0111\u1ed1i c\u1ee7a ri\u00eang b\u1ea1n!<\/div>\n<p style=\"text-align: center\">\n","protected":false},"excerpt":{"rendered":"<p>G\u00f3i tr\u1ecb li\u1ec7u &#8220;Giai \u0111i\u1ec7u Vi\u1ec7t&#8221; \u2013 N\u01a1i m\u1ecdi gi\u00e1c quan \u0111\u01b0\u1ee3c \u0111\u00e1nh th\u1ee9c M\u1ed7i li\u1ec7u tr\u00ecnh t\u1ea1i Blue Spa kh\u00f4ng ch\u1ec9 \u0111\u01a1n thu\u1ea7n l\u00e0 kho\u1ea3nh kh\u1eafc th\u01b0 gi\u00e3n m\u00e0 c\u00f2n l\u00e0 m\u1ed9t h\u00e0nh tr\u00ecnh \u0111\u1eafm ch\u00ecm s\u00e2u s\u1eafc, nu\u00f4i d\u01b0\u1ee1ng c\u01a1 th\u1ec3, xoa d\u1ecbu t\u00e2m tr\u00ed v\u00e0 \u0111\u00e1nh th\u1ee9c m\u1ecdi gi\u00e1c quan c\u1ee7a b\u1ea1n. [&hellip;]<\/p>\n","protected":false},"author":271,"featured_media":640,"parent":193,"menu_order":0,"comment_status":"closed","ping_status":"closed","template":"template-spa.php","meta":{"footnotes":""},"yoast_head":"<!-- This site is optimized with the Yoast SEO plugin v22.3 - https:\/\/yoast.com\/wordpress\/plugins\/seo\/ -->\n<title>\u01afu \u0111\u00e3i d\u1ecbch v\u1ee5 Spa: Giai \u0111i\u1ec7u Vi\u1ec7t - Vesna Hotel Nha Trang<\/title>\n<meta name=\"description\" content=\"Tr\u1ea3i nghi\u1ec7m g\u00f3i \u201cGiai \u0111i\u1ec7u Vi\u1ec7t Nam\u201d t\u1ea1i Blue Spa v\u1edbi massage to\u00e0n th\u00e2n v\u00e0 th\u01b0 gi\u00e3n c\u1ed5 vai g\u00e1y v\u1edbi m\u1ee9c gi\u00e1 h\u1ea5p d\u1eabn.\" \/>\n<meta name=\"robots\" content=\"index, follow, max-snippet:-1, max-image-preview:large, max-video-preview:-1\" \/>\n<link rel=\"canonical\" href=\"https:\/\/www.vesnahotelnhatrang.com\/vi\/wellness-spa-center\/636-2\/\" \/>\n<meta property=\"og:locale\" content=\"vi_VN\" \/>\n<meta property=\"og:type\" content=\"article\" \/>\n<meta property=\"og:title\" content=\"\u01afu \u0111\u00e3i d\u1ecbch v\u1ee5 Spa: Giai \u0111i\u1ec7u Vi\u1ec7t - Vesna Hotel Nha Trang\" \/>\n<meta property=\"og:description\" content=\"Tr\u1ea3i nghi\u1ec7m g\u00f3i \u201cGiai \u0111i\u1ec7u Vi\u1ec7t Nam\u201d t\u1ea1i Blue Spa v\u1edbi massage to\u00e0n th\u00e2n v\u00e0 th\u01b0 gi\u00e3n c\u1ed5 vai g\u00e1y v\u1edbi m\u1ee9c gi\u00e1 h\u1ea5p d\u1eabn.\" \/>\n<meta property=\"og:url\" content=\"https:\/\/www.vesnahotelnhatrang.com\/vi\/wellness-spa-center\/636-2\/\" \/>\n<meta property=\"og:site_name\" content=\"Vesna Hotel Nha Trang\" \/>\n<meta property=\"article:modified_time\" content=\"2026-04-23T05:58:58+00:00\" \/>\n<meta property=\"og:image\" content=\"https:\/\/www.vesnahotelnhatrang.com\/wp-content\/uploads\/sites\/144\/2026\/04\/Reconnexion.jpg\" \/>\n\t<meta property=\"og:image:width\" content=\"736\" \/>\n\t<meta property=\"og:image:height\" content=\"1104\" \/>\n\t<meta property=\"og:image:type\" content=\"image\/jpeg\" \/>\n<meta name=\"twitter:card\" content=\"summary_large_image\" \/>\n<meta name=\"twitter:label1\" content=\"Est. reading time\" \/>\n\t<meta name=\"twitter:data1\" content=\"1 minute\" \/>\n<script type=\"application\/ld+json\" class=\"yoast-schema-graph\">{\"@context\":\"https:\/\/schema.org\",\"@graph\":[{\"@type\":\"WebPage\",\"@id\":\"https:\/\/www.vesnahotelnhatrang.com\/vi\/wellness-spa-center\/636-2\/\",\"url\":\"https:\/\/www.vesnahotelnhatrang.com\/vi\/wellness-spa-center\/636-2\/\",\"name\":\"\u01afu \u0111\u00e3i d\u1ecbch v\u1ee5 Spa: Giai \u0111i\u1ec7u Vi\u1ec7t - Vesna Hotel Nha Trang\",\"isPartOf\":{\"@id\":\"https:\/\/www.vesnahotelnhatrang.com\/vi\/#website\"},\"primaryImageOfPage\":{\"@id\":\"https:\/\/www.vesnahotelnhatrang.com\/vi\/wellness-spa-center\/636-2\/#primaryimage\"},\"image\":{\"@id\":\"https:\/\/www.vesnahotelnhatrang.com\/vi\/wellness-spa-center\/636-2\/#primaryimage\"},\"thumbnailUrl\":\"https:\/\/www.vesnahotelnhatrang.com\/wp-content\/uploads\/sites\/144\/2026\/04\/Reconnexion.jpg\",\"datePublished\":\"2026-04-23T03:30:21+00:00\",\"dateModified\":\"2026-04-23T05:58:58+00:00\",\"description\":\"Tr\u1ea3i nghi\u1ec7m g\u00f3i \u201cGiai \u0111i\u1ec7u Vi\u1ec7t Nam\u201d t\u1ea1i Blue Spa v\u1edbi massage to\u00e0n th\u00e2n v\u00e0 th\u01b0 gi\u00e3n c\u1ed5 vai g\u00e1y v\u1edbi m\u1ee9c gi\u00e1 h\u1ea5p d\u1eabn.\",\"breadcrumb\":{\"@id\":\"https:\/\/www.vesnahotelnhatrang.com\/vi\/wellness-spa-center\/636-2\/#breadcrumb\"},\"inLanguage\":\"vi-VN\",\"potentialAction\":[{\"@type\":\"ReadAction\",\"target\":[\"https:\/\/www.vesnahotelnhatrang.com\/vi\/wellness-spa-center\/636-2\/\"]}]},{\"@type\":\"ImageObject\",\"inLanguage\":\"vi-VN\",\"@id\":\"https:\/\/www.vesnahotelnhatrang.com\/vi\/wellness-spa-center\/636-2\/#primaryimage\",\"url\":\"https:\/\/www.vesnahotelnhatrang.com\/wp-content\/uploads\/sites\/144\/2026\/04\/Reconnexion.jpg\",\"contentUrl\":\"https:\/\/www.vesnahotelnhatrang.com\/wp-content\/uploads\/sites\/144\/2026\/04\/Reconnexion.jpg\",\"width\":736,\"height\":1104},{\"@type\":\"BreadcrumbList\",\"@id\":\"https:\/\/www.vesnahotelnhatrang.com\/vi\/wellness-spa-center\/636-2\/#breadcrumb\",\"itemListElement\":[{\"@type\":\"ListItem\",\"position\":1,\"name\":\"Home\",\"item\":\"https:\/\/www.vesnahotelnhatrang.com\/vi\/\"},{\"@type\":\"ListItem\",\"position\":2,\"name\":\"Wellness &amp; Spa Center\",\"item\":\"https:\/\/www.vesnahotelnhatrang.com\/vi\/wellness-spa-center\/\"},{\"@type\":\"ListItem\",\"position\":3,\"name\":\"\u01afu \u0111\u00e3i d\u1ecbch v\u1ee5 Spa: Giai \u0111i\u1ec7u Vi\u1ec7t\"}]},{\"@type\":\"WebSite\",\"@id\":\"https:\/\/www.vesnahotelnhatrang.com\/vi\/#website\",\"url\":\"https:\/\/www.vesnahotelnhatrang.com\/vi\/\",\"name\":\"Vesna hotel Nha Trang\",\"description\":\"\",\"potentialAction\":[{\"@type\":\"SearchAction\",\"target\":{\"@type\":\"EntryPoint\",\"urlTemplate\":\"https:\/\/www.vesnahotelnhatrang.com\/vi\/?s={search_term_string}\"},\"query-input\":\"required name=search_term_string\"}],\"inLanguage\":\"vi-VN\"}]}<\/script>\n<!-- \/ Yoast SEO plugin. -->","yoast_head_json":{"title":"\u01afu \u0111\u00e3i d\u1ecbch v\u1ee5 Spa: Giai \u0111i\u1ec7u Vi\u1ec7t - Vesna Hotel Nha Trang","description":"Tr\u1ea3i nghi\u1ec7m g\u00f3i \u201cGiai \u0111i\u1ec7u Vi\u1ec7t Nam\u201d t\u1ea1i Blue Spa v\u1edbi massage to\u00e0n th\u00e2n v\u00e0 th\u01b0 gi\u00e3n c\u1ed5 vai g\u00e1y v\u1edbi m\u1ee9c gi\u00e1 h\u1ea5p d\u1eabn.","robots":{"index":"index","follow":"follow","max-snippet":"max-snippet:-1","max-image-preview":"max-image-preview:large","max-video-preview":"max-video-preview:-1"},"canonical":"https:\/\/www.vesnahotelnhatrang.com\/vi\/wellness-spa-center\/636-2\/","og_locale":"vi_VN","og_type":"article","og_title":"\u01afu \u0111\u00e3i d\u1ecbch v\u1ee5 Spa: Giai \u0111i\u1ec7u Vi\u1ec7t - Vesna Hotel Nha Trang","og_description":"Tr\u1ea3i nghi\u1ec7m g\u00f3i \u201cGiai \u0111i\u1ec7u Vi\u1ec7t Nam\u201d t\u1ea1i Blue Spa v\u1edbi massage to\u00e0n th\u00e2n v\u00e0 th\u01b0 gi\u00e3n c\u1ed5 vai g\u00e1y v\u1edbi m\u1ee9c gi\u00e1 h\u1ea5p d\u1eabn.","og_url":"https:\/\/www.vesnahotelnhatrang.com\/vi\/wellness-spa-center\/636-2\/","og_site_name":"Vesna Hotel Nha Trang","article_modified_time":"2026-04-23T05:58:58+00:00","og_image":[{"width":736,"height":1104,"url":"https:\/\/www.vesnahotelnhatrang.com\/wp-content\/uploads\/sites\/144\/2026\/04\/Reconnexion.jpg","type":"image\/jpeg"}],"twitter_card":"summary_large_image","twitter_misc":{"Est. reading time":"1 minute"},"schema":{"@context":"https:\/\/schema.org","@graph":[{"@type":"WebPage","@id":"https:\/\/www.vesnahotelnhatrang.com\/vi\/wellness-spa-center\/636-2\/","url":"https:\/\/www.vesnahotelnhatrang.com\/vi\/wellness-spa-center\/636-2\/","name":"\u01afu \u0111\u00e3i d\u1ecbch v\u1ee5 Spa: Giai \u0111i\u1ec7u Vi\u1ec7t - Vesna Hotel Nha Trang","isPartOf":{"@id":"https:\/\/www.vesnahotelnhatrang.com\/vi\/#website"},"primaryImageOfPage":{"@id":"https:\/\/www.vesnahotelnhatrang.com\/vi\/wellness-spa-center\/636-2\/#primaryimage"},"image":{"@id":"https:\/\/www.vesnahotelnhatrang.com\/vi\/wellness-spa-center\/636-2\/#primaryimage"},"thumbnailUrl":"https:\/\/www.vesnahotelnhatrang.com\/wp-content\/uploads\/sites\/144\/2026\/04\/Reconnexion.jpg","datePublished":"2026-04-23T03:30:21+00:00","dateModified":"2026-04-23T05:58:58+00:00","description":"Tr\u1ea3i nghi\u1ec7m g\u00f3i \u201cGiai \u0111i\u1ec7u Vi\u1ec7t Nam\u201d t\u1ea1i Blue Spa v\u1edbi massage to\u00e0n th\u00e2n v\u00e0 th\u01b0 gi\u00e3n c\u1ed5 vai g\u00e1y v\u1edbi m\u1ee9c gi\u00e1 h\u1ea5p d\u1eabn.","breadcrumb":{"@id":"https:\/\/www.vesnahotelnhatrang.com\/vi\/wellness-spa-center\/636-2\/#breadcrumb"},"inLanguage":"vi-VN","potentialAction":[{"@type":"ReadAction","target":["https:\/\/www.vesnahotelnhatrang.com\/vi\/wellness-spa-center\/636-2\/"]}]},{"@type":"ImageObject","inLanguage":"vi-VN","@id":"https:\/\/www.vesnahotelnhatrang.com\/vi\/wellness-spa-center\/636-2\/#primaryimage","url":"https:\/\/www.vesnahotelnhatrang.com\/wp-content\/uploads\/sites\/144\/2026\/04\/Reconnexion.jpg","contentUrl":"https:\/\/www.vesnahotelnhatrang.com\/wp-content\/uploads\/sites\/144\/2026\/04\/Reconnexion.jpg","width":736,"height":1104},{"@type":"BreadcrumbList","@id":"https:\/\/www.vesnahotelnhatrang.com\/vi\/wellness-spa-center\/636-2\/#breadcrumb","itemListElement":[{"@type":"ListItem","position":1,"name":"Home","item":"https:\/\/www.vesnahotelnhatrang.com\/vi\/"},{"@type":"ListItem","position":2,"name":"Wellness &amp; Spa Center","item":"https:\/\/www.vesnahotelnhatrang.com\/vi\/wellness-spa-center\/"},{"@type":"ListItem","position":3,"name":"\u01afu \u0111\u00e3i d\u1ecbch v\u1ee5 Spa: Giai \u0111i\u1ec7u Vi\u1ec7t"}]},{"@type":"WebSite","@id":"https:\/\/www.vesnahotelnhatrang.com\/vi\/#website","url":"https:\/\/www.vesnahotelnhatrang.com\/vi\/","name":"Vesna hotel Nha Trang","description":"","potentialAction":[{"@type":"SearchAction","target":{"@type":"EntryPoint","urlTemplate":"https:\/\/www.vesnahotelnhatrang.com\/vi\/?s={search_term_string}"},"query-input":"required name=search_term_string"}],"inLanguage":"vi-VN"}]}},"acf":[],"_links":{"self":[{"href":"https:\/\/www.vesnahotelnhatrang.com\/vi\/wp-json\/wp\/v2\/pages\/636"}],"collection":[{"href":"https:\/\/www.vesnahotelnhatrang.com\/vi\/wp-json\/wp\/v2\/pages"}],"about":[{"href":"https:\/\/www.vesnahotelnhatrang.com\/vi\/wp-json\/wp\/v2\/types\/page"}],"author":[{"embeddable":true,"href":"https:\/\/www.vesnahotelnhatrang.com\/vi\/wp-json\/wp\/v2\/users\/271"}],"replies":[{"embeddable":true,"href":"https:\/\/www.vesnahotelnhatrang.com\/vi\/wp-json\/wp\/v2\/comments?post=636"}],"version-history":[{"count":0,"href":"https:\/\/www.vesnahotelnhatrang.com\/vi\/wp-json\/wp\/v2\/pages\/636\/revisions"}],"up":[{"embeddable":true,"href":"https:\/\/www.vesnahotelnhatrang.com\/vi\/wp-json\/wp\/v2\/pages\/193"}],"wp:featuredmedia":[{"embeddable":true,"href":"https:\/\/www.vesnahotelnhatrang.com\/vi\/wp-json\/wp\/v2\/media\/640"}],"wp:attachment":[{"href":"https:\/\/www.vesnahotelnhatrang.com\/vi\/wp-json\/wp\/v2\/media?parent=636"}],"curies":[{"name":"wp","href":"https:\/\/api.w.org\/{rel}","templated":true}]}}