{"id":622,"date":"2026-04-23T02:44:44","date_gmt":"2026-04-23T02:44:44","guid":{"rendered":"https:\/\/www.vesnahotelnhatrang.com\/?page_id=622"},"modified":"2026-04-24T01:33:35","modified_gmt":"2026-04-24T01:33:35","slug":"622-2","status":"publish","type":"page","link":"https:\/\/www.vesnahotelnhatrang.com\/vi\/wellness-spa-center\/622-2\/","title":{"rendered":"\u01afu \u0111\u00e3i gi\u1edd v\u00e0ng Spa"},"content":{"rendered":"<p style=\"text-align: center\">\u01afu \u0111\u00e3i gi\u1edd v\u00e0ng \u0111ang ch\u1edd \u0111\u00f3n b\u1ea1n!<\/p>\n<div id=\"yui_3_5_0_4_1776912616490_952\" style=\"text-align: center\">\n<p>H\u00e3y t\u01b0\u1edfng t\u01b0\u1ee3ng b\u1ea1n r\u1eddi kh\u1ecfi c\u00e1i n\u1eafng nhi\u1ec7t \u0111\u1edbi r\u1ef1c r\u1ee1 \u0111\u1ec3 b\u01b0\u1edbc v\u00e0o m\u1ed9t kh\u00f4ng gian t\u0129nh l\u1eb7ng, n\u01a1i s\u1ef1 th\u01b0 gi\u00e3n \u0111\u01b0\u1ee3c n\u00e2ng niu trong t\u1eebng kho\u1ea3nh kh\u1eafc. Golden Hour Offer ch\u00ednh l\u00e0 c\u01a1 h\u1ed9i ho\u00e0n h\u1ea3o \u0111\u1ec3 b\u1ea1n t\u1eadn h\u01b0\u1edfng tr\u1ea3i nghi\u1ec7m spa \u0111\u1eb3ng c\u1ea5p v\u1edbi m\u1ee9c gi\u00e1 \u01b0u \u0111\u00e3i \u0111\u1eb7c bi\u1ec7t.\u2022 Th\u1eddi gian: H\u00e0ng ng\u00e0y, t\u1eeb 12:00 \u2013 16:00<\/p>\n<p>\u2022 \u0110\u1ecba \u0111i\u1ec3m: Vesna Hotel Spa sang tr\u1ecdng<\/p>\n<p>\u2022 \u01afu \u0111\u00e3i: Gi\u1ea3m 20% cho T\u1ea4T C\u1ea2 c\u00e1c d\u1ecbch v\u1ee5 spa<\/p>\n<p>D\u00f9 b\u1ea1n c\u1ea7n m\u1ed9t li\u1ec7u tr\u00ecnh th\u01b0 gi\u00e3n nh\u1eb9 nh\u00e0ng tr\u01b0\u1edbc b\u1eefa t\u1ed1i, hay mu\u1ed1n ph\u1ee5c h\u1ed3i c\u01a1 th\u1ec3, Golden Hour ch\u00ednh l\u00e0 kho\u1ea3ng th\u1eddi gian l\u00fd t\u01b0\u1edfng \u0111\u1ec3 b\u1ea1n ch\u0103m s\u00f3c b\u1ea3n th\u00e2n.<\/p>\n<\/div>\n<div id=\"yui_3_5_0_4_1776912616490_965\" style=\"text-align: center\">\n<p>Nh\u1eefng tr\u1ea3i nghi\u1ec7m b\u1ea1n c\u00f3 th\u1ec3 t\u1eadn h\u01b0\u1edfng v\u1edbi \u01b0u \u0111\u00e3i 20%:\u2022 Massage tr\u1ecb li\u1ec7u \u0111\u1eb7c tr\u01b0ng Tr\u1ea3i nghi\u1ec7m c\u00e1c li\u1ec7u ph\u00e1p \u0111\u1ed9c quy\u1ec1n Vesna k\u1ebft h\u1ee3p c\u00f9ng massage truy\u1ec1n th\u1ed1ng Vi\u1ec7t Nam.<\/p>\n<p>\u2022 Ch\u0103m s\u00f3c da m\u1eb7t cao c\u1ea5p Nu\u00f4i d\u01b0\u1ee1ng v\u00e0 ph\u1ee5c h\u1ed3i l\u00e0n da v\u1edbi s\u1ea3n ph\u1ea9m cao c\u1ea5p, \u0111\u01b0\u1ee3c thi\u1ebft k\u1ebf ri\u00eang cho kh\u00ed h\u1eadu nhi\u1ec7t \u0111\u1edbi.<\/p>\n<p>\u2022 Li\u1ec7u tr\u00ecnh ch\u0103m s\u00f3c to\u00e0n th\u00e2n T\u1ea9y t\u1ebf b\u00e0o ch\u1ebft, \u1ee7 d\u01b0\u1ee1ng v\u00e0 c\u00e1c li\u1ec7u ph\u00e1p detox gi\u00fap c\u01a1 th\u1ec3 t\u00e1i t\u1ea1o v\u00e0 tr\u00e0n \u0111\u1ea7y n\u0103ng l\u01b0\u1ee3ng.<\/p>\n<p>\u2022 G\u00f3i tr\u1ecb li\u1ec7u chuy\u00ean s\u00e2u t\u1ea5t c\u1ea3 d\u1ecbch v\u1ee5 trong menu spa \u0111\u1ec1u \u00e1p d\u1ee5ng trong Golden Hour.<\/p>\n<p>\u0110\u1eebng b\u1ecf l\u1ee1 khung gi\u1edd v\u00e0ng c\u1ee7a s\u1ef1 th\u01b0 gi\u00e3n v\u00e0 t\u1eadn h\u01b0\u1edfng.<\/p>\n<\/div>\n<p style=\"text-align: center\">\n","protected":false},"excerpt":{"rendered":"<p>\u01afu \u0111\u00e3i gi\u1edd v\u00e0ng \u0111ang ch\u1edd \u0111\u00f3n b\u1ea1n! H\u00e3y t\u01b0\u1edfng t\u01b0\u1ee3ng b\u1ea1n r\u1eddi kh\u1ecfi c\u00e1i n\u1eafng nhi\u1ec7t \u0111\u1edbi r\u1ef1c r\u1ee1 \u0111\u1ec3 b\u01b0\u1edbc v\u00e0o m\u1ed9t kh\u00f4ng gian t\u0129nh l\u1eb7ng, n\u01a1i s\u1ef1 th\u01b0 gi\u00e3n \u0111\u01b0\u1ee3c n\u00e2ng niu trong t\u1eebng kho\u1ea3nh kh\u1eafc. Golden Hour Offer ch\u00ednh l\u00e0 c\u01a1 h\u1ed9i ho\u00e0n h\u1ea3o \u0111\u1ec3 b\u1ea1n t\u1eadn h\u01b0\u1edfng tr\u1ea3i nghi\u1ec7m spa [&hellip;]<\/p>\n","protected":false},"author":271,"featured_media":624,"parent":193,"menu_order":0,"comment_status":"closed","ping_status":"closed","template":"template-spa.php","meta":{"footnotes":""},"yoast_head":"<!-- This site is optimized with the Yoast SEO plugin v22.3 - https:\/\/yoast.com\/wordpress\/plugins\/seo\/ -->\n<title>\u01afu \u0111\u00e3i gi\u1edd v\u00e0ng Spa - Vesna Hotel Nha Trang<\/title>\n<meta name=\"description\" content=\"\u01afu \u0111\u00e3i Gi\u1edd V\u00e0ng t\u1ea1i Vesna Hotel Spa gi\u1ea3m 20% t\u1ea5t c\u1ea3 d\u1ecbch v\u1ee5 t\u1eeb 12:00\u201316:00, nh\u1eb1m \u0111\u1ec3 qu\u00fd kh\u00e1ch thu\u1eadn ti\u1ec7n tr\u1ea3i nghi\u1ec7m\" \/>\n<meta name=\"robots\" content=\"index, follow, max-snippet:-1, max-image-preview:large, max-video-preview:-1\" \/>\n<link rel=\"canonical\" href=\"https:\/\/www.vesnahotelnhatrang.com\/vi\/wellness-spa-center\/622-2\/\" \/>\n<meta property=\"og:locale\" content=\"vi_VN\" \/>\n<meta property=\"og:type\" content=\"article\" \/>\n<meta property=\"og:title\" content=\"\u01afu \u0111\u00e3i gi\u1edd v\u00e0ng Spa - Vesna Hotel Nha Trang\" \/>\n<meta property=\"og:description\" content=\"\u01afu \u0111\u00e3i Gi\u1edd V\u00e0ng t\u1ea1i Vesna Hotel Spa gi\u1ea3m 20% t\u1ea5t c\u1ea3 d\u1ecbch v\u1ee5 t\u1eeb 12:00\u201316:00, nh\u1eb1m \u0111\u1ec3 qu\u00fd kh\u00e1ch thu\u1eadn ti\u1ec7n tr\u1ea3i nghi\u1ec7m\" \/>\n<meta property=\"og:url\" content=\"https:\/\/www.vesnahotelnhatrang.com\/vi\/wellness-spa-center\/622-2\/\" \/>\n<meta property=\"og:site_name\" content=\"Vesna Hotel Nha Trang\" \/>\n<meta property=\"article:modified_time\" content=\"2026-04-24T01:33:35+00:00\" \/>\n<meta property=\"og:image\" content=\"https:\/\/www.vesnahotelnhatrang.com\/wp-content\/uploads\/sites\/144\/2026\/04\/hhh.jpg\" \/>\n\t<meta property=\"og:image:width\" content=\"1248\" \/>\n\t<meta property=\"og:image:height\" content=\"832\" \/>\n\t<meta property=\"og:image:type\" content=\"image\/jpeg\" \/>\n<meta name=\"twitter:card\" content=\"summary_large_image\" \/>\n<meta name=\"twitter:label1\" content=\"Est. reading time\" \/>\n\t<meta name=\"twitter:data1\" content=\"2 minutes\" \/>\n<script type=\"application\/ld+json\" class=\"yoast-schema-graph\">{\"@context\":\"https:\/\/schema.org\",\"@graph\":[{\"@type\":\"WebPage\",\"@id\":\"https:\/\/www.vesnahotelnhatrang.com\/vi\/wellness-spa-center\/622-2\/\",\"url\":\"https:\/\/www.vesnahotelnhatrang.com\/vi\/wellness-spa-center\/622-2\/\",\"name\":\"\u01afu \u0111\u00e3i gi\u1edd v\u00e0ng Spa - Vesna Hotel Nha Trang\",\"isPartOf\":{\"@id\":\"https:\/\/www.vesnahotelnhatrang.com\/vi\/#website\"},\"primaryImageOfPage\":{\"@id\":\"https:\/\/www.vesnahotelnhatrang.com\/vi\/wellness-spa-center\/622-2\/#primaryimage\"},\"image\":{\"@id\":\"https:\/\/www.vesnahotelnhatrang.com\/vi\/wellness-spa-center\/622-2\/#primaryimage\"},\"thumbnailUrl\":\"https:\/\/www.vesnahotelnhatrang.com\/wp-content\/uploads\/sites\/144\/2026\/04\/hhh.jpg\",\"datePublished\":\"2026-04-23T02:44:44+00:00\",\"dateModified\":\"2026-04-24T01:33:35+00:00\",\"description\":\"\u01afu \u0111\u00e3i Gi\u1edd V\u00e0ng t\u1ea1i Vesna Hotel Spa gi\u1ea3m 20% t\u1ea5t c\u1ea3 d\u1ecbch v\u1ee5 t\u1eeb 12:00\u201316:00, nh\u1eb1m \u0111\u1ec3 qu\u00fd kh\u00e1ch thu\u1eadn ti\u1ec7n tr\u1ea3i nghi\u1ec7m\",\"breadcrumb\":{\"@id\":\"https:\/\/www.vesnahotelnhatrang.com\/vi\/wellness-spa-center\/622-2\/#breadcrumb\"},\"inLanguage\":\"vi-VN\",\"potentialAction\":[{\"@type\":\"ReadAction\",\"target\":[\"https:\/\/www.vesnahotelnhatrang.com\/vi\/wellness-spa-center\/622-2\/\"]}]},{\"@type\":\"ImageObject\",\"inLanguage\":\"vi-VN\",\"@id\":\"https:\/\/www.vesnahotelnhatrang.com\/vi\/wellness-spa-center\/622-2\/#primaryimage\",\"url\":\"https:\/\/www.vesnahotelnhatrang.com\/wp-content\/uploads\/sites\/144\/2026\/04\/hhh.jpg\",\"contentUrl\":\"https:\/\/www.vesnahotelnhatrang.com\/wp-content\/uploads\/sites\/144\/2026\/04\/hhh.jpg\",\"width\":1248,\"height\":832},{\"@type\":\"BreadcrumbList\",\"@id\":\"https:\/\/www.vesnahotelnhatrang.com\/vi\/wellness-spa-center\/622-2\/#breadcrumb\",\"itemListElement\":[{\"@type\":\"ListItem\",\"position\":1,\"name\":\"Home\",\"item\":\"https:\/\/www.vesnahotelnhatrang.com\/vi\/\"},{\"@type\":\"ListItem\",\"position\":2,\"name\":\"Wellness &amp; Spa Center\",\"item\":\"https:\/\/www.vesnahotelnhatrang.com\/vi\/wellness-spa-center\/\"},{\"@type\":\"ListItem\",\"position\":3,\"name\":\"\u01afu \u0111\u00e3i gi\u1edd v\u00e0ng Spa\"}]},{\"@type\":\"WebSite\",\"@id\":\"https:\/\/www.vesnahotelnhatrang.com\/vi\/#website\",\"url\":\"https:\/\/www.vesnahotelnhatrang.com\/vi\/\",\"name\":\"Vesna hotel Nha Trang\",\"description\":\"\",\"potentialAction\":[{\"@type\":\"SearchAction\",\"target\":{\"@type\":\"EntryPoint\",\"urlTemplate\":\"https:\/\/www.vesnahotelnhatrang.com\/vi\/?s={search_term_string}\"},\"query-input\":\"required name=search_term_string\"}],\"inLanguage\":\"vi-VN\"}]}<\/script>\n<!-- \/ Yoast SEO plugin. -->","yoast_head_json":{"title":"\u01afu \u0111\u00e3i gi\u1edd v\u00e0ng Spa - Vesna Hotel Nha Trang","description":"\u01afu \u0111\u00e3i Gi\u1edd V\u00e0ng t\u1ea1i Vesna Hotel Spa gi\u1ea3m 20% t\u1ea5t c\u1ea3 d\u1ecbch v\u1ee5 t\u1eeb 12:00\u201316:00, nh\u1eb1m \u0111\u1ec3 qu\u00fd kh\u00e1ch thu\u1eadn ti\u1ec7n tr\u1ea3i nghi\u1ec7m","robots":{"index":"index","follow":"follow","max-snippet":"max-snippet:-1","max-image-preview":"max-image-preview:large","max-video-preview":"max-video-preview:-1"},"canonical":"https:\/\/www.vesnahotelnhatrang.com\/vi\/wellness-spa-center\/622-2\/","og_locale":"vi_VN","og_type":"article","og_title":"\u01afu \u0111\u00e3i gi\u1edd v\u00e0ng Spa - Vesna Hotel Nha Trang","og_description":"\u01afu \u0111\u00e3i Gi\u1edd V\u00e0ng t\u1ea1i Vesna Hotel Spa gi\u1ea3m 20% t\u1ea5t c\u1ea3 d\u1ecbch v\u1ee5 t\u1eeb 12:00\u201316:00, nh\u1eb1m \u0111\u1ec3 qu\u00fd kh\u00e1ch thu\u1eadn ti\u1ec7n tr\u1ea3i nghi\u1ec7m","og_url":"https:\/\/www.vesnahotelnhatrang.com\/vi\/wellness-spa-center\/622-2\/","og_site_name":"Vesna Hotel Nha Trang","article_modified_time":"2026-04-24T01:33:35+00:00","og_image":[{"width":1248,"height":832,"url":"https:\/\/www.vesnahotelnhatrang.com\/wp-content\/uploads\/sites\/144\/2026\/04\/hhh.jpg","type":"image\/jpeg"}],"twitter_card":"summary_large_image","twitter_misc":{"Est. reading time":"2 minutes"},"schema":{"@context":"https:\/\/schema.org","@graph":[{"@type":"WebPage","@id":"https:\/\/www.vesnahotelnhatrang.com\/vi\/wellness-spa-center\/622-2\/","url":"https:\/\/www.vesnahotelnhatrang.com\/vi\/wellness-spa-center\/622-2\/","name":"\u01afu \u0111\u00e3i gi\u1edd v\u00e0ng Spa - Vesna Hotel Nha Trang","isPartOf":{"@id":"https:\/\/www.vesnahotelnhatrang.com\/vi\/#website"},"primaryImageOfPage":{"@id":"https:\/\/www.vesnahotelnhatrang.com\/vi\/wellness-spa-center\/622-2\/#primaryimage"},"image":{"@id":"https:\/\/www.vesnahotelnhatrang.com\/vi\/wellness-spa-center\/622-2\/#primaryimage"},"thumbnailUrl":"https:\/\/www.vesnahotelnhatrang.com\/wp-content\/uploads\/sites\/144\/2026\/04\/hhh.jpg","datePublished":"2026-04-23T02:44:44+00:00","dateModified":"2026-04-24T01:33:35+00:00","description":"\u01afu \u0111\u00e3i Gi\u1edd V\u00e0ng t\u1ea1i Vesna Hotel Spa gi\u1ea3m 20% t\u1ea5t c\u1ea3 d\u1ecbch v\u1ee5 t\u1eeb 12:00\u201316:00, nh\u1eb1m \u0111\u1ec3 qu\u00fd kh\u00e1ch thu\u1eadn ti\u1ec7n tr\u1ea3i nghi\u1ec7m","breadcrumb":{"@id":"https:\/\/www.vesnahotelnhatrang.com\/vi\/wellness-spa-center\/622-2\/#breadcrumb"},"inLanguage":"vi-VN","potentialAction":[{"@type":"ReadAction","target":["https:\/\/www.vesnahotelnhatrang.com\/vi\/wellness-spa-center\/622-2\/"]}]},{"@type":"ImageObject","inLanguage":"vi-VN","@id":"https:\/\/www.vesnahotelnhatrang.com\/vi\/wellness-spa-center\/622-2\/#primaryimage","url":"https:\/\/www.vesnahotelnhatrang.com\/wp-content\/uploads\/sites\/144\/2026\/04\/hhh.jpg","contentUrl":"https:\/\/www.vesnahotelnhatrang.com\/wp-content\/uploads\/sites\/144\/2026\/04\/hhh.jpg","width":1248,"height":832},{"@type":"BreadcrumbList","@id":"https:\/\/www.vesnahotelnhatrang.com\/vi\/wellness-spa-center\/622-2\/#breadcrumb","itemListElement":[{"@type":"ListItem","position":1,"name":"Home","item":"https:\/\/www.vesnahotelnhatrang.com\/vi\/"},{"@type":"ListItem","position":2,"name":"Wellness &amp; Spa Center","item":"https:\/\/www.vesnahotelnhatrang.com\/vi\/wellness-spa-center\/"},{"@type":"ListItem","position":3,"name":"\u01afu \u0111\u00e3i gi\u1edd v\u00e0ng Spa"}]},{"@type":"WebSite","@id":"https:\/\/www.vesnahotelnhatrang.com\/vi\/#website","url":"https:\/\/www.vesnahotelnhatrang.com\/vi\/","name":"Vesna hotel Nha Trang","description":"","potentialAction":[{"@type":"SearchAction","target":{"@type":"EntryPoint","urlTemplate":"https:\/\/www.vesnahotelnhatrang.com\/vi\/?s={search_term_string}"},"query-input":"required name=search_term_string"}],"inLanguage":"vi-VN"}]}},"acf":[],"_links":{"self":[{"href":"https:\/\/www.vesnahotelnhatrang.com\/vi\/wp-json\/wp\/v2\/pages\/622"}],"collection":[{"href":"https:\/\/www.vesnahotelnhatrang.com\/vi\/wp-json\/wp\/v2\/pages"}],"about":[{"href":"https:\/\/www.vesnahotelnhatrang.com\/vi\/wp-json\/wp\/v2\/types\/page"}],"author":[{"embeddable":true,"href":"https:\/\/www.vesnahotelnhatrang.com\/vi\/wp-json\/wp\/v2\/users\/271"}],"replies":[{"embeddable":true,"href":"https:\/\/www.vesnahotelnhatrang.com\/vi\/wp-json\/wp\/v2\/comments?post=622"}],"version-history":[{"count":0,"href":"https:\/\/www.vesnahotelnhatrang.com\/vi\/wp-json\/wp\/v2\/pages\/622\/revisions"}],"up":[{"embeddable":true,"href":"https:\/\/www.vesnahotelnhatrang.com\/vi\/wp-json\/wp\/v2\/pages\/193"}],"wp:featuredmedia":[{"embeddable":true,"href":"https:\/\/www.vesnahotelnhatrang.com\/vi\/wp-json\/wp\/v2\/media\/624"}],"wp:attachment":[{"href":"https:\/\/www.vesnahotelnhatrang.com\/vi\/wp-json\/wp\/v2\/media?parent=622"}],"curies":[{"name":"wp","href":"https:\/\/api.w.org\/{rel}","templated":true}]}}