{"id":607,"date":"2026-04-23T02:20:12","date_gmt":"2026-04-23T02:20:12","guid":{"rendered":"https:\/\/www.vesnahotelnhatrang.com\/?page_id=607"},"modified":"2026-04-23T07:37:40","modified_gmt":"2026-04-23T07:37:40","slug":"607-2","status":"publish","type":"page","link":"https:\/\/www.vesnahotelnhatrang.com\/vi\/uu-dai\/607-2\/","title":{"rendered":"Ti\u1ec7c Buffet M\u1eebng \u0110\u1ea1i L\u1ec5"},"content":{"rendered":"<p style=\"text-align: center\" data-start=\"103\" data-end=\"172\"><strong data-start=\"103\" data-end=\"172\">Th\u01b0\u1edfng th\u1ee9c \u0111\u1ea1i ti\u1ec7c buffet chu\u1ea9n 5 sao t\u1ea1i Vesna Hotel Nha Trang<\/strong><\/p>\n<p style=\"text-align: center\" data-start=\"174\" data-end=\"529\">Ch\u00e0o m\u1eebng Ng\u00e0y Gi\u1ea3i Ph\u00f3ng 30\/4, Vesna Hotel Nha Trang tr\u00e2n tr\u1ecdng mang \u0111\u1ebfn m\u1ed9t \u0111\u00eam ti\u1ec7c buffet \u0111\u1eb7c s\u1eafc, n\u01a1i \u1ea9m th\u1ef1c tinh hoa h\u00f2a quy\u1ec7n c\u00f9ng \u00e2m nh\u1ea1c s\u00f4i \u0111\u1ed9ng v\u00e0 kh\u00f4ng kh\u00ed l\u1ec5 h\u1ed9i r\u1ef1c r\u1ee1. \u0110\u00e2y kh\u00f4ng ch\u1ec9 l\u00e0 m\u1ed9t b\u1eefa \u0103n, m\u00e0 l\u00e0 m\u1ed9t h\u00e0nh tr\u00ecnh tr\u1ea3i nghi\u1ec7m tr\u1ecdn v\u1eb9n d\u00e0nh cho m\u1ecdi gi\u00e1c quan, \u0111\u01b0\u1ee3c thi\u1ebft k\u1ebf theo ti\u00eau chu\u1ea9n 5 sao ngay gi\u1eefa l\u00f2ng th\u00e0nh ph\u1ed1 bi\u1ec3n Nha Trang.<\/p>\n<p style=\"text-align: center\" data-start=\"531\" data-end=\"967\">Trong kh\u00f4ng gian sang tr\u1ecdng v\u00e0 \u1ea5m c\u00fang, th\u1ef1c kh\u00e1ch s\u1ebd \u0111\u01b0\u1ee3c chi\u00eau \u0111\u00e3i b\u1edfi \u0111\u1ea1i ti\u1ec7c \u1ea9m th\u1ef1c phong ph\u00fa v\u1edbi h\u00e0ng lo\u1ea1t m\u00f3n \u0103n h\u1ea5p d\u1eabn. T\u1eeb h\u1ea3i s\u1ea3n t\u01b0\u01a1i ngon \u0111\u1eadm v\u1ecb bi\u1ec3n kh\u01a1i, c\u00e1c m\u00f3n n\u01b0\u1edbng th\u01a1m l\u1eebng \u0111\u1ea7y cu\u1ed1n h\u00fat, \u0111\u1ebfn s\u1ef1 k\u1ebft h\u1ee3p tinh t\u1ebf c\u1ee7a \u1ea9m th\u1ef1c \u00c2u \u2013 \u00c1 \u0111\u01b0\u1ee3c ch\u1ebf bi\u1ebfn c\u00f4ng phu b\u1edfi \u0111\u1ed9i ng\u0169 \u0111\u1ea7u b\u1ebfp gi\u00e0u kinh nghi\u1ec7m. B\u00ean c\u1ea1nh \u0111\u00f3, qu\u1ea7y tr\u00e1ng mi\u1ec7ng ng\u1ecdt ng\u00e0o v\u1edbi \u0111a d\u1ea1ng l\u1ef1a ch\u1ecdn s\u1ebd l\u00e0 \u0111i\u1ec3m nh\u1ea5n ho\u00e0n h\u1ea3o kh\u00e9p l\u1ea1i h\u00e0nh tr\u00ecnh \u1ea9m th\u1ef1c \u0111\u1ea7y c\u1ea3m x\u00fac.<\/p>\n<p style=\"text-align: center\" data-start=\"969\" data-end=\"1261\">Kh\u00f4ng ch\u1ec9 d\u1eebng l\u1ea1i \u1edf \u1ea9m th\u1ef1c, \u0111\u00eam buffet 30\/4 t\u1ea1i Vesna c\u00f2n mang \u0111\u1ebfn kh\u00f4ng gian gi\u1ea3i tr\u00ed s\u1ed1ng \u0111\u1ed9ng v\u1edbi \u00e2m nh\u1ea1c s\u00f4i \u0111\u1ed9ng v\u00e0 b\u1ea7u kh\u00f4ng kh\u00ed l\u1ec5 h\u1ed9i tr\u00e0n \u0111\u1ea7y n\u0103ng l\u01b0\u1ee3ng. \u0110\u00e2y l\u00e0 c\u01a1 h\u1ed9i l\u00fd t\u01b0\u1edfng \u0111\u1ec3 b\u1ea1n c\u00f9ng gia \u0111\u00ecnh v\u00e0 b\u1ea1n b\u00e8 th\u01b0 gi\u00e3n, k\u1ebft n\u1ed1i v\u00e0 l\u01b0u gi\u1eef nh\u1eefng kho\u1ea3nh kh\u1eafc \u0111\u00e1ng nh\u1edb trong k\u1ef3 ngh\u1ec9 l\u1ec5.<\/p>\n<p style=\"text-align: center\" data-start=\"1263\" data-end=\"1425\">S\u1ef1 k\u1ebft h\u1ee3p gi\u1eefa \u1ea9m th\u1ef1c, \u00e2m nh\u1ea1c v\u00e0 kh\u00f4ng gian sang tr\u1ecdng h\u1ee9a h\u1eb9n mang \u0111\u1ebfn m\u1ed9t tr\u1ea3i nghi\u1ec7m kh\u00f3 qu\u00ean trong k\u1ef3 ngh\u1ec9 l\u1ec5 n\u0103m nay c\u1ee7a b\u1ea1n.<\/p>\n<p style=\"text-align: center\" data-start=\"1427\" data-end=\"1454\"><strong data-start=\"1427\" data-end=\"1454\">Th\u00f4ng tin chi ti\u1ebft ch\u01b0\u01a1ng tr\u00ecnh:<\/strong><\/p>\n<p style=\"text-align: center\" data-start=\"1456\" data-end=\"1595\">\u2022 Th\u1eddi gian: 18:00 | Ng\u00e0y 30\/4\/2026<br data-start=\"1492\" data-end=\"1495\" \/>\u2022 \u0110\u1ecba \u0111i\u1ec3m: T\u1ea7ng 3, Vesna Hotel Nha Trang<br data-start=\"1537\" data-end=\"1540\" \/>\u2022 Gi\u00e1 v\u00e9: Ng\u01b0\u1eddi l\u1edbn 669.000 VN\u0110 | Tr\u1ebb em 339.000 VN\u0110<\/p>\n<p style=\"text-align: center\" data-start=\"1597\" data-end=\"1752\">H\u00e3y nhanh tay \u0111\u1eb7t b\u00e0n ngay h\u00f4m nay \u0111\u1ec3 kh\u00f4ng b\u1ecf l\u1ee1 c\u01a1 h\u1ed9i th\u01b0\u1edfng th\u1ee9c \u0111\u1ea1i ti\u1ec7c buffet 30\/4 tr\u1ecdn v\u1eb9n h\u01b0\u01a1ng v\u1ecb, c\u1ea3m x\u00fac v\u00e0 ni\u1ec1m vui t\u1ea1i Vesna Hotel Nha Trang.<\/p>\n<p style=\"text-align: center\">\n","protected":false},"excerpt":{"rendered":"<p>Th\u01b0\u1edfng th\u1ee9c \u0111\u1ea1i ti\u1ec7c buffet chu\u1ea9n 5 sao t\u1ea1i Vesna Hotel Nha Trang Ch\u00e0o m\u1eebng Ng\u00e0y Gi\u1ea3i Ph\u00f3ng 30\/4, Vesna Hotel Nha Trang tr\u00e2n tr\u1ecdng mang \u0111\u1ebfn m\u1ed9t \u0111\u00eam ti\u1ec7c buffet \u0111\u1eb7c s\u1eafc, n\u01a1i \u1ea9m th\u1ef1c tinh hoa h\u00f2a quy\u1ec7n c\u00f9ng \u00e2m nh\u1ea1c s\u00f4i \u0111\u1ed9ng v\u00e0 kh\u00f4ng kh\u00ed l\u1ec5 h\u1ed9i r\u1ef1c r\u1ee1. \u0110\u00e2y kh\u00f4ng ch\u1ec9 [&hellip;]<\/p>\n","protected":false},"author":271,"featured_media":680,"parent":570,"menu_order":0,"comment_status":"closed","ping_status":"closed","template":"template-offers.php","meta":{"footnotes":""},"yoast_head":"<!-- This site is optimized with the Yoast SEO plugin v22.3 - https:\/\/yoast.com\/wordpress\/plugins\/seo\/ -->\n<title>Ti\u1ec7c Buffet M\u1eebng \u0110\u1ea1i L\u1ec5 - Vesna Hotel Nha Trang<\/title>\n<meta name=\"description\" content=\"Ch\u00e0o m\u1eebng Ng\u00e0y Gi\u1ea3i Ph\u00f3ng 30\/4 v\u1edbi \u0111\u00eam ti\u1ec7c buffet \u0111\u1eb7c s\u1eafc t\u1ea1i Vesna Hotel Nha Trang, t\u1eadn h\u01b0\u1edfng \u1ea9m th\u1ef1c, \u00e2m nh\u1ea1c v\u00e0 kh\u00f4ng kh\u00ed ti\u1ec7c t\u00f9ng v\u1edbi m\u1ed9t tr\u1ea3i nghi\u1ec7m \u0111\u1eb3ng c\u1ea5p 5 sao\" \/>\n<meta name=\"robots\" content=\"index, follow, max-snippet:-1, max-image-preview:large, max-video-preview:-1\" \/>\n<link rel=\"canonical\" href=\"https:\/\/www.vesnahotelnhatrang.com\/vi\/uu-dai\/607-2\/\" \/>\n<meta property=\"og:locale\" content=\"vi_VN\" \/>\n<meta property=\"og:type\" content=\"article\" \/>\n<meta property=\"og:title\" content=\"Ti\u1ec7c Buffet M\u1eebng \u0110\u1ea1i L\u1ec5 - Vesna Hotel Nha Trang\" \/>\n<meta property=\"og:description\" content=\"Ch\u00e0o m\u1eebng Ng\u00e0y Gi\u1ea3i Ph\u00f3ng 30\/4 v\u1edbi \u0111\u00eam ti\u1ec7c buffet \u0111\u1eb7c s\u1eafc t\u1ea1i Vesna Hotel Nha Trang, t\u1eadn h\u01b0\u1edfng \u1ea9m th\u1ef1c, \u00e2m nh\u1ea1c v\u00e0 kh\u00f4ng kh\u00ed ti\u1ec7c t\u00f9ng v\u1edbi m\u1ed9t tr\u1ea3i nghi\u1ec7m \u0111\u1eb3ng c\u1ea5p 5 sao\" \/>\n<meta property=\"og:url\" content=\"https:\/\/www.vesnahotelnhatrang.com\/vi\/uu-dai\/607-2\/\" \/>\n<meta property=\"og:site_name\" content=\"Vesna Hotel Nha Trang\" \/>\n<meta property=\"article:modified_time\" content=\"2026-04-23T07:37:40+00:00\" \/>\n<meta property=\"og:image\" content=\"https:\/\/www.vesnahotelnhatrang.com\/wp-content\/uploads\/sites\/144\/2026\/04\/597087615_1326834672792400_676610005050863224_n.jpg\" \/>\n\t<meta property=\"og:image:width\" content=\"1022\" \/>\n\t<meta property=\"og:image:height\" content=\"1022\" \/>\n\t<meta property=\"og:image:type\" content=\"image\/jpeg\" \/>\n<meta name=\"twitter:card\" content=\"summary_large_image\" \/>\n<meta name=\"twitter:label1\" content=\"Est. reading time\" \/>\n\t<meta name=\"twitter:data1\" content=\"2 minutes\" \/>\n<script type=\"application\/ld+json\" class=\"yoast-schema-graph\">{\"@context\":\"https:\/\/schema.org\",\"@graph\":[{\"@type\":\"WebPage\",\"@id\":\"https:\/\/www.vesnahotelnhatrang.com\/vi\/uu-dai\/607-2\/\",\"url\":\"https:\/\/www.vesnahotelnhatrang.com\/vi\/uu-dai\/607-2\/\",\"name\":\"Ti\u1ec7c Buffet M\u1eebng \u0110\u1ea1i L\u1ec5 - Vesna Hotel Nha Trang\",\"isPartOf\":{\"@id\":\"https:\/\/www.vesnahotelnhatrang.com\/vi\/#website\"},\"primaryImageOfPage\":{\"@id\":\"https:\/\/www.vesnahotelnhatrang.com\/vi\/uu-dai\/607-2\/#primaryimage\"},\"image\":{\"@id\":\"https:\/\/www.vesnahotelnhatrang.com\/vi\/uu-dai\/607-2\/#primaryimage\"},\"thumbnailUrl\":\"https:\/\/www.vesnahotelnhatrang.com\/wp-content\/uploads\/sites\/144\/2026\/04\/597087615_1326834672792400_676610005050863224_n.jpg\",\"datePublished\":\"2026-04-23T02:20:12+00:00\",\"dateModified\":\"2026-04-23T07:37:40+00:00\",\"description\":\"Ch\u00e0o m\u1eebng Ng\u00e0y Gi\u1ea3i Ph\u00f3ng 30\/4 v\u1edbi \u0111\u00eam ti\u1ec7c buffet \u0111\u1eb7c s\u1eafc t\u1ea1i Vesna Hotel Nha Trang, t\u1eadn h\u01b0\u1edfng \u1ea9m th\u1ef1c, \u00e2m nh\u1ea1c v\u00e0 kh\u00f4ng kh\u00ed ti\u1ec7c t\u00f9ng v\u1edbi m\u1ed9t tr\u1ea3i nghi\u1ec7m \u0111\u1eb3ng c\u1ea5p 5 sao\",\"breadcrumb\":{\"@id\":\"https:\/\/www.vesnahotelnhatrang.com\/vi\/uu-dai\/607-2\/#breadcrumb\"},\"inLanguage\":\"vi-VN\",\"potentialAction\":[{\"@type\":\"ReadAction\",\"target\":[\"https:\/\/www.vesnahotelnhatrang.com\/vi\/uu-dai\/607-2\/\"]}]},{\"@type\":\"ImageObject\",\"inLanguage\":\"vi-VN\",\"@id\":\"https:\/\/www.vesnahotelnhatrang.com\/vi\/uu-dai\/607-2\/#primaryimage\",\"url\":\"https:\/\/www.vesnahotelnhatrang.com\/wp-content\/uploads\/sites\/144\/2026\/04\/597087615_1326834672792400_676610005050863224_n.jpg\",\"contentUrl\":\"https:\/\/www.vesnahotelnhatrang.com\/wp-content\/uploads\/sites\/144\/2026\/04\/597087615_1326834672792400_676610005050863224_n.jpg\",\"width\":1022,\"height\":1022},{\"@type\":\"BreadcrumbList\",\"@id\":\"https:\/\/www.vesnahotelnhatrang.com\/vi\/uu-dai\/607-2\/#breadcrumb\",\"itemListElement\":[{\"@type\":\"ListItem\",\"position\":1,\"name\":\"Home\",\"item\":\"https:\/\/www.vesnahotelnhatrang.com\/vi\/\"},{\"@type\":\"ListItem\",\"position\":2,\"name\":\"Ch\u01b0\u01a1ng tr\u00ecnh khuy\u1ebfn m\u00e3i\",\"item\":\"https:\/\/www.vesnahotelnhatrang.com\/vi\/uu-dai\/\"},{\"@type\":\"ListItem\",\"position\":3,\"name\":\"Ti\u1ec7c Buffet M\u1eebng \u0110\u1ea1i L\u1ec5\"}]},{\"@type\":\"WebSite\",\"@id\":\"https:\/\/www.vesnahotelnhatrang.com\/vi\/#website\",\"url\":\"https:\/\/www.vesnahotelnhatrang.com\/vi\/\",\"name\":\"Vesna hotel Nha Trang\",\"description\":\"\",\"potentialAction\":[{\"@type\":\"SearchAction\",\"target\":{\"@type\":\"EntryPoint\",\"urlTemplate\":\"https:\/\/www.vesnahotelnhatrang.com\/vi\/?s={search_term_string}\"},\"query-input\":\"required name=search_term_string\"}],\"inLanguage\":\"vi-VN\"}]}<\/script>\n<!-- \/ Yoast SEO plugin. -->","yoast_head_json":{"title":"Ti\u1ec7c Buffet M\u1eebng \u0110\u1ea1i L\u1ec5 - Vesna Hotel Nha Trang","description":"Ch\u00e0o m\u1eebng Ng\u00e0y Gi\u1ea3i Ph\u00f3ng 30\/4 v\u1edbi \u0111\u00eam ti\u1ec7c buffet \u0111\u1eb7c s\u1eafc t\u1ea1i Vesna Hotel Nha Trang, t\u1eadn h\u01b0\u1edfng \u1ea9m th\u1ef1c, \u00e2m nh\u1ea1c v\u00e0 kh\u00f4ng kh\u00ed ti\u1ec7c t\u00f9ng v\u1edbi m\u1ed9t tr\u1ea3i nghi\u1ec7m \u0111\u1eb3ng c\u1ea5p 5 sao","robots":{"index":"index","follow":"follow","max-snippet":"max-snippet:-1","max-image-preview":"max-image-preview:large","max-video-preview":"max-video-preview:-1"},"canonical":"https:\/\/www.vesnahotelnhatrang.com\/vi\/uu-dai\/607-2\/","og_locale":"vi_VN","og_type":"article","og_title":"Ti\u1ec7c Buffet M\u1eebng \u0110\u1ea1i L\u1ec5 - Vesna Hotel Nha Trang","og_description":"Ch\u00e0o m\u1eebng Ng\u00e0y Gi\u1ea3i Ph\u00f3ng 30\/4 v\u1edbi \u0111\u00eam ti\u1ec7c buffet \u0111\u1eb7c s\u1eafc t\u1ea1i Vesna Hotel Nha Trang, t\u1eadn h\u01b0\u1edfng \u1ea9m th\u1ef1c, \u00e2m nh\u1ea1c v\u00e0 kh\u00f4ng kh\u00ed ti\u1ec7c t\u00f9ng v\u1edbi m\u1ed9t tr\u1ea3i nghi\u1ec7m \u0111\u1eb3ng c\u1ea5p 5 sao","og_url":"https:\/\/www.vesnahotelnhatrang.com\/vi\/uu-dai\/607-2\/","og_site_name":"Vesna Hotel Nha Trang","article_modified_time":"2026-04-23T07:37:40+00:00","og_image":[{"width":1022,"height":1022,"url":"https:\/\/www.vesnahotelnhatrang.com\/wp-content\/uploads\/sites\/144\/2026\/04\/597087615_1326834672792400_676610005050863224_n.jpg","type":"image\/jpeg"}],"twitter_card":"summary_large_image","twitter_misc":{"Est. reading time":"2 minutes"},"schema":{"@context":"https:\/\/schema.org","@graph":[{"@type":"WebPage","@id":"https:\/\/www.vesnahotelnhatrang.com\/vi\/uu-dai\/607-2\/","url":"https:\/\/www.vesnahotelnhatrang.com\/vi\/uu-dai\/607-2\/","name":"Ti\u1ec7c Buffet M\u1eebng \u0110\u1ea1i L\u1ec5 - Vesna Hotel Nha Trang","isPartOf":{"@id":"https:\/\/www.vesnahotelnhatrang.com\/vi\/#website"},"primaryImageOfPage":{"@id":"https:\/\/www.vesnahotelnhatrang.com\/vi\/uu-dai\/607-2\/#primaryimage"},"image":{"@id":"https:\/\/www.vesnahotelnhatrang.com\/vi\/uu-dai\/607-2\/#primaryimage"},"thumbnailUrl":"https:\/\/www.vesnahotelnhatrang.com\/wp-content\/uploads\/sites\/144\/2026\/04\/597087615_1326834672792400_676610005050863224_n.jpg","datePublished":"2026-04-23T02:20:12+00:00","dateModified":"2026-04-23T07:37:40+00:00","description":"Ch\u00e0o m\u1eebng Ng\u00e0y Gi\u1ea3i Ph\u00f3ng 30\/4 v\u1edbi \u0111\u00eam ti\u1ec7c buffet \u0111\u1eb7c s\u1eafc t\u1ea1i Vesna Hotel Nha Trang, t\u1eadn h\u01b0\u1edfng \u1ea9m th\u1ef1c, \u00e2m nh\u1ea1c v\u00e0 kh\u00f4ng kh\u00ed ti\u1ec7c t\u00f9ng v\u1edbi m\u1ed9t tr\u1ea3i nghi\u1ec7m \u0111\u1eb3ng c\u1ea5p 5 sao","breadcrumb":{"@id":"https:\/\/www.vesnahotelnhatrang.com\/vi\/uu-dai\/607-2\/#breadcrumb"},"inLanguage":"vi-VN","potentialAction":[{"@type":"ReadAction","target":["https:\/\/www.vesnahotelnhatrang.com\/vi\/uu-dai\/607-2\/"]}]},{"@type":"ImageObject","inLanguage":"vi-VN","@id":"https:\/\/www.vesnahotelnhatrang.com\/vi\/uu-dai\/607-2\/#primaryimage","url":"https:\/\/www.vesnahotelnhatrang.com\/wp-content\/uploads\/sites\/144\/2026\/04\/597087615_1326834672792400_676610005050863224_n.jpg","contentUrl":"https:\/\/www.vesnahotelnhatrang.com\/wp-content\/uploads\/sites\/144\/2026\/04\/597087615_1326834672792400_676610005050863224_n.jpg","width":1022,"height":1022},{"@type":"BreadcrumbList","@id":"https:\/\/www.vesnahotelnhatrang.com\/vi\/uu-dai\/607-2\/#breadcrumb","itemListElement":[{"@type":"ListItem","position":1,"name":"Home","item":"https:\/\/www.vesnahotelnhatrang.com\/vi\/"},{"@type":"ListItem","position":2,"name":"Ch\u01b0\u01a1ng tr\u00ecnh khuy\u1ebfn m\u00e3i","item":"https:\/\/www.vesnahotelnhatrang.com\/vi\/uu-dai\/"},{"@type":"ListItem","position":3,"name":"Ti\u1ec7c Buffet M\u1eebng \u0110\u1ea1i L\u1ec5"}]},{"@type":"WebSite","@id":"https:\/\/www.vesnahotelnhatrang.com\/vi\/#website","url":"https:\/\/www.vesnahotelnhatrang.com\/vi\/","name":"Vesna hotel Nha Trang","description":"","potentialAction":[{"@type":"SearchAction","target":{"@type":"EntryPoint","urlTemplate":"https:\/\/www.vesnahotelnhatrang.com\/vi\/?s={search_term_string}"},"query-input":"required name=search_term_string"}],"inLanguage":"vi-VN"}]}},"acf":[],"_links":{"self":[{"href":"https:\/\/www.vesnahotelnhatrang.com\/vi\/wp-json\/wp\/v2\/pages\/607"}],"collection":[{"href":"https:\/\/www.vesnahotelnhatrang.com\/vi\/wp-json\/wp\/v2\/pages"}],"about":[{"href":"https:\/\/www.vesnahotelnhatrang.com\/vi\/wp-json\/wp\/v2\/types\/page"}],"author":[{"embeddable":true,"href":"https:\/\/www.vesnahotelnhatrang.com\/vi\/wp-json\/wp\/v2\/users\/271"}],"replies":[{"embeddable":true,"href":"https:\/\/www.vesnahotelnhatrang.com\/vi\/wp-json\/wp\/v2\/comments?post=607"}],"version-history":[{"count":0,"href":"https:\/\/www.vesnahotelnhatrang.com\/vi\/wp-json\/wp\/v2\/pages\/607\/revisions"}],"up":[{"embeddable":true,"href":"https:\/\/www.vesnahotelnhatrang.com\/vi\/wp-json\/wp\/v2\/pages\/570"}],"wp:featuredmedia":[{"embeddable":true,"href":"https:\/\/www.vesnahotelnhatrang.com\/vi\/wp-json\/wp\/v2\/media\/680"}],"wp:attachment":[{"href":"https:\/\/www.vesnahotelnhatrang.com\/vi\/wp-json\/wp\/v2\/media?parent=607"}],"curies":[{"name":"wp","href":"https:\/\/api.w.org\/{rel}","templated":true}]}}