{"id":598,"date":"2026-04-23T01:45:27","date_gmt":"2026-04-23T01:45:27","guid":{"rendered":"https:\/\/www.vesnahotelnhatrang.com\/?page_id=598"},"modified":"2026-04-23T08:16:59","modified_gmt":"2026-04-23T08:16:59","slug":"may-getaway-package","status":"publish","type":"page","link":"https:\/\/www.vesnahotelnhatrang.com\/vi\/uu-dai\/may-getaway-package\/","title":{"rendered":"G\u00f3i May Getaway Package ch\u1ec9 1.700.000 VN\u0110"},"content":{"rendered":"<div dir=\"auto\" style=\"text-align: center\">\n<p><b>T\u1eadn h\u01b0\u1edfng \u01b0u \u0111\u00e3i ch\u00e0o h\u00e8 \u0111\u1eb7c bi\u1ec7t t\u1ea1i Vesna Hotel Nha Trang<\/b><\/p>\n<p><span style=\"font-weight: 400\">Th\u00e1ng 5 m\u1edf ra nh\u1eefng ng\u00e0y n\u1eafng \u0111\u1ea7u m\u00f9a, bi\u1ec3n xanh trong tr\u1ebbo h\u01a1n v\u00e0 b\u1ea7u kh\u00f4ng kh\u00ed tr\u00e0n \u0111\u1ea7y s\u1ee9c s\u1ed1ng. \u0110\u00e2y l\u00e0 th\u1eddi \u0111i\u1ec3m l\u00fd t\u01b0\u1edfng \u0111\u1ec3 t\u1ea1m r\u1eddi nh\u1ecbp s\u1ed1ng b\u1eadn r\u1ed9n, t\u00ecm \u0111\u1ebfn m\u1ed9t n\u01a1i y\u00ean b\u00ecnh \u0111\u1ec3 t\u00e1i t\u1ea1o n\u0103ng l\u01b0\u1ee3ng v\u00e0 t\u1eadn h\u01b0\u1edfng nh\u1eefng ph\u00fat gi\u00e2y nh\u1eb9 nh\u00e0ng b\u00ean ng\u01b0\u1eddi th\u00e2n ho\u1eb7c ch\u00ednh b\u1ea3n th\u00e2n m\u00ecnh.<\/span><\/p>\n<p><span style=\"font-weight: 400\">Vesna Hotel Nha Trang mang \u0111\u1ebfn ch\u01b0\u01a1ng tr\u00ecnh \u01b0u \u0111\u00e3i \u0111\u1eb7c bi\u1ec7t d\u00e0nh ri\u00eang cho m\u00f9a h\u00e8 n\u0103m nay, h\u00e3y c\u00f9ng b\u1ea1n b\u00e8 v\u00e0 ng\u01b0\u1eddi th\u01b0\u01a1ng l\u00ean k\u1ebf ho\u1ea1ch du l\u1ecbch ngay t\u1eeb b\u00e2y gi\u1edd nh\u00e9!<\/span><\/p>\n<p><span style=\"font-weight: 400\">V\u1edbi m\u1ee9c gi\u00e1 ch\u1ec9 <\/span><b>1.700.000 VN\u0110\/ ph\u00f2ng\/ \u0111\u00eam<\/b><span style=\"font-weight: 400\">, du kh\u00e1ch s\u1ebd \u0111\u01b0\u1ee3c t\u1eadn h\u01b0\u1edfng 01 \u0111\u00eam ngh\u1ec9 t\u1ea1i ph\u00f2ng <\/span><b>Premier Deluxe City View<\/b><span style=\"font-weight: 400\">, n\u01a1i m\u1edf ra t\u1ea7m nh\u00ecn tho\u00e1ng \u0111\u00e3ng h\u01b0\u1edbng v\u1ec1 nh\u1ecbp s\u1ed1ng \u0111\u00f4 th\u1ecb v\u00e0 khung c\u1ea3nh bi\u1ec3n tr\u1eddi giao h\u00f2a. Kh\u00f4ng gian ph\u00f2ng \u0111\u01b0\u1ee3c thi\u1ebft k\u1ebf hi\u1ec7n \u0111\u1ea1i, h\u00e0i h\u00f2a gi\u1eefa s\u1ef1 ti\u1ec7n nghi v\u00e0 c\u1ea3m gi\u00e1c th\u01b0 gi\u00e3n, mang \u0111\u1ebfn tr\u1ea3i nghi\u1ec7m l\u01b0u tr\u00fa tho\u1ea3i m\u00e1i trong t\u1eebng chi ti\u1ebft.<\/span><\/p>\n<p><span style=\"font-weight: 400\">Ngo\u00e0i ra, qu\u00fd kh\u00e1ch c\u00f2n \u0111\u01b0\u1ee3c ph\u1ee5c v\u1ee5 mi\u1ec5n ph\u00ed m\u1ed9t b\u1eefa \u0103n tr\u01b0a ho\u1eb7c t\u1ed1i theo Set Menu phong c\u00e1ch \u00c2u ho\u1eb7c \u00c1, \u0111\u01b0\u1ee3c chu\u1ea9n b\u1ecb k\u1ef9 l\u01b0\u1ee1ng cho m\u1ed9t tr\u1ea3i nghi\u1ec7m \u1ea9m th\u1ef1c \u0111\u00e1ng gi\u00e1.<\/span><\/p>\n<p><strong>Chi ti\u1ebft ch\u01b0\u01a1ng tr\u00ecnh \u01b0u \u0111\u00e3i:<\/strong><\/p>\n<p><span style=\"font-weight: 400\">01 \u0111\u00eam l\u01b0u tr\u00fa t\u1ea1i ph\u00f2ng <\/span><b>Premier Deluxe City View<\/b><\/p>\n<p><span style=\"font-weight: 400\">T\u1eb7ng 01 b\u1eefa tr\u01b0a ho\u1eb7c t\u1ed1i (set menu \u00c2u\/\u00c1)<\/span><\/p>\n<p><span style=\"font-weight: 400\">Gi\u1ea3m 30% t\u1ea5t c\u1ea3 c\u00e1c d\u1ecbch v\u1ee5 Spa<\/span><\/p>\n<p><span style=\"font-weight: 400\">Mi\u1ec5n ph\u00ed buffet s\u00e1ng cho 2 kh\u00e1ch<\/span><\/p>\n<p><b>\u0110i\u1ec1u ki\u1ec7n v\u00e0 \u0111i\u1ec1u kho\u1ea3n \u0111\u1eb7t ph\u00f2ng:<\/b><\/p>\n<p><span style=\"font-weight: 400\">\u2013 Ph\u1ee5 thu tr\u1ebb em t\u1eeb 6 \u0111\u1ebfn 11 tu\u1ed5i: 200,000 VN\u0110\/ tr\u1ebb\/ \u0111\u00eam .<\/span><\/p>\n<p><span style=\"font-weight: 400\">\u2013 Ph\u1ee5 thu ng\u01b0\u1eddi l\u1edbn tr\u00ean 11 tu\u1ed5i (kh\u00f4ng th\u00eam gi\u01b0\u1eddng ph\u1ee5): 300,000\/ng\u01b0\u1eddi\/\u0111\u00eam.<\/span><\/p>\n<p><span style=\"font-weight: 400\">\u2013 Ph\u1ee5 thu l\u1ec5 t\u1ebft: 200,000 VN\u0110\/ ph\u00f2ng\/ \u0111\u00eam (\u00e1p d\u1ee5ng t\u1eeb m\u00f9ng 2 \u0111\u1ebfn h\u1ebft m\u00f9ng 5 T\u1ebft Nguy\u00ean \u0110\u00e1n v\u00e0 c\u00e1c ng\u00e0y l\u1ec5 l\u1edbn trong n\u0103m).<\/span><\/p>\n<p><span style=\"font-weight: 400\">M\u1ed7i chuy\u1ebfn \u0111i trong m\u00f9a h\u00e8 \u0111\u1ec1u mang m\u1ed9t \u00fd ngh\u0129a ri\u00eang, v\u00e0 Vesna Hotel Nha Trang mong mu\u1ed1n tr\u1edf th\u00e0nh n\u01a1i kh\u1edfi \u0111\u1ea7u cho nh\u1eefng tr\u1ea3i nghi\u1ec7m \u0111\u00e1ng nh\u1edb \u1ea5y.<\/span><\/p>\n<p>Li\u00ean h\u1ec7 v\u1edbi ch\u00fang t\u00f4i \u0111\u1ec3 \u0111\u01b0\u1ee3c t\u01b0 v\u1ea5n \u0111\u1eb7t ph\u00f2ng ngay h\u00f4m nay!<\/p>\n<p><span style=\"font-weight: 400\">\u00a0<\/span><\/p>\n<\/div>\n","protected":false},"excerpt":{"rendered":"<p>T\u1eadn h\u01b0\u1edfng \u01b0u \u0111\u00e3i ch\u00e0o h\u00e8 \u0111\u1eb7c bi\u1ec7t t\u1ea1i Vesna Hotel Nha Trang Th\u00e1ng 5 m\u1edf ra nh\u1eefng ng\u00e0y n\u1eafng \u0111\u1ea7u m\u00f9a, bi\u1ec3n xanh trong tr\u1ebbo h\u01a1n v\u00e0 b\u1ea7u kh\u00f4ng kh\u00ed tr\u00e0n \u0111\u1ea7y s\u1ee9c s\u1ed1ng. \u0110\u00e2y l\u00e0 th\u1eddi \u0111i\u1ec3m l\u00fd t\u01b0\u1edfng \u0111\u1ec3 t\u1ea1m r\u1eddi nh\u1ecbp s\u1ed1ng b\u1eadn r\u1ed9n, t\u00ecm \u0111\u1ebfn m\u1ed9t n\u01a1i y\u00ean b\u00ecnh \u0111\u1ec3 [&hellip;]<\/p>\n","protected":false},"author":271,"featured_media":594,"parent":570,"menu_order":0,"comment_status":"closed","ping_status":"closed","template":"template-single-offer.php","meta":{"footnotes":""},"yoast_head":"<!-- This site is optimized with the Yoast SEO plugin v22.3 - https:\/\/yoast.com\/wordpress\/plugins\/seo\/ -->\n<title>G\u00f3i May Getaway Package ch\u1ec9 1.700.000 VN\u0110 - Vesna Hotel Nha Trang<\/title>\n<meta name=\"robots\" content=\"index, follow, max-snippet:-1, max-image-preview:large, max-video-preview:-1\" \/>\n<link rel=\"canonical\" href=\"https:\/\/www.vesnahotelnhatrang.com\/vi\/uu-dai\/may-getaway-package\/\" \/>\n<meta property=\"og:locale\" content=\"vi_VN\" \/>\n<meta property=\"og:type\" content=\"article\" \/>\n<meta property=\"og:title\" content=\"G\u00f3i May Getaway Package ch\u1ec9 1.700.000 VN\u0110 - Vesna Hotel Nha Trang\" \/>\n<meta property=\"og:description\" content=\"T\u1eadn h\u01b0\u1edfng \u01b0u \u0111\u00e3i ch\u00e0o h\u00e8 \u0111\u1eb7c bi\u1ec7t t\u1ea1i Vesna Hotel Nha Trang Th\u00e1ng 5 m\u1edf ra nh\u1eefng ng\u00e0y n\u1eafng \u0111\u1ea7u m\u00f9a, bi\u1ec3n xanh trong tr\u1ebbo h\u01a1n v\u00e0 b\u1ea7u kh\u00f4ng kh\u00ed tr\u00e0n \u0111\u1ea7y s\u1ee9c s\u1ed1ng. \u0110\u00e2y l\u00e0 th\u1eddi \u0111i\u1ec3m l\u00fd t\u01b0\u1edfng \u0111\u1ec3 t\u1ea1m r\u1eddi nh\u1ecbp s\u1ed1ng b\u1eadn r\u1ed9n, t\u00ecm \u0111\u1ebfn m\u1ed9t n\u01a1i y\u00ean b\u00ecnh \u0111\u1ec3 [&hellip;]\" \/>\n<meta property=\"og:url\" content=\"https:\/\/www.vesnahotelnhatrang.com\/vi\/uu-dai\/may-getaway-package\/\" \/>\n<meta property=\"og:site_name\" content=\"Vesna Hotel Nha Trang\" \/>\n<meta property=\"article:modified_time\" content=\"2026-04-23T08:16:59+00:00\" \/>\n<meta property=\"og:image\" content=\"https:\/\/www.vesnahotelnhatrang.com\/wp-content\/uploads\/sites\/144\/2026\/04\/Premier-Deluxe_03-1.jpg\" \/>\n\t<meta property=\"og:image:width\" content=\"2200\" \/>\n\t<meta property=\"og:image:height\" content=\"1467\" \/>\n\t<meta property=\"og:image:type\" content=\"image\/jpeg\" \/>\n<meta name=\"twitter:card\" content=\"summary_large_image\" \/>\n<meta name=\"twitter:label1\" content=\"Est. reading time\" \/>\n\t<meta name=\"twitter:data1\" content=\"2 minutes\" \/>\n<script type=\"application\/ld+json\" class=\"yoast-schema-graph\">{\"@context\":\"https:\/\/schema.org\",\"@graph\":[{\"@type\":\"WebPage\",\"@id\":\"https:\/\/www.vesnahotelnhatrang.com\/vi\/uu-dai\/may-getaway-package\/\",\"url\":\"https:\/\/www.vesnahotelnhatrang.com\/vi\/uu-dai\/may-getaway-package\/\",\"name\":\"G\u00f3i May Getaway Package ch\u1ec9 1.700.000 VN\u0110 - Vesna Hotel Nha Trang\",\"isPartOf\":{\"@id\":\"https:\/\/www.vesnahotelnhatrang.com\/vi\/#website\"},\"primaryImageOfPage\":{\"@id\":\"https:\/\/www.vesnahotelnhatrang.com\/vi\/uu-dai\/may-getaway-package\/#primaryimage\"},\"image\":{\"@id\":\"https:\/\/www.vesnahotelnhatrang.com\/vi\/uu-dai\/may-getaway-package\/#primaryimage\"},\"thumbnailUrl\":\"https:\/\/www.vesnahotelnhatrang.com\/wp-content\/uploads\/sites\/144\/2026\/04\/Premier-Deluxe_03-1.jpg\",\"datePublished\":\"2026-04-23T01:45:27+00:00\",\"dateModified\":\"2026-04-23T08:16:59+00:00\",\"breadcrumb\":{\"@id\":\"https:\/\/www.vesnahotelnhatrang.com\/vi\/uu-dai\/may-getaway-package\/#breadcrumb\"},\"inLanguage\":\"vi-VN\",\"potentialAction\":[{\"@type\":\"ReadAction\",\"target\":[\"https:\/\/www.vesnahotelnhatrang.com\/vi\/uu-dai\/may-getaway-package\/\"]}]},{\"@type\":\"ImageObject\",\"inLanguage\":\"vi-VN\",\"@id\":\"https:\/\/www.vesnahotelnhatrang.com\/vi\/uu-dai\/may-getaway-package\/#primaryimage\",\"url\":\"https:\/\/www.vesnahotelnhatrang.com\/wp-content\/uploads\/sites\/144\/2026\/04\/Premier-Deluxe_03-1.jpg\",\"contentUrl\":\"https:\/\/www.vesnahotelnhatrang.com\/wp-content\/uploads\/sites\/144\/2026\/04\/Premier-Deluxe_03-1.jpg\",\"width\":2200,\"height\":1467},{\"@type\":\"BreadcrumbList\",\"@id\":\"https:\/\/www.vesnahotelnhatrang.com\/vi\/uu-dai\/may-getaway-package\/#breadcrumb\",\"itemListElement\":[{\"@type\":\"ListItem\",\"position\":1,\"name\":\"Home\",\"item\":\"https:\/\/www.vesnahotelnhatrang.com\/vi\/\"},{\"@type\":\"ListItem\",\"position\":2,\"name\":\"Ch\u01b0\u01a1ng tr\u00ecnh khuy\u1ebfn m\u00e3i\",\"item\":\"https:\/\/www.vesnahotelnhatrang.com\/vi\/uu-dai\/\"},{\"@type\":\"ListItem\",\"position\":3,\"name\":\"G\u00f3i May Getaway Package ch\u1ec9 1.700.000 VN\u0110\"}]},{\"@type\":\"WebSite\",\"@id\":\"https:\/\/www.vesnahotelnhatrang.com\/vi\/#website\",\"url\":\"https:\/\/www.vesnahotelnhatrang.com\/vi\/\",\"name\":\"Vesna hotel Nha Trang\",\"description\":\"\",\"potentialAction\":[{\"@type\":\"SearchAction\",\"target\":{\"@type\":\"EntryPoint\",\"urlTemplate\":\"https:\/\/www.vesnahotelnhatrang.com\/vi\/?s={search_term_string}\"},\"query-input\":\"required name=search_term_string\"}],\"inLanguage\":\"vi-VN\"}]}<\/script>\n<!-- \/ Yoast SEO plugin. -->","yoast_head_json":{"title":"G\u00f3i May Getaway Package ch\u1ec9 1.700.000 VN\u0110 - Vesna Hotel Nha Trang","robots":{"index":"index","follow":"follow","max-snippet":"max-snippet:-1","max-image-preview":"max-image-preview:large","max-video-preview":"max-video-preview:-1"},"canonical":"https:\/\/www.vesnahotelnhatrang.com\/vi\/uu-dai\/may-getaway-package\/","og_locale":"vi_VN","og_type":"article","og_title":"G\u00f3i May Getaway Package ch\u1ec9 1.700.000 VN\u0110 - Vesna Hotel Nha Trang","og_description":"T\u1eadn h\u01b0\u1edfng \u01b0u \u0111\u00e3i ch\u00e0o h\u00e8 \u0111\u1eb7c bi\u1ec7t t\u1ea1i Vesna Hotel Nha Trang Th\u00e1ng 5 m\u1edf ra nh\u1eefng ng\u00e0y n\u1eafng \u0111\u1ea7u m\u00f9a, bi\u1ec3n xanh trong tr\u1ebbo h\u01a1n v\u00e0 b\u1ea7u kh\u00f4ng kh\u00ed tr\u00e0n \u0111\u1ea7y s\u1ee9c s\u1ed1ng. \u0110\u00e2y l\u00e0 th\u1eddi \u0111i\u1ec3m l\u00fd t\u01b0\u1edfng \u0111\u1ec3 t\u1ea1m r\u1eddi nh\u1ecbp s\u1ed1ng b\u1eadn r\u1ed9n, t\u00ecm \u0111\u1ebfn m\u1ed9t n\u01a1i y\u00ean b\u00ecnh \u0111\u1ec3 [&hellip;]","og_url":"https:\/\/www.vesnahotelnhatrang.com\/vi\/uu-dai\/may-getaway-package\/","og_site_name":"Vesna Hotel Nha Trang","article_modified_time":"2026-04-23T08:16:59+00:00","og_image":[{"width":2200,"height":1467,"url":"https:\/\/www.vesnahotelnhatrang.com\/wp-content\/uploads\/sites\/144\/2026\/04\/Premier-Deluxe_03-1.jpg","type":"image\/jpeg"}],"twitter_card":"summary_large_image","twitter_misc":{"Est. reading time":"2 minutes"},"schema":{"@context":"https:\/\/schema.org","@graph":[{"@type":"WebPage","@id":"https:\/\/www.vesnahotelnhatrang.com\/vi\/uu-dai\/may-getaway-package\/","url":"https:\/\/www.vesnahotelnhatrang.com\/vi\/uu-dai\/may-getaway-package\/","name":"G\u00f3i May Getaway Package ch\u1ec9 1.700.000 VN\u0110 - Vesna Hotel Nha Trang","isPartOf":{"@id":"https:\/\/www.vesnahotelnhatrang.com\/vi\/#website"},"primaryImageOfPage":{"@id":"https:\/\/www.vesnahotelnhatrang.com\/vi\/uu-dai\/may-getaway-package\/#primaryimage"},"image":{"@id":"https:\/\/www.vesnahotelnhatrang.com\/vi\/uu-dai\/may-getaway-package\/#primaryimage"},"thumbnailUrl":"https:\/\/www.vesnahotelnhatrang.com\/wp-content\/uploads\/sites\/144\/2026\/04\/Premier-Deluxe_03-1.jpg","datePublished":"2026-04-23T01:45:27+00:00","dateModified":"2026-04-23T08:16:59+00:00","breadcrumb":{"@id":"https:\/\/www.vesnahotelnhatrang.com\/vi\/uu-dai\/may-getaway-package\/#breadcrumb"},"inLanguage":"vi-VN","potentialAction":[{"@type":"ReadAction","target":["https:\/\/www.vesnahotelnhatrang.com\/vi\/uu-dai\/may-getaway-package\/"]}]},{"@type":"ImageObject","inLanguage":"vi-VN","@id":"https:\/\/www.vesnahotelnhatrang.com\/vi\/uu-dai\/may-getaway-package\/#primaryimage","url":"https:\/\/www.vesnahotelnhatrang.com\/wp-content\/uploads\/sites\/144\/2026\/04\/Premier-Deluxe_03-1.jpg","contentUrl":"https:\/\/www.vesnahotelnhatrang.com\/wp-content\/uploads\/sites\/144\/2026\/04\/Premier-Deluxe_03-1.jpg","width":2200,"height":1467},{"@type":"BreadcrumbList","@id":"https:\/\/www.vesnahotelnhatrang.com\/vi\/uu-dai\/may-getaway-package\/#breadcrumb","itemListElement":[{"@type":"ListItem","position":1,"name":"Home","item":"https:\/\/www.vesnahotelnhatrang.com\/vi\/"},{"@type":"ListItem","position":2,"name":"Ch\u01b0\u01a1ng tr\u00ecnh khuy\u1ebfn m\u00e3i","item":"https:\/\/www.vesnahotelnhatrang.com\/vi\/uu-dai\/"},{"@type":"ListItem","position":3,"name":"G\u00f3i May Getaway Package ch\u1ec9 1.700.000 VN\u0110"}]},{"@type":"WebSite","@id":"https:\/\/www.vesnahotelnhatrang.com\/vi\/#website","url":"https:\/\/www.vesnahotelnhatrang.com\/vi\/","name":"Vesna hotel Nha Trang","description":"","potentialAction":[{"@type":"SearchAction","target":{"@type":"EntryPoint","urlTemplate":"https:\/\/www.vesnahotelnhatrang.com\/vi\/?s={search_term_string}"},"query-input":"required name=search_term_string"}],"inLanguage":"vi-VN"}]}},"acf":[],"_links":{"self":[{"href":"https:\/\/www.vesnahotelnhatrang.com\/vi\/wp-json\/wp\/v2\/pages\/598"}],"collection":[{"href":"https:\/\/www.vesnahotelnhatrang.com\/vi\/wp-json\/wp\/v2\/pages"}],"about":[{"href":"https:\/\/www.vesnahotelnhatrang.com\/vi\/wp-json\/wp\/v2\/types\/page"}],"author":[{"embeddable":true,"href":"https:\/\/www.vesnahotelnhatrang.com\/vi\/wp-json\/wp\/v2\/users\/271"}],"replies":[{"embeddable":true,"href":"https:\/\/www.vesnahotelnhatrang.com\/vi\/wp-json\/wp\/v2\/comments?post=598"}],"version-history":[{"count":0,"href":"https:\/\/www.vesnahotelnhatrang.com\/vi\/wp-json\/wp\/v2\/pages\/598\/revisions"}],"up":[{"embeddable":true,"href":"https:\/\/www.vesnahotelnhatrang.com\/vi\/wp-json\/wp\/v2\/pages\/570"}],"wp:featuredmedia":[{"embeddable":true,"href":"https:\/\/www.vesnahotelnhatrang.com\/vi\/wp-json\/wp\/v2\/media\/594"}],"wp:attachment":[{"href":"https:\/\/www.vesnahotelnhatrang.com\/vi\/wp-json\/wp\/v2\/media?parent=598"}],"curies":[{"name":"wp","href":"https:\/\/api.w.org\/{rel}","templated":true}]}}