{"id":575,"date":"2026-04-23T01:17:20","date_gmt":"2026-04-23T01:17:20","guid":{"rendered":"https:\/\/www.vesnahotelnhatrang.com\/?page_id=575"},"modified":"2026-04-23T07:31:39","modified_gmt":"2026-04-23T07:31:39","slug":"575-2","status":"publish","type":"page","link":"https:\/\/www.vesnahotelnhatrang.com\/vi\/uu-dai\/575-2\/","title":{"rendered":"\u01afu \u0111\u00e3i d\u1ecbch v\u1ee5 gi\u1eb7t \u1ee7i ch\u1ec9 70.000VN\u0110\/KG"},"content":{"rendered":"<p style=\"text-align: center\" data-start=\"0\" data-end=\"85\"><strong data-start=\"0\" data-end=\"85\">Gi\u1eb7t \u1ee7i ti\u1ec7n l\u1ee3i \u0111\u1ec3 qu\u00fd kh\u00e1ch t\u1eadn h\u01b0\u1edfng k\u1ef3 ngh\u1ec9 tr\u1ecdn v\u1eb9n!<\/strong><\/p>\n<p style=\"text-align: center\" data-start=\"87\" data-end=\"374\">Trong m\u1ed7i chuy\u1ebfn \u0111i, vi\u1ec7c gi\u1eef qu\u1ea7n \u00e1o lu\u00f4n s\u1ea1ch s\u1ebd, g\u1ecdn g\u00e0ng \u0111\u00f4i khi l\u1ea1i tr\u1edf th\u00e0nh m\u1ed9t n\u1ed7i b\u1eadn t\u00e2m kh\u00f4ng \u0111\u00e1ng c\u00f3. Hi\u1ec3u \u0111\u01b0\u1ee3c \u0111i\u1ec1u \u0111\u00f3, Vesna Hotel Nha Trang mang \u0111\u1ebfn d\u1ecbch v\u1ee5 gi\u1eb7t \u1ee7i chuy\u00ean nghi\u1ec7p, gi\u00fap b\u1ea1n ho\u00e0n to\u00e0n an t\u00e2m t\u1eadn h\u01b0\u1edfng k\u1ef3 ngh\u1ec9 m\u00e0 kh\u00f4ng c\u1ea7n lo l\u1eafng v\u1ec1 nh\u1eefng chi ti\u1ebft nh\u1ecf nh\u1eb7t.<\/p>\n<p style=\"text-align: center\" data-start=\"376\" data-end=\"665\">V\u1edbi quy tr\u00ecnh x\u1eed l\u00fd c\u1ea9n th\u1eadn v\u00e0 \u0111\u1ed9i ng\u0169 t\u1eadn t\u00e2m, t\u1eebng m\u00f3n \u0111\u1ed3 c\u1ee7a b\u1ea1n s\u1ebd \u0111\u01b0\u1ee3c ch\u0103m s\u00f3c k\u1ef9 l\u01b0\u1ee1ng, t\u1eeb ph\u00e2n lo\u1ea1i, gi\u1eb7t s\u1ea1ch, s\u1ea5y kh\u00f4 \u0111\u1ebfn g\u1ea5p g\u1ecdn ch\u1ec9n chu. D\u00f9 l\u00e0 trang ph\u1ee5c th\u01b0\u1eddng ng\u00e0y, \u0111\u1ed3 c\u00f4ng t\u00e1c hay nh\u1eefng ch\u1ea5t li\u1ec7u c\u1ea7n ch\u0103m s\u00f3c \u0111\u1eb7c bi\u1ec7t, t\u1ea5t c\u1ea3 \u0111\u1ec1u \u0111\u01b0\u1ee3c x\u1eed l\u00fd v\u1edbi s\u1ef1 t\u1ec9 m\u1ec9 v\u00e0 ti\u00eau chu\u1ea9n cao.<\/p>\n<p style=\"text-align: center\" data-start=\"667\" data-end=\"982\">\u0110\u1eb7c bi\u1ec7t, d\u1ecbch v\u1ee5 gi\u1eb7t \u1ee7i t\u1ea1i Vesna c\u00f3 m\u1ee9c gi\u00e1 v\u00f4 c\u00f9ng h\u1ee3p l\u00fd, ch\u1ec9 t\u1eeb<strong> 70.000 VND\/kg<\/strong>, mang l\u1ea1i s\u1ef1 ti\u1ec7n l\u1ee3i t\u1ed1i \u0111a cho m\u1ecdi du kh\u00e1ch.<\/p>\n<p style=\"text-align: center\" data-start=\"667\" data-end=\"982\">Th\u1eddi gian x\u1eed l\u00fd nhanh ch\u00f3ng gi\u00fap b\u1ea1n lu\u00f4n c\u00f3 s\u1eb5n trang ph\u1ee5c s\u1ea1ch s\u1ebd, th\u01a1m m\u00e1t \u0111\u1ec3 t\u1ef1 tin trong m\u1ecdi ho\u1ea1t \u0111\u1ed9ng, t\u1eeb nh\u1eefng bu\u1ed5i d\u1ea1o bi\u1ec3n th\u01b0 gi\u00e3n \u0111\u1ebfn c\u00e1c cu\u1ed9c g\u1eb7p g\u1ee1 hay s\u1ef1 ki\u1ec7n quan tr\u1ecdng.<\/p>\n<p style=\"text-align: center\" data-start=\"984\" data-end=\"1177\">D\u1ecbch v\u1ee5 ph\u00f9 h\u1ee3p cho c\u1ea3 kh\u00e1ch l\u01b0u tr\u00fa ng\u1eafn ng\u00e0y l\u1eabn d\u00e0i ng\u00e0y. B\u1ea1n s\u1ebd kh\u00f4ng c\u1ea7n mang theo qu\u00e1 nhi\u1ec1u h\u00e0nh l\u00fd hay lo l\u1eafng v\u1ec1 vi\u1ec7c gi\u1eb7t gi\u0169 trong su\u1ed1t chuy\u1ebfn \u0111i, m\u1ecdi th\u1ee9 \u0111\u00e3 c\u00f3 Vesna ch\u0103m lo chu \u0111\u00e1o.<\/p>\n<p style=\"text-align: center\" data-start=\"1179\" data-end=\"1370\">Kh\u00f4ng ch\u1ec9 \u0111\u01a1n thu\u1ea7n l\u00e0 m\u1ed9t ti\u1ec7n \u00edch, d\u1ecbch v\u1ee5 gi\u1eb7t \u1ee7i t\u1ea1i Vesna Hotel Nha Trang c\u00f2n l\u00e0 m\u1ed9t ph\u1ea7n trong tr\u1ea3i nghi\u1ec7m ngh\u1ec9 d\u01b0\u1ee1ng tr\u1ecdn v\u1eb9n, n\u01a1i s\u1ef1 ti\u1ec7n nghi v\u00e0 tho\u1ea3i m\u00e1i lu\u00f4n \u0111\u01b0\u1ee3c \u0111\u1eb7t l\u00ean h\u00e0ng \u0111\u1ea7u.<\/p>\n<p style=\"text-align: center\" data-start=\"1372\" data-end=\"1480\" data-is-last-node=\"\" data-is-only-node=\"\"><strong data-start=\"1372\" data-end=\"1480\" data-is-last-node=\"\">Li\u00ean h\u1ec7 hotline ngay h\u00f4m nay \u0111\u1ec3 \u0111\u1eb7t d\u1ecbch v\u1ee5 v\u00e0 nh\u1eadn \u0111\u01b0\u1ee3c s\u1ef1 h\u1ed7 tr\u1ee3 nhanh ch\u00f3ng t\u1eeb \u0111\u1ed9i ng\u0169 c\u1ee7a ch\u00fang<\/strong><\/p>\n<p style=\"text-align: center\">\n","protected":false},"excerpt":{"rendered":"<p>Gi\u1eb7t \u1ee7i ti\u1ec7n l\u1ee3i \u0111\u1ec3 qu\u00fd kh\u00e1ch t\u1eadn h\u01b0\u1edfng k\u1ef3 ngh\u1ec9 tr\u1ecdn v\u1eb9n! Trong m\u1ed7i chuy\u1ebfn \u0111i, vi\u1ec7c gi\u1eef qu\u1ea7n \u00e1o lu\u00f4n s\u1ea1ch s\u1ebd, g\u1ecdn g\u00e0ng \u0111\u00f4i khi l\u1ea1i tr\u1edf th\u00e0nh m\u1ed9t n\u1ed7i b\u1eadn t\u00e2m kh\u00f4ng \u0111\u00e1ng c\u00f3. Hi\u1ec3u \u0111\u01b0\u1ee3c \u0111i\u1ec1u \u0111\u00f3, Vesna Hotel Nha Trang mang \u0111\u1ebfn d\u1ecbch v\u1ee5 gi\u1eb7t \u1ee7i chuy\u00ean nghi\u1ec7p, gi\u00fap [&hellip;]<\/p>\n","protected":false},"author":271,"featured_media":588,"parent":570,"menu_order":0,"comment_status":"closed","ping_status":"closed","template":"template-offers.php","meta":{"footnotes":""},"yoast_head":"<!-- This site is optimized with the Yoast SEO plugin v22.3 - https:\/\/yoast.com\/wordpress\/plugins\/seo\/ -->\n<title>\u01afu \u0111\u00e3i d\u1ecbch v\u1ee5 gi\u1eb7t \u1ee7i ch\u1ec9 70.000VN\u0110\/KG - Vesna Hotel Nha Trang<\/title>\n<meta name=\"description\" content=\"Vesna Hotel Nha Trang cung c\u1ea5p d\u1ecbch v\u1ee5 gi\u1eb7t \u1ee7i v\u1edbi m\u1ee9c gi\u00e1 h\u1ee3p l\u00fd d\u00e0nh ri\u00eang cho kh\u00e1ch l\u01b0u tr\u00fa! \u01afu \u0111\u00e3i gi\u1eb7t \u1ee7i ch\u1ec9 70.000 VND\/kg d\u00e0nh cho kh\u00e1ch t\u1ea1i kh\u00e1ch s\u1ea1n!\" \/>\n<meta name=\"robots\" content=\"index, follow, max-snippet:-1, max-image-preview:large, max-video-preview:-1\" \/>\n<link rel=\"canonical\" href=\"https:\/\/www.vesnahotelnhatrang.com\/vi\/uu-dai\/575-2\/\" \/>\n<meta property=\"og:locale\" content=\"vi_VN\" \/>\n<meta property=\"og:type\" content=\"article\" \/>\n<meta property=\"og:title\" content=\"\u01afu \u0111\u00e3i d\u1ecbch v\u1ee5 gi\u1eb7t \u1ee7i ch\u1ec9 70.000VN\u0110\/KG - Vesna Hotel Nha Trang\" \/>\n<meta property=\"og:description\" content=\"Vesna Hotel Nha Trang cung c\u1ea5p d\u1ecbch v\u1ee5 gi\u1eb7t \u1ee7i v\u1edbi m\u1ee9c gi\u00e1 h\u1ee3p l\u00fd d\u00e0nh ri\u00eang cho kh\u00e1ch l\u01b0u tr\u00fa! \u01afu \u0111\u00e3i gi\u1eb7t \u1ee7i ch\u1ec9 70.000 VND\/kg d\u00e0nh cho kh\u00e1ch t\u1ea1i kh\u00e1ch s\u1ea1n!\" \/>\n<meta property=\"og:url\" content=\"https:\/\/www.vesnahotelnhatrang.com\/vi\/uu-dai\/575-2\/\" \/>\n<meta property=\"og:site_name\" content=\"Vesna Hotel Nha Trang\" \/>\n<meta property=\"article:modified_time\" content=\"2026-04-23T07:31:39+00:00\" \/>\n<meta property=\"og:image\" content=\"https:\/\/www.vesnahotelnhatrang.com\/wp-content\/uploads\/sites\/144\/2026\/04\/1111111-1-819x1024.png\" \/>\n\t<meta property=\"og:image:width\" content=\"819\" \/>\n\t<meta property=\"og:image:height\" content=\"1024\" \/>\n\t<meta property=\"og:image:type\" content=\"image\/png\" \/>\n<meta name=\"twitter:card\" content=\"summary_large_image\" \/>\n<meta name=\"twitter:label1\" content=\"Est. reading time\" \/>\n\t<meta name=\"twitter:data1\" content=\"2 minutes\" \/>\n<script type=\"application\/ld+json\" class=\"yoast-schema-graph\">{\"@context\":\"https:\/\/schema.org\",\"@graph\":[{\"@type\":\"WebPage\",\"@id\":\"https:\/\/www.vesnahotelnhatrang.com\/vi\/uu-dai\/575-2\/\",\"url\":\"https:\/\/www.vesnahotelnhatrang.com\/vi\/uu-dai\/575-2\/\",\"name\":\"\u01afu \u0111\u00e3i d\u1ecbch v\u1ee5 gi\u1eb7t \u1ee7i ch\u1ec9 70.000VN\u0110\/KG - Vesna Hotel Nha Trang\",\"isPartOf\":{\"@id\":\"https:\/\/www.vesnahotelnhatrang.com\/vi\/#website\"},\"primaryImageOfPage\":{\"@id\":\"https:\/\/www.vesnahotelnhatrang.com\/vi\/uu-dai\/575-2\/#primaryimage\"},\"image\":{\"@id\":\"https:\/\/www.vesnahotelnhatrang.com\/vi\/uu-dai\/575-2\/#primaryimage\"},\"thumbnailUrl\":\"https:\/\/www.vesnahotelnhatrang.com\/wp-content\/uploads\/sites\/144\/2026\/04\/1111111-1.png\",\"datePublished\":\"2026-04-23T01:17:20+00:00\",\"dateModified\":\"2026-04-23T07:31:39+00:00\",\"description\":\"Vesna Hotel Nha Trang cung c\u1ea5p d\u1ecbch v\u1ee5 gi\u1eb7t \u1ee7i v\u1edbi m\u1ee9c gi\u00e1 h\u1ee3p l\u00fd d\u00e0nh ri\u00eang cho kh\u00e1ch l\u01b0u tr\u00fa! \u01afu \u0111\u00e3i gi\u1eb7t \u1ee7i ch\u1ec9 70.000 VND\/kg d\u00e0nh cho kh\u00e1ch t\u1ea1i kh\u00e1ch s\u1ea1n!\",\"breadcrumb\":{\"@id\":\"https:\/\/www.vesnahotelnhatrang.com\/vi\/uu-dai\/575-2\/#breadcrumb\"},\"inLanguage\":\"vi-VN\",\"potentialAction\":[{\"@type\":\"ReadAction\",\"target\":[\"https:\/\/www.vesnahotelnhatrang.com\/vi\/uu-dai\/575-2\/\"]}]},{\"@type\":\"ImageObject\",\"inLanguage\":\"vi-VN\",\"@id\":\"https:\/\/www.vesnahotelnhatrang.com\/vi\/uu-dai\/575-2\/#primaryimage\",\"url\":\"https:\/\/www.vesnahotelnhatrang.com\/wp-content\/uploads\/sites\/144\/2026\/04\/1111111-1.png\",\"contentUrl\":\"https:\/\/www.vesnahotelnhatrang.com\/wp-content\/uploads\/sites\/144\/2026\/04\/1111111-1.png\",\"width\":1760,\"height\":2200},{\"@type\":\"BreadcrumbList\",\"@id\":\"https:\/\/www.vesnahotelnhatrang.com\/vi\/uu-dai\/575-2\/#breadcrumb\",\"itemListElement\":[{\"@type\":\"ListItem\",\"position\":1,\"name\":\"Home\",\"item\":\"https:\/\/www.vesnahotelnhatrang.com\/vi\/\"},{\"@type\":\"ListItem\",\"position\":2,\"name\":\"Ch\u01b0\u01a1ng tr\u00ecnh khuy\u1ebfn m\u00e3i\",\"item\":\"https:\/\/www.vesnahotelnhatrang.com\/vi\/uu-dai\/\"},{\"@type\":\"ListItem\",\"position\":3,\"name\":\"\u01afu \u0111\u00e3i d\u1ecbch v\u1ee5 gi\u1eb7t \u1ee7i ch\u1ec9 70.000VN\u0110\/KG\"}]},{\"@type\":\"WebSite\",\"@id\":\"https:\/\/www.vesnahotelnhatrang.com\/vi\/#website\",\"url\":\"https:\/\/www.vesnahotelnhatrang.com\/vi\/\",\"name\":\"Vesna hotel Nha Trang\",\"description\":\"\",\"potentialAction\":[{\"@type\":\"SearchAction\",\"target\":{\"@type\":\"EntryPoint\",\"urlTemplate\":\"https:\/\/www.vesnahotelnhatrang.com\/vi\/?s={search_term_string}\"},\"query-input\":\"required name=search_term_string\"}],\"inLanguage\":\"vi-VN\"}]}<\/script>\n<!-- \/ Yoast SEO plugin. -->","yoast_head_json":{"title":"\u01afu \u0111\u00e3i d\u1ecbch v\u1ee5 gi\u1eb7t \u1ee7i ch\u1ec9 70.000VN\u0110\/KG - Vesna Hotel Nha Trang","description":"Vesna Hotel Nha Trang cung c\u1ea5p d\u1ecbch v\u1ee5 gi\u1eb7t \u1ee7i v\u1edbi m\u1ee9c gi\u00e1 h\u1ee3p l\u00fd d\u00e0nh ri\u00eang cho kh\u00e1ch l\u01b0u tr\u00fa! \u01afu \u0111\u00e3i gi\u1eb7t \u1ee7i ch\u1ec9 70.000 VND\/kg d\u00e0nh cho kh\u00e1ch t\u1ea1i kh\u00e1ch s\u1ea1n!","robots":{"index":"index","follow":"follow","max-snippet":"max-snippet:-1","max-image-preview":"max-image-preview:large","max-video-preview":"max-video-preview:-1"},"canonical":"https:\/\/www.vesnahotelnhatrang.com\/vi\/uu-dai\/575-2\/","og_locale":"vi_VN","og_type":"article","og_title":"\u01afu \u0111\u00e3i d\u1ecbch v\u1ee5 gi\u1eb7t \u1ee7i ch\u1ec9 70.000VN\u0110\/KG - Vesna Hotel Nha Trang","og_description":"Vesna Hotel Nha Trang cung c\u1ea5p d\u1ecbch v\u1ee5 gi\u1eb7t \u1ee7i v\u1edbi m\u1ee9c gi\u00e1 h\u1ee3p l\u00fd d\u00e0nh ri\u00eang cho kh\u00e1ch l\u01b0u tr\u00fa! \u01afu \u0111\u00e3i gi\u1eb7t \u1ee7i ch\u1ec9 70.000 VND\/kg d\u00e0nh cho kh\u00e1ch t\u1ea1i kh\u00e1ch s\u1ea1n!","og_url":"https:\/\/www.vesnahotelnhatrang.com\/vi\/uu-dai\/575-2\/","og_site_name":"Vesna Hotel Nha Trang","article_modified_time":"2026-04-23T07:31:39+00:00","og_image":[{"width":819,"height":1024,"url":"https:\/\/www.vesnahotelnhatrang.com\/wp-content\/uploads\/sites\/144\/2026\/04\/1111111-1-819x1024.png","type":"image\/png"}],"twitter_card":"summary_large_image","twitter_misc":{"Est. reading time":"2 minutes"},"schema":{"@context":"https:\/\/schema.org","@graph":[{"@type":"WebPage","@id":"https:\/\/www.vesnahotelnhatrang.com\/vi\/uu-dai\/575-2\/","url":"https:\/\/www.vesnahotelnhatrang.com\/vi\/uu-dai\/575-2\/","name":"\u01afu \u0111\u00e3i d\u1ecbch v\u1ee5 gi\u1eb7t \u1ee7i ch\u1ec9 70.000VN\u0110\/KG - Vesna Hotel Nha Trang","isPartOf":{"@id":"https:\/\/www.vesnahotelnhatrang.com\/vi\/#website"},"primaryImageOfPage":{"@id":"https:\/\/www.vesnahotelnhatrang.com\/vi\/uu-dai\/575-2\/#primaryimage"},"image":{"@id":"https:\/\/www.vesnahotelnhatrang.com\/vi\/uu-dai\/575-2\/#primaryimage"},"thumbnailUrl":"https:\/\/www.vesnahotelnhatrang.com\/wp-content\/uploads\/sites\/144\/2026\/04\/1111111-1.png","datePublished":"2026-04-23T01:17:20+00:00","dateModified":"2026-04-23T07:31:39+00:00","description":"Vesna Hotel Nha Trang cung c\u1ea5p d\u1ecbch v\u1ee5 gi\u1eb7t \u1ee7i v\u1edbi m\u1ee9c gi\u00e1 h\u1ee3p l\u00fd d\u00e0nh ri\u00eang cho kh\u00e1ch l\u01b0u tr\u00fa! \u01afu \u0111\u00e3i gi\u1eb7t \u1ee7i ch\u1ec9 70.000 VND\/kg d\u00e0nh cho kh\u00e1ch t\u1ea1i kh\u00e1ch s\u1ea1n!","breadcrumb":{"@id":"https:\/\/www.vesnahotelnhatrang.com\/vi\/uu-dai\/575-2\/#breadcrumb"},"inLanguage":"vi-VN","potentialAction":[{"@type":"ReadAction","target":["https:\/\/www.vesnahotelnhatrang.com\/vi\/uu-dai\/575-2\/"]}]},{"@type":"ImageObject","inLanguage":"vi-VN","@id":"https:\/\/www.vesnahotelnhatrang.com\/vi\/uu-dai\/575-2\/#primaryimage","url":"https:\/\/www.vesnahotelnhatrang.com\/wp-content\/uploads\/sites\/144\/2026\/04\/1111111-1.png","contentUrl":"https:\/\/www.vesnahotelnhatrang.com\/wp-content\/uploads\/sites\/144\/2026\/04\/1111111-1.png","width":1760,"height":2200},{"@type":"BreadcrumbList","@id":"https:\/\/www.vesnahotelnhatrang.com\/vi\/uu-dai\/575-2\/#breadcrumb","itemListElement":[{"@type":"ListItem","position":1,"name":"Home","item":"https:\/\/www.vesnahotelnhatrang.com\/vi\/"},{"@type":"ListItem","position":2,"name":"Ch\u01b0\u01a1ng tr\u00ecnh khuy\u1ebfn m\u00e3i","item":"https:\/\/www.vesnahotelnhatrang.com\/vi\/uu-dai\/"},{"@type":"ListItem","position":3,"name":"\u01afu \u0111\u00e3i d\u1ecbch v\u1ee5 gi\u1eb7t \u1ee7i ch\u1ec9 70.000VN\u0110\/KG"}]},{"@type":"WebSite","@id":"https:\/\/www.vesnahotelnhatrang.com\/vi\/#website","url":"https:\/\/www.vesnahotelnhatrang.com\/vi\/","name":"Vesna hotel Nha Trang","description":"","potentialAction":[{"@type":"SearchAction","target":{"@type":"EntryPoint","urlTemplate":"https:\/\/www.vesnahotelnhatrang.com\/vi\/?s={search_term_string}"},"query-input":"required name=search_term_string"}],"inLanguage":"vi-VN"}]}},"acf":[],"_links":{"self":[{"href":"https:\/\/www.vesnahotelnhatrang.com\/vi\/wp-json\/wp\/v2\/pages\/575"}],"collection":[{"href":"https:\/\/www.vesnahotelnhatrang.com\/vi\/wp-json\/wp\/v2\/pages"}],"about":[{"href":"https:\/\/www.vesnahotelnhatrang.com\/vi\/wp-json\/wp\/v2\/types\/page"}],"author":[{"embeddable":true,"href":"https:\/\/www.vesnahotelnhatrang.com\/vi\/wp-json\/wp\/v2\/users\/271"}],"replies":[{"embeddable":true,"href":"https:\/\/www.vesnahotelnhatrang.com\/vi\/wp-json\/wp\/v2\/comments?post=575"}],"version-history":[{"count":0,"href":"https:\/\/www.vesnahotelnhatrang.com\/vi\/wp-json\/wp\/v2\/pages\/575\/revisions"}],"up":[{"embeddable":true,"href":"https:\/\/www.vesnahotelnhatrang.com\/vi\/wp-json\/wp\/v2\/pages\/570"}],"wp:featuredmedia":[{"embeddable":true,"href":"https:\/\/www.vesnahotelnhatrang.com\/vi\/wp-json\/wp\/v2\/media\/588"}],"wp:attachment":[{"href":"https:\/\/www.vesnahotelnhatrang.com\/vi\/wp-json\/wp\/v2\/media?parent=575"}],"curies":[{"name":"wp","href":"https:\/\/api.w.org\/{rel}","templated":true}]}}