{"id":574,"date":"2026-04-23T01:19:33","date_gmt":"2026-04-23T01:19:33","guid":{"rendered":"https:\/\/www.vesnahotelnhatrang.com\/?page_id=574"},"modified":"2026-04-23T07:47:51","modified_gmt":"2026-04-23T07:47:51","slug":"uu-dai-luu-tru-dai-ngay","status":"publish","type":"page","link":"https:\/\/www.vesnahotelnhatrang.com\/vi\/uu-dai\/uu-dai-luu-tru-dai-ngay\/","title":{"rendered":"\u01afu \u0111\u00e3i l\u01b0u tr\u00fa d\u00e0i ng\u00e0y"},"content":{"rendered":"<p style=\"text-align: center\"><strong>\u01afu \u0111\u00e3i l\u01b0u tr\u00fa d\u00e0i ng\u00e0y d\u00e0nh cho kh\u00e1ch c\u00f4ng t\u00e1c t\u1ea1i Vesna Hotel Nha Trang<\/strong><\/p>\n<p style=\"text-align: center\">V\u1edbi nh\u1eefng h\u00e0nh tr\u00ecnh c\u00f4ng vi\u1ec7c k\u00e9o d\u00e0i, s\u1ef1 tho\u1ea3i m\u00e1i trong n\u01a1i l\u01b0u tr\u00fa \u0111\u00f3ng vai tr\u00f2 quan tr\u1ecdng kh\u00f4ng k\u00e9m l\u1ecbch tr\u00ecnh l\u00e0m vi\u1ec7c. Hi\u1ec3u \u0111\u01b0\u1ee3c nhu c\u1ea7u \u0111\u00f3, Vesna Hotel Nha Trang mang \u0111\u1ebfn ch\u01b0\u01a1ng tr\u00ecnh <strong><em>Long Stay Offer<\/em><\/strong>, \u0111\u01b0\u1ee3c thi\u1ebft k\u1ebf d\u00e0nh ri\u00eang cho kh\u00e1ch c\u00f4ng t\u00e1c v\u00e0 kh\u00e1ch l\u01b0u tr\u00fa d\u00e0i ng\u00e0y, gi\u00fap m\u1ed7i l\u00e0m vi\u1ec7c \u1edf xa tr\u1edf n\u00ean nh\u1eb9 nh\u00e0ng, thu\u1eadn ti\u1ec7n v\u00e0 c\u00e2n b\u1eb1ng h\u01a1n.<\/p>\n<p style=\"text-align: center\">Chi ti\u1ebft ch\u01b0\u01a1ng tr\u00ecnh: \u0110\u1ed1i v\u1edbi nh\u1eefng k\u1ef3 l\u01b0u tr\u00fa t\u1eeb 3 \u0111\u00eam tr\u1edf l\u00ean, m\u1ee9c \u01b0u \u0111\u00e3i gi\u1ea3m<strong> 18%<\/strong> \u0111\u01b0\u1ee3c \u00e1p d\u1ee5ng cho gi\u00e1 ph\u00f2ng. V\u1edbi th\u1eddi gian d\u00e0i h\u01a1n t\u1eeb 30 ng\u00e0y, m\u1ee9c gi\u1ea3m l\u00ean \u0111\u1ebfn <strong>30%<\/strong>, gi\u00fap t\u1ed1i \u01b0u chi ph\u00ed \u0111\u00e1ng k\u1ec3 cho c\u00e1c chuy\u1ebfn c\u00f4ng t\u00e1c ho\u1eb7c d\u1ef1 \u00e1n d\u00e0i h\u1ea1n.<\/p>\n<p style=\"text-align: center\">B\u00ean c\u1ea1nh \u0111\u00f3, nhi\u1ec1u ti\u1ec7n \u00edch b\u1ed5 sung \u0111\u01b0\u1ee3c \u00e1p d\u1ee5ng nh\u1eb1m n\u00e2ng cao tr\u1ea3i nghi\u1ec7m c\u1ee7a kh\u00e1ch l\u01b0u tr\u00fa:<\/p>\n<p style=\"text-align: center\">\u2022 B\u1eefa s\u00e1ng t\u1ef1 ch\u1ecdn d\u00e0nh cho 2 kh\u00e1ch \u0111\u01b0\u1ee3c ph\u1ee5c v\u1ee5 m\u1ed7i ng\u00e0y.<br \/>\n\u2022 H\u1ed7 tr\u1ee3 l\u01b0u tr\u00fa mi\u1ec5n ph\u00ed cho t\u1ed1i \u0111a 2 tr\u1ebb em d\u01b0\u1edbi 6 tu\u1ed5i \u1edf c\u00f9ng ph\u00f2ng.<br \/>\n\u2022 Phi\u1ebfu \u01b0u \u0111\u00e3i <strong>40%<\/strong> cho li\u1ec7u tr\u00ecnh ch\u0103m s\u00f3c s\u1ee9c kh\u1ecfe t\u1ea1i spa, k\u00e8m 30 ph\u00fat x\u00f4ng h\u01a1i mi\u1ec5n ph\u00ed cho l\u1ea7n s\u1eed d\u1ee5ng \u0111\u1ea7u ti\u00ean.<br \/>\n\u2022 Phi\u1ebfu \u01b0u \u0111\u00e3i tr\u1ecb gi\u00e1<strong> 150,000 VND<\/strong> cho l\u1ea7n tr\u1ea3i nghi\u1ec7m ti\u1ebfp theo \u0111\u1ed1i v\u1edbi d\u1ecbch v\u1ee5 spa t\u1eeb 60 ph\u00fat.<br \/>\n\u2022 Gi\u1ea3m <strong>10%<\/strong> cho c\u00e1c d\u1ecbch v\u1ee5 \u1ea9m th\u1ef1c t\u1ea1i nh\u00e0 h\u00e0ng, bao g\u1ed3m g\u1ecdi m\u00f3n v\u00e0 ph\u1ee5c v\u1ee5 t\u1ea1i ph\u00f2ng.<br \/>\n\u2022 Gi\u1ea3m<strong> 30%<\/strong> chi ph\u00ed gi\u1eb7t l\u00e0 khi th\u1eddi gian l\u01b0u tr\u00fa t\u1eeb 7 \u0111\u00eam tr\u1edf l\u00ean.<br \/>\n\u2022 H\u1ed7 tr\u1ee3 nh\u1eadn ph\u00f2ng s\u1edbm ho\u1eb7c tr\u1ea3 ph\u00f2ng mu\u1ed9n t\u00f9y theo t\u00ecnh tr\u1ea1ng ph\u00f2ng t\u1ea1i th\u1eddi \u0111i\u1ec3m l\u01b0u tr\u00fa.<\/p>\n<p style=\"text-align: center\">\u2022 Ch\u01b0\u01a1ng tr\u00ecnh c\u0169ng \u0111i k\u00e8m m\u1ed9t s\u1ed1 \u0111i\u1ec1u ki\u1ec7n \u00e1p d\u1ee5ng nh\u1eb1m \u0111\u1ea3m b\u1ea3o ch\u1ea5t l\u01b0\u1ee3ng ph\u1ee5c v\u1ee5:<\/p>\n<p style=\"text-align: center\"><strong>\u0110i\u1ec1u ki\u1ec7n v\u00e0 \u0111i\u1ec1u kho\u1ea3n \u00e1p d\u1ee5ng khi \u0111\u1eb7t ph\u00f2ng:<\/strong><\/p>\n<p style=\"text-align: center\">\u2022 Tr\u1ebb em t\u1eeb 6 \u0111\u1ebfn 11 tu\u1ed5i: ph\u1ee5 ph\u00ed 200,000 VND\/tr\u1ebb\/\u0111\u00eam.<br \/>\n\u2022 Kh\u00e1ch t\u1eeb 12 tu\u1ed5i tr\u1edf l\u00ean (kh\u00f4ng k\u00ea gi\u01b0\u1eddng ph\u1ee5): ph\u1ee5 ph\u00ed 300,000 VND\/ng\u01b0\u1eddi\/\u0111\u00eam.<br \/>\n\u2022 Ph\u1ee5 ph\u00ed d\u1ecbp l\u1ec5, T\u1ebft:<strong> 200,000 VND<\/strong>\/ph\u00f2ng\/\u0111\u00eam, \u00e1p d\u1ee5ng t\u1eeb m\u00f9ng 2 \u0111\u1ebfn m\u00f9ng 5 T\u1ebft Nguy\u00ean \u0110\u00e1n v\u00e0 c\u00e1c k\u1ef3 ngh\u1ec9 l\u1ec5 trong n\u0103m.<\/p>\n<p style=\"text-align: center\">Kh\u00f4ng ch\u1ec9 d\u1eebng l\u1ea1i \u1edf vi\u1ec7c cung c\u1ea5p ch\u1ed7 ngh\u1ec9, Vesna Hotel Nha Trang h\u01b0\u1edbng \u0111\u1ebfn vi\u1ec7c t\u1ea1o n\u00ean m\u1ed9t kh\u00f4ng gian l\u01b0u tr\u00fa d\u00e0i h\u1ea1n ti\u1ec7n nghi, gi\u00fap kh\u00e1ch h\u00e0ng duy tr\u00ec hi\u1ec7u su\u1ea5t c\u00f4ng vi\u1ec7c trong khi v\u1eabn \u0111\u1ea3m b\u1ea3o s\u1ef1 th\u01b0 gi\u00e3n c\u1ea7n thi\u1ebft sau m\u1ed7i ng\u00e0y b\u1eadn r\u1ed9n.<\/p>\n<p style=\"text-align: center\">Li\u00ean h\u1ec7 ngay v\u1edbi ch\u00fang t\u00f4i \u0111\u1ec3 \u0111\u01b0\u1ee3c t\u01b0 v\u1ea5n v\u00e0 \u0111\u1eb7t ph\u00f2ng, t\u1eadn h\u01b0\u1edfng nh\u1eefng quy\u1ec1n l\u1ee3i \u0111\u1eb7c bi\u1ec7t d\u00e0nh ri\u00eang cho k\u1ef3 l\u01b0u tr\u00fa d\u00e0i ng\u00e0y.<\/p>\n<p style=\"text-align: center\">\n","protected":false},"excerpt":{"rendered":"<p>\u01afu \u0111\u00e3i l\u01b0u tr\u00fa d\u00e0i ng\u00e0y d\u00e0nh cho kh\u00e1ch c\u00f4ng t\u00e1c t\u1ea1i Vesna Hotel Nha Trang V\u1edbi nh\u1eefng h\u00e0nh tr\u00ecnh c\u00f4ng vi\u1ec7c k\u00e9o d\u00e0i, s\u1ef1 tho\u1ea3i m\u00e1i trong n\u01a1i l\u01b0u tr\u00fa \u0111\u00f3ng vai tr\u00f2 quan tr\u1ecdng kh\u00f4ng k\u00e9m l\u1ecbch tr\u00ecnh l\u00e0m vi\u1ec7c. Hi\u1ec3u \u0111\u01b0\u1ee3c nhu c\u1ea7u \u0111\u00f3, Vesna Hotel Nha Trang mang \u0111\u1ebfn ch\u01b0\u01a1ng tr\u00ecnh [&hellip;]<\/p>\n","protected":false},"author":271,"featured_media":109,"parent":570,"menu_order":0,"comment_status":"closed","ping_status":"closed","template":"template-single-offer.php","meta":{"footnotes":""},"yoast_head":"<!-- This site is optimized with the Yoast SEO plugin v22.3 - https:\/\/yoast.com\/wordpress\/plugins\/seo\/ -->\n<title>\u01afu \u0111\u00e3i l\u01b0u tr\u00fa d\u00e0i ng\u00e0y - Vesna Hotel Nha Trang<\/title>\n<meta name=\"robots\" content=\"index, follow, max-snippet:-1, max-image-preview:large, max-video-preview:-1\" \/>\n<link rel=\"canonical\" href=\"https:\/\/www.vesnahotelnhatrang.com\/vi\/uu-dai\/uu-dai-luu-tru-dai-ngay\/\" \/>\n<meta property=\"og:locale\" content=\"vi_VN\" \/>\n<meta property=\"og:type\" content=\"article\" \/>\n<meta property=\"og:title\" content=\"\u01afu \u0111\u00e3i l\u01b0u tr\u00fa d\u00e0i ng\u00e0y - Vesna Hotel Nha Trang\" \/>\n<meta property=\"og:description\" content=\"\u01afu \u0111\u00e3i l\u01b0u tr\u00fa d\u00e0i ng\u00e0y d\u00e0nh cho kh\u00e1ch c\u00f4ng t\u00e1c t\u1ea1i Vesna Hotel Nha Trang V\u1edbi nh\u1eefng h\u00e0nh tr\u00ecnh c\u00f4ng vi\u1ec7c k\u00e9o d\u00e0i, s\u1ef1 tho\u1ea3i m\u00e1i trong n\u01a1i l\u01b0u tr\u00fa \u0111\u00f3ng vai tr\u00f2 quan tr\u1ecdng kh\u00f4ng k\u00e9m l\u1ecbch tr\u00ecnh l\u00e0m vi\u1ec7c. Hi\u1ec3u \u0111\u01b0\u1ee3c nhu c\u1ea7u \u0111\u00f3, Vesna Hotel Nha Trang mang \u0111\u1ebfn ch\u01b0\u01a1ng tr\u00ecnh [&hellip;]\" \/>\n<meta property=\"og:url\" content=\"https:\/\/www.vesnahotelnhatrang.com\/vi\/uu-dai\/uu-dai-luu-tru-dai-ngay\/\" \/>\n<meta property=\"og:site_name\" content=\"Vesna Hotel Nha Trang\" \/>\n<meta property=\"article:modified_time\" content=\"2026-04-23T07:47:51+00:00\" \/>\n<meta property=\"og:image\" content=\"https:\/\/www.vesnahotelnhatrang.com\/wp-content\/uploads\/sites\/144\/2026\/01\/Premier-Corner-Ocean-Suite-4.jpg\" \/>\n\t<meta property=\"og:image:width\" content=\"2200\" \/>\n\t<meta property=\"og:image:height\" content=\"1593\" \/>\n\t<meta property=\"og:image:type\" content=\"image\/jpeg\" \/>\n<meta name=\"twitter:card\" content=\"summary_large_image\" \/>\n<meta name=\"twitter:label1\" content=\"Est. reading time\" \/>\n\t<meta name=\"twitter:data1\" content=\"3 minutes\" \/>\n<script type=\"application\/ld+json\" class=\"yoast-schema-graph\">{\"@context\":\"https:\/\/schema.org\",\"@graph\":[{\"@type\":\"WebPage\",\"@id\":\"https:\/\/www.vesnahotelnhatrang.com\/vi\/uu-dai\/uu-dai-luu-tru-dai-ngay\/\",\"url\":\"https:\/\/www.vesnahotelnhatrang.com\/vi\/uu-dai\/uu-dai-luu-tru-dai-ngay\/\",\"name\":\"\u01afu \u0111\u00e3i l\u01b0u tr\u00fa d\u00e0i ng\u00e0y - Vesna Hotel Nha Trang\",\"isPartOf\":{\"@id\":\"https:\/\/www.vesnahotelnhatrang.com\/vi\/#website\"},\"primaryImageOfPage\":{\"@id\":\"https:\/\/www.vesnahotelnhatrang.com\/vi\/uu-dai\/uu-dai-luu-tru-dai-ngay\/#primaryimage\"},\"image\":{\"@id\":\"https:\/\/www.vesnahotelnhatrang.com\/vi\/uu-dai\/uu-dai-luu-tru-dai-ngay\/#primaryimage\"},\"thumbnailUrl\":\"https:\/\/www.vesnahotelnhatrang.com\/wp-content\/uploads\/sites\/144\/2026\/01\/Premier-Corner-Ocean-Suite-4.jpg\",\"datePublished\":\"2026-04-23T01:19:33+00:00\",\"dateModified\":\"2026-04-23T07:47:51+00:00\",\"breadcrumb\":{\"@id\":\"https:\/\/www.vesnahotelnhatrang.com\/vi\/uu-dai\/uu-dai-luu-tru-dai-ngay\/#breadcrumb\"},\"inLanguage\":\"vi-VN\",\"potentialAction\":[{\"@type\":\"ReadAction\",\"target\":[\"https:\/\/www.vesnahotelnhatrang.com\/vi\/uu-dai\/uu-dai-luu-tru-dai-ngay\/\"]}]},{\"@type\":\"ImageObject\",\"inLanguage\":\"vi-VN\",\"@id\":\"https:\/\/www.vesnahotelnhatrang.com\/vi\/uu-dai\/uu-dai-luu-tru-dai-ngay\/#primaryimage\",\"url\":\"https:\/\/www.vesnahotelnhatrang.com\/wp-content\/uploads\/sites\/144\/2026\/01\/Premier-Corner-Ocean-Suite-4.jpg\",\"contentUrl\":\"https:\/\/www.vesnahotelnhatrang.com\/wp-content\/uploads\/sites\/144\/2026\/01\/Premier-Corner-Ocean-Suite-4.jpg\",\"width\":2200,\"height\":1593},{\"@type\":\"BreadcrumbList\",\"@id\":\"https:\/\/www.vesnahotelnhatrang.com\/vi\/uu-dai\/uu-dai-luu-tru-dai-ngay\/#breadcrumb\",\"itemListElement\":[{\"@type\":\"ListItem\",\"position\":1,\"name\":\"Home\",\"item\":\"https:\/\/www.vesnahotelnhatrang.com\/vi\/\"},{\"@type\":\"ListItem\",\"position\":2,\"name\":\"Ch\u01b0\u01a1ng tr\u00ecnh khuy\u1ebfn m\u00e3i\",\"item\":\"https:\/\/www.vesnahotelnhatrang.com\/vi\/uu-dai\/\"},{\"@type\":\"ListItem\",\"position\":3,\"name\":\"\u01afu \u0111\u00e3i l\u01b0u tr\u00fa d\u00e0i ng\u00e0y\"}]},{\"@type\":\"WebSite\",\"@id\":\"https:\/\/www.vesnahotelnhatrang.com\/vi\/#website\",\"url\":\"https:\/\/www.vesnahotelnhatrang.com\/vi\/\",\"name\":\"Vesna hotel Nha Trang\",\"description\":\"\",\"potentialAction\":[{\"@type\":\"SearchAction\",\"target\":{\"@type\":\"EntryPoint\",\"urlTemplate\":\"https:\/\/www.vesnahotelnhatrang.com\/vi\/?s={search_term_string}\"},\"query-input\":\"required name=search_term_string\"}],\"inLanguage\":\"vi-VN\"}]}<\/script>\n<!-- \/ Yoast SEO plugin. -->","yoast_head_json":{"title":"\u01afu \u0111\u00e3i l\u01b0u tr\u00fa d\u00e0i ng\u00e0y - Vesna Hotel Nha Trang","robots":{"index":"index","follow":"follow","max-snippet":"max-snippet:-1","max-image-preview":"max-image-preview:large","max-video-preview":"max-video-preview:-1"},"canonical":"https:\/\/www.vesnahotelnhatrang.com\/vi\/uu-dai\/uu-dai-luu-tru-dai-ngay\/","og_locale":"vi_VN","og_type":"article","og_title":"\u01afu \u0111\u00e3i l\u01b0u tr\u00fa d\u00e0i ng\u00e0y - Vesna Hotel Nha Trang","og_description":"\u01afu \u0111\u00e3i l\u01b0u tr\u00fa d\u00e0i ng\u00e0y d\u00e0nh cho kh\u00e1ch c\u00f4ng t\u00e1c t\u1ea1i Vesna Hotel Nha Trang V\u1edbi nh\u1eefng h\u00e0nh tr\u00ecnh c\u00f4ng vi\u1ec7c k\u00e9o d\u00e0i, s\u1ef1 tho\u1ea3i m\u00e1i trong n\u01a1i l\u01b0u tr\u00fa \u0111\u00f3ng vai tr\u00f2 quan tr\u1ecdng kh\u00f4ng k\u00e9m l\u1ecbch tr\u00ecnh l\u00e0m vi\u1ec7c. Hi\u1ec3u \u0111\u01b0\u1ee3c nhu c\u1ea7u \u0111\u00f3, Vesna Hotel Nha Trang mang \u0111\u1ebfn ch\u01b0\u01a1ng tr\u00ecnh [&hellip;]","og_url":"https:\/\/www.vesnahotelnhatrang.com\/vi\/uu-dai\/uu-dai-luu-tru-dai-ngay\/","og_site_name":"Vesna Hotel Nha Trang","article_modified_time":"2026-04-23T07:47:51+00:00","og_image":[{"width":2200,"height":1593,"url":"https:\/\/www.vesnahotelnhatrang.com\/wp-content\/uploads\/sites\/144\/2026\/01\/Premier-Corner-Ocean-Suite-4.jpg","type":"image\/jpeg"}],"twitter_card":"summary_large_image","twitter_misc":{"Est. reading time":"3 minutes"},"schema":{"@context":"https:\/\/schema.org","@graph":[{"@type":"WebPage","@id":"https:\/\/www.vesnahotelnhatrang.com\/vi\/uu-dai\/uu-dai-luu-tru-dai-ngay\/","url":"https:\/\/www.vesnahotelnhatrang.com\/vi\/uu-dai\/uu-dai-luu-tru-dai-ngay\/","name":"\u01afu \u0111\u00e3i l\u01b0u tr\u00fa d\u00e0i ng\u00e0y - Vesna Hotel Nha Trang","isPartOf":{"@id":"https:\/\/www.vesnahotelnhatrang.com\/vi\/#website"},"primaryImageOfPage":{"@id":"https:\/\/www.vesnahotelnhatrang.com\/vi\/uu-dai\/uu-dai-luu-tru-dai-ngay\/#primaryimage"},"image":{"@id":"https:\/\/www.vesnahotelnhatrang.com\/vi\/uu-dai\/uu-dai-luu-tru-dai-ngay\/#primaryimage"},"thumbnailUrl":"https:\/\/www.vesnahotelnhatrang.com\/wp-content\/uploads\/sites\/144\/2026\/01\/Premier-Corner-Ocean-Suite-4.jpg","datePublished":"2026-04-23T01:19:33+00:00","dateModified":"2026-04-23T07:47:51+00:00","breadcrumb":{"@id":"https:\/\/www.vesnahotelnhatrang.com\/vi\/uu-dai\/uu-dai-luu-tru-dai-ngay\/#breadcrumb"},"inLanguage":"vi-VN","potentialAction":[{"@type":"ReadAction","target":["https:\/\/www.vesnahotelnhatrang.com\/vi\/uu-dai\/uu-dai-luu-tru-dai-ngay\/"]}]},{"@type":"ImageObject","inLanguage":"vi-VN","@id":"https:\/\/www.vesnahotelnhatrang.com\/vi\/uu-dai\/uu-dai-luu-tru-dai-ngay\/#primaryimage","url":"https:\/\/www.vesnahotelnhatrang.com\/wp-content\/uploads\/sites\/144\/2026\/01\/Premier-Corner-Ocean-Suite-4.jpg","contentUrl":"https:\/\/www.vesnahotelnhatrang.com\/wp-content\/uploads\/sites\/144\/2026\/01\/Premier-Corner-Ocean-Suite-4.jpg","width":2200,"height":1593},{"@type":"BreadcrumbList","@id":"https:\/\/www.vesnahotelnhatrang.com\/vi\/uu-dai\/uu-dai-luu-tru-dai-ngay\/#breadcrumb","itemListElement":[{"@type":"ListItem","position":1,"name":"Home","item":"https:\/\/www.vesnahotelnhatrang.com\/vi\/"},{"@type":"ListItem","position":2,"name":"Ch\u01b0\u01a1ng tr\u00ecnh khuy\u1ebfn m\u00e3i","item":"https:\/\/www.vesnahotelnhatrang.com\/vi\/uu-dai\/"},{"@type":"ListItem","position":3,"name":"\u01afu \u0111\u00e3i l\u01b0u tr\u00fa d\u00e0i ng\u00e0y"}]},{"@type":"WebSite","@id":"https:\/\/www.vesnahotelnhatrang.com\/vi\/#website","url":"https:\/\/www.vesnahotelnhatrang.com\/vi\/","name":"Vesna hotel Nha Trang","description":"","potentialAction":[{"@type":"SearchAction","target":{"@type":"EntryPoint","urlTemplate":"https:\/\/www.vesnahotelnhatrang.com\/vi\/?s={search_term_string}"},"query-input":"required name=search_term_string"}],"inLanguage":"vi-VN"}]}},"acf":[],"_links":{"self":[{"href":"https:\/\/www.vesnahotelnhatrang.com\/vi\/wp-json\/wp\/v2\/pages\/574"}],"collection":[{"href":"https:\/\/www.vesnahotelnhatrang.com\/vi\/wp-json\/wp\/v2\/pages"}],"about":[{"href":"https:\/\/www.vesnahotelnhatrang.com\/vi\/wp-json\/wp\/v2\/types\/page"}],"author":[{"embeddable":true,"href":"https:\/\/www.vesnahotelnhatrang.com\/vi\/wp-json\/wp\/v2\/users\/271"}],"replies":[{"embeddable":true,"href":"https:\/\/www.vesnahotelnhatrang.com\/vi\/wp-json\/wp\/v2\/comments?post=574"}],"version-history":[{"count":0,"href":"https:\/\/www.vesnahotelnhatrang.com\/vi\/wp-json\/wp\/v2\/pages\/574\/revisions"}],"up":[{"embeddable":true,"href":"https:\/\/www.vesnahotelnhatrang.com\/vi\/wp-json\/wp\/v2\/pages\/570"}],"wp:featuredmedia":[{"embeddable":true,"href":"https:\/\/www.vesnahotelnhatrang.com\/vi\/wp-json\/wp\/v2\/media\/109"}],"wp:attachment":[{"href":"https:\/\/www.vesnahotelnhatrang.com\/vi\/wp-json\/wp\/v2\/media?parent=574"}],"curies":[{"name":"wp","href":"https:\/\/api.w.org\/{rel}","templated":true}]}}