{"id":552,"date":"2026-04-22T04:45:54","date_gmt":"2026-04-22T04:45:54","guid":{"rendered":"https:\/\/www.vesnahotelnhatrang.com\/goi-honey-moon\/"},"modified":"2026-04-22T08:51:55","modified_gmt":"2026-04-22T08:51:55","slug":"goi-honey-moon","status":"publish","type":"page","link":"https:\/\/www.vesnahotelnhatrang.com\/vi\/uu-dai-2\/goi-honey-moon\/","title":{"rendered":"K\u1ef3 ngh\u1ec9 l\u00e3ng m\u1ea1n"},"content":{"rendered":"<div class=\"xdj266r x14z9mp xat24cr x1lziwak x1vvkbs x126k92a\">\n<div dir=\"auto\">\n<div class=\"x14z9mp xat24cr x1lziwak x1vvkbs xtlvy1s x126k92a\">\n<div dir=\"auto\">\n<div class=\"x14z9mp xat24cr x1lziwak x1vvkbs xtlvy1s x126k92a\">\n<div dir=\"auto\">B\u1eaft \u0111\u1ea7u k\u1ef3 ngh\u1ec9 ng\u1ecdt ng\u00e0o cho t\u00ecnh y\u00eau c\u1ee7a b\u1ea1n ch\u1ec9 v\u1edbi 1,600,000 VN\u0110, t\u1eadn h\u01b0\u1edfng k\u1ef3 ngh\u1ec9 l\u00e3ng m\u1ea1n gi\u1eefa th\u00e0nh ph\u1ed1 bi\u1ec3n xinh \u0111\u1eb9p, bao g\u1ed3m:<\/div>\n<\/div>\n<div class=\"x14z9mp xat24cr x1lziwak x1vvkbs xtlvy1s x126k92a\">\n<div dir=\"auto\">\n<div dir=\"auto\">\n<div dir=\"auto\">&#8211; 1 \u0111\u00eam ngh\u1ec9 d\u01b0\u1ee1ng t\u1ea1i ph\u00f2ng Deluxe Honeymoon ng\u1ecdt ng\u00e0o.<\/div>\n<div dir=\"auto\">&#8211; Mi\u1ec5n ph\u00ed trang tr\u00ed gi\u01b0\u1eddng uy\u00ean \u01b0\u01a1ng l\u00e3ng m\u1ea1n.<\/div>\n<div dir=\"auto\">&#8211; Mi\u1ec5n ph\u00ed d\u00f9ng Buffet s\u00e1ng cho 2 kh\u00e1ch.<\/div>\n<div dir=\"auto\">&#8211; Mi\u1ec5n ph\u00ed m\u1ed9t b\u1eefa tr\u01b0a\/ b\u1eefa t\u1ed1i l\u00e3ng m\u1ea1n cho 2 kh\u00e1ch.<\/div>\n<div dir=\"auto\">&#8211; Gi\u1ea3m gi\u00e1 40% t\u1ea5t c\u1ea3 c\u00e1c d\u1ecbch v\u1ee5 Spa.<\/div>\n<div dir=\"auto\">&#8211; T\u1eb7ng tr\u00e1i c\u00e2y t\u01b0\u01a1i khi kh\u00e1ch check-in.<\/div>\n<div dir=\"auto\">&#8211; Mi\u1ec5n ph\u00ed cho 2 tr\u1ebb d\u01b0\u1edbi 6 tu\u1ed5i \u1edf c\u00f9ng ph\u00f2ng.<\/div>\n<div dir=\"auto\"><\/div>\n<div dir=\"auto\">\u0110i\u1ec1u ki\u1ec7n v\u00e0 \u0111i\u1ec1u kho\u1ea3n \u00e1p d\u1ee5ng:<\/div>\n<div dir=\"auto\">&#8211; Th\u1eddi gian \u0111\u1eb7t ph\u00f2ng: 20\/01\/2026 \u2013 31\/12\/2026.<\/div>\n<div dir=\"auto\">&#8211; Th\u1eddi gian l\u01b0u tr\u00fa: 20\/01\/2026 \u2013 31\/12\/2026.<\/div>\n<div dir=\"auto\">&#8211; Ph\u1ee5 thu tr\u1ebb em t\u1eeb 6 \u0111\u1ebfn 11 tu\u1ed5i: 200,000 VN\u0110\/ tr\u1ebb\/ \u0111\u00eam .<\/div>\n<div dir=\"auto\">&#8211; Ph\u1ee5 thu ng\u01b0\u1eddi l\u1edbn tr\u00ean 11 tu\u1ed5i (kh\u00f4ng th\u00eam gi\u01b0\u1eddng ph\u1ee5): 300,000\/ng\u01b0\u1eddi\/\u0111\u00eam.<\/div>\n<div dir=\"auto\">&#8211; Ph\u1ee5 thu l\u1ec5 t\u1ebft: 200,000 VN\u0110\/ ph\u00f2ng\/ \u0111\u00eam (\u00e1p d\u1ee5ng c\u00e1c ng\u00e0y m\u00f9ng 2 \u0111\u1ebfn h\u1ebft m\u00f9ng 5 T\u1ebft Nguy\u00ean \u0110\u00e1n v\u00e0 c\u00e1c ng\u00e0y l\u1ec5 l\u1edbn trong n\u0103m).<\/div>\n<\/div>\n<div dir=\"auto\"><\/div>\n<div dir=\"auto\"><strong>Li\u00ean h\u1ec7 v\u1edbi ch\u00fang t\u00f4i \u0111\u1ec3 \u0111\u1eb7t ph\u00f2ng v\u00e0 t\u1eadn h\u01b0\u1edfng \u01b0u \u0111\u00e3i \u0111\u1ea7y h\u1ea5p d\u1eabn!<\/strong><\/div>\n<div dir=\"auto\"><\/div>\n<\/div>\n<\/div>\n<\/div>\n<\/div>\n<\/div>\n<\/div>\n<div class=\"x14z9mp xat24cr x1lziwak x1vvkbs xtlvy1s x126k92a\">\n<div dir=\"auto\"><\/div>\n<\/div>\n","protected":false},"excerpt":{"rendered":"<p>B\u1eaft \u0111\u1ea7u k\u1ef3 ngh\u1ec9 ng\u1ecdt ng\u00e0o cho t\u00ecnh y\u00eau c\u1ee7a b\u1ea1n ch\u1ec9 v\u1edbi 1,600,000 VN\u0110, t\u1eadn h\u01b0\u1edfng k\u1ef3 ngh\u1ec9 l\u00e3ng m\u1ea1n gi\u1eefa th\u00e0nh ph\u1ed1 bi\u1ec3n xinh \u0111\u1eb9p, bao g\u1ed3m: &#8211; 1 \u0111\u00eam ngh\u1ec9 d\u01b0\u1ee1ng t\u1ea1i ph\u00f2ng Deluxe Honeymoon ng\u1ecdt ng\u00e0o. &#8211; Mi\u1ec5n ph\u00ed trang tr\u00ed gi\u01b0\u1eddng uy\u00ean \u01b0\u01a1ng l\u00e3ng m\u1ea1n. &#8211; Mi\u1ec5n ph\u00ed d\u00f9ng Buffet [&hellip;]<\/p>\n","protected":false},"author":271,"featured_media":540,"parent":511,"menu_order":0,"comment_status":"closed","ping_status":"closed","template":"template-offers.php","meta":{"footnotes":""},"yoast_head":"<!-- This site is optimized with the Yoast SEO plugin v22.3 - https:\/\/yoast.com\/wordpress\/plugins\/seo\/ -->\n<title>K\u1ef3 ngh\u1ec9 l\u00e3ng m\u1ea1n - Vesna Hotel Nha Trang<\/title>\n<meta name=\"description\" content=\"T\u1eadn h\u01b0\u1edfng k\u1ef3 tr\u0103ng m\u1eadt tr\u1ecdn g\u00f3i 2 ng\u00e0y 1 \u0111\u00eam t\u1ea1i Nha Trang, kh\u00e1m ph\u00e1 c\u00e1c d\u1ecbch v\u1ee5 h\u1ea5p d\u1eabn \u0111i k\u00e8m\" \/>\n<meta name=\"robots\" content=\"index, follow, max-snippet:-1, max-image-preview:large, max-video-preview:-1\" \/>\n<link rel=\"canonical\" href=\"https:\/\/www.vesnahotelnhatrang.com\/vi\/uu-dai-2\/goi-honey-moon\/\" \/>\n<meta property=\"og:locale\" content=\"vi_VN\" \/>\n<meta property=\"og:type\" content=\"article\" \/>\n<meta property=\"og:title\" content=\"K\u1ef3 ngh\u1ec9 l\u00e3ng m\u1ea1n - Vesna Hotel Nha Trang\" \/>\n<meta property=\"og:description\" content=\"T\u1eadn h\u01b0\u1edfng k\u1ef3 tr\u0103ng m\u1eadt tr\u1ecdn g\u00f3i 2 ng\u00e0y 1 \u0111\u00eam t\u1ea1i Nha Trang, kh\u00e1m ph\u00e1 c\u00e1c d\u1ecbch v\u1ee5 h\u1ea5p d\u1eabn \u0111i k\u00e8m\" \/>\n<meta property=\"og:url\" content=\"https:\/\/www.vesnahotelnhatrang.com\/vi\/uu-dai-2\/goi-honey-moon\/\" \/>\n<meta property=\"og:site_name\" content=\"Vesna Hotel Nha Trang\" \/>\n<meta property=\"article:modified_time\" content=\"2026-04-22T08:51:55+00:00\" \/>\n<meta property=\"og:image\" content=\"https:\/\/www.vesnahotelnhatrang.com\/wp-content\/uploads\/sites\/144\/2026\/04\/ST_06071.jpg\" \/>\n\t<meta property=\"og:image:width\" content=\"2200\" \/>\n\t<meta property=\"og:image:height\" content=\"1467\" \/>\n\t<meta property=\"og:image:type\" content=\"image\/jpeg\" \/>\n<meta name=\"twitter:card\" content=\"summary_large_image\" \/>\n<meta name=\"twitter:label1\" content=\"Est. reading time\" \/>\n\t<meta name=\"twitter:data1\" content=\"2 minutes\" \/>\n<script type=\"application\/ld+json\" class=\"yoast-schema-graph\">{\"@context\":\"https:\/\/schema.org\",\"@graph\":[{\"@type\":\"WebPage\",\"@id\":\"https:\/\/www.vesnahotelnhatrang.com\/vi\/uu-dai-2\/goi-honey-moon\/\",\"url\":\"https:\/\/www.vesnahotelnhatrang.com\/vi\/uu-dai-2\/goi-honey-moon\/\",\"name\":\"K\u1ef3 ngh\u1ec9 l\u00e3ng m\u1ea1n - Vesna Hotel Nha Trang\",\"isPartOf\":{\"@id\":\"https:\/\/www.vesnahotelnhatrang.com\/vi\/#website\"},\"primaryImageOfPage\":{\"@id\":\"https:\/\/www.vesnahotelnhatrang.com\/vi\/uu-dai-2\/goi-honey-moon\/#primaryimage\"},\"image\":{\"@id\":\"https:\/\/www.vesnahotelnhatrang.com\/vi\/uu-dai-2\/goi-honey-moon\/#primaryimage\"},\"thumbnailUrl\":\"https:\/\/www.vesnahotelnhatrang.com\/wp-content\/uploads\/sites\/144\/2026\/04\/ST_06071.jpg\",\"datePublished\":\"2026-04-22T04:45:54+00:00\",\"dateModified\":\"2026-04-22T08:51:55+00:00\",\"description\":\"T\u1eadn h\u01b0\u1edfng k\u1ef3 tr\u0103ng m\u1eadt tr\u1ecdn g\u00f3i 2 ng\u00e0y 1 \u0111\u00eam t\u1ea1i Nha Trang, kh\u00e1m ph\u00e1 c\u00e1c d\u1ecbch v\u1ee5 h\u1ea5p d\u1eabn \u0111i k\u00e8m\",\"breadcrumb\":{\"@id\":\"https:\/\/www.vesnahotelnhatrang.com\/vi\/uu-dai-2\/goi-honey-moon\/#breadcrumb\"},\"inLanguage\":\"vi-VN\",\"potentialAction\":[{\"@type\":\"ReadAction\",\"target\":[\"https:\/\/www.vesnahotelnhatrang.com\/vi\/uu-dai-2\/goi-honey-moon\/\"]}]},{\"@type\":\"ImageObject\",\"inLanguage\":\"vi-VN\",\"@id\":\"https:\/\/www.vesnahotelnhatrang.com\/vi\/uu-dai-2\/goi-honey-moon\/#primaryimage\",\"url\":\"https:\/\/www.vesnahotelnhatrang.com\/wp-content\/uploads\/sites\/144\/2026\/04\/ST_06071.jpg\",\"contentUrl\":\"https:\/\/www.vesnahotelnhatrang.com\/wp-content\/uploads\/sites\/144\/2026\/04\/ST_06071.jpg\",\"width\":2200,\"height\":1467},{\"@type\":\"BreadcrumbList\",\"@id\":\"https:\/\/www.vesnahotelnhatrang.com\/vi\/uu-dai-2\/goi-honey-moon\/#breadcrumb\",\"itemListElement\":[{\"@type\":\"ListItem\",\"position\":1,\"name\":\"Home\",\"item\":\"https:\/\/www.vesnahotelnhatrang.com\/vi\/\"},{\"@type\":\"ListItem\",\"position\":2,\"name\":\"K\u1ef3 ngh\u1ec9 l\u00e3ng m\u1ea1n\"}]},{\"@type\":\"WebSite\",\"@id\":\"https:\/\/www.vesnahotelnhatrang.com\/vi\/#website\",\"url\":\"https:\/\/www.vesnahotelnhatrang.com\/vi\/\",\"name\":\"Vesna hotel Nha Trang\",\"description\":\"\",\"potentialAction\":[{\"@type\":\"SearchAction\",\"target\":{\"@type\":\"EntryPoint\",\"urlTemplate\":\"https:\/\/www.vesnahotelnhatrang.com\/vi\/?s={search_term_string}\"},\"query-input\":\"required name=search_term_string\"}],\"inLanguage\":\"vi-VN\"}]}<\/script>\n<!-- \/ Yoast SEO plugin. -->","yoast_head_json":{"title":"K\u1ef3 ngh\u1ec9 l\u00e3ng m\u1ea1n - Vesna Hotel Nha Trang","description":"T\u1eadn h\u01b0\u1edfng k\u1ef3 tr\u0103ng m\u1eadt tr\u1ecdn g\u00f3i 2 ng\u00e0y 1 \u0111\u00eam t\u1ea1i Nha Trang, kh\u00e1m ph\u00e1 c\u00e1c d\u1ecbch v\u1ee5 h\u1ea5p d\u1eabn \u0111i k\u00e8m","robots":{"index":"index","follow":"follow","max-snippet":"max-snippet:-1","max-image-preview":"max-image-preview:large","max-video-preview":"max-video-preview:-1"},"canonical":"https:\/\/www.vesnahotelnhatrang.com\/vi\/uu-dai-2\/goi-honey-moon\/","og_locale":"vi_VN","og_type":"article","og_title":"K\u1ef3 ngh\u1ec9 l\u00e3ng m\u1ea1n - Vesna Hotel Nha Trang","og_description":"T\u1eadn h\u01b0\u1edfng k\u1ef3 tr\u0103ng m\u1eadt tr\u1ecdn g\u00f3i 2 ng\u00e0y 1 \u0111\u00eam t\u1ea1i Nha Trang, kh\u00e1m ph\u00e1 c\u00e1c d\u1ecbch v\u1ee5 h\u1ea5p d\u1eabn \u0111i k\u00e8m","og_url":"https:\/\/www.vesnahotelnhatrang.com\/vi\/uu-dai-2\/goi-honey-moon\/","og_site_name":"Vesna Hotel Nha Trang","article_modified_time":"2026-04-22T08:51:55+00:00","og_image":[{"width":2200,"height":1467,"url":"https:\/\/www.vesnahotelnhatrang.com\/wp-content\/uploads\/sites\/144\/2026\/04\/ST_06071.jpg","type":"image\/jpeg"}],"twitter_card":"summary_large_image","twitter_misc":{"Est. reading time":"2 minutes"},"schema":{"@context":"https:\/\/schema.org","@graph":[{"@type":"WebPage","@id":"https:\/\/www.vesnahotelnhatrang.com\/vi\/uu-dai-2\/goi-honey-moon\/","url":"https:\/\/www.vesnahotelnhatrang.com\/vi\/uu-dai-2\/goi-honey-moon\/","name":"K\u1ef3 ngh\u1ec9 l\u00e3ng m\u1ea1n - Vesna Hotel Nha Trang","isPartOf":{"@id":"https:\/\/www.vesnahotelnhatrang.com\/vi\/#website"},"primaryImageOfPage":{"@id":"https:\/\/www.vesnahotelnhatrang.com\/vi\/uu-dai-2\/goi-honey-moon\/#primaryimage"},"image":{"@id":"https:\/\/www.vesnahotelnhatrang.com\/vi\/uu-dai-2\/goi-honey-moon\/#primaryimage"},"thumbnailUrl":"https:\/\/www.vesnahotelnhatrang.com\/wp-content\/uploads\/sites\/144\/2026\/04\/ST_06071.jpg","datePublished":"2026-04-22T04:45:54+00:00","dateModified":"2026-04-22T08:51:55+00:00","description":"T\u1eadn h\u01b0\u1edfng k\u1ef3 tr\u0103ng m\u1eadt tr\u1ecdn g\u00f3i 2 ng\u00e0y 1 \u0111\u00eam t\u1ea1i Nha Trang, kh\u00e1m ph\u00e1 c\u00e1c d\u1ecbch v\u1ee5 h\u1ea5p d\u1eabn \u0111i k\u00e8m","breadcrumb":{"@id":"https:\/\/www.vesnahotelnhatrang.com\/vi\/uu-dai-2\/goi-honey-moon\/#breadcrumb"},"inLanguage":"vi-VN","potentialAction":[{"@type":"ReadAction","target":["https:\/\/www.vesnahotelnhatrang.com\/vi\/uu-dai-2\/goi-honey-moon\/"]}]},{"@type":"ImageObject","inLanguage":"vi-VN","@id":"https:\/\/www.vesnahotelnhatrang.com\/vi\/uu-dai-2\/goi-honey-moon\/#primaryimage","url":"https:\/\/www.vesnahotelnhatrang.com\/wp-content\/uploads\/sites\/144\/2026\/04\/ST_06071.jpg","contentUrl":"https:\/\/www.vesnahotelnhatrang.com\/wp-content\/uploads\/sites\/144\/2026\/04\/ST_06071.jpg","width":2200,"height":1467},{"@type":"BreadcrumbList","@id":"https:\/\/www.vesnahotelnhatrang.com\/vi\/uu-dai-2\/goi-honey-moon\/#breadcrumb","itemListElement":[{"@type":"ListItem","position":1,"name":"Home","item":"https:\/\/www.vesnahotelnhatrang.com\/vi\/"},{"@type":"ListItem","position":2,"name":"K\u1ef3 ngh\u1ec9 l\u00e3ng m\u1ea1n"}]},{"@type":"WebSite","@id":"https:\/\/www.vesnahotelnhatrang.com\/vi\/#website","url":"https:\/\/www.vesnahotelnhatrang.com\/vi\/","name":"Vesna hotel Nha Trang","description":"","potentialAction":[{"@type":"SearchAction","target":{"@type":"EntryPoint","urlTemplate":"https:\/\/www.vesnahotelnhatrang.com\/vi\/?s={search_term_string}"},"query-input":"required name=search_term_string"}],"inLanguage":"vi-VN"}]}},"acf":[],"_links":{"self":[{"href":"https:\/\/www.vesnahotelnhatrang.com\/vi\/wp-json\/wp\/v2\/pages\/552"}],"collection":[{"href":"https:\/\/www.vesnahotelnhatrang.com\/vi\/wp-json\/wp\/v2\/pages"}],"about":[{"href":"https:\/\/www.vesnahotelnhatrang.com\/vi\/wp-json\/wp\/v2\/types\/page"}],"author":[{"embeddable":true,"href":"https:\/\/www.vesnahotelnhatrang.com\/vi\/wp-json\/wp\/v2\/users\/271"}],"replies":[{"embeddable":true,"href":"https:\/\/www.vesnahotelnhatrang.com\/vi\/wp-json\/wp\/v2\/comments?post=552"}],"version-history":[{"count":0,"href":"https:\/\/www.vesnahotelnhatrang.com\/vi\/wp-json\/wp\/v2\/pages\/552\/revisions"}],"up":[{"embeddable":true,"href":"https:\/\/www.vesnahotelnhatrang.com\/vi\/wp-json\/wp\/v2\/pages\/511"}],"wp:featuredmedia":[{"embeddable":true,"href":"https:\/\/www.vesnahotelnhatrang.com\/vi\/wp-json\/wp\/v2\/media\/540"}],"wp:attachment":[{"href":"https:\/\/www.vesnahotelnhatrang.com\/vi\/wp-json\/wp\/v2\/media?parent=552"}],"curies":[{"name":"wp","href":"https:\/\/api.w.org\/{rel}","templated":true}]}}