{"id":51,"date":"2026-01-06T07:16:17","date_gmt":"2026-01-06T07:16:17","guid":{"rendered":"https:\/\/vesnahotelnhatrang.ms2.decms.asia\/?page_id=51"},"modified":"2026-04-29T06:34:16","modified_gmt":"2026-04-29T06:34:16","slug":"premier-deluxe","status":"publish","type":"page","link":"https:\/\/www.vesnahotelnhatrang.com\/vi\/rooms\/premier-deluxe\/","title":{"rendered":"Premier Deluxe"},"content":{"rendered":"<p style=\"text-align: center\">S\u1ef1 l\u1ef1a ch\u1ecdn ho\u00e0n h\u1ea3o cho nh\u1eefng ai t\u00ecm ki\u1ebfm kh\u00f4ng gian sang tr\u1ecdng v\u00e0 \u1ea5m \u00e1p. H\u1ea1ng ph\u00f2ng Premier Deluxe mang \u0111\u1ebfn di\u1ec7n t\u00edch r\u1ed9ng r\u00e3i h\u01a1n \u0111\u00e1ng k\u1ec3 so v\u1edbi d\u00f2ng Deluxe ti\u00eau chu\u1ea9n. V\u1edbi thi\u1ebft k\u1ebf tinh t\u1ebf, n\u1ed9i th\u1ea5t sang tr\u1ecdng v\u00e0 \u0111\u1ea7y \u0111\u1ee7 ti\u1ec7n nghi cao c\u1ea5p, c\u0103n ph\u00f2ng \u0111\u1ea3m b\u1ea3o qu\u00fd kh\u00e1ch t\u1eadn h\u01b0\u1edfng tr\u1ecdn v\u1eb9n s\u1ef1 tho\u1ea3i m\u00e1i v\u00e0 ri\u00eang t\u01b0.<\/p>\n","protected":false},"excerpt":{"rendered":"<p>S\u1ef1 l\u1ef1a ch\u1ecdn ho\u00e0n h\u1ea3o cho nh\u1eefng ai t\u00ecm ki\u1ebfm kh\u00f4ng gian sang tr\u1ecdng v\u00e0 \u1ea5m \u00e1p. H\u1ea1ng ph\u00f2ng Premier Deluxe mang \u0111\u1ebfn di\u1ec7n t\u00edch r\u1ed9ng r\u00e3i h\u01a1n \u0111\u00e1ng k\u1ec3 so v\u1edbi d\u00f2ng Deluxe ti\u00eau chu\u1ea9n. V\u1edbi thi\u1ebft k\u1ebf tinh t\u1ebf, n\u1ed9i th\u1ea5t sang tr\u1ecdng v\u00e0 \u0111\u1ea7y \u0111\u1ee7 ti\u1ec7n nghi cao c\u1ea5p, c\u0103n ph\u00f2ng \u0111\u1ea3m [&hellip;]<\/p>\n","protected":false},"author":8,"featured_media":733,"parent":7,"menu_order":0,"comment_status":"closed","ping_status":"closed","template":"template-single-room.php","meta":{"footnotes":""},"yoast_head":"<!-- This site is optimized with the Yoast SEO plugin v22.3 - https:\/\/yoast.com\/wordpress\/plugins\/seo\/ -->\n<title>Kh\u00f4ng Gian R\u1ed9ng R\u00e3i 5 Sao | Vesna Hotel Nha Trang<\/title>\n<meta name=\"description\" content=\"N\u00e2ng t\u1ea7m tr\u1ea3i nghi\u1ec7m v\u1edbi Premier Deluxe t\u1ea1i Vesna Nha Trang. T\u1eadn h\u01b0\u1edfng kh\u00f4ng gian 5 sao r\u1ed9ng r\u00e3i h\u01a1n, thi\u1ebft k\u1ebf tinh t\u1ebf v\u00e0 ti\u1ec7n nghi cao c\u1ea5p. L\u1ef1a ch\u1ecdn l\u00fd t\u01b0\u1edfng cho s\u1ef1 tho\u1ea3i m\u00e1i v\u01b0\u1ee3t tr\u1ed9i.\" \/>\n<meta name=\"robots\" content=\"index, follow, max-snippet:-1, max-image-preview:large, max-video-preview:-1\" \/>\n<link rel=\"canonical\" href=\"https:\/\/www.vesnahotelnhatrang.com\/vi\/rooms\/premier-deluxe\/\" \/>\n<meta property=\"og:locale\" content=\"vi_VN\" \/>\n<meta property=\"og:type\" content=\"article\" \/>\n<meta property=\"og:title\" content=\"Kh\u00f4ng Gian R\u1ed9ng R\u00e3i 5 Sao | Vesna Hotel Nha Trang\" \/>\n<meta property=\"og:description\" content=\"N\u00e2ng t\u1ea7m tr\u1ea3i nghi\u1ec7m v\u1edbi Premier Deluxe t\u1ea1i Vesna Nha Trang. T\u1eadn h\u01b0\u1edfng kh\u00f4ng gian 5 sao r\u1ed9ng r\u00e3i h\u01a1n, thi\u1ebft k\u1ebf tinh t\u1ebf v\u00e0 ti\u1ec7n nghi cao c\u1ea5p. L\u1ef1a ch\u1ecdn l\u00fd t\u01b0\u1edfng cho s\u1ef1 tho\u1ea3i m\u00e1i v\u01b0\u1ee3t tr\u1ed9i.\" \/>\n<meta property=\"og:url\" content=\"https:\/\/www.vesnahotelnhatrang.com\/vi\/rooms\/premier-deluxe\/\" \/>\n<meta property=\"og:site_name\" content=\"Vesna Hotel Nha Trang\" \/>\n<meta property=\"article:modified_time\" content=\"2026-04-29T06:34:16+00:00\" \/>\n<meta property=\"og:image\" content=\"https:\/\/www.vesnahotelnhatrang.com\/wp-content\/uploads\/sites\/144\/2026\/04\/Premier-Deluxe_03-2.jpg\" \/>\n\t<meta property=\"og:image:width\" content=\"2200\" \/>\n\t<meta property=\"og:image:height\" content=\"1467\" \/>\n\t<meta property=\"og:image:type\" content=\"image\/jpeg\" \/>\n<meta name=\"twitter:card\" content=\"summary_large_image\" \/>\n<meta name=\"twitter:label1\" content=\"Est. reading time\" \/>\n\t<meta name=\"twitter:data1\" content=\"1 minute\" \/>\n<script type=\"application\/ld+json\" class=\"yoast-schema-graph\">{\"@context\":\"https:\/\/schema.org\",\"@graph\":[{\"@type\":\"WebPage\",\"@id\":\"https:\/\/www.vesnahotelnhatrang.com\/vi\/rooms\/premier-deluxe\/\",\"url\":\"https:\/\/www.vesnahotelnhatrang.com\/vi\/rooms\/premier-deluxe\/\",\"name\":\"Kh\u00f4ng Gian R\u1ed9ng R\u00e3i 5 Sao | Vesna Hotel Nha Trang\",\"isPartOf\":{\"@id\":\"https:\/\/www.vesnahotelnhatrang.com\/vi\/#website\"},\"primaryImageOfPage\":{\"@id\":\"https:\/\/www.vesnahotelnhatrang.com\/vi\/rooms\/premier-deluxe\/#primaryimage\"},\"image\":{\"@id\":\"https:\/\/www.vesnahotelnhatrang.com\/vi\/rooms\/premier-deluxe\/#primaryimage\"},\"thumbnailUrl\":\"https:\/\/www.vesnahotelnhatrang.com\/wp-content\/uploads\/sites\/144\/2026\/04\/Premier-Deluxe_03-2.jpg\",\"datePublished\":\"2026-01-06T07:16:17+00:00\",\"dateModified\":\"2026-04-29T06:34:16+00:00\",\"description\":\"N\u00e2ng t\u1ea7m tr\u1ea3i nghi\u1ec7m v\u1edbi Premier Deluxe t\u1ea1i Vesna Nha Trang. T\u1eadn h\u01b0\u1edfng kh\u00f4ng gian 5 sao r\u1ed9ng r\u00e3i h\u01a1n, thi\u1ebft k\u1ebf tinh t\u1ebf v\u00e0 ti\u1ec7n nghi cao c\u1ea5p. L\u1ef1a ch\u1ecdn l\u00fd t\u01b0\u1edfng cho s\u1ef1 tho\u1ea3i m\u00e1i v\u01b0\u1ee3t tr\u1ed9i.\",\"breadcrumb\":{\"@id\":\"https:\/\/www.vesnahotelnhatrang.com\/vi\/rooms\/premier-deluxe\/#breadcrumb\"},\"inLanguage\":\"vi-VN\",\"potentialAction\":[{\"@type\":\"ReadAction\",\"target\":[\"https:\/\/www.vesnahotelnhatrang.com\/vi\/rooms\/premier-deluxe\/\"]}]},{\"@type\":\"ImageObject\",\"inLanguage\":\"vi-VN\",\"@id\":\"https:\/\/www.vesnahotelnhatrang.com\/vi\/rooms\/premier-deluxe\/#primaryimage\",\"url\":\"https:\/\/www.vesnahotelnhatrang.com\/wp-content\/uploads\/sites\/144\/2026\/04\/Premier-Deluxe_03-2.jpg\",\"contentUrl\":\"https:\/\/www.vesnahotelnhatrang.com\/wp-content\/uploads\/sites\/144\/2026\/04\/Premier-Deluxe_03-2.jpg\",\"width\":2200,\"height\":1467},{\"@type\":\"BreadcrumbList\",\"@id\":\"https:\/\/www.vesnahotelnhatrang.com\/vi\/rooms\/premier-deluxe\/#breadcrumb\",\"itemListElement\":[{\"@type\":\"ListItem\",\"position\":1,\"name\":\"Home\",\"item\":\"https:\/\/www.vesnahotelnhatrang.com\/vi\/\"},{\"@type\":\"ListItem\",\"position\":2,\"name\":\"Ph\u00f2ng ngh\u1ec9\",\"item\":\"https:\/\/www.vesnahotelnhatrang.com\/vi\/rooms\/\"},{\"@type\":\"ListItem\",\"position\":3,\"name\":\"Premier Deluxe\"}]},{\"@type\":\"WebSite\",\"@id\":\"https:\/\/www.vesnahotelnhatrang.com\/vi\/#website\",\"url\":\"https:\/\/www.vesnahotelnhatrang.com\/vi\/\",\"name\":\"Vesna hotel Nha Trang\",\"description\":\"\",\"potentialAction\":[{\"@type\":\"SearchAction\",\"target\":{\"@type\":\"EntryPoint\",\"urlTemplate\":\"https:\/\/www.vesnahotelnhatrang.com\/vi\/?s={search_term_string}\"},\"query-input\":\"required name=search_term_string\"}],\"inLanguage\":\"vi-VN\"}]}<\/script>\n<!-- \/ Yoast SEO plugin. -->","yoast_head_json":{"title":"Kh\u00f4ng Gian R\u1ed9ng R\u00e3i 5 Sao | Vesna Hotel Nha Trang","description":"N\u00e2ng t\u1ea7m tr\u1ea3i nghi\u1ec7m v\u1edbi Premier Deluxe t\u1ea1i Vesna Nha Trang. T\u1eadn h\u01b0\u1edfng kh\u00f4ng gian 5 sao r\u1ed9ng r\u00e3i h\u01a1n, thi\u1ebft k\u1ebf tinh t\u1ebf v\u00e0 ti\u1ec7n nghi cao c\u1ea5p. L\u1ef1a ch\u1ecdn l\u00fd t\u01b0\u1edfng cho s\u1ef1 tho\u1ea3i m\u00e1i v\u01b0\u1ee3t tr\u1ed9i.","robots":{"index":"index","follow":"follow","max-snippet":"max-snippet:-1","max-image-preview":"max-image-preview:large","max-video-preview":"max-video-preview:-1"},"canonical":"https:\/\/www.vesnahotelnhatrang.com\/vi\/rooms\/premier-deluxe\/","og_locale":"vi_VN","og_type":"article","og_title":"Kh\u00f4ng Gian R\u1ed9ng R\u00e3i 5 Sao | Vesna Hotel Nha Trang","og_description":"N\u00e2ng t\u1ea7m tr\u1ea3i nghi\u1ec7m v\u1edbi Premier Deluxe t\u1ea1i Vesna Nha Trang. T\u1eadn h\u01b0\u1edfng kh\u00f4ng gian 5 sao r\u1ed9ng r\u00e3i h\u01a1n, thi\u1ebft k\u1ebf tinh t\u1ebf v\u00e0 ti\u1ec7n nghi cao c\u1ea5p. L\u1ef1a ch\u1ecdn l\u00fd t\u01b0\u1edfng cho s\u1ef1 tho\u1ea3i m\u00e1i v\u01b0\u1ee3t tr\u1ed9i.","og_url":"https:\/\/www.vesnahotelnhatrang.com\/vi\/rooms\/premier-deluxe\/","og_site_name":"Vesna Hotel Nha Trang","article_modified_time":"2026-04-29T06:34:16+00:00","og_image":[{"width":2200,"height":1467,"url":"https:\/\/www.vesnahotelnhatrang.com\/wp-content\/uploads\/sites\/144\/2026\/04\/Premier-Deluxe_03-2.jpg","type":"image\/jpeg"}],"twitter_card":"summary_large_image","twitter_misc":{"Est. reading time":"1 minute"},"schema":{"@context":"https:\/\/schema.org","@graph":[{"@type":"WebPage","@id":"https:\/\/www.vesnahotelnhatrang.com\/vi\/rooms\/premier-deluxe\/","url":"https:\/\/www.vesnahotelnhatrang.com\/vi\/rooms\/premier-deluxe\/","name":"Kh\u00f4ng Gian R\u1ed9ng R\u00e3i 5 Sao | Vesna Hotel Nha Trang","isPartOf":{"@id":"https:\/\/www.vesnahotelnhatrang.com\/vi\/#website"},"primaryImageOfPage":{"@id":"https:\/\/www.vesnahotelnhatrang.com\/vi\/rooms\/premier-deluxe\/#primaryimage"},"image":{"@id":"https:\/\/www.vesnahotelnhatrang.com\/vi\/rooms\/premier-deluxe\/#primaryimage"},"thumbnailUrl":"https:\/\/www.vesnahotelnhatrang.com\/wp-content\/uploads\/sites\/144\/2026\/04\/Premier-Deluxe_03-2.jpg","datePublished":"2026-01-06T07:16:17+00:00","dateModified":"2026-04-29T06:34:16+00:00","description":"N\u00e2ng t\u1ea7m tr\u1ea3i nghi\u1ec7m v\u1edbi Premier Deluxe t\u1ea1i Vesna Nha Trang. T\u1eadn h\u01b0\u1edfng kh\u00f4ng gian 5 sao r\u1ed9ng r\u00e3i h\u01a1n, thi\u1ebft k\u1ebf tinh t\u1ebf v\u00e0 ti\u1ec7n nghi cao c\u1ea5p. L\u1ef1a ch\u1ecdn l\u00fd t\u01b0\u1edfng cho s\u1ef1 tho\u1ea3i m\u00e1i v\u01b0\u1ee3t tr\u1ed9i.","breadcrumb":{"@id":"https:\/\/www.vesnahotelnhatrang.com\/vi\/rooms\/premier-deluxe\/#breadcrumb"},"inLanguage":"vi-VN","potentialAction":[{"@type":"ReadAction","target":["https:\/\/www.vesnahotelnhatrang.com\/vi\/rooms\/premier-deluxe\/"]}]},{"@type":"ImageObject","inLanguage":"vi-VN","@id":"https:\/\/www.vesnahotelnhatrang.com\/vi\/rooms\/premier-deluxe\/#primaryimage","url":"https:\/\/www.vesnahotelnhatrang.com\/wp-content\/uploads\/sites\/144\/2026\/04\/Premier-Deluxe_03-2.jpg","contentUrl":"https:\/\/www.vesnahotelnhatrang.com\/wp-content\/uploads\/sites\/144\/2026\/04\/Premier-Deluxe_03-2.jpg","width":2200,"height":1467},{"@type":"BreadcrumbList","@id":"https:\/\/www.vesnahotelnhatrang.com\/vi\/rooms\/premier-deluxe\/#breadcrumb","itemListElement":[{"@type":"ListItem","position":1,"name":"Home","item":"https:\/\/www.vesnahotelnhatrang.com\/vi\/"},{"@type":"ListItem","position":2,"name":"Ph\u00f2ng ngh\u1ec9","item":"https:\/\/www.vesnahotelnhatrang.com\/vi\/rooms\/"},{"@type":"ListItem","position":3,"name":"Premier Deluxe"}]},{"@type":"WebSite","@id":"https:\/\/www.vesnahotelnhatrang.com\/vi\/#website","url":"https:\/\/www.vesnahotelnhatrang.com\/vi\/","name":"Vesna hotel Nha Trang","description":"","potentialAction":[{"@type":"SearchAction","target":{"@type":"EntryPoint","urlTemplate":"https:\/\/www.vesnahotelnhatrang.com\/vi\/?s={search_term_string}"},"query-input":"required name=search_term_string"}],"inLanguage":"vi-VN"}]}},"acf":[],"_links":{"self":[{"href":"https:\/\/www.vesnahotelnhatrang.com\/vi\/wp-json\/wp\/v2\/pages\/51"}],"collection":[{"href":"https:\/\/www.vesnahotelnhatrang.com\/vi\/wp-json\/wp\/v2\/pages"}],"about":[{"href":"https:\/\/www.vesnahotelnhatrang.com\/vi\/wp-json\/wp\/v2\/types\/page"}],"author":[{"embeddable":true,"href":"https:\/\/www.vesnahotelnhatrang.com\/vi\/wp-json\/wp\/v2\/users\/8"}],"replies":[{"embeddable":true,"href":"https:\/\/www.vesnahotelnhatrang.com\/vi\/wp-json\/wp\/v2\/comments?post=51"}],"version-history":[{"count":0,"href":"https:\/\/www.vesnahotelnhatrang.com\/vi\/wp-json\/wp\/v2\/pages\/51\/revisions"}],"up":[{"embeddable":true,"href":"https:\/\/www.vesnahotelnhatrang.com\/vi\/wp-json\/wp\/v2\/pages\/7"}],"wp:featuredmedia":[{"embeddable":true,"href":"https:\/\/www.vesnahotelnhatrang.com\/vi\/wp-json\/wp\/v2\/media\/733"}],"wp:attachment":[{"href":"https:\/\/www.vesnahotelnhatrang.com\/vi\/wp-json\/wp\/v2\/media?parent=51"}],"curies":[{"name":"wp","href":"https:\/\/api.w.org\/{rel}","templated":true}]}}