{"id":223,"date":"2026-01-07T06:53:46","date_gmt":"2026-01-07T06:53:46","guid":{"rendered":"https:\/\/vesnahotelnhatrang.ms2.decms.asia\/?page_id=223"},"modified":"2026-05-07T07:10:18","modified_gmt":"2026-05-07T07:10:18","slug":"legal-notice-and-terms-of-use","status":"publish","type":"page","link":"https:\/\/www.vesnahotelnhatrang.com\/vi\/legal-notice-and-terms-of-use\/","title":{"rendered":"Th\u00f4ng b\u00e1o ph\u00e1p l\u00fd &amp; \u0110i\u1ec1u kho\u1ea3n s\u1eed d\u1ee5ng"},"content":{"rendered":"<p>I. Quy\u1ec1n S\u1edf h\u1eefu Tr\u00ed Tu\u1ec7 v\u00e0 B\u1ea3n quy\u1ec1n<\/p>\n<p>Ch\u1ee7 s\u1edf h\u1eefu: Website n\u00e0y thu\u1ed9c s\u1edf h\u1eefu v\u00e0 v\u1eadn h\u00e0nh b\u1edfi C\u00f4ng Ty C\u1ed5 ph\u1ea7n S\u00e1ng T\u1ea1o (sau \u0111\u00e2y g\u1ecdi l\u00e0 &#8220;&#8221;Vesna Hotel Nha Trang&#8221;&#8221;).<\/p>\n<p>B\u1ea3n quy\u1ec1n: To\u00e0n b\u1ed9 n\u1ed9i dung, h\u00ecnh \u1ea3nh, video, \u0111\u1ed3 h\u1ecda, thi\u1ebft k\u1ebf, t\u00ean th\u01b0\u01a1ng m\u1ea1i, logo v\u00e0 m\u00e3 ngu\u1ed3n tr\u00ean Website n\u00e0y l\u00e0 t\u00e0i s\u1ea3n \u0111\u1ed9c quy\u1ec1n c\u1ee7a Vesna Hotel ho\u1eb7c c\u00e1c b\u00ean c\u1ea5p ph\u00e9p cho Vesna Hotel Nha Trang, v\u00e0 \u0111\u01b0\u1ee3c b\u1ea3o v\u1ec7 theo lu\u1eadt b\u1ea3n quy\u1ec1n Vi\u1ec7t Nam v\u00e0 qu\u1ed1c t\u1ebf.<\/p>\n<p>H\u1ea1n ch\u1ebf s\u1eed d\u1ee5ng: Nghi\u00eam c\u1ea5m m\u1ecdi h\u00e0nh vi sao ch\u00e9p, t\u00e1i b\u1ea3n, ph\u00e2n ph\u1ed1i, truy\u1ec1n t\u1ea3i, s\u1eeda \u0111\u1ed5i ho\u1eb7c s\u1eed d\u1ee5ng b\u1ea5t k\u1ef3 n\u1ed9i dung n\u00e0o t\u1eeb Website n\u00e0y cho m\u1ee5c \u0111\u00edch th\u01b0\u01a1ng m\u1ea1i m\u00e0 kh\u00f4ng c\u00f3 s\u1ef1 cho ph\u00e9p b\u1eb1ng v\u0103n b\u1ea3n t\u1eeb Vesna Hotel.<\/p>\n<p>S\u1eed d\u1ee5ng c\u00e1 nh\u00e2n: Ng\u01b0\u1eddi d\u00f9ng \u0111\u01b0\u1ee3c ph\u00e9p t\u1ea3i xu\u1ed1ng ho\u1eb7c in \u1ea5n c\u00e1c ph\u1ea7n n\u1ed9i dung ch\u1ec9 cho m\u1ee5c \u0111\u00edch tham kh\u1ea3o c\u00e1 nh\u00e2n, phi th\u01b0\u01a1ng m\u1ea1i.<\/p>\n<p>II. Gi\u1edbi h\u1ea1n tr\u00e1ch nhi\u1ec7m<br \/>\nT\u00ednh ch\u00ednh x\u00e1c c\u1ee7a th\u00f4ng tin: Vesna Hotel n\u1ed7 l\u1ef1c t\u1ed1i \u0111a \u0111\u1ec3 \u0111\u1ea3m b\u1ea3o th\u00f4ng tin tr\u00ean Website l\u00e0 ch\u00ednh x\u00e1c v\u00e0 \u0111\u01b0\u1ee3c c\u1eadp nh\u1eadt. Tuy nhi\u00ean, ch\u00fang t\u00f4i kh\u00f4ng \u0111\u1ea3m b\u1ea3o t\u00ednh ho\u00e0n to\u00e0n ch\u00ednh x\u00e1c, \u0111\u1ea7y \u0111\u1ee7 ho\u1eb7c k\u1ecbp th\u1eddi c\u1ee7a th\u00f4ng tin. Th\u00f4ng tin v\u00e0 gi\u00e1 d\u1ecbch v\u1ee5 c\u00f3 th\u1ec3 thay \u0111\u1ed5i m\u00e0 kh\u00f4ng c\u1ea7n b\u00e1o tr\u01b0\u1edbc.<\/p>\n<p>L\u1ed7i k\u1ef9 thu\u1eadt: Vesna Hotel kh\u00f4ng ch\u1ecbu tr\u00e1ch nhi\u1ec7m cho b\u1ea5t k\u1ef3 thi\u1ec7t h\u1ea1i n\u00e0o, d\u00f9 tr\u1ef1c ti\u1ebfp hay gi\u00e1n ti\u1ebfp, ph\u00e1t sinh t\u1eeb vi\u1ec7c s\u1eed d\u1ee5ng ho\u1eb7c kh\u00f4ng th\u1ec3 s\u1eed d\u1ee5ng Website, bao g\u1ed3m nh\u01b0ng kh\u00f4ng gi\u1edbi h\u1ea1n \u1edf l\u1ed7i h\u1ec7 th\u1ed1ng, virus m\u00e1y t\u00ednh ho\u1eb7c l\u1ed7i \u0111\u01b0\u1eddng truy\u1ec1n.<\/p>\n<p>\u0110\u1eb7t ph\u00f2ng: T\u1ea5t c\u1ea3 c\u00e1c giao d\u1ecbch \u0111\u1eb7t ph\u00f2ng \u0111\u01b0\u1ee3c th\u1ef1c hi\u1ec7n qua Website ho\u1eb7c qua h\u1ec7 th\u1ed1ng b\u00ean th\u1ee9 ba li\u00ean k\u1ebft \u0111\u1ec1u ph\u1ea3i tu\u00e2n th\u1ee7 c\u00e1c \u0110i\u1ec1u kho\u1ea3n v\u00e0 \u0110i\u1ec1u ki\u1ec7n \u0110\u1eb7t ph\u00f2ng ri\u00eang bi\u1ec7t, s\u1ebd \u0111\u01b0\u1ee3c cung c\u1ea5p t\u1ea1i th\u1eddi \u0111i\u1ec3m \u0111\u1eb7t d\u1ecbch v\u1ee5.<\/p>\n<p>Li\u00ean k\u1ebft b\u00ean ngo\u00e0i: Website n\u00e0y c\u00f3 th\u1ec3 ch\u1ee9a c\u00e1c li\u00ean k\u1ebft \u0111\u1ebfn trang web b\u00ean th\u1ee9 ba. Vesna Hotel kh\u00f4ng ki\u1ec3m so\u00e1t n\u1ed9i dung c\u1ee7a c\u00e1c trang web n\u00e0y v\u00e0 kh\u00f4ng ch\u1ecbu tr\u00e1ch nhi\u1ec7m v\u1ec1 t\u00ednh ch\u00ednh x\u00e1c ho\u1eb7c ch\u00ednh s\u00e1ch b\u1ea3o m\u1eadt c\u1ee7a ch\u00fang.<\/p>\n<p>III. \u0110i\u1ec1u Kho\u1ea3n Chung<\/p>\n<p>Lu\u1eadt \u0111i\u1ec1u ch\u1ec9nh: C\u00e1c \u0111i\u1ec1u kho\u1ea3n n\u00e0y \u0111\u01b0\u1ee3c \u0111i\u1ec1u ch\u1ec9nh v\u00e0 gi\u1ea3i th\u00edch theo lu\u1eadt ph\u00e1p c\u1ee7a C\u1ed9ng h\u00f2a X\u00e3 h\u1ed9i Ch\u1ee7 ngh\u0129a Vi\u1ec7t Nam.<\/p>\n<p>Thay \u0111\u1ed5i \u0110i\u1ec1u kho\u1ea3n: Vesna Hotel Nha Trang c\u00f3 quy\u1ec1n thay \u0111\u1ed5i ho\u1eb7c c\u1eadp nh\u1eadt c\u00e1c \u0111i\u1ec1u kho\u1ea3n trong Th\u00f4ng b\u00e1o Ph\u00e1p l\u00fd n\u00e0y v\u00e0o b\u1ea5t c\u1ee9 l\u00fac n\u00e0o m\u00e0 kh\u00f4ng c\u1ea7n th\u00f4ng b\u00e1o tr\u01b0\u1edbc. Vi\u1ec7c ti\u1ebfp t\u1ee5c s\u1eed d\u1ee5ng Website sau khi c\u00f3 thay \u0111\u1ed5i \u0111\u1ed3ng ngh\u0129a v\u1edbi vi\u1ec7c qu\u00fd kh\u00e1ch ch\u1ea5p nh\u1eadn nh\u1eefng thay \u0111\u1ed5i \u0111\u00f3.<\/p>\n<p>Li\u00ean h\u1ec7: N\u1ebfu c\u00f3 b\u1ea5t k\u1ef3 c\u00e2u h\u1ecfi n\u00e0o li\u00ean quan \u0111\u1ebfn Th\u00f4ng b\u00e1o Ph\u00e1p l\u00fd n\u00e0y, vui l\u00f2ng li\u00ean h\u1ec7 v\u1edbi ch\u00fang t\u00f4i qua:<\/p>\n<p>Email: info@vesnahotelnhatrang.com<\/p>\n<p>S\u1ed1 \u0111i\u1ec7n tho\u1ea1i: +84 (0) 2583 88 5858<\/p>\n<p>\u0110\u1ecba ch\u1ec9: 100\/6A Tr\u1ea7n Ph\u00fa, Ph\u01b0\u1eddng Nha Trang, Kh\u00e1nh H\u00f2a, Vi\u1ec7t Nam.<\/p>\n","protected":false},"excerpt":{"rendered":"<p>I. Quy\u1ec1n S\u1edf h\u1eefu Tr\u00ed Tu\u1ec7 v\u00e0 B\u1ea3n quy\u1ec1n Ch\u1ee7 s\u1edf h\u1eefu: Website n\u00e0y thu\u1ed9c s\u1edf h\u1eefu v\u00e0 v\u1eadn h\u00e0nh b\u1edfi C\u00f4ng Ty C\u1ed5 ph\u1ea7n S\u00e1ng T\u1ea1o (sau \u0111\u00e2y g\u1ecdi l\u00e0 &#8220;&#8221;Vesna Hotel Nha Trang&#8221;&#8221;). B\u1ea3n quy\u1ec1n: To\u00e0n b\u1ed9 n\u1ed9i dung, h\u00ecnh \u1ea3nh, video, \u0111\u1ed3 h\u1ecda, thi\u1ebft k\u1ebf, t\u00ean th\u01b0\u01a1ng m\u1ea1i, logo v\u00e0 m\u00e3 ngu\u1ed3n [&hellip;]<\/p>\n","protected":false},"author":8,"featured_media":0,"parent":0,"menu_order":0,"comment_status":"closed","ping_status":"closed","template":"","meta":{"footnotes":""},"yoast_head":"<!-- This site is optimized with the Yoast SEO plugin v22.3 - https:\/\/yoast.com\/wordpress\/plugins\/seo\/ -->\n<title>Th\u00f4ng b\u00e1o Ph\u00e1p L\u00fd | Vesna Hotel Nha Trang<\/title>\n<meta name=\"description\" content=\"\u0110\u1ecdc Th\u00f4ng b\u00e1o Ph\u00e1p l\u00fd c\u1ee7a Vesna Hotel Nha Trang: \u0110i\u1ec1u kho\u1ea3n s\u1eed d\u1ee5ng website, quy \u0111\u1ecbnh b\u1ea3n quy\u1ec1n, gi\u1edbi h\u1ea1n tr\u00e1ch nhi\u1ec7m v\u00e0 lu\u1eadt ph\u00e1p \u0111i\u1ec1u ch\u1ec9nh. Cam k\u1ebft minh b\u1ea1ch v\u1edbi kh\u00e1ch h\u00e0ng.\" \/>\n<meta name=\"robots\" content=\"index, follow, max-snippet:-1, max-image-preview:large, max-video-preview:-1\" \/>\n<link rel=\"canonical\" href=\"https:\/\/www.vesnahotelnhatrang.com\/vi\/legal-notice-and-terms-of-use\/\" \/>\n<meta property=\"og:locale\" content=\"vi_VN\" \/>\n<meta property=\"og:type\" content=\"article\" \/>\n<meta property=\"og:title\" content=\"Th\u00f4ng b\u00e1o Ph\u00e1p L\u00fd | Vesna Hotel Nha Trang\" \/>\n<meta property=\"og:description\" content=\"\u0110\u1ecdc Th\u00f4ng b\u00e1o Ph\u00e1p l\u00fd c\u1ee7a Vesna Hotel Nha Trang: \u0110i\u1ec1u kho\u1ea3n s\u1eed d\u1ee5ng website, quy \u0111\u1ecbnh b\u1ea3n quy\u1ec1n, gi\u1edbi h\u1ea1n tr\u00e1ch nhi\u1ec7m v\u00e0 lu\u1eadt ph\u00e1p \u0111i\u1ec1u ch\u1ec9nh. Cam k\u1ebft minh b\u1ea1ch v\u1edbi kh\u00e1ch h\u00e0ng.\" \/>\n<meta property=\"og:url\" content=\"https:\/\/www.vesnahotelnhatrang.com\/vi\/legal-notice-and-terms-of-use\/\" \/>\n<meta property=\"og:site_name\" content=\"Vesna Hotel Nha Trang\" \/>\n<meta property=\"article:modified_time\" content=\"2026-05-07T07:10:18+00:00\" \/>\n<meta name=\"twitter:card\" content=\"summary_large_image\" \/>\n<meta name=\"twitter:label1\" content=\"Est. reading time\" \/>\n\t<meta name=\"twitter:data1\" content=\"3 minutes\" \/>\n<script type=\"application\/ld+json\" class=\"yoast-schema-graph\">{\"@context\":\"https:\/\/schema.org\",\"@graph\":[{\"@type\":\"WebPage\",\"@id\":\"https:\/\/www.vesnahotelnhatrang.com\/vi\/legal-notice-and-terms-of-use\/\",\"url\":\"https:\/\/www.vesnahotelnhatrang.com\/vi\/legal-notice-and-terms-of-use\/\",\"name\":\"Th\u00f4ng b\u00e1o Ph\u00e1p L\u00fd | Vesna Hotel Nha Trang\",\"isPartOf\":{\"@id\":\"https:\/\/www.vesnahotelnhatrang.com\/vi\/#website\"},\"datePublished\":\"2026-01-07T06:53:46+00:00\",\"dateModified\":\"2026-05-07T07:10:18+00:00\",\"description\":\"\u0110\u1ecdc Th\u00f4ng b\u00e1o Ph\u00e1p l\u00fd c\u1ee7a Vesna Hotel Nha Trang: \u0110i\u1ec1u kho\u1ea3n s\u1eed d\u1ee5ng website, quy \u0111\u1ecbnh b\u1ea3n quy\u1ec1n, gi\u1edbi h\u1ea1n tr\u00e1ch nhi\u1ec7m v\u00e0 lu\u1eadt ph\u00e1p \u0111i\u1ec1u ch\u1ec9nh. Cam k\u1ebft minh b\u1ea1ch v\u1edbi kh\u00e1ch h\u00e0ng.\",\"breadcrumb\":{\"@id\":\"https:\/\/www.vesnahotelnhatrang.com\/vi\/legal-notice-and-terms-of-use\/#breadcrumb\"},\"inLanguage\":\"vi-VN\",\"potentialAction\":[{\"@type\":\"ReadAction\",\"target\":[\"https:\/\/www.vesnahotelnhatrang.com\/vi\/legal-notice-and-terms-of-use\/\"]}]},{\"@type\":\"BreadcrumbList\",\"@id\":\"https:\/\/www.vesnahotelnhatrang.com\/vi\/legal-notice-and-terms-of-use\/#breadcrumb\",\"itemListElement\":[{\"@type\":\"ListItem\",\"position\":1,\"name\":\"Home\",\"item\":\"https:\/\/www.vesnahotelnhatrang.com\/vi\/\"},{\"@type\":\"ListItem\",\"position\":2,\"name\":\"Th\u00f4ng b\u00e1o ph\u00e1p l\u00fd &amp; \u0110i\u1ec1u kho\u1ea3n s\u1eed d\u1ee5ng\"}]},{\"@type\":\"WebSite\",\"@id\":\"https:\/\/www.vesnahotelnhatrang.com\/vi\/#website\",\"url\":\"https:\/\/www.vesnahotelnhatrang.com\/vi\/\",\"name\":\"Vesna hotel Nha Trang\",\"description\":\"\",\"potentialAction\":[{\"@type\":\"SearchAction\",\"target\":{\"@type\":\"EntryPoint\",\"urlTemplate\":\"https:\/\/www.vesnahotelnhatrang.com\/vi\/?s={search_term_string}\"},\"query-input\":\"required name=search_term_string\"}],\"inLanguage\":\"vi-VN\"}]}<\/script>\n<!-- \/ Yoast SEO plugin. -->","yoast_head_json":{"title":"Th\u00f4ng b\u00e1o Ph\u00e1p L\u00fd | Vesna Hotel Nha Trang","description":"\u0110\u1ecdc Th\u00f4ng b\u00e1o Ph\u00e1p l\u00fd c\u1ee7a Vesna Hotel Nha Trang: \u0110i\u1ec1u kho\u1ea3n s\u1eed d\u1ee5ng website, quy \u0111\u1ecbnh b\u1ea3n quy\u1ec1n, gi\u1edbi h\u1ea1n tr\u00e1ch nhi\u1ec7m v\u00e0 lu\u1eadt ph\u00e1p \u0111i\u1ec1u ch\u1ec9nh. Cam k\u1ebft minh b\u1ea1ch v\u1edbi kh\u00e1ch h\u00e0ng.","robots":{"index":"index","follow":"follow","max-snippet":"max-snippet:-1","max-image-preview":"max-image-preview:large","max-video-preview":"max-video-preview:-1"},"canonical":"https:\/\/www.vesnahotelnhatrang.com\/vi\/legal-notice-and-terms-of-use\/","og_locale":"vi_VN","og_type":"article","og_title":"Th\u00f4ng b\u00e1o Ph\u00e1p L\u00fd | Vesna Hotel Nha Trang","og_description":"\u0110\u1ecdc Th\u00f4ng b\u00e1o Ph\u00e1p l\u00fd c\u1ee7a Vesna Hotel Nha Trang: \u0110i\u1ec1u kho\u1ea3n s\u1eed d\u1ee5ng website, quy \u0111\u1ecbnh b\u1ea3n quy\u1ec1n, gi\u1edbi h\u1ea1n tr\u00e1ch nhi\u1ec7m v\u00e0 lu\u1eadt ph\u00e1p \u0111i\u1ec1u ch\u1ec9nh. Cam k\u1ebft minh b\u1ea1ch v\u1edbi kh\u00e1ch h\u00e0ng.","og_url":"https:\/\/www.vesnahotelnhatrang.com\/vi\/legal-notice-and-terms-of-use\/","og_site_name":"Vesna Hotel Nha Trang","article_modified_time":"2026-05-07T07:10:18+00:00","twitter_card":"summary_large_image","twitter_misc":{"Est. reading time":"3 minutes"},"schema":{"@context":"https:\/\/schema.org","@graph":[{"@type":"WebPage","@id":"https:\/\/www.vesnahotelnhatrang.com\/vi\/legal-notice-and-terms-of-use\/","url":"https:\/\/www.vesnahotelnhatrang.com\/vi\/legal-notice-and-terms-of-use\/","name":"Th\u00f4ng b\u00e1o Ph\u00e1p L\u00fd | Vesna Hotel Nha Trang","isPartOf":{"@id":"https:\/\/www.vesnahotelnhatrang.com\/vi\/#website"},"datePublished":"2026-01-07T06:53:46+00:00","dateModified":"2026-05-07T07:10:18+00:00","description":"\u0110\u1ecdc Th\u00f4ng b\u00e1o Ph\u00e1p l\u00fd c\u1ee7a Vesna Hotel Nha Trang: \u0110i\u1ec1u kho\u1ea3n s\u1eed d\u1ee5ng website, quy \u0111\u1ecbnh b\u1ea3n quy\u1ec1n, gi\u1edbi h\u1ea1n tr\u00e1ch nhi\u1ec7m v\u00e0 lu\u1eadt ph\u00e1p \u0111i\u1ec1u ch\u1ec9nh. Cam k\u1ebft minh b\u1ea1ch v\u1edbi kh\u00e1ch h\u00e0ng.","breadcrumb":{"@id":"https:\/\/www.vesnahotelnhatrang.com\/vi\/legal-notice-and-terms-of-use\/#breadcrumb"},"inLanguage":"vi-VN","potentialAction":[{"@type":"ReadAction","target":["https:\/\/www.vesnahotelnhatrang.com\/vi\/legal-notice-and-terms-of-use\/"]}]},{"@type":"BreadcrumbList","@id":"https:\/\/www.vesnahotelnhatrang.com\/vi\/legal-notice-and-terms-of-use\/#breadcrumb","itemListElement":[{"@type":"ListItem","position":1,"name":"Home","item":"https:\/\/www.vesnahotelnhatrang.com\/vi\/"},{"@type":"ListItem","position":2,"name":"Th\u00f4ng b\u00e1o ph\u00e1p l\u00fd &amp; \u0110i\u1ec1u kho\u1ea3n s\u1eed d\u1ee5ng"}]},{"@type":"WebSite","@id":"https:\/\/www.vesnahotelnhatrang.com\/vi\/#website","url":"https:\/\/www.vesnahotelnhatrang.com\/vi\/","name":"Vesna hotel Nha Trang","description":"","potentialAction":[{"@type":"SearchAction","target":{"@type":"EntryPoint","urlTemplate":"https:\/\/www.vesnahotelnhatrang.com\/vi\/?s={search_term_string}"},"query-input":"required name=search_term_string"}],"inLanguage":"vi-VN"}]}},"acf":[],"_links":{"self":[{"href":"https:\/\/www.vesnahotelnhatrang.com\/vi\/wp-json\/wp\/v2\/pages\/223"}],"collection":[{"href":"https:\/\/www.vesnahotelnhatrang.com\/vi\/wp-json\/wp\/v2\/pages"}],"about":[{"href":"https:\/\/www.vesnahotelnhatrang.com\/vi\/wp-json\/wp\/v2\/types\/page"}],"author":[{"embeddable":true,"href":"https:\/\/www.vesnahotelnhatrang.com\/vi\/wp-json\/wp\/v2\/users\/8"}],"replies":[{"embeddable":true,"href":"https:\/\/www.vesnahotelnhatrang.com\/vi\/wp-json\/wp\/v2\/comments?post=223"}],"version-history":[{"count":0,"href":"https:\/\/www.vesnahotelnhatrang.com\/vi\/wp-json\/wp\/v2\/pages\/223\/revisions"}],"wp:attachment":[{"href":"https:\/\/www.vesnahotelnhatrang.com\/vi\/wp-json\/wp\/v2\/media?parent=223"}],"curies":[{"name":"wp","href":"https:\/\/api.w.org\/{rel}","templated":true}]}}