{"id":215,"date":"2026-01-07T06:10:59","date_gmt":"2026-01-07T06:10:59","guid":{"rendered":"https:\/\/vesnahotelnhatrang.ms2.decms.asia\/?page_id=215"},"modified":"2026-04-02T07:40:02","modified_gmt":"2026-04-02T07:40:02","slug":"contact-us","status":"publish","type":"page","link":"https:\/\/www.vesnahotelnhatrang.com\/vi\/contact-us\/","title":{"rendered":"Li\u00ean h\u1ec7 v\u1edbi ch\u00fang t\u00f4i"},"content":{"rendered":"<p style=\"text-align: center\" data-start=\"0\" data-end=\"244\">Li\u00ean h\u1ec7 Vesna Hotel Nha Trang \u0111\u1ec3 \u0111\u01b0\u1ee3c h\u1ed7 tr\u1ee3 \u0111\u1eb7t ph\u00f2ng, t\u01b0 v\u1ea5n d\u1ecbch v\u1ee5 v\u00e0 nh\u1eadn nh\u1eefng \u01b0u \u0111\u00e3i h\u1ea5p d\u1eabn nh\u1ea5t cho k\u1ef3 ngh\u1ec9 t\u1ea1i trung t\u00e2m th\u00e0nh ph\u1ed1 bi\u1ec3n. \u0110\u1ed9i ng\u0169 Vesna lu\u00f4n s\u1eb5n s\u00e0ng ph\u1ee5c v\u1ee5 b\u1ea1n 24\/7 v\u1edbi phong th\u00e1i chuy\u00ean nghi\u1ec7p, t\u1eadn t\u00e2m v\u00e0 th\u00e2n thi\u1ec7n.<\/p>\n<p style=\"text-align: center\" data-start=\"246\" data-end=\"494\" data-is-last-node=\"\" data-is-only-node=\"\">T\u1eeb nh\u1eefng nhu c\u1ea7u nh\u1ecf nh\u1ea5t \u0111\u1ebfn nh\u1eefng tr\u1ea3i nghi\u1ec7m ngh\u1ec9 d\u01b0\u1ee1ng tr\u1ecdn v\u1eb9n, ch\u00fang t\u00f4i lu\u00f4n l\u1eafng nghe v\u00e0 \u0111\u1ed3ng h\u00e0nh c\u00f9ng b\u1ea1n trong t\u1eebng kho\u1ea3nh kh\u1eafc. H\u00e3y \u0111\u1ec3 Vesna mang \u0111\u1ebfn cho b\u1ea1n m\u1ed9t h\u00e0nh tr\u00ecnh tho\u1ea3i m\u00e1i, ti\u1ec7n nghi v\u00e0 \u0111\u00e1ng nh\u1edb gi\u1eefa l\u00f2ng Nha Trang n\u0103ng \u0111\u1ed9ng.<\/p>\n","protected":false},"excerpt":{"rendered":"<p>Li\u00ean h\u1ec7 Vesna Hotel Nha Trang \u0111\u1ec3 \u0111\u01b0\u1ee3c h\u1ed7 tr\u1ee3 \u0111\u1eb7t ph\u00f2ng, t\u01b0 v\u1ea5n d\u1ecbch v\u1ee5 v\u00e0 nh\u1eadn nh\u1eefng \u01b0u \u0111\u00e3i h\u1ea5p d\u1eabn nh\u1ea5t cho k\u1ef3 ngh\u1ec9 t\u1ea1i trung t\u00e2m th\u00e0nh ph\u1ed1 bi\u1ec3n. \u0110\u1ed9i ng\u0169 Vesna lu\u00f4n s\u1eb5n s\u00e0ng ph\u1ee5c v\u1ee5 b\u1ea1n 24\/7 v\u1edbi phong th\u00e1i chuy\u00ean nghi\u1ec7p, t\u1eadn t\u00e2m v\u00e0 th\u00e2n thi\u1ec7n. T\u1eeb nh\u1eefng [&hellip;]<\/p>\n","protected":false},"author":8,"featured_media":440,"parent":0,"menu_order":0,"comment_status":"closed","ping_status":"closed","template":"template-contacts.php","meta":{"footnotes":""},"yoast_head":"<!-- This site is optimized with the Yoast SEO plugin v22.3 - https:\/\/yoast.com\/wordpress\/plugins\/seo\/ -->\n<title>Contact Us | Vesna Hotel Nha Trang<\/title>\n<meta name=\"description\" content=\"Li\u00ean h\u1ec7 Vesna Hotel Nha Trang \u0111\u1ec3 \u0111\u01b0\u1ee3c h\u1ed7 tr\u1ee3 \u0111\u1eb7t ph\u00f2ng, t\u01b0 v\u1ea5n d\u1ecbch v\u1ee5 v\u00e0 nh\u1eadn \u01b0u \u0111\u00e3i t\u1ed1t nh\u1ea5t khi ngh\u1ec9 d\u01b0\u1ee1ng t\u1ea1i trung t\u00e2m th\u00e0nh ph\u1ed1 bi\u1ec3n. \u0110\u1ed9i ng\u0169 Vesna lu\u00f4n s\u1eb5n s\u00e0ng ph\u1ee5c v\u1ee5 b\u1ea1n 24\/7 v\u1edbi th\u00e1i \u0111\u1ed9 chuy\u00ean nghi\u1ec7p v\u00e0 th\u00e2n thi\u1ec7n.\" \/>\n<meta name=\"robots\" content=\"index, follow, max-snippet:-1, max-image-preview:large, max-video-preview:-1\" \/>\n<link rel=\"canonical\" href=\"https:\/\/www.vesnahotelnhatrang.com\/vi\/contact-us\/\" \/>\n<meta property=\"og:locale\" content=\"vi_VN\" \/>\n<meta property=\"og:type\" content=\"article\" \/>\n<meta property=\"og:title\" content=\"Contact Us | Vesna Hotel Nha Trang\" \/>\n<meta property=\"og:description\" content=\"Li\u00ean h\u1ec7 Vesna Hotel Nha Trang \u0111\u1ec3 \u0111\u01b0\u1ee3c h\u1ed7 tr\u1ee3 \u0111\u1eb7t ph\u00f2ng, t\u01b0 v\u1ea5n d\u1ecbch v\u1ee5 v\u00e0 nh\u1eadn \u01b0u \u0111\u00e3i t\u1ed1t nh\u1ea5t khi ngh\u1ec9 d\u01b0\u1ee1ng t\u1ea1i trung t\u00e2m th\u00e0nh ph\u1ed1 bi\u1ec3n. \u0110\u1ed9i ng\u0169 Vesna lu\u00f4n s\u1eb5n s\u00e0ng ph\u1ee5c v\u1ee5 b\u1ea1n 24\/7 v\u1edbi th\u00e1i \u0111\u1ed9 chuy\u00ean nghi\u1ec7p v\u00e0 th\u00e2n thi\u1ec7n.\" \/>\n<meta property=\"og:url\" content=\"https:\/\/www.vesnahotelnhatrang.com\/vi\/contact-us\/\" \/>\n<meta property=\"og:site_name\" content=\"Vesna Hotel Nha Trang\" \/>\n<meta property=\"article:modified_time\" content=\"2026-04-02T07:40:02+00:00\" \/>\n<meta property=\"og:image\" content=\"https:\/\/www.vesnahotelnhatrang.com\/wp-content\/uploads\/sites\/144\/2026\/04\/EBNT-Exterior-e1775097015160-1024x503.png\" \/>\n\t<meta property=\"og:image:width\" content=\"1024\" \/>\n\t<meta property=\"og:image:height\" content=\"503\" \/>\n\t<meta property=\"og:image:type\" content=\"image\/png\" \/>\n<meta name=\"twitter:card\" content=\"summary_large_image\" \/>\n<meta name=\"twitter:label1\" content=\"Est. reading time\" \/>\n\t<meta name=\"twitter:data1\" content=\"1 minute\" \/>\n<script type=\"application\/ld+json\" class=\"yoast-schema-graph\">{\"@context\":\"https:\/\/schema.org\",\"@graph\":[{\"@type\":\"WebPage\",\"@id\":\"https:\/\/www.vesnahotelnhatrang.com\/vi\/contact-us\/\",\"url\":\"https:\/\/www.vesnahotelnhatrang.com\/vi\/contact-us\/\",\"name\":\"Contact Us | Vesna Hotel Nha Trang\",\"isPartOf\":{\"@id\":\"https:\/\/www.vesnahotelnhatrang.com\/vi\/#website\"},\"primaryImageOfPage\":{\"@id\":\"https:\/\/www.vesnahotelnhatrang.com\/vi\/contact-us\/#primaryimage\"},\"image\":{\"@id\":\"https:\/\/www.vesnahotelnhatrang.com\/vi\/contact-us\/#primaryimage\"},\"thumbnailUrl\":\"https:\/\/www.vesnahotelnhatrang.com\/wp-content\/uploads\/sites\/144\/2026\/04\/EBNT-Exterior-e1775097015160.png\",\"datePublished\":\"2026-01-07T06:10:59+00:00\",\"dateModified\":\"2026-04-02T07:40:02+00:00\",\"description\":\"Li\u00ean h\u1ec7 Vesna Hotel Nha Trang \u0111\u1ec3 \u0111\u01b0\u1ee3c h\u1ed7 tr\u1ee3 \u0111\u1eb7t ph\u00f2ng, t\u01b0 v\u1ea5n d\u1ecbch v\u1ee5 v\u00e0 nh\u1eadn \u01b0u \u0111\u00e3i t\u1ed1t nh\u1ea5t khi ngh\u1ec9 d\u01b0\u1ee1ng t\u1ea1i trung t\u00e2m th\u00e0nh ph\u1ed1 bi\u1ec3n. \u0110\u1ed9i ng\u0169 Vesna lu\u00f4n s\u1eb5n s\u00e0ng ph\u1ee5c v\u1ee5 b\u1ea1n 24\/7 v\u1edbi th\u00e1i \u0111\u1ed9 chuy\u00ean nghi\u1ec7p v\u00e0 th\u00e2n thi\u1ec7n.\",\"breadcrumb\":{\"@id\":\"https:\/\/www.vesnahotelnhatrang.com\/vi\/contact-us\/#breadcrumb\"},\"inLanguage\":\"vi-VN\",\"potentialAction\":[{\"@type\":\"ReadAction\",\"target\":[\"https:\/\/www.vesnahotelnhatrang.com\/vi\/contact-us\/\"]}]},{\"@type\":\"ImageObject\",\"inLanguage\":\"vi-VN\",\"@id\":\"https:\/\/www.vesnahotelnhatrang.com\/vi\/contact-us\/#primaryimage\",\"url\":\"https:\/\/www.vesnahotelnhatrang.com\/wp-content\/uploads\/sites\/144\/2026\/04\/EBNT-Exterior-e1775097015160.png\",\"contentUrl\":\"https:\/\/www.vesnahotelnhatrang.com\/wp-content\/uploads\/sites\/144\/2026\/04\/EBNT-Exterior-e1775097015160.png\",\"width\":2200,\"height\":1081},{\"@type\":\"BreadcrumbList\",\"@id\":\"https:\/\/www.vesnahotelnhatrang.com\/vi\/contact-us\/#breadcrumb\",\"itemListElement\":[{\"@type\":\"ListItem\",\"position\":1,\"name\":\"Home\",\"item\":\"https:\/\/www.vesnahotelnhatrang.com\/vi\/\"},{\"@type\":\"ListItem\",\"position\":2,\"name\":\"Li\u00ean h\u1ec7 v\u1edbi ch\u00fang t\u00f4i\"}]},{\"@type\":\"WebSite\",\"@id\":\"https:\/\/www.vesnahotelnhatrang.com\/vi\/#website\",\"url\":\"https:\/\/www.vesnahotelnhatrang.com\/vi\/\",\"name\":\"Vesna hotel Nha Trang\",\"description\":\"\",\"potentialAction\":[{\"@type\":\"SearchAction\",\"target\":{\"@type\":\"EntryPoint\",\"urlTemplate\":\"https:\/\/www.vesnahotelnhatrang.com\/vi\/?s={search_term_string}\"},\"query-input\":\"required name=search_term_string\"}],\"inLanguage\":\"vi-VN\"}]}<\/script>\n<!-- \/ Yoast SEO plugin. -->","yoast_head_json":{"title":"Contact Us | Vesna Hotel Nha Trang","description":"Li\u00ean h\u1ec7 Vesna Hotel Nha Trang \u0111\u1ec3 \u0111\u01b0\u1ee3c h\u1ed7 tr\u1ee3 \u0111\u1eb7t ph\u00f2ng, t\u01b0 v\u1ea5n d\u1ecbch v\u1ee5 v\u00e0 nh\u1eadn \u01b0u \u0111\u00e3i t\u1ed1t nh\u1ea5t khi ngh\u1ec9 d\u01b0\u1ee1ng t\u1ea1i trung t\u00e2m th\u00e0nh ph\u1ed1 bi\u1ec3n. \u0110\u1ed9i ng\u0169 Vesna lu\u00f4n s\u1eb5n s\u00e0ng ph\u1ee5c v\u1ee5 b\u1ea1n 24\/7 v\u1edbi th\u00e1i \u0111\u1ed9 chuy\u00ean nghi\u1ec7p v\u00e0 th\u00e2n thi\u1ec7n.","robots":{"index":"index","follow":"follow","max-snippet":"max-snippet:-1","max-image-preview":"max-image-preview:large","max-video-preview":"max-video-preview:-1"},"canonical":"https:\/\/www.vesnahotelnhatrang.com\/vi\/contact-us\/","og_locale":"vi_VN","og_type":"article","og_title":"Contact Us | Vesna Hotel Nha Trang","og_description":"Li\u00ean h\u1ec7 Vesna Hotel Nha Trang \u0111\u1ec3 \u0111\u01b0\u1ee3c h\u1ed7 tr\u1ee3 \u0111\u1eb7t ph\u00f2ng, t\u01b0 v\u1ea5n d\u1ecbch v\u1ee5 v\u00e0 nh\u1eadn \u01b0u \u0111\u00e3i t\u1ed1t nh\u1ea5t khi ngh\u1ec9 d\u01b0\u1ee1ng t\u1ea1i trung t\u00e2m th\u00e0nh ph\u1ed1 bi\u1ec3n. \u0110\u1ed9i ng\u0169 Vesna lu\u00f4n s\u1eb5n s\u00e0ng ph\u1ee5c v\u1ee5 b\u1ea1n 24\/7 v\u1edbi th\u00e1i \u0111\u1ed9 chuy\u00ean nghi\u1ec7p v\u00e0 th\u00e2n thi\u1ec7n.","og_url":"https:\/\/www.vesnahotelnhatrang.com\/vi\/contact-us\/","og_site_name":"Vesna Hotel Nha Trang","article_modified_time":"2026-04-02T07:40:02+00:00","og_image":[{"width":1024,"height":503,"url":"https:\/\/www.vesnahotelnhatrang.com\/wp-content\/uploads\/sites\/144\/2026\/04\/EBNT-Exterior-e1775097015160-1024x503.png","type":"image\/png"}],"twitter_card":"summary_large_image","twitter_misc":{"Est. reading time":"1 minute"},"schema":{"@context":"https:\/\/schema.org","@graph":[{"@type":"WebPage","@id":"https:\/\/www.vesnahotelnhatrang.com\/vi\/contact-us\/","url":"https:\/\/www.vesnahotelnhatrang.com\/vi\/contact-us\/","name":"Contact Us | Vesna Hotel Nha Trang","isPartOf":{"@id":"https:\/\/www.vesnahotelnhatrang.com\/vi\/#website"},"primaryImageOfPage":{"@id":"https:\/\/www.vesnahotelnhatrang.com\/vi\/contact-us\/#primaryimage"},"image":{"@id":"https:\/\/www.vesnahotelnhatrang.com\/vi\/contact-us\/#primaryimage"},"thumbnailUrl":"https:\/\/www.vesnahotelnhatrang.com\/wp-content\/uploads\/sites\/144\/2026\/04\/EBNT-Exterior-e1775097015160.png","datePublished":"2026-01-07T06:10:59+00:00","dateModified":"2026-04-02T07:40:02+00:00","description":"Li\u00ean h\u1ec7 Vesna Hotel Nha Trang \u0111\u1ec3 \u0111\u01b0\u1ee3c h\u1ed7 tr\u1ee3 \u0111\u1eb7t ph\u00f2ng, t\u01b0 v\u1ea5n d\u1ecbch v\u1ee5 v\u00e0 nh\u1eadn \u01b0u \u0111\u00e3i t\u1ed1t nh\u1ea5t khi ngh\u1ec9 d\u01b0\u1ee1ng t\u1ea1i trung t\u00e2m th\u00e0nh ph\u1ed1 bi\u1ec3n. \u0110\u1ed9i ng\u0169 Vesna lu\u00f4n s\u1eb5n s\u00e0ng ph\u1ee5c v\u1ee5 b\u1ea1n 24\/7 v\u1edbi th\u00e1i \u0111\u1ed9 chuy\u00ean nghi\u1ec7p v\u00e0 th\u00e2n thi\u1ec7n.","breadcrumb":{"@id":"https:\/\/www.vesnahotelnhatrang.com\/vi\/contact-us\/#breadcrumb"},"inLanguage":"vi-VN","potentialAction":[{"@type":"ReadAction","target":["https:\/\/www.vesnahotelnhatrang.com\/vi\/contact-us\/"]}]},{"@type":"ImageObject","inLanguage":"vi-VN","@id":"https:\/\/www.vesnahotelnhatrang.com\/vi\/contact-us\/#primaryimage","url":"https:\/\/www.vesnahotelnhatrang.com\/wp-content\/uploads\/sites\/144\/2026\/04\/EBNT-Exterior-e1775097015160.png","contentUrl":"https:\/\/www.vesnahotelnhatrang.com\/wp-content\/uploads\/sites\/144\/2026\/04\/EBNT-Exterior-e1775097015160.png","width":2200,"height":1081},{"@type":"BreadcrumbList","@id":"https:\/\/www.vesnahotelnhatrang.com\/vi\/contact-us\/#breadcrumb","itemListElement":[{"@type":"ListItem","position":1,"name":"Home","item":"https:\/\/www.vesnahotelnhatrang.com\/vi\/"},{"@type":"ListItem","position":2,"name":"Li\u00ean h\u1ec7 v\u1edbi ch\u00fang t\u00f4i"}]},{"@type":"WebSite","@id":"https:\/\/www.vesnahotelnhatrang.com\/vi\/#website","url":"https:\/\/www.vesnahotelnhatrang.com\/vi\/","name":"Vesna hotel Nha Trang","description":"","potentialAction":[{"@type":"SearchAction","target":{"@type":"EntryPoint","urlTemplate":"https:\/\/www.vesnahotelnhatrang.com\/vi\/?s={search_term_string}"},"query-input":"required name=search_term_string"}],"inLanguage":"vi-VN"}]}},"acf":[],"_links":{"self":[{"href":"https:\/\/www.vesnahotelnhatrang.com\/vi\/wp-json\/wp\/v2\/pages\/215"}],"collection":[{"href":"https:\/\/www.vesnahotelnhatrang.com\/vi\/wp-json\/wp\/v2\/pages"}],"about":[{"href":"https:\/\/www.vesnahotelnhatrang.com\/vi\/wp-json\/wp\/v2\/types\/page"}],"author":[{"embeddable":true,"href":"https:\/\/www.vesnahotelnhatrang.com\/vi\/wp-json\/wp\/v2\/users\/8"}],"replies":[{"embeddable":true,"href":"https:\/\/www.vesnahotelnhatrang.com\/vi\/wp-json\/wp\/v2\/comments?post=215"}],"version-history":[{"count":0,"href":"https:\/\/www.vesnahotelnhatrang.com\/vi\/wp-json\/wp\/v2\/pages\/215\/revisions"}],"wp:featuredmedia":[{"embeddable":true,"href":"https:\/\/www.vesnahotelnhatrang.com\/vi\/wp-json\/wp\/v2\/media\/440"}],"wp:attachment":[{"href":"https:\/\/www.vesnahotelnhatrang.com\/vi\/wp-json\/wp\/v2\/media?parent=215"}],"curies":[{"name":"wp","href":"https:\/\/api.w.org\/{rel}","templated":true}]}}