{"id":193,"date":"2026-01-07T03:50:35","date_gmt":"2026-01-07T03:50:35","guid":{"rendered":"https:\/\/vesnahotelnhatrang.ms2.decms.asia\/?page_id=193"},"modified":"2026-04-02T02:47:25","modified_gmt":"2026-04-02T02:47:25","slug":"wellness-spa-center","status":"publish","type":"page","link":"https:\/\/www.vesnahotelnhatrang.com\/vi\/wellness-spa-center\/","title":{"rendered":"Wellness &amp; Spa Center"},"content":{"rendered":"<p style=\"text-align: center\">T\u1ea1m r\u1eddi xa nh\u1ecbp s\u1ed1ng h\u1ed1i h\u1ea3, h\u00e3y \u0111\u1ebfn v\u1edbi Blue Sea Spa \u2013 n\u01a1i \u0111\u00e1nh th\u1ee9c m\u1ecdi gi\u00e1c quan c\u1ee7a b\u1ea1n. Ch\u00fang t\u00f4i mang \u0111\u1ebfn nh\u1eefng li\u1ec7u tr\u00ecnh ch\u0103m s\u00f3c s\u1ee9c kh\u1ecfe to\u00e0n di\u1ec7n, k\u1ebft h\u1ee3p gi\u1eefa b\u00ed quy\u1ebft tr\u1ecb li\u1ec7u c\u1ed5 truy\u1ec1n v\u00e0 c\u00e1c s\u1ea3n ph\u1ea9m thi\u00ean nhi\u00ean cao c\u1ea5p, nh\u1eb1m c\u00e2n b\u1eb1ng t\u00e2m tr\u00ed v\u00e0 c\u01a1 th\u1ec3.<\/p>\n","protected":false},"excerpt":{"rendered":"<p>T\u1ea1m r\u1eddi xa nh\u1ecbp s\u1ed1ng h\u1ed1i h\u1ea3, h\u00e3y \u0111\u1ebfn v\u1edbi Blue Sea Spa \u2013 n\u01a1i \u0111\u00e1nh th\u1ee9c m\u1ecdi gi\u00e1c quan c\u1ee7a b\u1ea1n. Ch\u00fang t\u00f4i mang \u0111\u1ebfn nh\u1eefng li\u1ec7u tr\u00ecnh ch\u0103m s\u00f3c s\u1ee9c kh\u1ecfe to\u00e0n di\u1ec7n, k\u1ebft h\u1ee3p gi\u1eefa b\u00ed quy\u1ebft tr\u1ecb li\u1ec7u c\u1ed5 truy\u1ec1n v\u00e0 c\u00e1c s\u1ea3n ph\u1ea9m thi\u00ean nhi\u00ean cao c\u1ea5p, nh\u1eb1m c\u00e2n b\u1eb1ng [&hellip;]<\/p>\n","protected":false},"author":8,"featured_media":441,"parent":0,"menu_order":0,"comment_status":"closed","ping_status":"closed","template":"template-spa.php","meta":{"footnotes":""},"yoast_head":"<!-- This site is optimized with the Yoast SEO plugin v22.3 - https:\/\/yoast.com\/wordpress\/plugins\/seo\/ -->\n<title>Blue Sea Spa | Vesna Hotel Nha Trang<\/title>\n<meta name=\"description\" content=\"T\u1eadn h\u01b0\u1edfng li\u1ec7u ph\u00e1p Spa th\u01b0 gi\u00e3n t\u1ea1i Vesna Hotel Nha Trang. Kh\u00e1m ph\u00e1 massage truy\u1ec1n th\u1ed1ng v\u00e0 tr\u1ecb li\u1ec7u cao c\u1ea5p, t\u00e1i t\u1ea1o n\u0103ng l\u01b0\u1ee3ng trong kh\u00f4ng gian y\u00ean t\u0129nh, sang tr\u1ecdng. \u0110\u1eb7t l\u1ecbch h\u1eb9n ngay!\" \/>\n<meta name=\"robots\" content=\"index, follow, max-snippet:-1, max-image-preview:large, max-video-preview:-1\" \/>\n<link rel=\"canonical\" href=\"https:\/\/www.vesnahotelnhatrang.com\/vi\/wellness-spa-center\/\" \/>\n<meta property=\"og:locale\" content=\"vi_VN\" \/>\n<meta property=\"og:type\" content=\"article\" \/>\n<meta property=\"og:title\" content=\"Blue Sea Spa | Vesna Hotel Nha Trang\" \/>\n<meta property=\"og:description\" content=\"T\u1eadn h\u01b0\u1edfng li\u1ec7u ph\u00e1p Spa th\u01b0 gi\u00e3n t\u1ea1i Vesna Hotel Nha Trang. Kh\u00e1m ph\u00e1 massage truy\u1ec1n th\u1ed1ng v\u00e0 tr\u1ecb li\u1ec7u cao c\u1ea5p, t\u00e1i t\u1ea1o n\u0103ng l\u01b0\u1ee3ng trong kh\u00f4ng gian y\u00ean t\u0129nh, sang tr\u1ecdng. \u0110\u1eb7t l\u1ecbch h\u1eb9n ngay!\" \/>\n<meta property=\"og:url\" content=\"https:\/\/www.vesnahotelnhatrang.com\/vi\/wellness-spa-center\/\" \/>\n<meta property=\"og:site_name\" content=\"Vesna Hotel Nha Trang\" \/>\n<meta property=\"article:modified_time\" content=\"2026-04-02T02:47:25+00:00\" \/>\n<meta property=\"og:image\" content=\"https:\/\/www.vesnahotelnhatrang.com\/wp-content\/uploads\/sites\/144\/2026\/04\/ST_05238-Edit-2-e1775097347938.jpg\" \/>\n\t<meta property=\"og:image:width\" content=\"2200\" \/>\n\t<meta property=\"og:image:height\" content=\"1268\" \/>\n\t<meta property=\"og:image:type\" content=\"image\/jpeg\" \/>\n<meta name=\"twitter:card\" content=\"summary_large_image\" \/>\n<meta name=\"twitter:label1\" content=\"Est. reading time\" \/>\n\t<meta name=\"twitter:data1\" content=\"1 minute\" \/>\n<script type=\"application\/ld+json\" class=\"yoast-schema-graph\">{\"@context\":\"https:\/\/schema.org\",\"@graph\":[{\"@type\":\"WebPage\",\"@id\":\"https:\/\/www.vesnahotelnhatrang.com\/vi\/wellness-spa-center\/\",\"url\":\"https:\/\/www.vesnahotelnhatrang.com\/vi\/wellness-spa-center\/\",\"name\":\"Blue Sea Spa | Vesna Hotel Nha Trang\",\"isPartOf\":{\"@id\":\"https:\/\/www.vesnahotelnhatrang.com\/vi\/#website\"},\"primaryImageOfPage\":{\"@id\":\"https:\/\/www.vesnahotelnhatrang.com\/vi\/wellness-spa-center\/#primaryimage\"},\"image\":{\"@id\":\"https:\/\/www.vesnahotelnhatrang.com\/vi\/wellness-spa-center\/#primaryimage\"},\"thumbnailUrl\":\"https:\/\/www.vesnahotelnhatrang.com\/wp-content\/uploads\/sites\/144\/2026\/04\/ST_05238-Edit-2-e1775097347938.jpg\",\"datePublished\":\"2026-01-07T03:50:35+00:00\",\"dateModified\":\"2026-04-02T02:47:25+00:00\",\"description\":\"T\u1eadn h\u01b0\u1edfng li\u1ec7u ph\u00e1p Spa th\u01b0 gi\u00e3n t\u1ea1i Vesna Hotel Nha Trang. Kh\u00e1m ph\u00e1 massage truy\u1ec1n th\u1ed1ng v\u00e0 tr\u1ecb li\u1ec7u cao c\u1ea5p, t\u00e1i t\u1ea1o n\u0103ng l\u01b0\u1ee3ng trong kh\u00f4ng gian y\u00ean t\u0129nh, sang tr\u1ecdng. \u0110\u1eb7t l\u1ecbch h\u1eb9n ngay!\",\"breadcrumb\":{\"@id\":\"https:\/\/www.vesnahotelnhatrang.com\/vi\/wellness-spa-center\/#breadcrumb\"},\"inLanguage\":\"vi-VN\",\"potentialAction\":[{\"@type\":\"ReadAction\",\"target\":[\"https:\/\/www.vesnahotelnhatrang.com\/vi\/wellness-spa-center\/\"]}]},{\"@type\":\"ImageObject\",\"inLanguage\":\"vi-VN\",\"@id\":\"https:\/\/www.vesnahotelnhatrang.com\/vi\/wellness-spa-center\/#primaryimage\",\"url\":\"https:\/\/www.vesnahotelnhatrang.com\/wp-content\/uploads\/sites\/144\/2026\/04\/ST_05238-Edit-2-e1775097347938.jpg\",\"contentUrl\":\"https:\/\/www.vesnahotelnhatrang.com\/wp-content\/uploads\/sites\/144\/2026\/04\/ST_05238-Edit-2-e1775097347938.jpg\",\"width\":2200,\"height\":1268},{\"@type\":\"BreadcrumbList\",\"@id\":\"https:\/\/www.vesnahotelnhatrang.com\/vi\/wellness-spa-center\/#breadcrumb\",\"itemListElement\":[{\"@type\":\"ListItem\",\"position\":1,\"name\":\"Home\",\"item\":\"https:\/\/www.vesnahotelnhatrang.com\/vi\/\"},{\"@type\":\"ListItem\",\"position\":2,\"name\":\"Wellness &amp; Spa Center\"}]},{\"@type\":\"WebSite\",\"@id\":\"https:\/\/www.vesnahotelnhatrang.com\/vi\/#website\",\"url\":\"https:\/\/www.vesnahotelnhatrang.com\/vi\/\",\"name\":\"Vesna hotel Nha Trang\",\"description\":\"\",\"potentialAction\":[{\"@type\":\"SearchAction\",\"target\":{\"@type\":\"EntryPoint\",\"urlTemplate\":\"https:\/\/www.vesnahotelnhatrang.com\/vi\/?s={search_term_string}\"},\"query-input\":\"required name=search_term_string\"}],\"inLanguage\":\"vi-VN\"}]}<\/script>\n<!-- \/ Yoast SEO plugin. -->","yoast_head_json":{"title":"Blue Sea Spa | Vesna Hotel Nha Trang","description":"T\u1eadn h\u01b0\u1edfng li\u1ec7u ph\u00e1p Spa th\u01b0 gi\u00e3n t\u1ea1i Vesna Hotel Nha Trang. Kh\u00e1m ph\u00e1 massage truy\u1ec1n th\u1ed1ng v\u00e0 tr\u1ecb li\u1ec7u cao c\u1ea5p, t\u00e1i t\u1ea1o n\u0103ng l\u01b0\u1ee3ng trong kh\u00f4ng gian y\u00ean t\u0129nh, sang tr\u1ecdng. \u0110\u1eb7t l\u1ecbch h\u1eb9n ngay!","robots":{"index":"index","follow":"follow","max-snippet":"max-snippet:-1","max-image-preview":"max-image-preview:large","max-video-preview":"max-video-preview:-1"},"canonical":"https:\/\/www.vesnahotelnhatrang.com\/vi\/wellness-spa-center\/","og_locale":"vi_VN","og_type":"article","og_title":"Blue Sea Spa | Vesna Hotel Nha Trang","og_description":"T\u1eadn h\u01b0\u1edfng li\u1ec7u ph\u00e1p Spa th\u01b0 gi\u00e3n t\u1ea1i Vesna Hotel Nha Trang. Kh\u00e1m ph\u00e1 massage truy\u1ec1n th\u1ed1ng v\u00e0 tr\u1ecb li\u1ec7u cao c\u1ea5p, t\u00e1i t\u1ea1o n\u0103ng l\u01b0\u1ee3ng trong kh\u00f4ng gian y\u00ean t\u0129nh, sang tr\u1ecdng. \u0110\u1eb7t l\u1ecbch h\u1eb9n ngay!","og_url":"https:\/\/www.vesnahotelnhatrang.com\/vi\/wellness-spa-center\/","og_site_name":"Vesna Hotel Nha Trang","article_modified_time":"2026-04-02T02:47:25+00:00","og_image":[{"width":2200,"height":1268,"url":"https:\/\/www.vesnahotelnhatrang.com\/wp-content\/uploads\/sites\/144\/2026\/04\/ST_05238-Edit-2-e1775097347938.jpg","type":"image\/jpeg"}],"twitter_card":"summary_large_image","twitter_misc":{"Est. reading time":"1 minute"},"schema":{"@context":"https:\/\/schema.org","@graph":[{"@type":"WebPage","@id":"https:\/\/www.vesnahotelnhatrang.com\/vi\/wellness-spa-center\/","url":"https:\/\/www.vesnahotelnhatrang.com\/vi\/wellness-spa-center\/","name":"Blue Sea Spa | Vesna Hotel Nha Trang","isPartOf":{"@id":"https:\/\/www.vesnahotelnhatrang.com\/vi\/#website"},"primaryImageOfPage":{"@id":"https:\/\/www.vesnahotelnhatrang.com\/vi\/wellness-spa-center\/#primaryimage"},"image":{"@id":"https:\/\/www.vesnahotelnhatrang.com\/vi\/wellness-spa-center\/#primaryimage"},"thumbnailUrl":"https:\/\/www.vesnahotelnhatrang.com\/wp-content\/uploads\/sites\/144\/2026\/04\/ST_05238-Edit-2-e1775097347938.jpg","datePublished":"2026-01-07T03:50:35+00:00","dateModified":"2026-04-02T02:47:25+00:00","description":"T\u1eadn h\u01b0\u1edfng li\u1ec7u ph\u00e1p Spa th\u01b0 gi\u00e3n t\u1ea1i Vesna Hotel Nha Trang. Kh\u00e1m ph\u00e1 massage truy\u1ec1n th\u1ed1ng v\u00e0 tr\u1ecb li\u1ec7u cao c\u1ea5p, t\u00e1i t\u1ea1o n\u0103ng l\u01b0\u1ee3ng trong kh\u00f4ng gian y\u00ean t\u0129nh, sang tr\u1ecdng. \u0110\u1eb7t l\u1ecbch h\u1eb9n ngay!","breadcrumb":{"@id":"https:\/\/www.vesnahotelnhatrang.com\/vi\/wellness-spa-center\/#breadcrumb"},"inLanguage":"vi-VN","potentialAction":[{"@type":"ReadAction","target":["https:\/\/www.vesnahotelnhatrang.com\/vi\/wellness-spa-center\/"]}]},{"@type":"ImageObject","inLanguage":"vi-VN","@id":"https:\/\/www.vesnahotelnhatrang.com\/vi\/wellness-spa-center\/#primaryimage","url":"https:\/\/www.vesnahotelnhatrang.com\/wp-content\/uploads\/sites\/144\/2026\/04\/ST_05238-Edit-2-e1775097347938.jpg","contentUrl":"https:\/\/www.vesnahotelnhatrang.com\/wp-content\/uploads\/sites\/144\/2026\/04\/ST_05238-Edit-2-e1775097347938.jpg","width":2200,"height":1268},{"@type":"BreadcrumbList","@id":"https:\/\/www.vesnahotelnhatrang.com\/vi\/wellness-spa-center\/#breadcrumb","itemListElement":[{"@type":"ListItem","position":1,"name":"Home","item":"https:\/\/www.vesnahotelnhatrang.com\/vi\/"},{"@type":"ListItem","position":2,"name":"Wellness &amp; Spa Center"}]},{"@type":"WebSite","@id":"https:\/\/www.vesnahotelnhatrang.com\/vi\/#website","url":"https:\/\/www.vesnahotelnhatrang.com\/vi\/","name":"Vesna hotel Nha Trang","description":"","potentialAction":[{"@type":"SearchAction","target":{"@type":"EntryPoint","urlTemplate":"https:\/\/www.vesnahotelnhatrang.com\/vi\/?s={search_term_string}"},"query-input":"required name=search_term_string"}],"inLanguage":"vi-VN"}]}},"acf":[],"_links":{"self":[{"href":"https:\/\/www.vesnahotelnhatrang.com\/vi\/wp-json\/wp\/v2\/pages\/193"}],"collection":[{"href":"https:\/\/www.vesnahotelnhatrang.com\/vi\/wp-json\/wp\/v2\/pages"}],"about":[{"href":"https:\/\/www.vesnahotelnhatrang.com\/vi\/wp-json\/wp\/v2\/types\/page"}],"author":[{"embeddable":true,"href":"https:\/\/www.vesnahotelnhatrang.com\/vi\/wp-json\/wp\/v2\/users\/8"}],"replies":[{"embeddable":true,"href":"https:\/\/www.vesnahotelnhatrang.com\/vi\/wp-json\/wp\/v2\/comments?post=193"}],"version-history":[{"count":0,"href":"https:\/\/www.vesnahotelnhatrang.com\/vi\/wp-json\/wp\/v2\/pages\/193\/revisions"}],"wp:featuredmedia":[{"embeddable":true,"href":"https:\/\/www.vesnahotelnhatrang.com\/vi\/wp-json\/wp\/v2\/media\/441"}],"wp:attachment":[{"href":"https:\/\/www.vesnahotelnhatrang.com\/vi\/wp-json\/wp\/v2\/media?parent=193"}],"curies":[{"name":"wp","href":"https:\/\/api.w.org\/{rel}","templated":true}]}}