{"id":177,"date":"2026-01-07T03:43:19","date_gmt":"2026-01-07T03:43:19","guid":{"rendered":"https:\/\/vesnahotelnhatrang.ms2.decms.asia\/?page_id=177"},"modified":"2026-02-06T07:05:17","modified_gmt":"2026-02-06T07:05:17","slug":"airport-transfer","status":"publish","type":"page","link":"https:\/\/www.vesnahotelnhatrang.com\/vi\/services\/airport-transfer\/","title":{"rendered":"\u0110\u01b0a \u0111\u00f3n S\u00e2n bay"},"content":{"rendered":"<p>B\u1eaft \u0111\u1ea7u ho\u1eb7c k\u1ebft th\u00fac chuy\u1ebfn \u0111i c\u1ee7a b\u1ea1n t\u1ea1i Nha Trang m\u1ed9t c\u00e1ch ho\u00e0n h\u1ea3o. D\u1ecbch v\u1ee5 \u0111\u01b0a \u0111\u00f3n s\u00e2n bay Nha Trang ri\u00eang t\u01b0, xe sang tr\u1ecdng, t\u00e0i x\u1ebf chuy\u00ean nghi\u1ec7p, \u0111\u1ea3m b\u1ea3o \u0111\u00fang gi\u1edd.<br \/>\nCh\u00fang t\u00f4i cung c\u1ea5p d\u1ecbch v\u1ee5 \u0111\u01b0a \u0111\u00f3n s\u00e2n bay Cam Ranh (CXR) 24\/7. C\u00e1c l\u1ef1a ch\u1ecdn xe 4, 7, 16 ch\u1ed7 ng\u1ed3i \u0111\u1eddi m\u1edbi, c\u00f3 WIFI, n\u01b0\u1edbc u\u1ed1ng mi\u1ec5n ph\u00ed. \u0110\u1eb7t d\u1ecbch v\u1ee5 d\u1ec5 d\u00e0ng tr\u01b0\u1edbc khi \u0111\u1ebfn \u0111\u1ec3 tr\u00e1nh m\u1ecdi r\u1eafc r\u1ed1i.<\/p>\n","protected":false},"excerpt":{"rendered":"<p>B\u1eaft \u0111\u1ea7u ho\u1eb7c k\u1ebft th\u00fac chuy\u1ebfn \u0111i c\u1ee7a b\u1ea1n t\u1ea1i Nha Trang m\u1ed9t c\u00e1ch ho\u00e0n h\u1ea3o. D\u1ecbch v\u1ee5 \u0111\u01b0a \u0111\u00f3n s\u00e2n bay Nha Trang ri\u00eang t\u01b0, xe sang tr\u1ecdng, t\u00e0i x\u1ebf chuy\u00ean nghi\u1ec7p, \u0111\u1ea3m b\u1ea3o \u0111\u00fang gi\u1edd. Ch\u00fang t\u00f4i cung c\u1ea5p d\u1ecbch v\u1ee5 \u0111\u01b0a \u0111\u00f3n s\u00e2n bay Cam Ranh (CXR) 24\/7. C\u00e1c l\u1ef1a ch\u1ecdn xe [&hellip;]<\/p>\n","protected":false},"author":8,"featured_media":180,"parent":151,"menu_order":0,"comment_status":"closed","ping_status":"closed","template":"template-single-service.php","meta":{"footnotes":""},"yoast_head":"<!-- This site is optimized with the Yoast SEO plugin v22.3 - https:\/\/yoast.com\/wordpress\/plugins\/seo\/ -->\n<title>D\u1ecbch v\u1ee5 xe s\u00e2n bay Cam Ranh Nha Trang sang tr\u1ecdng | Vesna Hotel Nha Trang<\/title>\n<meta name=\"description\" content=\"D\u1ecbch v\u1ee5 \u0111\u01b0a \u0111\u00f3n s\u00e2n bay Cam Ranh (CXR) 24\/7 c\u1ee7a Vesna Hotel. Xe ri\u00eang sang tr\u1ecdng, gi\u00e1 c\u1ea3 c\u1ea1nh tranh, t\u00e0i x\u1ebf chuy\u00ean nghi\u1ec7p. \u0110\u1eb7t xe \u0111\u01b0a \u0111\u00f3n ngay h\u00f4m nay!\" \/>\n<meta name=\"robots\" content=\"index, follow, max-snippet:-1, max-image-preview:large, max-video-preview:-1\" \/>\n<link rel=\"canonical\" href=\"https:\/\/www.vesnahotelnhatrang.com\/vi\/services\/airport-transfer\/\" \/>\n<meta property=\"og:locale\" content=\"vi_VN\" \/>\n<meta property=\"og:type\" content=\"article\" \/>\n<meta property=\"og:title\" content=\"D\u1ecbch v\u1ee5 xe s\u00e2n bay Cam Ranh Nha Trang sang tr\u1ecdng | Vesna Hotel Nha Trang\" \/>\n<meta property=\"og:description\" content=\"D\u1ecbch v\u1ee5 \u0111\u01b0a \u0111\u00f3n s\u00e2n bay Cam Ranh (CXR) 24\/7 c\u1ee7a Vesna Hotel. Xe ri\u00eang sang tr\u1ecdng, gi\u00e1 c\u1ea3 c\u1ea1nh tranh, t\u00e0i x\u1ebf chuy\u00ean nghi\u1ec7p. \u0110\u1eb7t xe \u0111\u01b0a \u0111\u00f3n ngay h\u00f4m nay!\" \/>\n<meta property=\"og:url\" content=\"https:\/\/www.vesnahotelnhatrang.com\/vi\/services\/airport-transfer\/\" \/>\n<meta property=\"og:site_name\" content=\"Vesna Hotel Nha Trang\" \/>\n<meta property=\"article:modified_time\" content=\"2026-02-06T07:05:17+00:00\" \/>\n<meta property=\"og:image\" content=\"https:\/\/www.vesnahotelnhatrang.com\/wp-content\/uploads\/sites\/144\/2026\/01\/transportation-1.jpg\" \/>\n\t<meta property=\"og:image:width\" content=\"2200\" \/>\n\t<meta property=\"og:image:height\" content=\"1466\" \/>\n\t<meta property=\"og:image:type\" content=\"image\/jpeg\" \/>\n<meta name=\"twitter:card\" content=\"summary_large_image\" \/>\n<meta name=\"twitter:label1\" content=\"Est. reading time\" \/>\n\t<meta name=\"twitter:data1\" content=\"1 minute\" \/>\n<script type=\"application\/ld+json\" class=\"yoast-schema-graph\">{\"@context\":\"https:\/\/schema.org\",\"@graph\":[{\"@type\":\"WebPage\",\"@id\":\"https:\/\/www.vesnahotelnhatrang.com\/vi\/services\/airport-transfer\/\",\"url\":\"https:\/\/www.vesnahotelnhatrang.com\/vi\/services\/airport-transfer\/\",\"name\":\"D\u1ecbch v\u1ee5 xe s\u00e2n bay Cam Ranh Nha Trang sang tr\u1ecdng | Vesna Hotel Nha Trang\",\"isPartOf\":{\"@id\":\"https:\/\/www.vesnahotelnhatrang.com\/vi\/#website\"},\"primaryImageOfPage\":{\"@id\":\"https:\/\/www.vesnahotelnhatrang.com\/vi\/services\/airport-transfer\/#primaryimage\"},\"image\":{\"@id\":\"https:\/\/www.vesnahotelnhatrang.com\/vi\/services\/airport-transfer\/#primaryimage\"},\"thumbnailUrl\":\"https:\/\/www.vesnahotelnhatrang.com\/wp-content\/uploads\/sites\/144\/2026\/01\/transportation-1.jpg\",\"datePublished\":\"2026-01-07T03:43:19+00:00\",\"dateModified\":\"2026-02-06T07:05:17+00:00\",\"description\":\"D\u1ecbch v\u1ee5 \u0111\u01b0a \u0111\u00f3n s\u00e2n bay Cam Ranh (CXR) 24\/7 c\u1ee7a Vesna Hotel. Xe ri\u00eang sang tr\u1ecdng, gi\u00e1 c\u1ea3 c\u1ea1nh tranh, t\u00e0i x\u1ebf chuy\u00ean nghi\u1ec7p. \u0110\u1eb7t xe \u0111\u01b0a \u0111\u00f3n ngay h\u00f4m nay!\",\"breadcrumb\":{\"@id\":\"https:\/\/www.vesnahotelnhatrang.com\/vi\/services\/airport-transfer\/#breadcrumb\"},\"inLanguage\":\"vi-VN\",\"potentialAction\":[{\"@type\":\"ReadAction\",\"target\":[\"https:\/\/www.vesnahotelnhatrang.com\/vi\/services\/airport-transfer\/\"]}]},{\"@type\":\"ImageObject\",\"inLanguage\":\"vi-VN\",\"@id\":\"https:\/\/www.vesnahotelnhatrang.com\/vi\/services\/airport-transfer\/#primaryimage\",\"url\":\"https:\/\/www.vesnahotelnhatrang.com\/wp-content\/uploads\/sites\/144\/2026\/01\/transportation-1.jpg\",\"contentUrl\":\"https:\/\/www.vesnahotelnhatrang.com\/wp-content\/uploads\/sites\/144\/2026\/01\/transportation-1.jpg\",\"width\":2200,\"height\":1466},{\"@type\":\"BreadcrumbList\",\"@id\":\"https:\/\/www.vesnahotelnhatrang.com\/vi\/services\/airport-transfer\/#breadcrumb\",\"itemListElement\":[{\"@type\":\"ListItem\",\"position\":1,\"name\":\"Home\",\"item\":\"https:\/\/www.vesnahotelnhatrang.com\/vi\/\"},{\"@type\":\"ListItem\",\"position\":2,\"name\":\"D\u1ecbch v\u1ee5\",\"item\":\"https:\/\/www.vesnahotelnhatrang.com\/vi\/services\/\"},{\"@type\":\"ListItem\",\"position\":3,\"name\":\"\u0110\u01b0a \u0111\u00f3n S\u00e2n bay\"}]},{\"@type\":\"WebSite\",\"@id\":\"https:\/\/www.vesnahotelnhatrang.com\/vi\/#website\",\"url\":\"https:\/\/www.vesnahotelnhatrang.com\/vi\/\",\"name\":\"Vesna hotel Nha Trang\",\"description\":\"\",\"potentialAction\":[{\"@type\":\"SearchAction\",\"target\":{\"@type\":\"EntryPoint\",\"urlTemplate\":\"https:\/\/www.vesnahotelnhatrang.com\/vi\/?s={search_term_string}\"},\"query-input\":\"required name=search_term_string\"}],\"inLanguage\":\"vi-VN\"}]}<\/script>\n<!-- \/ Yoast SEO plugin. -->","yoast_head_json":{"title":"D\u1ecbch v\u1ee5 xe s\u00e2n bay Cam Ranh Nha Trang sang tr\u1ecdng | Vesna Hotel Nha Trang","description":"D\u1ecbch v\u1ee5 \u0111\u01b0a \u0111\u00f3n s\u00e2n bay Cam Ranh (CXR) 24\/7 c\u1ee7a Vesna Hotel. Xe ri\u00eang sang tr\u1ecdng, gi\u00e1 c\u1ea3 c\u1ea1nh tranh, t\u00e0i x\u1ebf chuy\u00ean nghi\u1ec7p. \u0110\u1eb7t xe \u0111\u01b0a \u0111\u00f3n ngay h\u00f4m nay!","robots":{"index":"index","follow":"follow","max-snippet":"max-snippet:-1","max-image-preview":"max-image-preview:large","max-video-preview":"max-video-preview:-1"},"canonical":"https:\/\/www.vesnahotelnhatrang.com\/vi\/services\/airport-transfer\/","og_locale":"vi_VN","og_type":"article","og_title":"D\u1ecbch v\u1ee5 xe s\u00e2n bay Cam Ranh Nha Trang sang tr\u1ecdng | Vesna Hotel Nha Trang","og_description":"D\u1ecbch v\u1ee5 \u0111\u01b0a \u0111\u00f3n s\u00e2n bay Cam Ranh (CXR) 24\/7 c\u1ee7a Vesna Hotel. Xe ri\u00eang sang tr\u1ecdng, gi\u00e1 c\u1ea3 c\u1ea1nh tranh, t\u00e0i x\u1ebf chuy\u00ean nghi\u1ec7p. \u0110\u1eb7t xe \u0111\u01b0a \u0111\u00f3n ngay h\u00f4m nay!","og_url":"https:\/\/www.vesnahotelnhatrang.com\/vi\/services\/airport-transfer\/","og_site_name":"Vesna Hotel Nha Trang","article_modified_time":"2026-02-06T07:05:17+00:00","og_image":[{"width":2200,"height":1466,"url":"https:\/\/www.vesnahotelnhatrang.com\/wp-content\/uploads\/sites\/144\/2026\/01\/transportation-1.jpg","type":"image\/jpeg"}],"twitter_card":"summary_large_image","twitter_misc":{"Est. reading time":"1 minute"},"schema":{"@context":"https:\/\/schema.org","@graph":[{"@type":"WebPage","@id":"https:\/\/www.vesnahotelnhatrang.com\/vi\/services\/airport-transfer\/","url":"https:\/\/www.vesnahotelnhatrang.com\/vi\/services\/airport-transfer\/","name":"D\u1ecbch v\u1ee5 xe s\u00e2n bay Cam Ranh Nha Trang sang tr\u1ecdng | Vesna Hotel Nha Trang","isPartOf":{"@id":"https:\/\/www.vesnahotelnhatrang.com\/vi\/#website"},"primaryImageOfPage":{"@id":"https:\/\/www.vesnahotelnhatrang.com\/vi\/services\/airport-transfer\/#primaryimage"},"image":{"@id":"https:\/\/www.vesnahotelnhatrang.com\/vi\/services\/airport-transfer\/#primaryimage"},"thumbnailUrl":"https:\/\/www.vesnahotelnhatrang.com\/wp-content\/uploads\/sites\/144\/2026\/01\/transportation-1.jpg","datePublished":"2026-01-07T03:43:19+00:00","dateModified":"2026-02-06T07:05:17+00:00","description":"D\u1ecbch v\u1ee5 \u0111\u01b0a \u0111\u00f3n s\u00e2n bay Cam Ranh (CXR) 24\/7 c\u1ee7a Vesna Hotel. Xe ri\u00eang sang tr\u1ecdng, gi\u00e1 c\u1ea3 c\u1ea1nh tranh, t\u00e0i x\u1ebf chuy\u00ean nghi\u1ec7p. \u0110\u1eb7t xe \u0111\u01b0a \u0111\u00f3n ngay h\u00f4m nay!","breadcrumb":{"@id":"https:\/\/www.vesnahotelnhatrang.com\/vi\/services\/airport-transfer\/#breadcrumb"},"inLanguage":"vi-VN","potentialAction":[{"@type":"ReadAction","target":["https:\/\/www.vesnahotelnhatrang.com\/vi\/services\/airport-transfer\/"]}]},{"@type":"ImageObject","inLanguage":"vi-VN","@id":"https:\/\/www.vesnahotelnhatrang.com\/vi\/services\/airport-transfer\/#primaryimage","url":"https:\/\/www.vesnahotelnhatrang.com\/wp-content\/uploads\/sites\/144\/2026\/01\/transportation-1.jpg","contentUrl":"https:\/\/www.vesnahotelnhatrang.com\/wp-content\/uploads\/sites\/144\/2026\/01\/transportation-1.jpg","width":2200,"height":1466},{"@type":"BreadcrumbList","@id":"https:\/\/www.vesnahotelnhatrang.com\/vi\/services\/airport-transfer\/#breadcrumb","itemListElement":[{"@type":"ListItem","position":1,"name":"Home","item":"https:\/\/www.vesnahotelnhatrang.com\/vi\/"},{"@type":"ListItem","position":2,"name":"D\u1ecbch v\u1ee5","item":"https:\/\/www.vesnahotelnhatrang.com\/vi\/services\/"},{"@type":"ListItem","position":3,"name":"\u0110\u01b0a \u0111\u00f3n S\u00e2n bay"}]},{"@type":"WebSite","@id":"https:\/\/www.vesnahotelnhatrang.com\/vi\/#website","url":"https:\/\/www.vesnahotelnhatrang.com\/vi\/","name":"Vesna hotel Nha Trang","description":"","potentialAction":[{"@type":"SearchAction","target":{"@type":"EntryPoint","urlTemplate":"https:\/\/www.vesnahotelnhatrang.com\/vi\/?s={search_term_string}"},"query-input":"required name=search_term_string"}],"inLanguage":"vi-VN"}]}},"acf":[],"_links":{"self":[{"href":"https:\/\/www.vesnahotelnhatrang.com\/vi\/wp-json\/wp\/v2\/pages\/177"}],"collection":[{"href":"https:\/\/www.vesnahotelnhatrang.com\/vi\/wp-json\/wp\/v2\/pages"}],"about":[{"href":"https:\/\/www.vesnahotelnhatrang.com\/vi\/wp-json\/wp\/v2\/types\/page"}],"author":[{"embeddable":true,"href":"https:\/\/www.vesnahotelnhatrang.com\/vi\/wp-json\/wp\/v2\/users\/8"}],"replies":[{"embeddable":true,"href":"https:\/\/www.vesnahotelnhatrang.com\/vi\/wp-json\/wp\/v2\/comments?post=177"}],"version-history":[{"count":0,"href":"https:\/\/www.vesnahotelnhatrang.com\/vi\/wp-json\/wp\/v2\/pages\/177\/revisions"}],"up":[{"embeddable":true,"href":"https:\/\/www.vesnahotelnhatrang.com\/vi\/wp-json\/wp\/v2\/pages\/151"}],"wp:featuredmedia":[{"embeddable":true,"href":"https:\/\/www.vesnahotelnhatrang.com\/vi\/wp-json\/wp\/v2\/media\/180"}],"wp:attachment":[{"href":"https:\/\/www.vesnahotelnhatrang.com\/vi\/wp-json\/wp\/v2\/media?parent=177"}],"curies":[{"name":"wp","href":"https:\/\/api.w.org\/{rel}","templated":true}]}}