{"id":172,"date":"2026-01-07T03:39:28","date_gmt":"2026-01-07T03:39:28","guid":{"rendered":"https:\/\/vesnahotelnhatrang.ms2.decms.asia\/?page_id=172"},"modified":"2026-04-02T07:07:06","modified_gmt":"2026-04-02T07:07:06","slug":"professional-laundry-service","status":"publish","type":"page","link":"https:\/\/www.vesnahotelnhatrang.com\/vi\/services\/professional-laundry-service\/","title":{"rendered":"D\u1ecbch v\u1ee5 Gi\u1eb7t \u1ee7i"},"content":{"rendered":"<p style=\"text-align: center\">T\u1eadn h\u01b0\u1edfng k\u1ef3 ngh\u1ec9 tr\u1ecdn v\u1eb9n m\u00e0 kh\u00f4ng c\u1ea7n lo l\u1eafng v\u1ec1 vi\u1ec7c gi\u1eb7t gi\u0169. D\u1ecbch v\u1ee5 gi\u1eb7t \u1ee7i nhanh ch\u00f3ng c\u1ee7a ch\u00fang t\u00f4i \u0111\u1ea3m b\u1ea3o trang ph\u1ee5c c\u1ee7a b\u1ea1n lu\u00f4n s\u1ea1ch s\u1ebd v\u00e0 \u0111\u01b0\u1ee3c b\u1ea3o qu\u1ea3n c\u1ea9n th\u1eadn.<br \/>\nD\u1ecbch v\u1ee5 gi\u1eb7t l\u00e0 Vesna Hotel cung c\u1ea5p gi\u1eb7t kh\u00f4, gi\u1eb7t \u01b0\u1edbt, v\u00e0 \u1ee7i \u0111\u1ed3 theo y\u00eau c\u1ea7u. Quy tr\u00ecnh hi\u1ec7n \u0111\u1ea1i, s\u1eed d\u1ee5ng h\u00f3a ch\u1ea5t an to\u00e0n, th\u00e2n thi\u1ec7n v\u1edbi m\u00f4i tr\u01b0\u1eddng v\u00e0 l\u00e0n da. Ph\u1ee5c v\u1ee5 nhanh ch\u00f3ng, nh\u1eadn \u0111\u1ed3 v\u00e0 tr\u1ea3 \u0111\u1ed3 t\u1ea1i ph\u00f2ng.<\/p>\n","protected":false},"excerpt":{"rendered":"<p>T\u1eadn h\u01b0\u1edfng k\u1ef3 ngh\u1ec9 tr\u1ecdn v\u1eb9n m\u00e0 kh\u00f4ng c\u1ea7n lo l\u1eafng v\u1ec1 vi\u1ec7c gi\u1eb7t gi\u0169. D\u1ecbch v\u1ee5 gi\u1eb7t \u1ee7i nhanh ch\u00f3ng c\u1ee7a ch\u00fang t\u00f4i \u0111\u1ea3m b\u1ea3o trang ph\u1ee5c c\u1ee7a b\u1ea1n lu\u00f4n s\u1ea1ch s\u1ebd v\u00e0 \u0111\u01b0\u1ee3c b\u1ea3o qu\u1ea3n c\u1ea9n th\u1eadn. D\u1ecbch v\u1ee5 gi\u1eb7t l\u00e0 Vesna Hotel cung c\u1ea5p gi\u1eb7t kh\u00f4, gi\u1eb7t \u01b0\u1edbt, v\u00e0 \u1ee7i \u0111\u1ed3 theo [&hellip;]<\/p>\n","protected":false},"author":8,"featured_media":474,"parent":151,"menu_order":0,"comment_status":"closed","ping_status":"closed","template":"template-single-service.php","meta":{"footnotes":""},"yoast_head":"<!-- This site is optimized with the Yoast SEO plugin v22.3 - https:\/\/yoast.com\/wordpress\/plugins\/seo\/ -->\n<title>D\u1ecbch v\u1ee5 Gi\u1eb7t \u1ee7i chuy\u00ean nghi\u1ec7p | Vesna Hotel Nha Trang<\/title>\n<meta name=\"description\" content=\"D\u1ecbch v\u1ee5 gi\u1eb7t \u1ee7i chuy\u00ean nghi\u1ec7p v\u00e0 gi\u1eb7t kh\u00f4 nhanh ch\u00f3ng t\u1ea1i Vesna Hotel Nha Trang. \u0110\u1ea3m b\u1ea3o qu\u1ea7n \u00e1o s\u1ea1ch s\u1ebd, th\u01a1m m\u00e1t. Xem b\u1ea3ng gi\u00e1 v\u00e0 \u0111\u1eb7t d\u1ecbch v\u1ee5!\" \/>\n<meta name=\"robots\" content=\"index, follow, max-snippet:-1, max-image-preview:large, max-video-preview:-1\" \/>\n<link rel=\"canonical\" href=\"https:\/\/www.vesnahotelnhatrang.com\/vi\/services\/professional-laundry-service\/\" \/>\n<meta property=\"og:locale\" content=\"vi_VN\" \/>\n<meta property=\"og:type\" content=\"article\" \/>\n<meta property=\"og:title\" content=\"D\u1ecbch v\u1ee5 Gi\u1eb7t \u1ee7i chuy\u00ean nghi\u1ec7p | Vesna Hotel Nha Trang\" \/>\n<meta property=\"og:description\" content=\"D\u1ecbch v\u1ee5 gi\u1eb7t \u1ee7i chuy\u00ean nghi\u1ec7p v\u00e0 gi\u1eb7t kh\u00f4 nhanh ch\u00f3ng t\u1ea1i Vesna Hotel Nha Trang. \u0110\u1ea3m b\u1ea3o qu\u1ea7n \u00e1o s\u1ea1ch s\u1ebd, th\u01a1m m\u00e1t. Xem b\u1ea3ng gi\u00e1 v\u00e0 \u0111\u1eb7t d\u1ecbch v\u1ee5!\" \/>\n<meta property=\"og:url\" content=\"https:\/\/www.vesnahotelnhatrang.com\/vi\/services\/professional-laundry-service\/\" \/>\n<meta property=\"og:site_name\" content=\"Vesna Hotel Nha Trang\" \/>\n<meta property=\"article:modified_time\" content=\"2026-04-02T07:07:06+00:00\" \/>\n<meta property=\"og:image\" content=\"https:\/\/www.vesnahotelnhatrang.com\/wp-content\/uploads\/sites\/144\/2026\/04\/heap-clothes-female-hands-neatly-stacked-simple-clothing-white-background-1.jpg\" \/>\n\t<meta property=\"og:image:width\" content=\"2200\" \/>\n\t<meta property=\"og:image:height\" content=\"1467\" \/>\n\t<meta property=\"og:image:type\" content=\"image\/jpeg\" \/>\n<meta name=\"twitter:card\" content=\"summary_large_image\" \/>\n<meta name=\"twitter:label1\" content=\"Est. reading time\" \/>\n\t<meta name=\"twitter:data1\" content=\"1 minute\" \/>\n<script type=\"application\/ld+json\" class=\"yoast-schema-graph\">{\"@context\":\"https:\/\/schema.org\",\"@graph\":[{\"@type\":\"WebPage\",\"@id\":\"https:\/\/www.vesnahotelnhatrang.com\/vi\/services\/professional-laundry-service\/\",\"url\":\"https:\/\/www.vesnahotelnhatrang.com\/vi\/services\/professional-laundry-service\/\",\"name\":\"D\u1ecbch v\u1ee5 Gi\u1eb7t \u1ee7i chuy\u00ean nghi\u1ec7p | Vesna Hotel Nha Trang\",\"isPartOf\":{\"@id\":\"https:\/\/www.vesnahotelnhatrang.com\/vi\/#website\"},\"primaryImageOfPage\":{\"@id\":\"https:\/\/www.vesnahotelnhatrang.com\/vi\/services\/professional-laundry-service\/#primaryimage\"},\"image\":{\"@id\":\"https:\/\/www.vesnahotelnhatrang.com\/vi\/services\/professional-laundry-service\/#primaryimage\"},\"thumbnailUrl\":\"https:\/\/www.vesnahotelnhatrang.com\/wp-content\/uploads\/sites\/144\/2026\/04\/heap-clothes-female-hands-neatly-stacked-simple-clothing-white-background-1.jpg\",\"datePublished\":\"2026-01-07T03:39:28+00:00\",\"dateModified\":\"2026-04-02T07:07:06+00:00\",\"description\":\"D\u1ecbch v\u1ee5 gi\u1eb7t \u1ee7i chuy\u00ean nghi\u1ec7p v\u00e0 gi\u1eb7t kh\u00f4 nhanh ch\u00f3ng t\u1ea1i Vesna Hotel Nha Trang. \u0110\u1ea3m b\u1ea3o qu\u1ea7n \u00e1o s\u1ea1ch s\u1ebd, th\u01a1m m\u00e1t. Xem b\u1ea3ng gi\u00e1 v\u00e0 \u0111\u1eb7t d\u1ecbch v\u1ee5!\",\"breadcrumb\":{\"@id\":\"https:\/\/www.vesnahotelnhatrang.com\/vi\/services\/professional-laundry-service\/#breadcrumb\"},\"inLanguage\":\"vi-VN\",\"potentialAction\":[{\"@type\":\"ReadAction\",\"target\":[\"https:\/\/www.vesnahotelnhatrang.com\/vi\/services\/professional-laundry-service\/\"]}]},{\"@type\":\"ImageObject\",\"inLanguage\":\"vi-VN\",\"@id\":\"https:\/\/www.vesnahotelnhatrang.com\/vi\/services\/professional-laundry-service\/#primaryimage\",\"url\":\"https:\/\/www.vesnahotelnhatrang.com\/wp-content\/uploads\/sites\/144\/2026\/04\/heap-clothes-female-hands-neatly-stacked-simple-clothing-white-background-1.jpg\",\"contentUrl\":\"https:\/\/www.vesnahotelnhatrang.com\/wp-content\/uploads\/sites\/144\/2026\/04\/heap-clothes-female-hands-neatly-stacked-simple-clothing-white-background-1.jpg\",\"width\":2200,\"height\":1467,\"caption\":\"Heap of clothes in female hands. Neatly stacked simple clothing at white background\"},{\"@type\":\"BreadcrumbList\",\"@id\":\"https:\/\/www.vesnahotelnhatrang.com\/vi\/services\/professional-laundry-service\/#breadcrumb\",\"itemListElement\":[{\"@type\":\"ListItem\",\"position\":1,\"name\":\"Home\",\"item\":\"https:\/\/www.vesnahotelnhatrang.com\/vi\/\"},{\"@type\":\"ListItem\",\"position\":2,\"name\":\"D\u1ecbch v\u1ee5\",\"item\":\"https:\/\/www.vesnahotelnhatrang.com\/vi\/services\/\"},{\"@type\":\"ListItem\",\"position\":3,\"name\":\"D\u1ecbch v\u1ee5 Gi\u1eb7t \u1ee7i\"}]},{\"@type\":\"WebSite\",\"@id\":\"https:\/\/www.vesnahotelnhatrang.com\/vi\/#website\",\"url\":\"https:\/\/www.vesnahotelnhatrang.com\/vi\/\",\"name\":\"Vesna hotel Nha Trang\",\"description\":\"\",\"potentialAction\":[{\"@type\":\"SearchAction\",\"target\":{\"@type\":\"EntryPoint\",\"urlTemplate\":\"https:\/\/www.vesnahotelnhatrang.com\/vi\/?s={search_term_string}\"},\"query-input\":\"required name=search_term_string\"}],\"inLanguage\":\"vi-VN\"}]}<\/script>\n<!-- \/ Yoast SEO plugin. -->","yoast_head_json":{"title":"D\u1ecbch v\u1ee5 Gi\u1eb7t \u1ee7i chuy\u00ean nghi\u1ec7p | Vesna Hotel Nha Trang","description":"D\u1ecbch v\u1ee5 gi\u1eb7t \u1ee7i chuy\u00ean nghi\u1ec7p v\u00e0 gi\u1eb7t kh\u00f4 nhanh ch\u00f3ng t\u1ea1i Vesna Hotel Nha Trang. \u0110\u1ea3m b\u1ea3o qu\u1ea7n \u00e1o s\u1ea1ch s\u1ebd, th\u01a1m m\u00e1t. Xem b\u1ea3ng gi\u00e1 v\u00e0 \u0111\u1eb7t d\u1ecbch v\u1ee5!","robots":{"index":"index","follow":"follow","max-snippet":"max-snippet:-1","max-image-preview":"max-image-preview:large","max-video-preview":"max-video-preview:-1"},"canonical":"https:\/\/www.vesnahotelnhatrang.com\/vi\/services\/professional-laundry-service\/","og_locale":"vi_VN","og_type":"article","og_title":"D\u1ecbch v\u1ee5 Gi\u1eb7t \u1ee7i chuy\u00ean nghi\u1ec7p | Vesna Hotel Nha Trang","og_description":"D\u1ecbch v\u1ee5 gi\u1eb7t \u1ee7i chuy\u00ean nghi\u1ec7p v\u00e0 gi\u1eb7t kh\u00f4 nhanh ch\u00f3ng t\u1ea1i Vesna Hotel Nha Trang. \u0110\u1ea3m b\u1ea3o qu\u1ea7n \u00e1o s\u1ea1ch s\u1ebd, th\u01a1m m\u00e1t. Xem b\u1ea3ng gi\u00e1 v\u00e0 \u0111\u1eb7t d\u1ecbch v\u1ee5!","og_url":"https:\/\/www.vesnahotelnhatrang.com\/vi\/services\/professional-laundry-service\/","og_site_name":"Vesna Hotel Nha Trang","article_modified_time":"2026-04-02T07:07:06+00:00","og_image":[{"width":2200,"height":1467,"url":"https:\/\/www.vesnahotelnhatrang.com\/wp-content\/uploads\/sites\/144\/2026\/04\/heap-clothes-female-hands-neatly-stacked-simple-clothing-white-background-1.jpg","type":"image\/jpeg"}],"twitter_card":"summary_large_image","twitter_misc":{"Est. reading time":"1 minute"},"schema":{"@context":"https:\/\/schema.org","@graph":[{"@type":"WebPage","@id":"https:\/\/www.vesnahotelnhatrang.com\/vi\/services\/professional-laundry-service\/","url":"https:\/\/www.vesnahotelnhatrang.com\/vi\/services\/professional-laundry-service\/","name":"D\u1ecbch v\u1ee5 Gi\u1eb7t \u1ee7i chuy\u00ean nghi\u1ec7p | Vesna Hotel Nha Trang","isPartOf":{"@id":"https:\/\/www.vesnahotelnhatrang.com\/vi\/#website"},"primaryImageOfPage":{"@id":"https:\/\/www.vesnahotelnhatrang.com\/vi\/services\/professional-laundry-service\/#primaryimage"},"image":{"@id":"https:\/\/www.vesnahotelnhatrang.com\/vi\/services\/professional-laundry-service\/#primaryimage"},"thumbnailUrl":"https:\/\/www.vesnahotelnhatrang.com\/wp-content\/uploads\/sites\/144\/2026\/04\/heap-clothes-female-hands-neatly-stacked-simple-clothing-white-background-1.jpg","datePublished":"2026-01-07T03:39:28+00:00","dateModified":"2026-04-02T07:07:06+00:00","description":"D\u1ecbch v\u1ee5 gi\u1eb7t \u1ee7i chuy\u00ean nghi\u1ec7p v\u00e0 gi\u1eb7t kh\u00f4 nhanh ch\u00f3ng t\u1ea1i Vesna Hotel Nha Trang. \u0110\u1ea3m b\u1ea3o qu\u1ea7n \u00e1o s\u1ea1ch s\u1ebd, th\u01a1m m\u00e1t. Xem b\u1ea3ng gi\u00e1 v\u00e0 \u0111\u1eb7t d\u1ecbch v\u1ee5!","breadcrumb":{"@id":"https:\/\/www.vesnahotelnhatrang.com\/vi\/services\/professional-laundry-service\/#breadcrumb"},"inLanguage":"vi-VN","potentialAction":[{"@type":"ReadAction","target":["https:\/\/www.vesnahotelnhatrang.com\/vi\/services\/professional-laundry-service\/"]}]},{"@type":"ImageObject","inLanguage":"vi-VN","@id":"https:\/\/www.vesnahotelnhatrang.com\/vi\/services\/professional-laundry-service\/#primaryimage","url":"https:\/\/www.vesnahotelnhatrang.com\/wp-content\/uploads\/sites\/144\/2026\/04\/heap-clothes-female-hands-neatly-stacked-simple-clothing-white-background-1.jpg","contentUrl":"https:\/\/www.vesnahotelnhatrang.com\/wp-content\/uploads\/sites\/144\/2026\/04\/heap-clothes-female-hands-neatly-stacked-simple-clothing-white-background-1.jpg","width":2200,"height":1467,"caption":"Heap of clothes in female hands. Neatly stacked simple clothing at white background"},{"@type":"BreadcrumbList","@id":"https:\/\/www.vesnahotelnhatrang.com\/vi\/services\/professional-laundry-service\/#breadcrumb","itemListElement":[{"@type":"ListItem","position":1,"name":"Home","item":"https:\/\/www.vesnahotelnhatrang.com\/vi\/"},{"@type":"ListItem","position":2,"name":"D\u1ecbch v\u1ee5","item":"https:\/\/www.vesnahotelnhatrang.com\/vi\/services\/"},{"@type":"ListItem","position":3,"name":"D\u1ecbch v\u1ee5 Gi\u1eb7t \u1ee7i"}]},{"@type":"WebSite","@id":"https:\/\/www.vesnahotelnhatrang.com\/vi\/#website","url":"https:\/\/www.vesnahotelnhatrang.com\/vi\/","name":"Vesna hotel Nha Trang","description":"","potentialAction":[{"@type":"SearchAction","target":{"@type":"EntryPoint","urlTemplate":"https:\/\/www.vesnahotelnhatrang.com\/vi\/?s={search_term_string}"},"query-input":"required name=search_term_string"}],"inLanguage":"vi-VN"}]}},"acf":[],"_links":{"self":[{"href":"https:\/\/www.vesnahotelnhatrang.com\/vi\/wp-json\/wp\/v2\/pages\/172"}],"collection":[{"href":"https:\/\/www.vesnahotelnhatrang.com\/vi\/wp-json\/wp\/v2\/pages"}],"about":[{"href":"https:\/\/www.vesnahotelnhatrang.com\/vi\/wp-json\/wp\/v2\/types\/page"}],"author":[{"embeddable":true,"href":"https:\/\/www.vesnahotelnhatrang.com\/vi\/wp-json\/wp\/v2\/users\/8"}],"replies":[{"embeddable":true,"href":"https:\/\/www.vesnahotelnhatrang.com\/vi\/wp-json\/wp\/v2\/comments?post=172"}],"version-history":[{"count":0,"href":"https:\/\/www.vesnahotelnhatrang.com\/vi\/wp-json\/wp\/v2\/pages\/172\/revisions"}],"up":[{"embeddable":true,"href":"https:\/\/www.vesnahotelnhatrang.com\/vi\/wp-json\/wp\/v2\/pages\/151"}],"wp:featuredmedia":[{"embeddable":true,"href":"https:\/\/www.vesnahotelnhatrang.com\/vi\/wp-json\/wp\/v2\/media\/474"}],"wp:attachment":[{"href":"https:\/\/www.vesnahotelnhatrang.com\/vi\/wp-json\/wp\/v2\/media?parent=172"}],"curies":[{"name":"wp","href":"https:\/\/api.w.org\/{rel}","templated":true}]}}