{"id":163,"date":"2026-01-07T03:33:33","date_gmt":"2026-01-07T03:33:33","guid":{"rendered":"https:\/\/vesnahotelnhatrang.ms2.decms.asia\/?page_id=163"},"modified":"2026-04-02T03:37:34","modified_gmt":"2026-04-02T03:37:34","slug":"in-room-dining","status":"publish","type":"page","link":"https:\/\/www.vesnahotelnhatrang.com\/vi\/services\/in-room-dining\/","title":{"rendered":"\u1ea8m th\u1ef1c t\u1ea1i ph\u00f2ng"},"content":{"rendered":"<p style=\"text-align: center\">Th\u01b0\u1edfng th\u1ee9c b\u1eefa \u0103n tuy\u1ec7t v\u1eddi trong kh\u00f4ng kh\u00ed th\u01b0 th\u00e1i c\u1ee7a bu\u1ed5i s\u00e1ng s\u1edbm, hay t\u1eadn h\u01b0\u1edfng m\u00f3n \u0103n y\u00eau th\u00edch ngay tr\u00ean chi\u1ebfc gi\u01b0\u1eddng \u1ea5m \u00e1p, tho\u1ea3i m\u00e1i c\u1ee7a b\u1ea1n? T\u1ea1i Vesna Hotel Nha Trang, qu\u00fd kh\u00e1ch c\u00f3 th\u1ec3 tr\u1ea3i nghi\u1ec7m c\u1ea3 hai. Ch\u00fang t\u00f4i ph\u1ee5c v\u1ee5 \u1ea9m th\u1ef1c Qu\u1ed1c t\u1ebf v\u1edbi \u0111a d\u1ea1ng c\u00e1c m\u00f3n \u0103n \u0111\u1eb7c s\u1eafc t\u1eeb \u00c1 \u0111\u1ebfn \u00c2u!<\/p>\n","protected":false},"excerpt":{"rendered":"<p>Th\u01b0\u1edfng th\u1ee9c b\u1eefa \u0103n tuy\u1ec7t v\u1eddi trong kh\u00f4ng kh\u00ed th\u01b0 th\u00e1i c\u1ee7a bu\u1ed5i s\u00e1ng s\u1edbm, hay t\u1eadn h\u01b0\u1edfng m\u00f3n \u0103n y\u00eau th\u00edch ngay tr\u00ean chi\u1ebfc gi\u01b0\u1eddng \u1ea5m \u00e1p, tho\u1ea3i m\u00e1i c\u1ee7a b\u1ea1n? T\u1ea1i Vesna Hotel Nha Trang, qu\u00fd kh\u00e1ch c\u00f3 th\u1ec3 tr\u1ea3i nghi\u1ec7m c\u1ea3 hai. Ch\u00fang t\u00f4i ph\u1ee5c v\u1ee5 \u1ea9m th\u1ef1c Qu\u1ed1c t\u1ebf v\u1edbi \u0111a [&hellip;]<\/p>\n","protected":false},"author":8,"featured_media":452,"parent":151,"menu_order":0,"comment_status":"closed","ping_status":"closed","template":"template-single-service.php","meta":{"footnotes":""},"yoast_head":"<!-- This site is optimized with the Yoast SEO plugin v22.3 - https:\/\/yoast.com\/wordpress\/plugins\/seo\/ -->\n<title>D\u1ecbch V\u1ee5 \u0102n T\u1ea1i Ph\u00f2ng 24\/7 | Vesna Hotel Nha Trang<\/title>\n<meta name=\"description\" content=\"Th\u01b0\u1edfng th\u1ee9c \u1ea9m th\u1ef1c 5 sao ngay t\u1ea1i ph\u00f2ng ngh\u1ec9 c\u1ee7a b\u1ea1n v\u1edbi D\u1ecbch v\u1ee5 \u0102n t\u1ea1i Ph\u00f2ng 24\/7 c\u1ee7a Vesna Hotel Nha Trang. Th\u1ef1c \u0111\u01a1n \u00c0 la carte phong ph\u00fa, ph\u1ee5c v\u1ee5 nhanh ch\u00f3ng, tuy\u1ec7t \u0111\u1ed1i ri\u00eang t\u01b0.\" \/>\n<meta name=\"robots\" content=\"index, follow, max-snippet:-1, max-image-preview:large, max-video-preview:-1\" \/>\n<link rel=\"canonical\" href=\"https:\/\/www.vesnahotelnhatrang.com\/vi\/services\/in-room-dining\/\" \/>\n<meta property=\"og:locale\" content=\"vi_VN\" \/>\n<meta property=\"og:type\" content=\"article\" \/>\n<meta property=\"og:title\" content=\"D\u1ecbch V\u1ee5 \u0102n T\u1ea1i Ph\u00f2ng 24\/7 | Vesna Hotel Nha Trang\" \/>\n<meta property=\"og:description\" content=\"Th\u01b0\u1edfng th\u1ee9c \u1ea9m th\u1ef1c 5 sao ngay t\u1ea1i ph\u00f2ng ngh\u1ec9 c\u1ee7a b\u1ea1n v\u1edbi D\u1ecbch v\u1ee5 \u0102n t\u1ea1i Ph\u00f2ng 24\/7 c\u1ee7a Vesna Hotel Nha Trang. Th\u1ef1c \u0111\u01a1n \u00c0 la carte phong ph\u00fa, ph\u1ee5c v\u1ee5 nhanh ch\u00f3ng, tuy\u1ec7t \u0111\u1ed1i ri\u00eang t\u01b0.\" \/>\n<meta property=\"og:url\" content=\"https:\/\/www.vesnahotelnhatrang.com\/vi\/services\/in-room-dining\/\" \/>\n<meta property=\"og:site_name\" content=\"Vesna Hotel Nha Trang\" \/>\n<meta property=\"article:modified_time\" content=\"2026-04-02T03:37:34+00:00\" \/>\n<meta property=\"og:image\" content=\"https:\/\/www.vesnahotelnhatrang.com\/wp-content\/uploads\/sites\/144\/2026\/04\/ST_09341-e1775099439920.jpg\" \/>\n\t<meta property=\"og:image:width\" content=\"1466\" \/>\n\t<meta property=\"og:image:height\" content=\"1210\" \/>\n\t<meta property=\"og:image:type\" content=\"image\/jpeg\" \/>\n<meta name=\"twitter:card\" content=\"summary_large_image\" \/>\n<meta name=\"twitter:label1\" content=\"Est. reading time\" \/>\n\t<meta name=\"twitter:data1\" content=\"1 minute\" \/>\n<script type=\"application\/ld+json\" class=\"yoast-schema-graph\">{\"@context\":\"https:\/\/schema.org\",\"@graph\":[{\"@type\":\"WebPage\",\"@id\":\"https:\/\/www.vesnahotelnhatrang.com\/vi\/services\/in-room-dining\/\",\"url\":\"https:\/\/www.vesnahotelnhatrang.com\/vi\/services\/in-room-dining\/\",\"name\":\"D\u1ecbch V\u1ee5 \u0102n T\u1ea1i Ph\u00f2ng 24\/7 | Vesna Hotel Nha Trang\",\"isPartOf\":{\"@id\":\"https:\/\/www.vesnahotelnhatrang.com\/vi\/#website\"},\"primaryImageOfPage\":{\"@id\":\"https:\/\/www.vesnahotelnhatrang.com\/vi\/services\/in-room-dining\/#primaryimage\"},\"image\":{\"@id\":\"https:\/\/www.vesnahotelnhatrang.com\/vi\/services\/in-room-dining\/#primaryimage\"},\"thumbnailUrl\":\"https:\/\/www.vesnahotelnhatrang.com\/wp-content\/uploads\/sites\/144\/2026\/04\/ST_09341-e1775099439920.jpg\",\"datePublished\":\"2026-01-07T03:33:33+00:00\",\"dateModified\":\"2026-04-02T03:37:34+00:00\",\"description\":\"Th\u01b0\u1edfng th\u1ee9c \u1ea9m th\u1ef1c 5 sao ngay t\u1ea1i ph\u00f2ng ngh\u1ec9 c\u1ee7a b\u1ea1n v\u1edbi D\u1ecbch v\u1ee5 \u0102n t\u1ea1i Ph\u00f2ng 24\/7 c\u1ee7a Vesna Hotel Nha Trang. Th\u1ef1c \u0111\u01a1n \u00c0 la carte phong ph\u00fa, ph\u1ee5c v\u1ee5 nhanh ch\u00f3ng, tuy\u1ec7t \u0111\u1ed1i ri\u00eang t\u01b0.\",\"breadcrumb\":{\"@id\":\"https:\/\/www.vesnahotelnhatrang.com\/vi\/services\/in-room-dining\/#breadcrumb\"},\"inLanguage\":\"vi-VN\",\"potentialAction\":[{\"@type\":\"ReadAction\",\"target\":[\"https:\/\/www.vesnahotelnhatrang.com\/vi\/services\/in-room-dining\/\"]}]},{\"@type\":\"ImageObject\",\"inLanguage\":\"vi-VN\",\"@id\":\"https:\/\/www.vesnahotelnhatrang.com\/vi\/services\/in-room-dining\/#primaryimage\",\"url\":\"https:\/\/www.vesnahotelnhatrang.com\/wp-content\/uploads\/sites\/144\/2026\/04\/ST_09341-e1775099439920.jpg\",\"contentUrl\":\"https:\/\/www.vesnahotelnhatrang.com\/wp-content\/uploads\/sites\/144\/2026\/04\/ST_09341-e1775099439920.jpg\",\"width\":1466,\"height\":1210},{\"@type\":\"BreadcrumbList\",\"@id\":\"https:\/\/www.vesnahotelnhatrang.com\/vi\/services\/in-room-dining\/#breadcrumb\",\"itemListElement\":[{\"@type\":\"ListItem\",\"position\":1,\"name\":\"Home\",\"item\":\"https:\/\/www.vesnahotelnhatrang.com\/vi\/\"},{\"@type\":\"ListItem\",\"position\":2,\"name\":\"D\u1ecbch v\u1ee5\",\"item\":\"https:\/\/www.vesnahotelnhatrang.com\/vi\/services\/\"},{\"@type\":\"ListItem\",\"position\":3,\"name\":\"\u1ea8m th\u1ef1c t\u1ea1i ph\u00f2ng\"}]},{\"@type\":\"WebSite\",\"@id\":\"https:\/\/www.vesnahotelnhatrang.com\/vi\/#website\",\"url\":\"https:\/\/www.vesnahotelnhatrang.com\/vi\/\",\"name\":\"Vesna hotel Nha Trang\",\"description\":\"\",\"potentialAction\":[{\"@type\":\"SearchAction\",\"target\":{\"@type\":\"EntryPoint\",\"urlTemplate\":\"https:\/\/www.vesnahotelnhatrang.com\/vi\/?s={search_term_string}\"},\"query-input\":\"required name=search_term_string\"}],\"inLanguage\":\"vi-VN\"}]}<\/script>\n<!-- \/ Yoast SEO plugin. -->","yoast_head_json":{"title":"D\u1ecbch V\u1ee5 \u0102n T\u1ea1i Ph\u00f2ng 24\/7 | Vesna Hotel Nha Trang","description":"Th\u01b0\u1edfng th\u1ee9c \u1ea9m th\u1ef1c 5 sao ngay t\u1ea1i ph\u00f2ng ngh\u1ec9 c\u1ee7a b\u1ea1n v\u1edbi D\u1ecbch v\u1ee5 \u0102n t\u1ea1i Ph\u00f2ng 24\/7 c\u1ee7a Vesna Hotel Nha Trang. Th\u1ef1c \u0111\u01a1n \u00c0 la carte phong ph\u00fa, ph\u1ee5c v\u1ee5 nhanh ch\u00f3ng, tuy\u1ec7t \u0111\u1ed1i ri\u00eang t\u01b0.","robots":{"index":"index","follow":"follow","max-snippet":"max-snippet:-1","max-image-preview":"max-image-preview:large","max-video-preview":"max-video-preview:-1"},"canonical":"https:\/\/www.vesnahotelnhatrang.com\/vi\/services\/in-room-dining\/","og_locale":"vi_VN","og_type":"article","og_title":"D\u1ecbch V\u1ee5 \u0102n T\u1ea1i Ph\u00f2ng 24\/7 | Vesna Hotel Nha Trang","og_description":"Th\u01b0\u1edfng th\u1ee9c \u1ea9m th\u1ef1c 5 sao ngay t\u1ea1i ph\u00f2ng ngh\u1ec9 c\u1ee7a b\u1ea1n v\u1edbi D\u1ecbch v\u1ee5 \u0102n t\u1ea1i Ph\u00f2ng 24\/7 c\u1ee7a Vesna Hotel Nha Trang. Th\u1ef1c \u0111\u01a1n \u00c0 la carte phong ph\u00fa, ph\u1ee5c v\u1ee5 nhanh ch\u00f3ng, tuy\u1ec7t \u0111\u1ed1i ri\u00eang t\u01b0.","og_url":"https:\/\/www.vesnahotelnhatrang.com\/vi\/services\/in-room-dining\/","og_site_name":"Vesna Hotel Nha Trang","article_modified_time":"2026-04-02T03:37:34+00:00","og_image":[{"width":1466,"height":1210,"url":"https:\/\/www.vesnahotelnhatrang.com\/wp-content\/uploads\/sites\/144\/2026\/04\/ST_09341-e1775099439920.jpg","type":"image\/jpeg"}],"twitter_card":"summary_large_image","twitter_misc":{"Est. reading time":"1 minute"},"schema":{"@context":"https:\/\/schema.org","@graph":[{"@type":"WebPage","@id":"https:\/\/www.vesnahotelnhatrang.com\/vi\/services\/in-room-dining\/","url":"https:\/\/www.vesnahotelnhatrang.com\/vi\/services\/in-room-dining\/","name":"D\u1ecbch V\u1ee5 \u0102n T\u1ea1i Ph\u00f2ng 24\/7 | Vesna Hotel Nha Trang","isPartOf":{"@id":"https:\/\/www.vesnahotelnhatrang.com\/vi\/#website"},"primaryImageOfPage":{"@id":"https:\/\/www.vesnahotelnhatrang.com\/vi\/services\/in-room-dining\/#primaryimage"},"image":{"@id":"https:\/\/www.vesnahotelnhatrang.com\/vi\/services\/in-room-dining\/#primaryimage"},"thumbnailUrl":"https:\/\/www.vesnahotelnhatrang.com\/wp-content\/uploads\/sites\/144\/2026\/04\/ST_09341-e1775099439920.jpg","datePublished":"2026-01-07T03:33:33+00:00","dateModified":"2026-04-02T03:37:34+00:00","description":"Th\u01b0\u1edfng th\u1ee9c \u1ea9m th\u1ef1c 5 sao ngay t\u1ea1i ph\u00f2ng ngh\u1ec9 c\u1ee7a b\u1ea1n v\u1edbi D\u1ecbch v\u1ee5 \u0102n t\u1ea1i Ph\u00f2ng 24\/7 c\u1ee7a Vesna Hotel Nha Trang. Th\u1ef1c \u0111\u01a1n \u00c0 la carte phong ph\u00fa, ph\u1ee5c v\u1ee5 nhanh ch\u00f3ng, tuy\u1ec7t \u0111\u1ed1i ri\u00eang t\u01b0.","breadcrumb":{"@id":"https:\/\/www.vesnahotelnhatrang.com\/vi\/services\/in-room-dining\/#breadcrumb"},"inLanguage":"vi-VN","potentialAction":[{"@type":"ReadAction","target":["https:\/\/www.vesnahotelnhatrang.com\/vi\/services\/in-room-dining\/"]}]},{"@type":"ImageObject","inLanguage":"vi-VN","@id":"https:\/\/www.vesnahotelnhatrang.com\/vi\/services\/in-room-dining\/#primaryimage","url":"https:\/\/www.vesnahotelnhatrang.com\/wp-content\/uploads\/sites\/144\/2026\/04\/ST_09341-e1775099439920.jpg","contentUrl":"https:\/\/www.vesnahotelnhatrang.com\/wp-content\/uploads\/sites\/144\/2026\/04\/ST_09341-e1775099439920.jpg","width":1466,"height":1210},{"@type":"BreadcrumbList","@id":"https:\/\/www.vesnahotelnhatrang.com\/vi\/services\/in-room-dining\/#breadcrumb","itemListElement":[{"@type":"ListItem","position":1,"name":"Home","item":"https:\/\/www.vesnahotelnhatrang.com\/vi\/"},{"@type":"ListItem","position":2,"name":"D\u1ecbch v\u1ee5","item":"https:\/\/www.vesnahotelnhatrang.com\/vi\/services\/"},{"@type":"ListItem","position":3,"name":"\u1ea8m th\u1ef1c t\u1ea1i ph\u00f2ng"}]},{"@type":"WebSite","@id":"https:\/\/www.vesnahotelnhatrang.com\/vi\/#website","url":"https:\/\/www.vesnahotelnhatrang.com\/vi\/","name":"Vesna hotel Nha Trang","description":"","potentialAction":[{"@type":"SearchAction","target":{"@type":"EntryPoint","urlTemplate":"https:\/\/www.vesnahotelnhatrang.com\/vi\/?s={search_term_string}"},"query-input":"required name=search_term_string"}],"inLanguage":"vi-VN"}]}},"acf":[],"_links":{"self":[{"href":"https:\/\/www.vesnahotelnhatrang.com\/vi\/wp-json\/wp\/v2\/pages\/163"}],"collection":[{"href":"https:\/\/www.vesnahotelnhatrang.com\/vi\/wp-json\/wp\/v2\/pages"}],"about":[{"href":"https:\/\/www.vesnahotelnhatrang.com\/vi\/wp-json\/wp\/v2\/types\/page"}],"author":[{"embeddable":true,"href":"https:\/\/www.vesnahotelnhatrang.com\/vi\/wp-json\/wp\/v2\/users\/8"}],"replies":[{"embeddable":true,"href":"https:\/\/www.vesnahotelnhatrang.com\/vi\/wp-json\/wp\/v2\/comments?post=163"}],"version-history":[{"count":0,"href":"https:\/\/www.vesnahotelnhatrang.com\/vi\/wp-json\/wp\/v2\/pages\/163\/revisions"}],"up":[{"embeddable":true,"href":"https:\/\/www.vesnahotelnhatrang.com\/vi\/wp-json\/wp\/v2\/pages\/151"}],"wp:featuredmedia":[{"embeddable":true,"href":"https:\/\/www.vesnahotelnhatrang.com\/vi\/wp-json\/wp\/v2\/media\/452"}],"wp:attachment":[{"href":"https:\/\/www.vesnahotelnhatrang.com\/vi\/wp-json\/wp\/v2\/media?parent=163"}],"curies":[{"name":"wp","href":"https:\/\/api.w.org\/{rel}","templated":true}]}}