{"id":151,"date":"2026-01-07T03:05:58","date_gmt":"2026-01-07T03:05:58","guid":{"rendered":"https:\/\/vesnahotelnhatrang.ms2.decms.asia\/?page_id=151"},"modified":"2026-04-02T03:02:27","modified_gmt":"2026-04-02T03:02:27","slug":"services","status":"publish","type":"page","link":"https:\/\/www.vesnahotelnhatrang.com\/vi\/services\/","title":{"rendered":"D\u1ecbch v\u1ee5"},"content":{"rendered":"<p style=\"text-align: center\">T\u1ea1i Vesna Hotel Nha Trang, s\u1ef1 tho\u1ea3i m\u00e1i v\u00e0 ti\u1ec7n l\u1ee3i c\u1ee7a qu\u00fd kh\u00e1ch l\u00e0 \u01b0u ti\u00ean h\u00e0ng \u0111\u1ea7u c\u1ee7a ch\u00fang t\u00f4i. Ch\u00fang t\u00f4i cung c\u1ea5p m\u1ed9t lo\u1ea1t c\u00e1c d\u1ecbch v\u1ee5 kh\u00e1ch s\u1ea1n cao c\u1ea5p \u0111\u01b0\u1ee3c thi\u1ebft k\u1ebf ri\u00eang \u0111\u1ec3 \u0111\u00e1p \u1ee9ng m\u1ecdi nhu c\u1ea7u, t\u1eeb l\u00fac b\u1ea1n \u0111\u1eb7t ch\u00e2n \u0111\u1ebfn Nha Trang cho \u0111\u1ebfn khi k\u1ebft th\u00fac chuy\u1ebfn \u0111i ho\u00e0n h\u1ea3o.<\/p>\n","protected":false},"excerpt":{"rendered":"<p>T\u1ea1i Vesna Hotel Nha Trang, s\u1ef1 tho\u1ea3i m\u00e1i v\u00e0 ti\u1ec7n l\u1ee3i c\u1ee7a qu\u00fd kh\u00e1ch l\u00e0 \u01b0u ti\u00ean h\u00e0ng \u0111\u1ea7u c\u1ee7a ch\u00fang t\u00f4i. Ch\u00fang t\u00f4i cung c\u1ea5p m\u1ed9t lo\u1ea1t c\u00e1c d\u1ecbch v\u1ee5 kh\u00e1ch s\u1ea1n cao c\u1ea5p \u0111\u01b0\u1ee3c thi\u1ebft k\u1ebf ri\u00eang \u0111\u1ec3 \u0111\u00e1p \u1ee9ng m\u1ecdi nhu c\u1ea7u, t\u1eeb l\u00fac b\u1ea1n \u0111\u1eb7t ch\u00e2n \u0111\u1ebfn Nha Trang cho \u0111\u1ebfn [&hellip;]<\/p>\n","protected":false},"author":8,"featured_media":451,"parent":0,"menu_order":0,"comment_status":"closed","ping_status":"closed","template":"template-services.php","meta":{"footnotes":""},"yoast_head":"<!-- This site is optimized with the Yoast SEO plugin v22.3 - https:\/\/yoast.com\/wordpress\/plugins\/seo\/ -->\n<title>Services | Vesna Hotel Nha Trang<\/title>\n<meta name=\"description\" content=\"Kh\u00e1m ph\u00e1 c\u00e1c ti\u1ec7n \u00edch 5 sao t\u1ea1i Vesna Hotel Nha Trang. D\u1ecbch v\u1ee5 gi\u1eb7t \u1ee7i, \u0111\u01b0a \u0111\u00f3n s\u00e2n bay, tour tham quan th\u00e0nh ph\u1ed1 v\u00e0 trang tr\u00ed \u0111\u1eb7c bi\u1ec7t theo y\u00eau c\u1ea7u. N\u00e2ng t\u1ea7m k\u1ef3 ngh\u1ec9 c\u1ee7a b\u1ea1n!\" \/>\n<meta name=\"robots\" content=\"index, follow, max-snippet:-1, max-image-preview:large, max-video-preview:-1\" \/>\n<link rel=\"canonical\" href=\"https:\/\/www.vesnahotelnhatrang.com\/vi\/services\/\" \/>\n<meta property=\"og:locale\" content=\"vi_VN\" \/>\n<meta property=\"og:type\" content=\"article\" \/>\n<meta property=\"og:title\" content=\"Services | Vesna Hotel Nha Trang\" \/>\n<meta property=\"og:description\" content=\"Kh\u00e1m ph\u00e1 c\u00e1c ti\u1ec7n \u00edch 5 sao t\u1ea1i Vesna Hotel Nha Trang. D\u1ecbch v\u1ee5 gi\u1eb7t \u1ee7i, \u0111\u01b0a \u0111\u00f3n s\u00e2n bay, tour tham quan th\u00e0nh ph\u1ed1 v\u00e0 trang tr\u00ed \u0111\u1eb7c bi\u1ec7t theo y\u00eau c\u1ea7u. N\u00e2ng t\u1ea7m k\u1ef3 ngh\u1ec9 c\u1ee7a b\u1ea1n!\" \/>\n<meta property=\"og:url\" content=\"https:\/\/www.vesnahotelnhatrang.com\/vi\/services\/\" \/>\n<meta property=\"og:site_name\" content=\"Vesna Hotel Nha Trang\" \/>\n<meta property=\"article:modified_time\" content=\"2026-04-02T03:02:27+00:00\" \/>\n<meta property=\"og:image\" content=\"https:\/\/www.vesnahotelnhatrang.com\/wp-content\/uploads\/sites\/144\/2026\/04\/ST_05143-Edit-1-e1775098879679.jpg\" \/>\n\t<meta property=\"og:image:width\" content=\"1364\" \/>\n\t<meta property=\"og:image:height\" content=\"718\" \/>\n\t<meta property=\"og:image:type\" content=\"image\/jpeg\" \/>\n<meta name=\"twitter:card\" content=\"summary_large_image\" \/>\n<meta name=\"twitter:label1\" content=\"Est. reading time\" \/>\n\t<meta name=\"twitter:data1\" content=\"1 minute\" \/>\n<script type=\"application\/ld+json\" class=\"yoast-schema-graph\">{\"@context\":\"https:\/\/schema.org\",\"@graph\":[{\"@type\":\"WebPage\",\"@id\":\"https:\/\/www.vesnahotelnhatrang.com\/vi\/services\/\",\"url\":\"https:\/\/www.vesnahotelnhatrang.com\/vi\/services\/\",\"name\":\"Services | Vesna Hotel Nha Trang\",\"isPartOf\":{\"@id\":\"https:\/\/www.vesnahotelnhatrang.com\/vi\/#website\"},\"primaryImageOfPage\":{\"@id\":\"https:\/\/www.vesnahotelnhatrang.com\/vi\/services\/#primaryimage\"},\"image\":{\"@id\":\"https:\/\/www.vesnahotelnhatrang.com\/vi\/services\/#primaryimage\"},\"thumbnailUrl\":\"https:\/\/www.vesnahotelnhatrang.com\/wp-content\/uploads\/sites\/144\/2026\/04\/ST_05143-Edit-1-e1775098879679.jpg\",\"datePublished\":\"2026-01-07T03:05:58+00:00\",\"dateModified\":\"2026-04-02T03:02:27+00:00\",\"description\":\"Kh\u00e1m ph\u00e1 c\u00e1c ti\u1ec7n \u00edch 5 sao t\u1ea1i Vesna Hotel Nha Trang. D\u1ecbch v\u1ee5 gi\u1eb7t \u1ee7i, \u0111\u01b0a \u0111\u00f3n s\u00e2n bay, tour tham quan th\u00e0nh ph\u1ed1 v\u00e0 trang tr\u00ed \u0111\u1eb7c bi\u1ec7t theo y\u00eau c\u1ea7u. N\u00e2ng t\u1ea7m k\u1ef3 ngh\u1ec9 c\u1ee7a b\u1ea1n!\",\"breadcrumb\":{\"@id\":\"https:\/\/www.vesnahotelnhatrang.com\/vi\/services\/#breadcrumb\"},\"inLanguage\":\"vi-VN\",\"potentialAction\":[{\"@type\":\"ReadAction\",\"target\":[\"https:\/\/www.vesnahotelnhatrang.com\/vi\/services\/\"]}]},{\"@type\":\"ImageObject\",\"inLanguage\":\"vi-VN\",\"@id\":\"https:\/\/www.vesnahotelnhatrang.com\/vi\/services\/#primaryimage\",\"url\":\"https:\/\/www.vesnahotelnhatrang.com\/wp-content\/uploads\/sites\/144\/2026\/04\/ST_05143-Edit-1-e1775098879679.jpg\",\"contentUrl\":\"https:\/\/www.vesnahotelnhatrang.com\/wp-content\/uploads\/sites\/144\/2026\/04\/ST_05143-Edit-1-e1775098879679.jpg\",\"width\":1364,\"height\":718},{\"@type\":\"BreadcrumbList\",\"@id\":\"https:\/\/www.vesnahotelnhatrang.com\/vi\/services\/#breadcrumb\",\"itemListElement\":[{\"@type\":\"ListItem\",\"position\":1,\"name\":\"Home\",\"item\":\"https:\/\/www.vesnahotelnhatrang.com\/vi\/\"},{\"@type\":\"ListItem\",\"position\":2,\"name\":\"D\u1ecbch v\u1ee5\"}]},{\"@type\":\"WebSite\",\"@id\":\"https:\/\/www.vesnahotelnhatrang.com\/vi\/#website\",\"url\":\"https:\/\/www.vesnahotelnhatrang.com\/vi\/\",\"name\":\"Vesna hotel Nha Trang\",\"description\":\"\",\"potentialAction\":[{\"@type\":\"SearchAction\",\"target\":{\"@type\":\"EntryPoint\",\"urlTemplate\":\"https:\/\/www.vesnahotelnhatrang.com\/vi\/?s={search_term_string}\"},\"query-input\":\"required name=search_term_string\"}],\"inLanguage\":\"vi-VN\"}]}<\/script>\n<!-- \/ Yoast SEO plugin. -->","yoast_head_json":{"title":"Services | Vesna Hotel Nha Trang","description":"Kh\u00e1m ph\u00e1 c\u00e1c ti\u1ec7n \u00edch 5 sao t\u1ea1i Vesna Hotel Nha Trang. D\u1ecbch v\u1ee5 gi\u1eb7t \u1ee7i, \u0111\u01b0a \u0111\u00f3n s\u00e2n bay, tour tham quan th\u00e0nh ph\u1ed1 v\u00e0 trang tr\u00ed \u0111\u1eb7c bi\u1ec7t theo y\u00eau c\u1ea7u. N\u00e2ng t\u1ea7m k\u1ef3 ngh\u1ec9 c\u1ee7a b\u1ea1n!","robots":{"index":"index","follow":"follow","max-snippet":"max-snippet:-1","max-image-preview":"max-image-preview:large","max-video-preview":"max-video-preview:-1"},"canonical":"https:\/\/www.vesnahotelnhatrang.com\/vi\/services\/","og_locale":"vi_VN","og_type":"article","og_title":"Services | Vesna Hotel Nha Trang","og_description":"Kh\u00e1m ph\u00e1 c\u00e1c ti\u1ec7n \u00edch 5 sao t\u1ea1i Vesna Hotel Nha Trang. D\u1ecbch v\u1ee5 gi\u1eb7t \u1ee7i, \u0111\u01b0a \u0111\u00f3n s\u00e2n bay, tour tham quan th\u00e0nh ph\u1ed1 v\u00e0 trang tr\u00ed \u0111\u1eb7c bi\u1ec7t theo y\u00eau c\u1ea7u. N\u00e2ng t\u1ea7m k\u1ef3 ngh\u1ec9 c\u1ee7a b\u1ea1n!","og_url":"https:\/\/www.vesnahotelnhatrang.com\/vi\/services\/","og_site_name":"Vesna Hotel Nha Trang","article_modified_time":"2026-04-02T03:02:27+00:00","og_image":[{"width":1364,"height":718,"url":"https:\/\/www.vesnahotelnhatrang.com\/wp-content\/uploads\/sites\/144\/2026\/04\/ST_05143-Edit-1-e1775098879679.jpg","type":"image\/jpeg"}],"twitter_card":"summary_large_image","twitter_misc":{"Est. reading time":"1 minute"},"schema":{"@context":"https:\/\/schema.org","@graph":[{"@type":"WebPage","@id":"https:\/\/www.vesnahotelnhatrang.com\/vi\/services\/","url":"https:\/\/www.vesnahotelnhatrang.com\/vi\/services\/","name":"Services | Vesna Hotel Nha Trang","isPartOf":{"@id":"https:\/\/www.vesnahotelnhatrang.com\/vi\/#website"},"primaryImageOfPage":{"@id":"https:\/\/www.vesnahotelnhatrang.com\/vi\/services\/#primaryimage"},"image":{"@id":"https:\/\/www.vesnahotelnhatrang.com\/vi\/services\/#primaryimage"},"thumbnailUrl":"https:\/\/www.vesnahotelnhatrang.com\/wp-content\/uploads\/sites\/144\/2026\/04\/ST_05143-Edit-1-e1775098879679.jpg","datePublished":"2026-01-07T03:05:58+00:00","dateModified":"2026-04-02T03:02:27+00:00","description":"Kh\u00e1m ph\u00e1 c\u00e1c ti\u1ec7n \u00edch 5 sao t\u1ea1i Vesna Hotel Nha Trang. D\u1ecbch v\u1ee5 gi\u1eb7t \u1ee7i, \u0111\u01b0a \u0111\u00f3n s\u00e2n bay, tour tham quan th\u00e0nh ph\u1ed1 v\u00e0 trang tr\u00ed \u0111\u1eb7c bi\u1ec7t theo y\u00eau c\u1ea7u. N\u00e2ng t\u1ea7m k\u1ef3 ngh\u1ec9 c\u1ee7a b\u1ea1n!","breadcrumb":{"@id":"https:\/\/www.vesnahotelnhatrang.com\/vi\/services\/#breadcrumb"},"inLanguage":"vi-VN","potentialAction":[{"@type":"ReadAction","target":["https:\/\/www.vesnahotelnhatrang.com\/vi\/services\/"]}]},{"@type":"ImageObject","inLanguage":"vi-VN","@id":"https:\/\/www.vesnahotelnhatrang.com\/vi\/services\/#primaryimage","url":"https:\/\/www.vesnahotelnhatrang.com\/wp-content\/uploads\/sites\/144\/2026\/04\/ST_05143-Edit-1-e1775098879679.jpg","contentUrl":"https:\/\/www.vesnahotelnhatrang.com\/wp-content\/uploads\/sites\/144\/2026\/04\/ST_05143-Edit-1-e1775098879679.jpg","width":1364,"height":718},{"@type":"BreadcrumbList","@id":"https:\/\/www.vesnahotelnhatrang.com\/vi\/services\/#breadcrumb","itemListElement":[{"@type":"ListItem","position":1,"name":"Home","item":"https:\/\/www.vesnahotelnhatrang.com\/vi\/"},{"@type":"ListItem","position":2,"name":"D\u1ecbch v\u1ee5"}]},{"@type":"WebSite","@id":"https:\/\/www.vesnahotelnhatrang.com\/vi\/#website","url":"https:\/\/www.vesnahotelnhatrang.com\/vi\/","name":"Vesna hotel Nha Trang","description":"","potentialAction":[{"@type":"SearchAction","target":{"@type":"EntryPoint","urlTemplate":"https:\/\/www.vesnahotelnhatrang.com\/vi\/?s={search_term_string}"},"query-input":"required name=search_term_string"}],"inLanguage":"vi-VN"}]}},"acf":[],"_links":{"self":[{"href":"https:\/\/www.vesnahotelnhatrang.com\/vi\/wp-json\/wp\/v2\/pages\/151"}],"collection":[{"href":"https:\/\/www.vesnahotelnhatrang.com\/vi\/wp-json\/wp\/v2\/pages"}],"about":[{"href":"https:\/\/www.vesnahotelnhatrang.com\/vi\/wp-json\/wp\/v2\/types\/page"}],"author":[{"embeddable":true,"href":"https:\/\/www.vesnahotelnhatrang.com\/vi\/wp-json\/wp\/v2\/users\/8"}],"replies":[{"embeddable":true,"href":"https:\/\/www.vesnahotelnhatrang.com\/vi\/wp-json\/wp\/v2\/comments?post=151"}],"version-history":[{"count":0,"href":"https:\/\/www.vesnahotelnhatrang.com\/vi\/wp-json\/wp\/v2\/pages\/151\/revisions"}],"wp:featuredmedia":[{"embeddable":true,"href":"https:\/\/www.vesnahotelnhatrang.com\/vi\/wp-json\/wp\/v2\/media\/451"}],"wp:attachment":[{"href":"https:\/\/www.vesnahotelnhatrang.com\/vi\/wp-json\/wp\/v2\/media?parent=151"}],"curies":[{"name":"wp","href":"https:\/\/api.w.org\/{rel}","templated":true}]}}