{"id":118,"date":"2026-01-06T08:47:51","date_gmt":"2026-01-06T08:47:51","guid":{"rendered":"https:\/\/vesnahotelnhatrang.ms2.decms.asia\/?page_id=118"},"modified":"2026-04-02T04:19:27","modified_gmt":"2026-04-02T04:19:27","slug":"dining-experience","status":"publish","type":"page","link":"https:\/\/www.vesnahotelnhatrang.com\/vi\/dining-experience\/","title":{"rendered":"\u1ea8m th\u1ef1c"},"content":{"rendered":"<p style=\"text-align: center\">Th\u1ef1c \u0111\u01a1n c\u1ee7a ch\u00fang t\u00f4i l\u00e0 s\u1ef1 t\u00f4n vinh v\u1ebb \u0111\u1eb9p c\u1ee7a nguy\u00ean li\u1ec7u \u0111\u1ecba ph\u01b0\u01a1ng Nha Trang, \u0111\u1eb7c bi\u1ec7t l\u00e0 h\u1ea3i s\u1ea3n t\u01b0\u01a1i ngon \u0111\u01b0\u1ee3c ch\u1ecdn l\u1ecdc k\u1ef9 l\u01b0\u1ee1ng, k\u1ebft h\u1ee3p h\u00e0i h\u00f2a v\u1edbi nh\u1eefng n\u00e9t ch\u1ea5m ph\u00e1 c\u1ee7a \u1ea9m th\u1ef1c \u00c1 \u2013 \u00c2u. Cho d\u00f9 qu\u00fd kh\u00e1ch b\u1eaft \u0111\u1ea7u ng\u00e0y m\u1edbi v\u1edbi b\u1eefa buffet s\u00e1ng th\u1ecbnh so\u1ea1n, hay th\u01b0 gi\u00e3n trong b\u1eefa t\u1ed1i sang tr\u1ecdng, Vesna Restaurant lu\u00f4n mang \u0111\u1ebfn m\u1ed9t kh\u00f4ng gian \u1ea5m c\u00fang, tao nh\u00e3, nu\u00f4i d\u01b0\u1ee1ng c\u1ea3 v\u1ecb gi\u00e1c v\u00e0 t\u00e2m h\u1ed3n. H\u00e3y \u0111\u1ec3 m\u1ed7i b\u1eefa \u0103n t\u1ea1i \u0111\u00e2y tr\u1edf th\u00e0nh m\u1ed9t cu\u1ed9c phi\u00eau l\u01b0u \u1ea9m th\u1ef1c \u0111\u00e1ng nh\u1edb.<\/p>\n","protected":false},"excerpt":{"rendered":"<p>Th\u1ef1c \u0111\u01a1n c\u1ee7a ch\u00fang t\u00f4i l\u00e0 s\u1ef1 t\u00f4n vinh v\u1ebb \u0111\u1eb9p c\u1ee7a nguy\u00ean li\u1ec7u \u0111\u1ecba ph\u01b0\u01a1ng Nha Trang, \u0111\u1eb7c bi\u1ec7t l\u00e0 h\u1ea3i s\u1ea3n t\u01b0\u01a1i ngon \u0111\u01b0\u1ee3c ch\u1ecdn l\u1ecdc k\u1ef9 l\u01b0\u1ee1ng, k\u1ebft h\u1ee3p h\u00e0i h\u00f2a v\u1edbi nh\u1eefng n\u00e9t ch\u1ea5m ph\u00e1 c\u1ee7a \u1ea9m th\u1ef1c \u00c1 \u2013 \u00c2u. Cho d\u00f9 qu\u00fd kh\u00e1ch b\u1eaft \u0111\u1ea7u ng\u00e0y m\u1edbi v\u1edbi b\u1eefa [&hellip;]<\/p>\n","protected":false},"author":8,"featured_media":434,"parent":0,"menu_order":0,"comment_status":"closed","ping_status":"closed","template":"template-restaurants.php","meta":{"footnotes":""},"yoast_head":"<!-- This site is optimized with the Yoast SEO plugin v22.3 - https:\/\/yoast.com\/wordpress\/plugins\/seo\/ -->\n<title>\u1ea8m th\u1ef1c Nh\u00e0 h\u00e0ng 5 sao | Vesna Hotel Nha Trang<\/title>\n<meta name=\"description\" content=\"Th\u01b0\u1edfng th\u1ee9c tinh hoa \u1ea9m th\u1ef1c t\u1ea1i Vesna Hotel Nha Trang. Kh\u00e1m ph\u00e1 Vesna Restaurant sang tr\u1ecdng, th\u1ef1c \u0111\u01a1n Alacarte \u0111a d\u1ea1ng, d\u1ecbch v\u1ee5 Room Service 24\/7 v\u00e0 tr\u1ea3i nghi\u1ec7m Afternoon Tea th\u01b0 gi\u00e3n. \u0110\u1eb7t b\u00e0n ngay!\" \/>\n<meta name=\"robots\" content=\"index, follow, max-snippet:-1, max-image-preview:large, max-video-preview:-1\" \/>\n<link rel=\"canonical\" href=\"https:\/\/www.vesnahotelnhatrang.com\/vi\/dining-experience\/\" \/>\n<meta property=\"og:locale\" content=\"vi_VN\" \/>\n<meta property=\"og:type\" content=\"article\" \/>\n<meta property=\"og:title\" content=\"\u1ea8m th\u1ef1c Nh\u00e0 h\u00e0ng 5 sao | Vesna Hotel Nha Trang\" \/>\n<meta property=\"og:description\" content=\"Th\u01b0\u1edfng th\u1ee9c tinh hoa \u1ea9m th\u1ef1c t\u1ea1i Vesna Hotel Nha Trang. Kh\u00e1m ph\u00e1 Vesna Restaurant sang tr\u1ecdng, th\u1ef1c \u0111\u01a1n Alacarte \u0111a d\u1ea1ng, d\u1ecbch v\u1ee5 Room Service 24\/7 v\u00e0 tr\u1ea3i nghi\u1ec7m Afternoon Tea th\u01b0 gi\u00e3n. \u0110\u1eb7t b\u00e0n ngay!\" \/>\n<meta property=\"og:url\" content=\"https:\/\/www.vesnahotelnhatrang.com\/vi\/dining-experience\/\" \/>\n<meta property=\"og:site_name\" content=\"Vesna Hotel Nha Trang\" \/>\n<meta property=\"article:modified_time\" content=\"2026-04-02T04:19:27+00:00\" \/>\n<meta property=\"og:image\" content=\"https:\/\/www.vesnahotelnhatrang.com\/wp-content\/uploads\/sites\/144\/2026\/04\/ST_06185.jpg\" \/>\n\t<meta property=\"og:image:width\" content=\"2200\" \/>\n\t<meta property=\"og:image:height\" content=\"2200\" \/>\n\t<meta property=\"og:image:type\" content=\"image\/jpeg\" \/>\n<meta name=\"twitter:card\" content=\"summary_large_image\" \/>\n<meta name=\"twitter:label1\" content=\"Est. reading time\" \/>\n\t<meta name=\"twitter:data1\" content=\"1 minute\" \/>\n<script type=\"application\/ld+json\" class=\"yoast-schema-graph\">{\"@context\":\"https:\/\/schema.org\",\"@graph\":[{\"@type\":\"WebPage\",\"@id\":\"https:\/\/www.vesnahotelnhatrang.com\/vi\/dining-experience\/\",\"url\":\"https:\/\/www.vesnahotelnhatrang.com\/vi\/dining-experience\/\",\"name\":\"\u1ea8m th\u1ef1c Nh\u00e0 h\u00e0ng 5 sao | Vesna Hotel Nha Trang\",\"isPartOf\":{\"@id\":\"https:\/\/www.vesnahotelnhatrang.com\/vi\/#website\"},\"primaryImageOfPage\":{\"@id\":\"https:\/\/www.vesnahotelnhatrang.com\/vi\/dining-experience\/#primaryimage\"},\"image\":{\"@id\":\"https:\/\/www.vesnahotelnhatrang.com\/vi\/dining-experience\/#primaryimage\"},\"thumbnailUrl\":\"https:\/\/www.vesnahotelnhatrang.com\/wp-content\/uploads\/sites\/144\/2026\/04\/ST_06185.jpg\",\"datePublished\":\"2026-01-06T08:47:51+00:00\",\"dateModified\":\"2026-04-02T04:19:27+00:00\",\"description\":\"Th\u01b0\u1edfng th\u1ee9c tinh hoa \u1ea9m th\u1ef1c t\u1ea1i Vesna Hotel Nha Trang. Kh\u00e1m ph\u00e1 Vesna Restaurant sang tr\u1ecdng, th\u1ef1c \u0111\u01a1n Alacarte \u0111a d\u1ea1ng, d\u1ecbch v\u1ee5 Room Service 24\/7 v\u00e0 tr\u1ea3i nghi\u1ec7m Afternoon Tea th\u01b0 gi\u00e3n. \u0110\u1eb7t b\u00e0n ngay!\",\"breadcrumb\":{\"@id\":\"https:\/\/www.vesnahotelnhatrang.com\/vi\/dining-experience\/#breadcrumb\"},\"inLanguage\":\"vi-VN\",\"potentialAction\":[{\"@type\":\"ReadAction\",\"target\":[\"https:\/\/www.vesnahotelnhatrang.com\/vi\/dining-experience\/\"]}]},{\"@type\":\"ImageObject\",\"inLanguage\":\"vi-VN\",\"@id\":\"https:\/\/www.vesnahotelnhatrang.com\/vi\/dining-experience\/#primaryimage\",\"url\":\"https:\/\/www.vesnahotelnhatrang.com\/wp-content\/uploads\/sites\/144\/2026\/04\/ST_06185.jpg\",\"contentUrl\":\"https:\/\/www.vesnahotelnhatrang.com\/wp-content\/uploads\/sites\/144\/2026\/04\/ST_06185.jpg\",\"width\":2200,\"height\":2200},{\"@type\":\"BreadcrumbList\",\"@id\":\"https:\/\/www.vesnahotelnhatrang.com\/vi\/dining-experience\/#breadcrumb\",\"itemListElement\":[{\"@type\":\"ListItem\",\"position\":1,\"name\":\"Home\",\"item\":\"https:\/\/www.vesnahotelnhatrang.com\/vi\/\"},{\"@type\":\"ListItem\",\"position\":2,\"name\":\"\u1ea8m th\u1ef1c\"}]},{\"@type\":\"WebSite\",\"@id\":\"https:\/\/www.vesnahotelnhatrang.com\/vi\/#website\",\"url\":\"https:\/\/www.vesnahotelnhatrang.com\/vi\/\",\"name\":\"Vesna hotel Nha Trang\",\"description\":\"\",\"potentialAction\":[{\"@type\":\"SearchAction\",\"target\":{\"@type\":\"EntryPoint\",\"urlTemplate\":\"https:\/\/www.vesnahotelnhatrang.com\/vi\/?s={search_term_string}\"},\"query-input\":\"required name=search_term_string\"}],\"inLanguage\":\"vi-VN\"}]}<\/script>\n<!-- \/ Yoast SEO plugin. -->","yoast_head_json":{"title":"\u1ea8m th\u1ef1c Nh\u00e0 h\u00e0ng 5 sao | Vesna Hotel Nha Trang","description":"Th\u01b0\u1edfng th\u1ee9c tinh hoa \u1ea9m th\u1ef1c t\u1ea1i Vesna Hotel Nha Trang. Kh\u00e1m ph\u00e1 Vesna Restaurant sang tr\u1ecdng, th\u1ef1c \u0111\u01a1n Alacarte \u0111a d\u1ea1ng, d\u1ecbch v\u1ee5 Room Service 24\/7 v\u00e0 tr\u1ea3i nghi\u1ec7m Afternoon Tea th\u01b0 gi\u00e3n. \u0110\u1eb7t b\u00e0n ngay!","robots":{"index":"index","follow":"follow","max-snippet":"max-snippet:-1","max-image-preview":"max-image-preview:large","max-video-preview":"max-video-preview:-1"},"canonical":"https:\/\/www.vesnahotelnhatrang.com\/vi\/dining-experience\/","og_locale":"vi_VN","og_type":"article","og_title":"\u1ea8m th\u1ef1c Nh\u00e0 h\u00e0ng 5 sao | Vesna Hotel Nha Trang","og_description":"Th\u01b0\u1edfng th\u1ee9c tinh hoa \u1ea9m th\u1ef1c t\u1ea1i Vesna Hotel Nha Trang. Kh\u00e1m ph\u00e1 Vesna Restaurant sang tr\u1ecdng, th\u1ef1c \u0111\u01a1n Alacarte \u0111a d\u1ea1ng, d\u1ecbch v\u1ee5 Room Service 24\/7 v\u00e0 tr\u1ea3i nghi\u1ec7m Afternoon Tea th\u01b0 gi\u00e3n. \u0110\u1eb7t b\u00e0n ngay!","og_url":"https:\/\/www.vesnahotelnhatrang.com\/vi\/dining-experience\/","og_site_name":"Vesna Hotel Nha Trang","article_modified_time":"2026-04-02T04:19:27+00:00","og_image":[{"width":2200,"height":2200,"url":"https:\/\/www.vesnahotelnhatrang.com\/wp-content\/uploads\/sites\/144\/2026\/04\/ST_06185.jpg","type":"image\/jpeg"}],"twitter_card":"summary_large_image","twitter_misc":{"Est. reading time":"1 minute"},"schema":{"@context":"https:\/\/schema.org","@graph":[{"@type":"WebPage","@id":"https:\/\/www.vesnahotelnhatrang.com\/vi\/dining-experience\/","url":"https:\/\/www.vesnahotelnhatrang.com\/vi\/dining-experience\/","name":"\u1ea8m th\u1ef1c Nh\u00e0 h\u00e0ng 5 sao | Vesna Hotel Nha Trang","isPartOf":{"@id":"https:\/\/www.vesnahotelnhatrang.com\/vi\/#website"},"primaryImageOfPage":{"@id":"https:\/\/www.vesnahotelnhatrang.com\/vi\/dining-experience\/#primaryimage"},"image":{"@id":"https:\/\/www.vesnahotelnhatrang.com\/vi\/dining-experience\/#primaryimage"},"thumbnailUrl":"https:\/\/www.vesnahotelnhatrang.com\/wp-content\/uploads\/sites\/144\/2026\/04\/ST_06185.jpg","datePublished":"2026-01-06T08:47:51+00:00","dateModified":"2026-04-02T04:19:27+00:00","description":"Th\u01b0\u1edfng th\u1ee9c tinh hoa \u1ea9m th\u1ef1c t\u1ea1i Vesna Hotel Nha Trang. Kh\u00e1m ph\u00e1 Vesna Restaurant sang tr\u1ecdng, th\u1ef1c \u0111\u01a1n Alacarte \u0111a d\u1ea1ng, d\u1ecbch v\u1ee5 Room Service 24\/7 v\u00e0 tr\u1ea3i nghi\u1ec7m Afternoon Tea th\u01b0 gi\u00e3n. \u0110\u1eb7t b\u00e0n ngay!","breadcrumb":{"@id":"https:\/\/www.vesnahotelnhatrang.com\/vi\/dining-experience\/#breadcrumb"},"inLanguage":"vi-VN","potentialAction":[{"@type":"ReadAction","target":["https:\/\/www.vesnahotelnhatrang.com\/vi\/dining-experience\/"]}]},{"@type":"ImageObject","inLanguage":"vi-VN","@id":"https:\/\/www.vesnahotelnhatrang.com\/vi\/dining-experience\/#primaryimage","url":"https:\/\/www.vesnahotelnhatrang.com\/wp-content\/uploads\/sites\/144\/2026\/04\/ST_06185.jpg","contentUrl":"https:\/\/www.vesnahotelnhatrang.com\/wp-content\/uploads\/sites\/144\/2026\/04\/ST_06185.jpg","width":2200,"height":2200},{"@type":"BreadcrumbList","@id":"https:\/\/www.vesnahotelnhatrang.com\/vi\/dining-experience\/#breadcrumb","itemListElement":[{"@type":"ListItem","position":1,"name":"Home","item":"https:\/\/www.vesnahotelnhatrang.com\/vi\/"},{"@type":"ListItem","position":2,"name":"\u1ea8m th\u1ef1c"}]},{"@type":"WebSite","@id":"https:\/\/www.vesnahotelnhatrang.com\/vi\/#website","url":"https:\/\/www.vesnahotelnhatrang.com\/vi\/","name":"Vesna hotel Nha Trang","description":"","potentialAction":[{"@type":"SearchAction","target":{"@type":"EntryPoint","urlTemplate":"https:\/\/www.vesnahotelnhatrang.com\/vi\/?s={search_term_string}"},"query-input":"required name=search_term_string"}],"inLanguage":"vi-VN"}]}},"acf":[],"_links":{"self":[{"href":"https:\/\/www.vesnahotelnhatrang.com\/vi\/wp-json\/wp\/v2\/pages\/118"}],"collection":[{"href":"https:\/\/www.vesnahotelnhatrang.com\/vi\/wp-json\/wp\/v2\/pages"}],"about":[{"href":"https:\/\/www.vesnahotelnhatrang.com\/vi\/wp-json\/wp\/v2\/types\/page"}],"author":[{"embeddable":true,"href":"https:\/\/www.vesnahotelnhatrang.com\/vi\/wp-json\/wp\/v2\/users\/8"}],"replies":[{"embeddable":true,"href":"https:\/\/www.vesnahotelnhatrang.com\/vi\/wp-json\/wp\/v2\/comments?post=118"}],"version-history":[{"count":0,"href":"https:\/\/www.vesnahotelnhatrang.com\/vi\/wp-json\/wp\/v2\/pages\/118\/revisions"}],"wp:featuredmedia":[{"embeddable":true,"href":"https:\/\/www.vesnahotelnhatrang.com\/vi\/wp-json\/wp\/v2\/media\/434"}],"wp:attachment":[{"href":"https:\/\/www.vesnahotelnhatrang.com\/vi\/wp-json\/wp\/v2\/media?parent=118"}],"curies":[{"name":"wp","href":"https:\/\/api.w.org\/{rel}","templated":true}]}}