{"id":103,"date":"2026-01-06T07:48:27","date_gmt":"2026-01-06T07:48:27","guid":{"rendered":"https:\/\/vesnahotelnhatrang.ms2.decms.asia\/?page_id=103"},"modified":"2026-04-29T06:32:56","modified_gmt":"2026-04-29T06:32:56","slug":"premier-corner-ocean-suite","status":"publish","type":"page","link":"https:\/\/www.vesnahotelnhatrang.com\/vi\/rooms\/premier-corner-ocean-suite\/","title":{"rendered":"Premier Corner Ocean Suite"},"content":{"rendered":"<p style=\"text-align: center\">Ph\u00f2ng Premier Corner Ocean Suite s\u1edf h\u1eefu kh\u00f4ng gian tho\u1ea3i m\u00e1i v\u00e0 sang tr\u1ecdng b\u1eadc nh\u1ea5t, d\u00e0nh ri\u00eang cho nh\u1eefng v\u1ecb kh\u00e1ch mu\u1ed1n tr\u1ea3i nghi\u1ec7m t\u1ea7m nh\u00ecn V\u1ecbnh Nha Trang v\u00f4 t\u1eadn t\u1eeb t\u1ea7ng cao nh\u1ea5t c\u1ee7a Vesna Hotel Nha Trang.<\/p>\n<p style=\"text-align: center\">Premier Corner Ocean Suite \u0111\u01b0\u1ee3c thi\u1ebft k\u1ebf tinh t\u1ebf v\u00e0 trang nh\u00e3, ph\u00f9 h\u1ee3p v\u1edbi c\u1eb7p \u0111\u00f4i ho\u1eb7c hai v\u1ecb kh\u00e1ch t\u00ecm ki\u1ebfm tr\u1ea3i nghi\u1ec7m th\u01b0\u1ee3ng h\u1ea1ng. C\u00e1c t\u00ednh n\u0103ng cao c\u1ea5p bao g\u1ed3m khu v\u1ef1c ph\u00f2ng kh\u00e1ch ri\u00eang bi\u1ec7t, ti\u1ec7n nghi ch\u1ebf t\u00e1c ri\u00eang v\u00e0 ban c\u00f4ng r\u1ed9ng m\u1edf \u00f4m tr\u1ecdn khung c\u1ea3nh \u0111\u1ea1i d\u01b0\u01a1ng, n\u01a1i qu\u00fd v\u1ecb c\u00f3 th\u1ec3 th\u01b0 gi\u00e3n trong s\u1ef1 xa hoa tuy\u1ec7t \u0111\u1ed1i.<\/p>\n","protected":false},"excerpt":{"rendered":"<p>Ph\u00f2ng Premier Corner Ocean Suite s\u1edf h\u1eefu kh\u00f4ng gian tho\u1ea3i m\u00e1i v\u00e0 sang tr\u1ecdng b\u1eadc nh\u1ea5t, d\u00e0nh ri\u00eang cho nh\u1eefng v\u1ecb kh\u00e1ch mu\u1ed1n tr\u1ea3i nghi\u1ec7m t\u1ea7m nh\u00ecn V\u1ecbnh Nha Trang v\u00f4 t\u1eadn t\u1eeb t\u1ea7ng cao nh\u1ea5t c\u1ee7a Vesna Hotel Nha Trang. Premier Corner Ocean Suite \u0111\u01b0\u1ee3c thi\u1ebft k\u1ebf tinh t\u1ebf v\u00e0 trang nh\u00e3, ph\u00f9 h\u1ee3p [&hellip;]<\/p>\n","protected":false},"author":8,"featured_media":399,"parent":7,"menu_order":0,"comment_status":"closed","ping_status":"closed","template":"template-single-room.php","meta":{"footnotes":""},"yoast_head":"<!-- This site is optimized with the Yoast SEO plugin v22.3 - https:\/\/yoast.com\/wordpress\/plugins\/seo\/ -->\n<title>N\u00e2ng T\u1ea7m K\u1ef3 Ngh\u1ec9 5 Sao | Vesna Hotel Nha Trang<\/title>\n<meta name=\"description\" content=\"Tr\u1ea3i nghi\u1ec7m h\u1ea1ng ph\u00f2ng \u0111\u1eb3ng c\u1ea5p d\u00e0nh cho 2 kh\u00e1ch. Chi\u00eam ng\u01b0\u1ee1ng to\u00e0n c\u1ea3nh th\u00e0nh ph\u1ed1 r\u1ef1c r\u1ee1 t\u1eeb kh\u00f4ng gian ngh\u1ec9 d\u01b0\u1ee1ng thanh l\u1ecbch, n\u1ed9i th\u1ea5t tinh x\u1ea3o v\u00e0 ti\u1ec7n nghi sang tr\u1ecdng\" \/>\n<meta name=\"robots\" content=\"index, follow, max-snippet:-1, max-image-preview:large, max-video-preview:-1\" \/>\n<link rel=\"canonical\" href=\"https:\/\/www.vesnahotelnhatrang.com\/vi\/rooms\/premier-corner-ocean-suite\/\" \/>\n<meta property=\"og:locale\" content=\"vi_VN\" \/>\n<meta property=\"og:type\" content=\"article\" \/>\n<meta property=\"og:title\" content=\"N\u00e2ng T\u1ea7m K\u1ef3 Ngh\u1ec9 5 Sao | Vesna Hotel Nha Trang\" \/>\n<meta property=\"og:description\" content=\"Tr\u1ea3i nghi\u1ec7m h\u1ea1ng ph\u00f2ng \u0111\u1eb3ng c\u1ea5p d\u00e0nh cho 2 kh\u00e1ch. Chi\u00eam ng\u01b0\u1ee1ng to\u00e0n c\u1ea3nh th\u00e0nh ph\u1ed1 r\u1ef1c r\u1ee1 t\u1eeb kh\u00f4ng gian ngh\u1ec9 d\u01b0\u1ee1ng thanh l\u1ecbch, n\u1ed9i th\u1ea5t tinh x\u1ea3o v\u00e0 ti\u1ec7n nghi sang tr\u1ecdng\" \/>\n<meta property=\"og:url\" content=\"https:\/\/www.vesnahotelnhatrang.com\/vi\/rooms\/premier-corner-ocean-suite\/\" \/>\n<meta property=\"og:site_name\" content=\"Vesna Hotel Nha Trang\" \/>\n<meta property=\"article:modified_time\" content=\"2026-04-29T06:32:56+00:00\" \/>\n<meta property=\"og:image\" content=\"https:\/\/www.vesnahotelnhatrang.com\/wp-content\/uploads\/sites\/144\/2026\/02\/Premier-Corner-Suite.jpg\" \/>\n\t<meta property=\"og:image:width\" content=\"1906\" \/>\n\t<meta property=\"og:image:height\" content=\"1200\" \/>\n\t<meta property=\"og:image:type\" content=\"image\/jpeg\" \/>\n<meta name=\"twitter:card\" content=\"summary_large_image\" \/>\n<meta name=\"twitter:label1\" content=\"Est. reading time\" \/>\n\t<meta name=\"twitter:data1\" content=\"1 minute\" \/>\n<script type=\"application\/ld+json\" class=\"yoast-schema-graph\">{\"@context\":\"https:\/\/schema.org\",\"@graph\":[{\"@type\":\"WebPage\",\"@id\":\"https:\/\/www.vesnahotelnhatrang.com\/vi\/rooms\/premier-corner-ocean-suite\/\",\"url\":\"https:\/\/www.vesnahotelnhatrang.com\/vi\/rooms\/premier-corner-ocean-suite\/\",\"name\":\"N\u00e2ng T\u1ea7m K\u1ef3 Ngh\u1ec9 5 Sao | Vesna Hotel Nha Trang\",\"isPartOf\":{\"@id\":\"https:\/\/www.vesnahotelnhatrang.com\/vi\/#website\"},\"primaryImageOfPage\":{\"@id\":\"https:\/\/www.vesnahotelnhatrang.com\/vi\/rooms\/premier-corner-ocean-suite\/#primaryimage\"},\"image\":{\"@id\":\"https:\/\/www.vesnahotelnhatrang.com\/vi\/rooms\/premier-corner-ocean-suite\/#primaryimage\"},\"thumbnailUrl\":\"https:\/\/www.vesnahotelnhatrang.com\/wp-content\/uploads\/sites\/144\/2026\/02\/Premier-Corner-Suite.jpg\",\"datePublished\":\"2026-01-06T07:48:27+00:00\",\"dateModified\":\"2026-04-29T06:32:56+00:00\",\"description\":\"Tr\u1ea3i nghi\u1ec7m h\u1ea1ng ph\u00f2ng \u0111\u1eb3ng c\u1ea5p d\u00e0nh cho 2 kh\u00e1ch. Chi\u00eam ng\u01b0\u1ee1ng to\u00e0n c\u1ea3nh th\u00e0nh ph\u1ed1 r\u1ef1c r\u1ee1 t\u1eeb kh\u00f4ng gian ngh\u1ec9 d\u01b0\u1ee1ng thanh l\u1ecbch, n\u1ed9i th\u1ea5t tinh x\u1ea3o v\u00e0 ti\u1ec7n nghi sang tr\u1ecdng\",\"breadcrumb\":{\"@id\":\"https:\/\/www.vesnahotelnhatrang.com\/vi\/rooms\/premier-corner-ocean-suite\/#breadcrumb\"},\"inLanguage\":\"vi-VN\",\"potentialAction\":[{\"@type\":\"ReadAction\",\"target\":[\"https:\/\/www.vesnahotelnhatrang.com\/vi\/rooms\/premier-corner-ocean-suite\/\"]}]},{\"@type\":\"ImageObject\",\"inLanguage\":\"vi-VN\",\"@id\":\"https:\/\/www.vesnahotelnhatrang.com\/vi\/rooms\/premier-corner-ocean-suite\/#primaryimage\",\"url\":\"https:\/\/www.vesnahotelnhatrang.com\/wp-content\/uploads\/sites\/144\/2026\/02\/Premier-Corner-Suite.jpg\",\"contentUrl\":\"https:\/\/www.vesnahotelnhatrang.com\/wp-content\/uploads\/sites\/144\/2026\/02\/Premier-Corner-Suite.jpg\",\"width\":1906,\"height\":1200},{\"@type\":\"BreadcrumbList\",\"@id\":\"https:\/\/www.vesnahotelnhatrang.com\/vi\/rooms\/premier-corner-ocean-suite\/#breadcrumb\",\"itemListElement\":[{\"@type\":\"ListItem\",\"position\":1,\"name\":\"Home\",\"item\":\"https:\/\/www.vesnahotelnhatrang.com\/vi\/\"},{\"@type\":\"ListItem\",\"position\":2,\"name\":\"Ph\u00f2ng ngh\u1ec9\",\"item\":\"https:\/\/www.vesnahotelnhatrang.com\/vi\/rooms\/\"},{\"@type\":\"ListItem\",\"position\":3,\"name\":\"Premier Corner Ocean Suite\"}]},{\"@type\":\"WebSite\",\"@id\":\"https:\/\/www.vesnahotelnhatrang.com\/vi\/#website\",\"url\":\"https:\/\/www.vesnahotelnhatrang.com\/vi\/\",\"name\":\"Vesna hotel Nha Trang\",\"description\":\"\",\"potentialAction\":[{\"@type\":\"SearchAction\",\"target\":{\"@type\":\"EntryPoint\",\"urlTemplate\":\"https:\/\/www.vesnahotelnhatrang.com\/vi\/?s={search_term_string}\"},\"query-input\":\"required name=search_term_string\"}],\"inLanguage\":\"vi-VN\"}]}<\/script>\n<!-- \/ Yoast SEO plugin. -->","yoast_head_json":{"title":"N\u00e2ng T\u1ea7m K\u1ef3 Ngh\u1ec9 5 Sao | Vesna Hotel Nha Trang","description":"Tr\u1ea3i nghi\u1ec7m h\u1ea1ng ph\u00f2ng \u0111\u1eb3ng c\u1ea5p d\u00e0nh cho 2 kh\u00e1ch. Chi\u00eam ng\u01b0\u1ee1ng to\u00e0n c\u1ea3nh th\u00e0nh ph\u1ed1 r\u1ef1c r\u1ee1 t\u1eeb kh\u00f4ng gian ngh\u1ec9 d\u01b0\u1ee1ng thanh l\u1ecbch, n\u1ed9i th\u1ea5t tinh x\u1ea3o v\u00e0 ti\u1ec7n nghi sang tr\u1ecdng","robots":{"index":"index","follow":"follow","max-snippet":"max-snippet:-1","max-image-preview":"max-image-preview:large","max-video-preview":"max-video-preview:-1"},"canonical":"https:\/\/www.vesnahotelnhatrang.com\/vi\/rooms\/premier-corner-ocean-suite\/","og_locale":"vi_VN","og_type":"article","og_title":"N\u00e2ng T\u1ea7m K\u1ef3 Ngh\u1ec9 5 Sao | Vesna Hotel Nha Trang","og_description":"Tr\u1ea3i nghi\u1ec7m h\u1ea1ng ph\u00f2ng \u0111\u1eb3ng c\u1ea5p d\u00e0nh cho 2 kh\u00e1ch. Chi\u00eam ng\u01b0\u1ee1ng to\u00e0n c\u1ea3nh th\u00e0nh ph\u1ed1 r\u1ef1c r\u1ee1 t\u1eeb kh\u00f4ng gian ngh\u1ec9 d\u01b0\u1ee1ng thanh l\u1ecbch, n\u1ed9i th\u1ea5t tinh x\u1ea3o v\u00e0 ti\u1ec7n nghi sang tr\u1ecdng","og_url":"https:\/\/www.vesnahotelnhatrang.com\/vi\/rooms\/premier-corner-ocean-suite\/","og_site_name":"Vesna Hotel Nha Trang","article_modified_time":"2026-04-29T06:32:56+00:00","og_image":[{"width":1906,"height":1200,"url":"https:\/\/www.vesnahotelnhatrang.com\/wp-content\/uploads\/sites\/144\/2026\/02\/Premier-Corner-Suite.jpg","type":"image\/jpeg"}],"twitter_card":"summary_large_image","twitter_misc":{"Est. reading time":"1 minute"},"schema":{"@context":"https:\/\/schema.org","@graph":[{"@type":"WebPage","@id":"https:\/\/www.vesnahotelnhatrang.com\/vi\/rooms\/premier-corner-ocean-suite\/","url":"https:\/\/www.vesnahotelnhatrang.com\/vi\/rooms\/premier-corner-ocean-suite\/","name":"N\u00e2ng T\u1ea7m K\u1ef3 Ngh\u1ec9 5 Sao | Vesna Hotel Nha Trang","isPartOf":{"@id":"https:\/\/www.vesnahotelnhatrang.com\/vi\/#website"},"primaryImageOfPage":{"@id":"https:\/\/www.vesnahotelnhatrang.com\/vi\/rooms\/premier-corner-ocean-suite\/#primaryimage"},"image":{"@id":"https:\/\/www.vesnahotelnhatrang.com\/vi\/rooms\/premier-corner-ocean-suite\/#primaryimage"},"thumbnailUrl":"https:\/\/www.vesnahotelnhatrang.com\/wp-content\/uploads\/sites\/144\/2026\/02\/Premier-Corner-Suite.jpg","datePublished":"2026-01-06T07:48:27+00:00","dateModified":"2026-04-29T06:32:56+00:00","description":"Tr\u1ea3i nghi\u1ec7m h\u1ea1ng ph\u00f2ng \u0111\u1eb3ng c\u1ea5p d\u00e0nh cho 2 kh\u00e1ch. Chi\u00eam ng\u01b0\u1ee1ng to\u00e0n c\u1ea3nh th\u00e0nh ph\u1ed1 r\u1ef1c r\u1ee1 t\u1eeb kh\u00f4ng gian ngh\u1ec9 d\u01b0\u1ee1ng thanh l\u1ecbch, n\u1ed9i th\u1ea5t tinh x\u1ea3o v\u00e0 ti\u1ec7n nghi sang tr\u1ecdng","breadcrumb":{"@id":"https:\/\/www.vesnahotelnhatrang.com\/vi\/rooms\/premier-corner-ocean-suite\/#breadcrumb"},"inLanguage":"vi-VN","potentialAction":[{"@type":"ReadAction","target":["https:\/\/www.vesnahotelnhatrang.com\/vi\/rooms\/premier-corner-ocean-suite\/"]}]},{"@type":"ImageObject","inLanguage":"vi-VN","@id":"https:\/\/www.vesnahotelnhatrang.com\/vi\/rooms\/premier-corner-ocean-suite\/#primaryimage","url":"https:\/\/www.vesnahotelnhatrang.com\/wp-content\/uploads\/sites\/144\/2026\/02\/Premier-Corner-Suite.jpg","contentUrl":"https:\/\/www.vesnahotelnhatrang.com\/wp-content\/uploads\/sites\/144\/2026\/02\/Premier-Corner-Suite.jpg","width":1906,"height":1200},{"@type":"BreadcrumbList","@id":"https:\/\/www.vesnahotelnhatrang.com\/vi\/rooms\/premier-corner-ocean-suite\/#breadcrumb","itemListElement":[{"@type":"ListItem","position":1,"name":"Home","item":"https:\/\/www.vesnahotelnhatrang.com\/vi\/"},{"@type":"ListItem","position":2,"name":"Ph\u00f2ng ngh\u1ec9","item":"https:\/\/www.vesnahotelnhatrang.com\/vi\/rooms\/"},{"@type":"ListItem","position":3,"name":"Premier Corner Ocean Suite"}]},{"@type":"WebSite","@id":"https:\/\/www.vesnahotelnhatrang.com\/vi\/#website","url":"https:\/\/www.vesnahotelnhatrang.com\/vi\/","name":"Vesna hotel Nha Trang","description":"","potentialAction":[{"@type":"SearchAction","target":{"@type":"EntryPoint","urlTemplate":"https:\/\/www.vesnahotelnhatrang.com\/vi\/?s={search_term_string}"},"query-input":"required name=search_term_string"}],"inLanguage":"vi-VN"}]}},"acf":[],"_links":{"self":[{"href":"https:\/\/www.vesnahotelnhatrang.com\/vi\/wp-json\/wp\/v2\/pages\/103"}],"collection":[{"href":"https:\/\/www.vesnahotelnhatrang.com\/vi\/wp-json\/wp\/v2\/pages"}],"about":[{"href":"https:\/\/www.vesnahotelnhatrang.com\/vi\/wp-json\/wp\/v2\/types\/page"}],"author":[{"embeddable":true,"href":"https:\/\/www.vesnahotelnhatrang.com\/vi\/wp-json\/wp\/v2\/users\/8"}],"replies":[{"embeddable":true,"href":"https:\/\/www.vesnahotelnhatrang.com\/vi\/wp-json\/wp\/v2\/comments?post=103"}],"version-history":[{"count":0,"href":"https:\/\/www.vesnahotelnhatrang.com\/vi\/wp-json\/wp\/v2\/pages\/103\/revisions"}],"up":[{"embeddable":true,"href":"https:\/\/www.vesnahotelnhatrang.com\/vi\/wp-json\/wp\/v2\/pages\/7"}],"wp:featuredmedia":[{"embeddable":true,"href":"https:\/\/www.vesnahotelnhatrang.com\/vi\/wp-json\/wp\/v2\/media\/399"}],"wp:attachment":[{"href":"https:\/\/www.vesnahotelnhatrang.com\/vi\/wp-json\/wp\/v2\/media?parent=103"}],"curies":[{"name":"wp","href":"https:\/\/api.w.org\/{rel}","templated":true}]}}